{"id":41467,"date":"2019-09-03T14:26:34","date_gmt":"2019-09-03T12:26:34","guid":{"rendered":"https:\/\/www.beatnikshoes.com\/zapatos-hechos-a-mano\/doble-hebilla-marron-para-hombre-lamantia\/"},"modified":"2025-08-26T22:05:19","modified_gmt":"2025-08-26T20:05:19","slug":"double-buckle-brown-buckle-for-man-lamantia","status":"publish","type":"product","link":"https:\/\/www.beatnikshoes.com\/fr\/chaussures-a-la-main\/double-buckle-brown-buckle-for-man-lamantia\/","title":{"rendered":"Chaussure \u00e0 double boucle pour hommes Lamantia, marron"},"content":{"rendered":"<h2>LE MONKSTRAP MARRON POUR HOMME \u00c0 PORTER CETTE SAISON<\/h2>\n<p>Il est temps d&rsquo;entrer dans une <strong>chaussure \u00e0 double boucle pour homme<\/strong>.<\/p>\n<p>Nous vous pr\u00e9sentons une paire de <strong>chaussures de moine<\/strong> <strong>marron<\/strong>, avec double boucle, fabriqu\u00e9es \u00e0 la main en Espagne dans un type de cuir de vachette vein\u00e9 et avec une texture ext\u00e9rieure doucement grain\u00e9e, extr\u00eamement flexible. Ce type de cuir de vachette, appel\u00e9 Imel, est l&rsquo;un des plus recherch\u00e9s pour la fabrication de chaussures masculines haut de gamme. Ces <strong>chaussures monk marron \u00e0 double boucle<\/strong> sont doubl\u00e9es de cuir de vachette violet. En outre, la semelle en cuir est cousue et comporte une fine couche antid\u00e9rapante. L&rsquo;ensemble est parfait pour une combinaison classique afin d&rsquo;habiller un costume complet pour le bureau. D&rsquo;autre part, il ajoute une touche de sophistication aux tenues d\u00e9contract\u00e9es, m\u00eame avec un jean.<\/p>\n<p>Le ton marron fonc\u00e9 de ces chaussures marron \u00e0 deux boucles pour homme s&rsquo;accorde parfaitement avec de nombreuses nuances. Et sa combinaison avec le bleu est probablement l&rsquo;une des plus classiques et des plus int\u00e9ressantes. Associ\u00e9 \u00e0 diff\u00e9rentes nuances de gris, m\u00eame avec un costume complet, il constitue une combinaison parfaite pour l&rsquo;environnement de travail.<\/p>\n<p>Ainsi, les lignes \u00e9l\u00e9gantes de ces <strong>chaussures \u00e0 boucle marron<\/strong> \u00e0 double boucle pour homme en font le compagnon id\u00e9al de la garde-robe de tout homme qui poursuit ses r\u00eaves et son entreprise. Ces <strong>chaussures masculines <\/strong><strong>marron \u00e0 double boucle<\/strong> seront vos meilleures alli\u00e9es pour un style r\u00e9ussi.<\/p>\n<p>Cette voie urbaine chic est une <strong>chaussure marron \u00e0 double boucle pour homme<\/strong>.<\/p>\n","protected":false},"excerpt":{"rendered":"<h2>Chaussures en cuir fabriqu\u00e9es \u00e0 la main en Espagne<\/h2>\n<p>Mati\u00e8re ext\u00e9rieure : cuir Imel marron &#8211; Doublure : cuir de vachette violet<br \/>\nMat\u00e9riau de la semelle : cuir v\u00e9ritable cousu et fine couche antid\u00e9rapante inject\u00e9e<br \/>\nFermeture : Boucle double<br \/>\nType de talon : Bas<\/p>\n","protected":false},"featured_media":76592,"comment_status":"open","ping_status":"closed","template":"","meta":[],"product_brand":[11789],"product_cat":[7092,7303],"product_tag":[],"woo-feed-brand":[],"class_list":{"0":"post-41467","1":"product","2":"type-product","3":"status-publish","4":"has-post-thumbnail","6":"product_brand-beatnik-shoes-fr","7":"product_cat-chaussures-homme","8":"product_cat-chaussures-avec-boucle-fr","9":"pa_talla-zapato-39-fr","10":"pa_talla-zapato-40-fr","11":"pa_talla-zapato-41-fr","12":"pa_talla-zapato-42-fr","13":"pa_talla-zapato-43-fr","14":"pa_talla-zapato-44-fr","15":"pa_talla-zapato-45-fr","16":"pa_talla-zapato-46-fr","18":"first","19":"instock","20":"sale","21":"taxable","22":"shipping-taxable","23":"purchasable","24":"product-type-variable"},"_links":{"self":[{"href":"https:\/\/www.beatnikshoes.com\/fr\/wp-json\/wp\/v2\/product\/41467","targetHints":{"allow":["GET"]}}],"collection":[{"href":"https:\/\/www.beatnikshoes.com\/fr\/wp-json\/wp\/v2\/product"}],"about":[{"href":"https:\/\/www.beatnikshoes.com\/fr\/wp-json\/wp\/v2\/types\/product"}],"replies":[{"embeddable":true,"href":"https:\/\/www.beatnikshoes.com\/fr\/wp-json\/wp\/v2\/comments?post=41467"}],"wp:featuredmedia":[{"embeddable":true,"href":"https:\/\/www.beatnikshoes.com\/fr\/wp-json\/wp\/v2\/media\/76592"}],"wp:attachment":[{"href":"https:\/\/www.beatnikshoes.com\/fr\/wp-json\/wp\/v2\/media?parent=41467"}],"wp:term":[{"taxonomy":"product_brand","embeddable":true,"href":"https:\/\/www.beatnikshoes.com\/fr\/wp-json\/wp\/v2\/product_brand?post=41467"},{"taxonomy":"product_cat","embeddable":true,"href":"https:\/\/www.beatnikshoes.com\/fr\/wp-json\/wp\/v2\/product_cat?post=41467"},{"taxonomy":"product_tag","embeddable":true,"href":"https:\/\/www.beatnikshoes.com\/fr\/wp-json\/wp\/v2\/product_tag?post=41467"},{"taxonomy":"woo-feed-brand","embeddable":true,"href":"https:\/\/www.beatnikshoes.com\/fr\/wp-json\/wp\/v2\/woo-feed-brand?post=41467"}],"curies":[{"name":"wp","href":"https:\/\/api.w.org\/{rel}","templated":true}]}}