{"id":41449,"date":"2023-05-12T12:32:08","date_gmt":"2023-05-12T10:32:08","guid":{"rendered":"https:\/\/www.beatnikshoes.com\/zapatos-hechos-a-mano\/oxford-bicolor-mujer-lena-black-and-white\/"},"modified":"2026-04-15T13:34:52","modified_gmt":"2026-04-15T11:34:52","slug":"oxford-bicolore-chaussure-pour-femme-noir-et-blanc","status":"publish","type":"product","link":"https:\/\/www.beatnikshoes.com\/fr\/chaussures-a-la-main\/oxford-bicolore-chaussure-pour-femme-noir-et-blanc\/","title":{"rendered":"Chaussures Oxford bicolores pour femmes Lena noir et blanc"},"content":{"rendered":"<h2>L&rsquo;OXFORD ORIGINAL POUR FEMMES : LENA BICOLORE NOIR ET BLANC<\/h2>\n<p>Notre <strong>chaussure oxford bicolore pour femme<\/strong> repr\u00e9sente le classicisme par excellence, les <strong>spectateurs<\/strong> ou les<strong> chaussures de jazz <\/strong>classiques. Mais avec une touche diff\u00e9rente lorsqu&rsquo;il s&rsquo;agit de commander la combinaison de couleurs.<\/p>\n<p>La base est noire pour prot\u00e9ger la pi\u00e8ce de tout type d&rsquo;imperfection et se termine en blanc, \u00e0 la hauteur du la\u00e7age, pour accompagner parfaitement tout style clair et fonc\u00e9. Une<strong> chaussure oxford bicolore f\u00e9minine avec des lacets en cuir<\/strong>, parfaite pour le jour et la nuit.<\/p>\n<p>Fabriqu\u00e9 \u00e0 la main en Espagne avec la meilleure peau de veau du march\u00e9, la plus douce et la plus souple, parfaite pour cette saison. Doublure int\u00e9rieure en cuir de vachette couleur cerise cousu \u00e0 la main. Livr\u00e9 avec trois jeux de lacets, en blanc, noir et rouge. Vous aurez ainsi plusieurs options pour assortir les tons de votre garde-robe. Qu&rsquo;ils soient clairs ou fonc\u00e9s, classiques ou un peu plus audacieux.<\/p>\n<p>Une <strong>chaussure oxford bicolore noire et blanche pour femme<\/strong> qui vous fera briller.<\/p>\n","protected":false},"excerpt":{"rendered":"<h2>Chaussures oxford en cuir bicolore fabriqu\u00e9es \u00e0 la main en Espagne<\/h2>\n<p>Mat\u00e9riau ext\u00e9rieur : cuir de veau<br \/>\nDoublure : cuir de vachette violet<br \/>\nMat\u00e9riau de la semelle : cuir cousu et fine couche antid\u00e9rapante inject\u00e9e<br \/>\nFermeture : lacets<br \/>\nType de talon : Bas<\/p>\n","protected":false},"featured_media":41456,"comment_status":"open","ping_status":"closed","template":"","meta":[],"product_brand":[11789],"product_cat":[8899,7127,7152],"product_tag":[],"woo-feed-brand":[],"class_list":{"0":"post-41449","1":"product","2":"type-product","3":"status-publish","4":"has-post-thumbnail","6":"product_brand-beatnik-shoes-fr","7":"product_cat-chaussures-bicolores-pour-femme","8":"product_cat-chaussures-femme","9":"product_cat-chaussures-oxford-pour-femme","10":"pa_talla-zapato-35-fr","11":"pa_talla-zapato-36-fr","12":"pa_talla-zapato-37-fr","13":"pa_talla-zapato-38-fr","14":"pa_talla-zapato-39-fr","15":"pa_talla-zapato-40-fr","16":"pa_talla-zapato-41-fr","17":"pa_talla-zapato-42-fr","19":"first","20":"instock","21":"sale","22":"taxable","23":"shipping-taxable","24":"purchasable","25":"product-type-variable"},"_links":{"self":[{"href":"https:\/\/www.beatnikshoes.com\/fr\/wp-json\/wp\/v2\/product\/41449","targetHints":{"allow":["GET"]}}],"collection":[{"href":"https:\/\/www.beatnikshoes.com\/fr\/wp-json\/wp\/v2\/product"}],"about":[{"href":"https:\/\/www.beatnikshoes.com\/fr\/wp-json\/wp\/v2\/types\/product"}],"replies":[{"embeddable":true,"href":"https:\/\/www.beatnikshoes.com\/fr\/wp-json\/wp\/v2\/comments?post=41449"}],"wp:featuredmedia":[{"embeddable":true,"href":"https:\/\/www.beatnikshoes.com\/fr\/wp-json\/wp\/v2\/media\/41456"}],"wp:attachment":[{"href":"https:\/\/www.beatnikshoes.com\/fr\/wp-json\/wp\/v2\/media?parent=41449"}],"wp:term":[{"taxonomy":"product_brand","embeddable":true,"href":"https:\/\/www.beatnikshoes.com\/fr\/wp-json\/wp\/v2\/product_brand?post=41449"},{"taxonomy":"product_cat","embeddable":true,"href":"https:\/\/www.beatnikshoes.com\/fr\/wp-json\/wp\/v2\/product_cat?post=41449"},{"taxonomy":"product_tag","embeddable":true,"href":"https:\/\/www.beatnikshoes.com\/fr\/wp-json\/wp\/v2\/product_tag?post=41449"},{"taxonomy":"woo-feed-brand","embeddable":true,"href":"https:\/\/www.beatnikshoes.com\/fr\/wp-json\/wp\/v2\/woo-feed-brand?post=41449"}],"curies":[{"name":"wp","href":"https:\/\/api.w.org\/{rel}","templated":true}]}}