{"id":41390,"date":"2014-09-09T14:17:09","date_gmt":"2014-09-09T12:17:09","guid":{"rendered":"https:\/\/www.beatnikshoes.com\/zapatos-hechos-a-mano\/mocasin-negro-de-hombre-en-piel-everson\/"},"modified":"2025-07-23T08:20:37","modified_gmt":"2025-07-23T06:20:37","slug":"hommes-mocassins-noirs-en-cuir-deverson","status":"publish","type":"product","link":"https:\/\/www.beatnikshoes.com\/fr\/chaussures-a-la-main\/hommes-mocassins-noirs-en-cuir-deverson\/","title":{"rendered":"Mocassins en cuir pour hommes Everson noir"},"content":{"rendered":"<h2>L&rsquo;\u00c9L\u00c9GANT AU BUREAU<\/h2>\n<p>Son design classique et \u00e9pur\u00e9 est id\u00e9al pour un environnement de travail. Nous vous proposons un <strong>mocassin<\/strong> qui vous assurera formalit\u00e9 et confort au quotidien.<br \/>\nEt une paire de jeans skinny assurera un look l\u00e9g\u00e8rement transgressif.<br \/>\nAinsi, sa structure garantit tout le confort n\u00e9cessaire pour les journ\u00e9es (et les nuits) les plus longues. Et de longues promenades dans toutes sortes de rues.<\/p>\n","protected":false},"excerpt":{"rendered":"<h2>Mocassin en cuir fait \u00e0 la main en Espagne<\/h2>\n<p>Mat\u00e9riau ext\u00e9rieur : cuir de grain<br \/>\nGrain : Cuir de vache<br \/>\nMat\u00e9riau de la semelle : cuir v\u00e9ritable cousu et fine couche antid\u00e9rapante inject\u00e9e<br \/>\nType de talon : Bas<\/p>\n","protected":false},"featured_media":41391,"comment_status":"open","ping_status":"closed","template":"","meta":[],"product_brand":[],"product_cat":[7092,7176],"product_tag":[],"woo-feed-brand":[],"class_list":{"0":"post-41390","1":"product","2":"type-product","3":"status-publish","4":"has-post-thumbnail","6":"product_cat-chaussures-homme","7":"product_cat-outlet-fr","8":"pa_talla-zapato-39-fr","9":"pa_talla-zapato-40-fr","10":"pa_talla-zapato-41-fr","11":"pa_talla-zapato-42-fr","12":"pa_talla-zapato-43-fr","13":"pa_talla-zapato-44-fr","14":"pa_talla-zapato-45-fr","15":"pa_talla-zapato-46-fr","17":"first","18":"outofstock","19":"sale","20":"taxable","21":"shipping-taxable","22":"purchasable","23":"product-type-variable"},"_links":{"self":[{"href":"https:\/\/www.beatnikshoes.com\/fr\/wp-json\/wp\/v2\/product\/41390","targetHints":{"allow":["GET"]}}],"collection":[{"href":"https:\/\/www.beatnikshoes.com\/fr\/wp-json\/wp\/v2\/product"}],"about":[{"href":"https:\/\/www.beatnikshoes.com\/fr\/wp-json\/wp\/v2\/types\/product"}],"replies":[{"embeddable":true,"href":"https:\/\/www.beatnikshoes.com\/fr\/wp-json\/wp\/v2\/comments?post=41390"}],"wp:featuredmedia":[{"embeddable":true,"href":"https:\/\/www.beatnikshoes.com\/fr\/wp-json\/wp\/v2\/media\/41391"}],"wp:attachment":[{"href":"https:\/\/www.beatnikshoes.com\/fr\/wp-json\/wp\/v2\/media?parent=41390"}],"wp:term":[{"taxonomy":"product_brand","embeddable":true,"href":"https:\/\/www.beatnikshoes.com\/fr\/wp-json\/wp\/v2\/product_brand?post=41390"},{"taxonomy":"product_cat","embeddable":true,"href":"https:\/\/www.beatnikshoes.com\/fr\/wp-json\/wp\/v2\/product_cat?post=41390"},{"taxonomy":"product_tag","embeddable":true,"href":"https:\/\/www.beatnikshoes.com\/fr\/wp-json\/wp\/v2\/product_tag?post=41390"},{"taxonomy":"woo-feed-brand","embeddable":true,"href":"https:\/\/www.beatnikshoes.com\/fr\/wp-json\/wp\/v2\/woo-feed-brand?post=41390"}],"curies":[{"name":"wp","href":"https:\/\/api.w.org\/{rel}","templated":true}]}}