{"id":41375,"date":"2023-12-01T10:58:53","date_gmt":"2023-12-01T09:58:53","guid":{"rendered":"https:\/\/www.beatnikshoes.com\/zapatos-hechos-a-mano\/blucher-negro-de-mujer-ethel-all-black\/"},"modified":"2025-08-25T14:48:46","modified_gmt":"2025-08-25T12:48:46","slug":"blucher-black-femmes-ethel-all-black","status":"publish","type":"product","link":"https:\/\/www.beatnikshoes.com\/fr\/chaussures-a-la-main\/blucher-black-femmes-ethel-all-black\/","title":{"rendered":"Ethel All Black Femmes Blucher Noir"},"content":{"rendered":"<h2>L&rsquo;\u00c9L\u00c9GANCE CLASSIQUE, POUR TOUS LES STYLES<\/h2>\n<p>Un design britannique intemporel. Un <strong>blucher noir pour femme<\/strong>, fabriqu\u00e9 \u00e0 la main sous toutes les coutures. L&rsquo;extr\u00eame qualit\u00e9 de la fleur de cuir utilis\u00e9e. Pour tous les jours o\u00f9 vous avez besoin de chaussures qui brillent discr\u00e8tement. C&rsquo;est toujours une combinaison int\u00e9ressante avec un tailleur, mais aussi avec une robe ou une jupe. Vous pouvez donc les inclure dans votre garde-robe, quelle que soit votre palette de couleurs. Et gr\u00e2ce \u00e0 leur finition parfaite, ils offrent le plus grand confort et la meilleure protection, quel que soit le temps qu&rsquo;il fait \u00e0 l&rsquo;ext\u00e9rieur.<\/p>\n<p>Cette <strong>chaussure f\u00e9minine noire \u00e0 lacets de style Oxford<\/strong> a \u00e9t\u00e9 cr\u00e9\u00e9e \u00e0 partir d&rsquo;une forme d\u00e9velopp\u00e9e au cours de deux ann\u00e9es de travail. En outre, cette chaussure <strong>blucher noire pour femme<\/strong> Ethel est fabriqu\u00e9e \u00e0 la main avec le meilleur cuir de grain. Cette \u00e9l\u00e9gante chaussure pour femme est enti\u00e8rement doubl\u00e9e en cuir de vachette et cousue \u00e0 la main avec un minimum de coutures en cuir violet fonc\u00e9. La semelle est en cuir v\u00e9ritable cousu, pour la s\u00e9parer du sol, nous avons inclus une couche suppl\u00e9mentaire de cuir dans la semelle. Et pour couronner le tout, nous avons inject\u00e9 une couche de spai antid\u00e9rapant pour une isolation thermique et une protection de la semelle accrues.<\/p>\n<p>Pour ajouter une touche de couleur \u00e0 l&rsquo;\u00e9clat de ces <strong>chaussures blucher femme<\/strong> et pour que vous puissiez les combiner \u00e0 votre guise, elles sont dot\u00e9es de doubles lacets, en jaune et en noir, plus discrets.<\/p>\n<p>Faire de chaque trajet un v\u00e9ritable plaisir.<\/p>\n","protected":false},"excerpt":{"rendered":"<h2>Ethel All Black Femmes Blucher Noir<\/h2>\n<p>Mat\u00e9riau ext\u00e9rieur : cuir de grain<br \/>\nMat\u00e9riau de la semelle : cuir surpiqu\u00e9 et couche antid\u00e9rapante<br \/>\nDoublure : cuir de vachette violet<br \/>\nType de fermeture : Lacets<\/p>\n","protected":false},"featured_media":73048,"comment_status":"open","ping_status":"closed","template":"","meta":[],"product_brand":[11789],"product_cat":[7184,7127,7152],"product_tag":[],"woo-feed-brand":[],"class_list":{"0":"post-41375","1":"product","2":"type-product","3":"status-publish","4":"has-post-thumbnail","6":"product_brand-beatnik-shoes-fr","7":"product_cat-chaussures-blucher-pour-femmes","8":"product_cat-chaussures-femme","9":"product_cat-chaussures-oxford-pour-femme","10":"pa_talla-zapato-35-fr","11":"pa_talla-zapato-36-fr","12":"pa_talla-zapato-37-fr","13":"pa_talla-zapato-38-fr","14":"pa_talla-zapato-39-fr","15":"pa_talla-zapato-40-fr","16":"pa_talla-zapato-41-fr","17":"pa_talla-zapato-42-fr","19":"first","20":"instock","21":"sale","22":"taxable","23":"shipping-taxable","24":"purchasable","25":"product-type-variable"},"_links":{"self":[{"href":"https:\/\/www.beatnikshoes.com\/fr\/wp-json\/wp\/v2\/product\/41375","targetHints":{"allow":["GET"]}}],"collection":[{"href":"https:\/\/www.beatnikshoes.com\/fr\/wp-json\/wp\/v2\/product"}],"about":[{"href":"https:\/\/www.beatnikshoes.com\/fr\/wp-json\/wp\/v2\/types\/product"}],"replies":[{"embeddable":true,"href":"https:\/\/www.beatnikshoes.com\/fr\/wp-json\/wp\/v2\/comments?post=41375"}],"wp:featuredmedia":[{"embeddable":true,"href":"https:\/\/www.beatnikshoes.com\/fr\/wp-json\/wp\/v2\/media\/73048"}],"wp:attachment":[{"href":"https:\/\/www.beatnikshoes.com\/fr\/wp-json\/wp\/v2\/media?parent=41375"}],"wp:term":[{"taxonomy":"product_brand","embeddable":true,"href":"https:\/\/www.beatnikshoes.com\/fr\/wp-json\/wp\/v2\/product_brand?post=41375"},{"taxonomy":"product_cat","embeddable":true,"href":"https:\/\/www.beatnikshoes.com\/fr\/wp-json\/wp\/v2\/product_cat?post=41375"},{"taxonomy":"product_tag","embeddable":true,"href":"https:\/\/www.beatnikshoes.com\/fr\/wp-json\/wp\/v2\/product_tag?post=41375"},{"taxonomy":"woo-feed-brand","embeddable":true,"href":"https:\/\/www.beatnikshoes.com\/fr\/wp-json\/wp\/v2\/woo-feed-brand?post=41375"}],"curies":[{"name":"wp","href":"https:\/\/api.w.org\/{rel}","templated":true}]}}