{"id":41357,"date":"2018-11-06T13:14:10","date_gmt":"2018-11-06T12:14:10","guid":{"rendered":"https:\/\/www.beatnikshoes.com\/zapatos-hechos-a-mano\/beatnik-joan-style-militaire-rouge-botte-de-combat\/"},"modified":"2025-08-27T20:48:55","modified_gmt":"2025-08-27T18:48:55","slug":"botte-combat-rouge-militaire-beatnik-joan","status":"publish","type":"product","link":"https:\/\/www.beatnikshoes.com\/fr\/chaussures-a-la-main\/botte-combat-rouge-militaire-beatnik-joan\/","title":{"rendered":"Botte de combat rouge style militaire Beatnik Joan"},"content":{"rendered":"<h2>BOTTE DE COMBAT EN CUIR BORDEAUX AVEC SEMELLE EN CAOUTCHOUC.<\/h2>\n<p>Le <strong>style<\/strong> et la <strong>personnalit\u00e9<\/strong> sont deux \u00e9l\u00e9ments qui ne peuvent manquer dans aucun de nos mod\u00e8les. La <strong>botte de combat rouge de style militaire anglais<\/strong> a toujours \u00e9t\u00e9 tr\u00e8s utile pour les saisons froides, les jours de pluie ou pour les amateurs de moto. Beaucoup de nos amis aiment les <strong>bottes chaudes<\/strong> et nous ont demand\u00e9 un mod\u00e8le au <strong>style militaire anglais<\/strong> classique, mais fabriqu\u00e9 avec des mat\u00e9riaux de qualit\u00e9 et qui serait agr\u00e9able \u00e0 porter.<\/p>\n<p>La <strong>botte unisexe bordeaux de style militaire<\/strong> Joan est mont\u00e9e sur une <strong>semelle antid\u00e9rapante <\/strong>renforc\u00e9e. Il est \u00e9galement ultra-l\u00e9ger et vous s\u00e9pare ainsi du sol, du froid et de la pluie \u00e9ventuels, ce qui vous permet de le porter toute la journ\u00e9e sans aucun signe de fatigue. Il est dot\u00e9 d&rsquo;une doublure en cuir de veau doux pour plus de confort. Quant \u00e0 la fermeture, nous avons opt\u00e9 pour un long lacet avec un zip lat\u00e9ral tr\u00e8s pratique.<\/p>\n<p>En termes de couleur, le noir est une couleur populaire, mais si nous ajoutons \u00e0 l&rsquo;accent fort de cette <strong>botte rouge de style militaire anglais<\/strong> une touche de couleur qui se combine avec pratiquement toutes les nuances et tous les motifs, nous trouvons un mod\u00e8le qui peut \u00eatre un must-have dans votre garde-robe cette ann\u00e9e.<\/p>\n","protected":false},"excerpt":{"rendered":"<h2>Botte bordeaux pour femme, fabriqu\u00e9e \u00e0 la main en cuir pleine fleur.<\/h2>\n<p>Mati\u00e8re ext\u00e9rieure : Cuir pleine fleur<br \/>\nDoublure : Cuir de vachette<br \/>\nSemelle : Mat\u00e9riau composite isolant et antid\u00e9rapant.<br \/>\nFermeture : Boucle et fermeture \u00e9clair<br \/>\nType de talon : Bas<\/p>\n","protected":false},"featured_media":69861,"comment_status":"open","ping_status":"closed","template":"","meta":[],"product_brand":[],"product_cat":[7127,7124,7126,7123,7125,7092],"product_tag":[],"woo-feed-brand":[],"class_list":{"0":"post-41357","1":"product","2":"type-product","3":"status-publish","4":"has-post-thumbnail","6":"product_cat-chaussures-femme","7":"product_cat-bottes-fr","8":"product_cat-bottes-a-lacets-fr-fr","9":"product_cat-bottes-a-lacets-fr","10":"product_cat-bottes-pour-femme","11":"product_cat-chaussures-homme","12":"pa_talla-zapato-35-fr","13":"pa_talla-zapato-36-fr","14":"pa_talla-zapato-37-fr","15":"pa_talla-zapato-38-fr","16":"pa_talla-zapato-39-fr","17":"pa_talla-zapato-40-fr","18":"pa_talla-zapato-41-fr","19":"pa_talla-zapato-42-fr","20":"pa_talla-zapato-43-fr","21":"pa_talla-zapato-44-fr","22":"pa_talla-zapato-45-fr","24":"first","25":"instock","26":"sale","27":"taxable","28":"shipping-taxable","29":"purchasable","30":"product-type-variable"},"_links":{"self":[{"href":"https:\/\/www.beatnikshoes.com\/fr\/wp-json\/wp\/v2\/product\/41357","targetHints":{"allow":["GET"]}}],"collection":[{"href":"https:\/\/www.beatnikshoes.com\/fr\/wp-json\/wp\/v2\/product"}],"about":[{"href":"https:\/\/www.beatnikshoes.com\/fr\/wp-json\/wp\/v2\/types\/product"}],"replies":[{"embeddable":true,"href":"https:\/\/www.beatnikshoes.com\/fr\/wp-json\/wp\/v2\/comments?post=41357"}],"wp:featuredmedia":[{"embeddable":true,"href":"https:\/\/www.beatnikshoes.com\/fr\/wp-json\/wp\/v2\/media\/69861"}],"wp:attachment":[{"href":"https:\/\/www.beatnikshoes.com\/fr\/wp-json\/wp\/v2\/media?parent=41357"}],"wp:term":[{"taxonomy":"product_brand","embeddable":true,"href":"https:\/\/www.beatnikshoes.com\/fr\/wp-json\/wp\/v2\/product_brand?post=41357"},{"taxonomy":"product_cat","embeddable":true,"href":"https:\/\/www.beatnikshoes.com\/fr\/wp-json\/wp\/v2\/product_cat?post=41357"},{"taxonomy":"product_tag","embeddable":true,"href":"https:\/\/www.beatnikshoes.com\/fr\/wp-json\/wp\/v2\/product_tag?post=41357"},{"taxonomy":"woo-feed-brand","embeddable":true,"href":"https:\/\/www.beatnikshoes.com\/fr\/wp-json\/wp\/v2\/woo-feed-brand?post=41357"}],"curies":[{"name":"wp","href":"https:\/\/api.w.org\/{rel}","templated":true}]}}