{"id":41333,"date":"2018-12-02T21:33:13","date_gmt":"2018-12-02T20:33:13","guid":{"rendered":"https:\/\/www.beatnikshoes.com\/zapatos-hechos-a-mano\/chaussures-en-cuir-noir-et-blanc-harper-pour-hommes-et-femmes-bicolores\/"},"modified":"2025-08-27T19:44:12","modified_gmt":"2025-08-27T17:44:12","slug":"bi-ton-blanc-et-noir-blanc-et-noir-cuir-baskets-pour-hommes-et-femmes-harper-bw","status":"publish","type":"product","link":"https:\/\/www.beatnikshoes.com\/fr\/chaussures-a-la-main\/bi-ton-blanc-et-noir-blanc-et-noir-cuir-baskets-pour-hommes-et-femmes-harper-bw\/","title":{"rendered":"Baskets en cuir bicolore noir et blanc pour hommes et femmes Harper Black and White"},"content":{"rendered":"<h2>Baskets bicolores en cuir noir et blanc pour hommes et femmes, fabriqu\u00e9es \u00e0 la main en Espagne Harper BW<\/h2>\n<p>Il n&rsquo;y a rien de mieux que d&rsquo;introduire des surprises dans notre collection. Et ces <strong>baskets en cuir bicolore noir et blanc pour hommes et femmes<\/strong> sont l&rsquo;une d&rsquo;entre elles. Nous avons d\u00e9cid\u00e9 de pr\u00e9senter une \u00e9dition limit\u00e9e de nos baskets Harper, avec un design bicolore. Les couleurs de l&rsquo;entreprise Beatnik sont le noir et le blanc, nous n&rsquo;avons donc pas de combinaison de couleurs qui nous convienne mieux. D&rsquo;autre part, le design de cette pi\u00e8ce associe le noir mat du cuir de veau le plus fin \u00e0 une semelle en spay blanc, ce qui constitue une combinaison int\u00e9ressante.<\/p>\n<p>L&rsquo;ensemble de la pi\u00e8ce est doubl\u00e9 en cuir de veau violet. La semelle int\u00e9rieure, en cuir v\u00e9ritable, est facilement amovible et renouvelable, ce qui permet \u00e0 ces chaussures de durer pratiquement \u00e9ternellement. Le cuir de veau souple utilis\u00e9 pour ces <strong>baskets en cuir bicolore noir et blanc pour hommes et femmes<\/strong> garantit un confort optimal.<\/p>\n<p>Pour nous, il s&rsquo;agit d&rsquo;un mod\u00e8le qui recherche le temps libre. Mais beaucoup de nos amis l&rsquo;utilisent comme une chaussure de tr\u00e8s haute qualit\u00e9 pour le travail. De plus, ils sont tr\u00e8s faciles \u00e0 combiner avec pratiquement toute la palette de couleurs, en \u00e9t\u00e9 comme en hiver. Comme \u00e9l\u00e9ment parfait d&rsquo;une tenue d\u00e9contract\u00e9e ou comme chaussures pour les r\u00e9unions informelles, ces baskets formelles, fabriqu\u00e9es \u00e0 la main en Espagne, peuvent \u00eatre votre alli\u00e9 parfait.<\/p>\n","protected":false},"excerpt":{"rendered":"<h2>Chaussure noire et blanche pour hommes et femmes, fabriqu\u00e9e \u00e0 la main en cuir de veau.<\/h2>\n<p>Mat\u00e9riau ext\u00e9rieur : cuir de vachette noir. Doublure : Cuir de vachette.<br \/>\nSemelle int\u00e9rieure amovible.<br \/>\nSemelle : Semelle blanche antid\u00e9rapante.<\/p>\n","protected":false},"featured_media":41336,"comment_status":"open","ping_status":"closed","template":"","meta":[],"product_brand":[],"product_cat":[7176],"product_tag":[],"woo-feed-brand":[],"class_list":{"0":"post-41333","1":"product","2":"type-product","3":"status-publish","4":"has-post-thumbnail","6":"product_cat-outlet-fr","7":"pa_talla-zapato-35-fr","8":"pa_talla-zapato-36-fr","9":"pa_talla-zapato-37-fr","10":"pa_talla-zapato-38-fr","11":"pa_talla-zapato-39-fr","12":"pa_talla-zapato-40-fr","13":"pa_talla-zapato-41-fr","14":"pa_talla-zapato-42-fr","15":"pa_talla-zapato-43-fr","16":"pa_talla-zapato-44-fr","17":"pa_talla-zapato-45-fr","18":"pa_talla-zapato-46-fr","20":"first","21":"instock","22":"sale","23":"taxable","24":"shipping-taxable","25":"purchasable","26":"product-type-variable"},"_links":{"self":[{"href":"https:\/\/www.beatnikshoes.com\/fr\/wp-json\/wp\/v2\/product\/41333","targetHints":{"allow":["GET"]}}],"collection":[{"href":"https:\/\/www.beatnikshoes.com\/fr\/wp-json\/wp\/v2\/product"}],"about":[{"href":"https:\/\/www.beatnikshoes.com\/fr\/wp-json\/wp\/v2\/types\/product"}],"replies":[{"embeddable":true,"href":"https:\/\/www.beatnikshoes.com\/fr\/wp-json\/wp\/v2\/comments?post=41333"}],"wp:featuredmedia":[{"embeddable":true,"href":"https:\/\/www.beatnikshoes.com\/fr\/wp-json\/wp\/v2\/media\/41336"}],"wp:attachment":[{"href":"https:\/\/www.beatnikshoes.com\/fr\/wp-json\/wp\/v2\/media?parent=41333"}],"wp:term":[{"taxonomy":"product_brand","embeddable":true,"href":"https:\/\/www.beatnikshoes.com\/fr\/wp-json\/wp\/v2\/product_brand?post=41333"},{"taxonomy":"product_cat","embeddable":true,"href":"https:\/\/www.beatnikshoes.com\/fr\/wp-json\/wp\/v2\/product_cat?post=41333"},{"taxonomy":"product_tag","embeddable":true,"href":"https:\/\/www.beatnikshoes.com\/fr\/wp-json\/wp\/v2\/product_tag?post=41333"},{"taxonomy":"woo-feed-brand","embeddable":true,"href":"https:\/\/www.beatnikshoes.com\/fr\/wp-json\/wp\/v2\/woo-feed-brand?post=41333"}],"curies":[{"name":"wp","href":"https:\/\/api.w.org\/{rel}","templated":true}]}}