{"id":41157,"date":"2023-12-01T13:03:53","date_gmt":"2023-12-01T12:03:53","guid":{"rendered":"https:\/\/www.beatnikshoes.com\/zapatos-hechos-a-mano\/bota-chelsea-negra-de-mujer-en-piel-carla\/"},"modified":"2025-08-25T14:35:27","modified_gmt":"2025-08-25T12:35:27","slug":"botte-chelsea-noire-botte-femme-en-cuir-carla","status":"publish","type":"product","link":"https:\/\/www.beatnikshoes.com\/fr\/chaussures-a-la-main\/botte-chelsea-noire-botte-femme-en-cuir-carla\/","title":{"rendered":"Botte Chelsea noire en cuir Carla pour femme"},"content":{"rendered":"<h2>UNE BOTTE CHELSEA CLASSIQUE EN NOIR, AVEC TOUT LE STYLE ET LA QUALIT\u00c9 N\u00c9CESSAIRES POUR S&rsquo;ADAPTER \u00c0 VOTRE \u00c9L\u00c9GANCE.<\/h2>\n<p>Le style et la personnalit\u00e9 sont les \u00e9l\u00e9ments que nous essayons de conserver dans notre collection. Et s&rsquo;il y a un mod\u00e8le qui le fait \u00e0 merveille, c&rsquo;est bien notre <strong>botte Chelsea noire pour femme<\/strong>.<\/p>\n<p>Le confort est garanti par les huit ann\u00e9es de d\u00e9veloppement de ce dernier, le savoir-faire et la qualit\u00e9 des mat\u00e9riaux utilis\u00e9s.<\/p>\n<p>D\u00e9couvrez le design exceptionnel de notre <strong>botte Chelsea noire pour femme<\/strong>, con\u00e7ue pour affiner le pied, offrir un ajustement unique, une protection de la cheville et un confort thermique in\u00e9gal\u00e9. Sa polyvalence est in\u00e9gal\u00e9e, car il peut \u00eatre port\u00e9 aussi bien \u00e0 l&rsquo;int\u00e9rieur qu&rsquo;\u00e0 l&rsquo;ext\u00e9rieur du pantalon, sans qu&rsquo;il soit n\u00e9cessaire de le cacher.<\/p>\n<p>Cette <strong>botte Chelsea<\/strong> s&rsquo;adapte \u00e0 toutes les couleurs et \u00e0 tous les styles, ajoutant la touche parfaite \u00e0 n&rsquo;importe quelle tenue de votre garde-robe. Gr\u00e2ce \u00e0 son design soigneusement \u00e9labor\u00e9, cette botte est non seulement \u00e9l\u00e9gante, mais aussi fonctionnelle et confortable en toute occasion. Ajoutez une touche de style et de praticit\u00e9 \u00e0 vos looks de tous les jours avec notre botte Chelsea pour femme.<\/p>\n<p>Nos <strong>bottines Chelsea noires<\/strong> Carla sont fabriqu\u00e9es \u00e0 la main \u00e0 partir du cuir de veau le plus doux, comportent une doublure int\u00e9rieure en cuir de vachette violet cousue \u00e0 la main et des semelles int\u00e9rieures et ext\u00e9rieures en cuir avec une couche ext\u00e9rieure protectrice en spai antid\u00e9rapant.<\/p>\n<p>Pour cette saison, profitez des meilleures<strong> bottes Chelsea noires pour femme<\/strong> en cuir de veau noir, doublure en cuir de vachette violet, semelle en cuir avec une fine couche de spai antid\u00e9rapant.<\/p>\n","protected":false},"excerpt":{"rendered":"<h2>Botte chelsea fabriqu\u00e9e \u00e0 la main en Espagne<\/h2>\n<p>Mat\u00e9riau ext\u00e9rieur : cuir de veau<br \/>\nDoublure int\u00e9rieure : cuir de vachette violet<br \/>\nMat\u00e9riau de la semelle : cuir v\u00e9ritable et fine couche antid\u00e9rapante inject\u00e9e<br \/>\nTalon : bas<\/p>\n","protected":false},"featured_media":49316,"comment_status":"open","ping_status":"closed","template":"","meta":[],"product_brand":[11789],"product_cat":[7194,7125,7127],"product_tag":[],"woo-feed-brand":[],"class_list":{"0":"post-41157","1":"product","2":"type-product","3":"status-publish","4":"has-post-thumbnail","6":"product_brand-beatnik-shoes-fr","7":"product_cat-bottes-chelsea-pour-femmes","8":"product_cat-bottes-pour-femme","9":"product_cat-chaussures-femme","10":"pa_talla-zapato-35-fr","11":"pa_talla-zapato-36-fr","12":"pa_talla-zapato-37-fr","13":"pa_talla-zapato-38-fr","14":"pa_talla-zapato-39-fr","15":"pa_talla-zapato-40-fr","16":"pa_talla-zapato-41-fr","17":"pa_talla-zapato-42-fr","19":"first","20":"instock","21":"sale","22":"taxable","23":"shipping-taxable","24":"purchasable","25":"product-type-variable"},"_links":{"self":[{"href":"https:\/\/www.beatnikshoes.com\/fr\/wp-json\/wp\/v2\/product\/41157","targetHints":{"allow":["GET"]}}],"collection":[{"href":"https:\/\/www.beatnikshoes.com\/fr\/wp-json\/wp\/v2\/product"}],"about":[{"href":"https:\/\/www.beatnikshoes.com\/fr\/wp-json\/wp\/v2\/types\/product"}],"replies":[{"embeddable":true,"href":"https:\/\/www.beatnikshoes.com\/fr\/wp-json\/wp\/v2\/comments?post=41157"}],"wp:featuredmedia":[{"embeddable":true,"href":"https:\/\/www.beatnikshoes.com\/fr\/wp-json\/wp\/v2\/media\/49316"}],"wp:attachment":[{"href":"https:\/\/www.beatnikshoes.com\/fr\/wp-json\/wp\/v2\/media?parent=41157"}],"wp:term":[{"taxonomy":"product_brand","embeddable":true,"href":"https:\/\/www.beatnikshoes.com\/fr\/wp-json\/wp\/v2\/product_brand?post=41157"},{"taxonomy":"product_cat","embeddable":true,"href":"https:\/\/www.beatnikshoes.com\/fr\/wp-json\/wp\/v2\/product_cat?post=41157"},{"taxonomy":"product_tag","embeddable":true,"href":"https:\/\/www.beatnikshoes.com\/fr\/wp-json\/wp\/v2\/product_tag?post=41157"},{"taxonomy":"woo-feed-brand","embeddable":true,"href":"https:\/\/www.beatnikshoes.com\/fr\/wp-json\/wp\/v2\/woo-feed-brand?post=41157"}],"curies":[{"name":"wp","href":"https:\/\/api.w.org\/{rel}","templated":true}]}}