{"id":41148,"date":"2022-04-23T18:39:58","date_gmt":"2022-04-23T16:39:58","guid":{"rendered":"https:\/\/www.beatnikshoes.com\/zapatos-hechos-a-mano\/zapatos-de-cordones-beige-para-mujer-beatnik-ethel-beige\/"},"modified":"2026-05-10T14:26:31","modified_gmt":"2026-05-10T12:26:31","slug":"chaussures-a-lacets-beige-pour-femmes-beatnik-ethel-beige","status":"publish","type":"product","link":"https:\/\/www.beatnikshoes.com\/fr\/chaussures-a-la-main\/chaussures-a-lacets-beige-pour-femmes-beatnik-ethel-beige\/","title":{"rendered":"Chaussures \u00e0 lacets beiges pour femmes Beatnik Ethel Beige"},"content":{"rendered":"<h2>LA CHAUSSURE \u00c0 LACETS POUR FEMMES LA PLUS CLASSIQUE DANS LA COULEUR LA PLUS \u00c9L\u00c9GANTE<\/h2>\n<p>Nos <strong>chaussures \u00e0 lacets de style Derby beige pour femmes<\/strong> sont l&rsquo;un des nouveaux arrivages les plus populaires cette saison. La combinaison d&rsquo;un design de <strong>chaussure brogue Blucher classique<\/strong> avec le cuir de veau le plus doux dans la couleur la plus douce cr\u00e9e le r\u00e9sultat \u00e9poustouflant de notre <strong>Blucher pour femme Ethel Beige<\/strong>.<\/p>\n<p>Le dernier utilis\u00e9 est le plus confortable de la collection. De plus, le design discret de l&#8217;empeigne met en valeur le pied f\u00e9minin. L&rsquo;ext\u00e9rieur de ces <strong>chaussures blucher pour femme de couleur beige<\/strong> est enti\u00e8rement d\u00e9cor\u00e9 d&rsquo;un d\u00e9licat embellissement fait \u00e0 la main.<\/p>\n<p>Tout l&rsquo;int\u00e9rieur de la chaussure est doubl\u00e9 de cuir de veau violet. Enfin, la semelle est cousue et fabriqu\u00e9e en cuir v\u00e9ritable et termin\u00e9e par une fine couche de mat\u00e9riau antid\u00e9rapant.<\/p>\n<p>Ces <strong>chaussures \u00e0 lacets cr\u00e8me pour femmes<\/strong> sont parmi les plus faciles \u00e0 assortir. C&rsquo;est donc l&rsquo;une des rares couleurs qui se marie parfaitement avec le blanc, le noir et tous les bleus. Outre ces trois couleurs universelles, il est parfait avec des couleurs beaucoup plus vives. Vous pouvez donc les porter avec du rose, du violet, du jaune et de l&rsquo;orange.<\/p>\n<p>Ainsi, ces <strong>chaussures \u00e0 lacets beiges de style oxford pour femmes<\/strong> sont parfaites pour une journ\u00e9e de travail dans des couleurs froides et neutres. En revanche, ces bluchers sont tr\u00e8s attrayants combin\u00e9s \u00e0 une tenue beaucoup plus d\u00e9contract\u00e9e, m\u00eame avec les couleurs les plus saisonni\u00e8res. De m\u00eame, le contraste entre le style Oxford classique et la d\u00e9licate touche de couleur rehaussera votre style. C&rsquo;est pourquoi ces <strong>chaussures \u00e0 lacets beiges pour femme<\/strong> seront un \u00e9l\u00e9ment essentiel de votre garde-robe cette saison.<\/p>\n<p>Le cuir de veau utilis\u00e9 est de la plus haute qualit\u00e9 et l&rsquo;entretien est tr\u00e8s facile. Gr\u00e2ce \u00e0 ses caract\u00e9ristiques naturelles, nourrir r\u00e9guli\u00e8rement la peau avec la cr\u00e8me incolore donne un r\u00e9sultat impeccable. Et vous pourrez profiter longtemps de ces <strong>brogues beiges sp\u00e9ciales pour femmes<\/strong>.<\/p>\n","protected":false},"excerpt":{"rendered":"<h2>Blucher en cuir beige fait \u00e0 la main en Espagne<\/h2>\n<p>Mati\u00e8re ext\u00e9rieure : cuir de veau beige<br \/>\nDoublure : cuir de vachette violet<br \/>\nMat\u00e9riau de la semelle : cuir v\u00e9ritable<br \/>\nFermeture : lacets<br \/>\nType de talon : Bas<\/p>\n","protected":false},"featured_media":74721,"comment_status":"open","ping_status":"closed","template":"","meta":[],"product_brand":[],"product_cat":[7184,7127,7152],"product_tag":[],"woo-feed-brand":[],"class_list":{"0":"post-41148","1":"product","2":"type-product","3":"status-publish","4":"has-post-thumbnail","6":"product_cat-chaussures-blucher-pour-femmes","7":"product_cat-chaussures-femme","8":"product_cat-chaussures-oxford-pour-femme","9":"pa_talla-zapato-35-fr","10":"pa_talla-zapato-36-fr","11":"pa_talla-zapato-37-fr","12":"pa_talla-zapato-38-fr","13":"pa_talla-zapato-39-fr","14":"pa_talla-zapato-40-fr","15":"pa_talla-zapato-41-fr","16":"pa_talla-zapato-42-fr","18":"first","19":"instock","20":"sale","21":"taxable","22":"shipping-taxable","23":"purchasable","24":"product-type-variable"},"_links":{"self":[{"href":"https:\/\/www.beatnikshoes.com\/fr\/wp-json\/wp\/v2\/product\/41148","targetHints":{"allow":["GET"]}}],"collection":[{"href":"https:\/\/www.beatnikshoes.com\/fr\/wp-json\/wp\/v2\/product"}],"about":[{"href":"https:\/\/www.beatnikshoes.com\/fr\/wp-json\/wp\/v2\/types\/product"}],"replies":[{"embeddable":true,"href":"https:\/\/www.beatnikshoes.com\/fr\/wp-json\/wp\/v2\/comments?post=41148"}],"wp:featuredmedia":[{"embeddable":true,"href":"https:\/\/www.beatnikshoes.com\/fr\/wp-json\/wp\/v2\/media\/74721"}],"wp:attachment":[{"href":"https:\/\/www.beatnikshoes.com\/fr\/wp-json\/wp\/v2\/media?parent=41148"}],"wp:term":[{"taxonomy":"product_brand","embeddable":true,"href":"https:\/\/www.beatnikshoes.com\/fr\/wp-json\/wp\/v2\/product_brand?post=41148"},{"taxonomy":"product_cat","embeddable":true,"href":"https:\/\/www.beatnikshoes.com\/fr\/wp-json\/wp\/v2\/product_cat?post=41148"},{"taxonomy":"product_tag","embeddable":true,"href":"https:\/\/www.beatnikshoes.com\/fr\/wp-json\/wp\/v2\/product_tag?post=41148"},{"taxonomy":"woo-feed-brand","embeddable":true,"href":"https:\/\/www.beatnikshoes.com\/fr\/wp-json\/wp\/v2\/woo-feed-brand?post=41148"}],"curies":[{"name":"wp","href":"https:\/\/api.w.org\/{rel}","templated":true}]}}