{"id":41108,"date":"2023-09-09T14:24:32","date_gmt":"2023-09-09T12:24:32","guid":{"rendered":"https:\/\/www.beatnikshoes.com\/zapatos-hechos-a-mano\/bota-chelsea-de-hombre-en-piel-negra\/"},"modified":"2025-10-09T03:02:50","modified_gmt":"2025-10-09T01:02:50","slug":"hommes-boot-noir-cuir-noir-chelsea-boot","status":"publish","type":"product","link":"https:\/\/www.beatnikshoes.com\/fr\/chaussures-a-la-main\/hommes-boot-noir-cuir-noir-chelsea-boot\/","title":{"rendered":"Cassady Black Bottes Chelsea pour hommes en cuir noir"},"content":{"rendered":"<h2>LES GENS VONT VOUS REGARDER. \u00c0 ASSOCIER \u00c0 DES BOTTES NOIRES DE TYPE CHELSEA<\/h2>\n<p><strong>Botte Chelsea pour homme en cuir noir<\/strong><strong> <\/strong>est un classique parmi les classiques.<\/p>\n<p>L&rsquo;une des rares choses sur lesquelles les Beatles et les Stones \u00e9taient toujours d&rsquo;accord \u00e9tait la certitude que la<strong> botte Chelsea pour homme \u00e9tait la REINE de toutes les bottes<\/strong>.<br \/>\nC&rsquo;est pourquoi la personne qui porte cette version de la botte d&rsquo;\u00e9quitation victorienne d\u00e9gage une d\u00e9marche puissante.<\/p>\n<p>C&rsquo;est pourquoi ils se marient parfaitement avec un jean fonc\u00e9 ou noir pour un look plus d\u00e9contract\u00e9. Mais elles sont de plus en plus port\u00e9es lors d&rsquo;occasions plus formelles, car la coupe de l&#8217;empeigne est tr\u00e8s styl\u00e9e et \u00e9l\u00e9gante.<\/p>\n<p>En outre, nos<strong> bottes Chelsea<\/strong> sont fabriqu\u00e9es \u00e0 la main \u00e0 partir du cuir de veau le plus souple, doubl\u00e9es de cuir violet, dot\u00e9es d&rsquo;une semelle en cuir v\u00e9ritable cousue et d&rsquo;un rev\u00eatement antid\u00e9rapant suppl\u00e9mentaire. Ces <strong>bottes Chelsea noires en cuir pour hommes<\/strong> sont un v\u00e9ritable r\u00e9gal et un exercice de style. Vous les appr\u00e9cierez pendant tr\u00e8s longtemps.<\/p>\n","protected":false},"excerpt":{"rendered":"<h2>Bottes chelsea en cuir fabriqu\u00e9es \u00e0 la main en Espagne<\/h2>\n<p>Mat\u00e9riau ext\u00e9rieur : cuir de veau<br \/>\nDoublure : cuir de vachette violet<br \/>\nMat\u00e9riau de la semelle : cuir v\u00e9ritable cousu et fine couche antid\u00e9rapante inject\u00e9e<br \/>\nType de talon : Bas<\/p>\n","protected":false},"featured_media":34349,"comment_status":"open","ping_status":"closed","template":"","meta":[],"product_brand":[],"product_cat":[7092,7124,7165],"product_tag":[],"woo-feed-brand":[],"class_list":{"0":"post-41108","1":"product","2":"type-product","3":"status-publish","4":"has-post-thumbnail","6":"product_cat-chaussures-homme","7":"product_cat-bottes-fr","8":"product_cat-bottes-chelsea-fr","9":"pa_talla-zapato-39-fr","10":"pa_talla-zapato-40-fr","11":"pa_talla-zapato-41-fr","12":"pa_talla-zapato-42-fr","13":"pa_talla-zapato-43-fr","14":"pa_talla-zapato-44-fr","15":"pa_talla-zapato-45-fr","16":"pa_talla-zapato-46-fr","18":"first","19":"instock","20":"sale","21":"taxable","22":"shipping-taxable","23":"purchasable","24":"product-type-variable"},"_links":{"self":[{"href":"https:\/\/www.beatnikshoes.com\/fr\/wp-json\/wp\/v2\/product\/41108","targetHints":{"allow":["GET"]}}],"collection":[{"href":"https:\/\/www.beatnikshoes.com\/fr\/wp-json\/wp\/v2\/product"}],"about":[{"href":"https:\/\/www.beatnikshoes.com\/fr\/wp-json\/wp\/v2\/types\/product"}],"replies":[{"embeddable":true,"href":"https:\/\/www.beatnikshoes.com\/fr\/wp-json\/wp\/v2\/comments?post=41108"}],"wp:featuredmedia":[{"embeddable":true,"href":"https:\/\/www.beatnikshoes.com\/fr\/wp-json\/wp\/v2\/media\/34349"}],"wp:attachment":[{"href":"https:\/\/www.beatnikshoes.com\/fr\/wp-json\/wp\/v2\/media?parent=41108"}],"wp:term":[{"taxonomy":"product_brand","embeddable":true,"href":"https:\/\/www.beatnikshoes.com\/fr\/wp-json\/wp\/v2\/product_brand?post=41108"},{"taxonomy":"product_cat","embeddable":true,"href":"https:\/\/www.beatnikshoes.com\/fr\/wp-json\/wp\/v2\/product_cat?post=41108"},{"taxonomy":"product_tag","embeddable":true,"href":"https:\/\/www.beatnikshoes.com\/fr\/wp-json\/wp\/v2\/product_tag?post=41108"},{"taxonomy":"woo-feed-brand","embeddable":true,"href":"https:\/\/www.beatnikshoes.com\/fr\/wp-json\/wp\/v2\/woo-feed-brand?post=41108"}],"curies":[{"name":"wp","href":"https:\/\/api.w.org\/{rel}","templated":true}]}}