{"id":41090,"date":"2023-05-30T12:39:53","date_gmt":"2023-05-30T10:39:53","guid":{"rendered":"https:\/\/www.beatnikshoes.com\/zapatos-hechos-a-mano\/zapato-de-mujer-con-hebillas-bicolor-brenda\/"},"modified":"2025-12-11T00:54:54","modified_gmt":"2025-12-10T23:54:54","slug":"chaussures-a-boucles-pour-femmes-bicolore-brenda","status":"publish","type":"product","link":"https:\/\/www.beatnikshoes.com\/fr\/chaussures-a-la-main\/chaussures-a-boucles-pour-femmes-bicolore-brenda\/","title":{"rendered":"Chaussure pour femme avec boucles bicolores Brenda"},"content":{"rendered":"<h2>CHAUSSURES POUR FEMMES AVEC BOUCLES BICOLORES BRENDA : \u00c9L\u00c9GANCE, STYLE ET CONFORT SANS LIMITES<\/h2>\n<p>Nous avons associ\u00e9 la forme la plus confortable de notre collection \u00e0 du cuir de veau souple pour cr\u00e9er cette chaussure pour femme avec des boucles bicolores.<\/p>\n<p>Le r\u00e9sultat est une <strong>mary jane \u00e9l\u00e9gante avec un talon bas<\/strong> qui \u00e9pouse le pied \u00e0 chaque pas. Le choix des couleurs, tan et blanc, s&rsquo;accorde parfaitement avec les tons chauds de chaque saison. Et avec elle, les d\u00e9tails de la tige, ses franges et le confort de pouvoir r\u00e9gler la boucle \u00e0 sa guise. Tout cela fait de ce mod\u00e8le l&rsquo;un des plus d\u00e9sirables de cette collection.<\/p>\n<p>Cette <strong>chaussure \u00e0 boucle frang\u00e9e pour femme<\/strong> est fabriqu\u00e9e \u00e0 la main en Espagne \u00e0 partir de cuir de veau de la plus haute qualit\u00e9. Ils sont doubl\u00e9s de cuir de vache, ce qui permet de les porter sans chaussettes ni bas.<\/p>\n<p>L&rsquo;ensemble est compl\u00e9t\u00e9 par une semelle en cuir v\u00e9ritable. La couture du mod\u00e8le est la proc\u00e9dure traditionnelle de Blake. Enfin, la semelle comprend une l\u00e9g\u00e8re couche de mat\u00e9riau antid\u00e9rapant pour isoler le cuir.<\/p>\n<h3>CHAUSSURES \u00c0 BOUCLES ULTRA CONFORTABLES POUR FEMMES AVEC FRANGES<\/h3>\n<p>Cette <strong>chaussure monacale pour femme avec franges<\/strong> et fermeture \u00e0 boucle chrom\u00e9e est une chaussure qui allie classicisme et \u00e9l\u00e9gance \u00e0 parts \u00e9gales. De plus, les deux couleurs de ce mod\u00e8le, le blanc et le marron clair avec de l\u00e9g\u00e8res nuances d&rsquo;orange, sont tout \u00e0 fait compl\u00e9mentaires. Ils se marient donc parfaitement avec les palettes pastel et terreuses. De plus, comme il s&rsquo;agit d&rsquo;un mod\u00e8le que vous pouvez parfaitement porter en automne, son design contraste incroyablement bien avec des tons plus froids tels que le bleu et le gris.<\/p>\n<p>Cette <strong>chaussure \u00e0 boucle bicolore pour femme<\/strong> est une valeur s\u00fbre. Peut \u00eatre combin\u00e9 avec tout type de pantalon, qu&rsquo;il soit large ou plus serr\u00e9 et de n&rsquo;importe quelle longueur. Et bien s\u00fbr, il est parfait avec des jupes et des robes l\u00e9g\u00e8res.<\/p>\n<p>Laissez-vous accompagner cette saison par le confort et la couleur de la Brenda Beatnik.<\/p>\n","protected":false},"excerpt":{"rendered":"<h2>Chaussure pour femme Brenda fabriqu\u00e9e \u00e0 la main avec des boucles bicolores<\/h2>\n<p>Mat\u00e9riau ext\u00e9rieur : cuir de veau en camel et blanc<br \/>\nDoublure : cuir de vache<br \/>\nMat\u00e9riau de la semelle : cuir v\u00e9ritable plus une fine couche antid\u00e9rapante inject\u00e9e.<br \/>\nFermeture : Boucle<\/p>\n","protected":false},"featured_media":41098,"comment_status":"open","ping_status":"closed","template":"","meta":[],"product_brand":[11789],"product_cat":[7127,7153,8899],"product_tag":[],"woo-feed-brand":[],"class_list":{"0":"post-41090","1":"product","2":"type-product","3":"status-publish","4":"has-post-thumbnail","6":"product_brand-beatnik-shoes-fr","7":"product_cat-chaussures-femme","8":"product_cat-chaussure-avec-boucles-fr","9":"product_cat-chaussures-bicolores-pour-femme","10":"pa_talla-zapato-35-fr","11":"pa_talla-zapato-36-fr","12":"pa_talla-zapato-37-fr","13":"pa_talla-zapato-38-fr","14":"pa_talla-zapato-39-fr","15":"pa_talla-zapato-40-fr","16":"pa_talla-zapato-41-fr","17":"pa_talla-zapato-42-fr","19":"first","20":"onbackorder","21":"sale","22":"taxable","23":"shipping-taxable","24":"purchasable","25":"product-type-variable"},"_links":{"self":[{"href":"https:\/\/www.beatnikshoes.com\/fr\/wp-json\/wp\/v2\/product\/41090","targetHints":{"allow":["GET"]}}],"collection":[{"href":"https:\/\/www.beatnikshoes.com\/fr\/wp-json\/wp\/v2\/product"}],"about":[{"href":"https:\/\/www.beatnikshoes.com\/fr\/wp-json\/wp\/v2\/types\/product"}],"replies":[{"embeddable":true,"href":"https:\/\/www.beatnikshoes.com\/fr\/wp-json\/wp\/v2\/comments?post=41090"}],"wp:featuredmedia":[{"embeddable":true,"href":"https:\/\/www.beatnikshoes.com\/fr\/wp-json\/wp\/v2\/media\/41098"}],"wp:attachment":[{"href":"https:\/\/www.beatnikshoes.com\/fr\/wp-json\/wp\/v2\/media?parent=41090"}],"wp:term":[{"taxonomy":"product_brand","embeddable":true,"href":"https:\/\/www.beatnikshoes.com\/fr\/wp-json\/wp\/v2\/product_brand?post=41090"},{"taxonomy":"product_cat","embeddable":true,"href":"https:\/\/www.beatnikshoes.com\/fr\/wp-json\/wp\/v2\/product_cat?post=41090"},{"taxonomy":"product_tag","embeddable":true,"href":"https:\/\/www.beatnikshoes.com\/fr\/wp-json\/wp\/v2\/product_tag?post=41090"},{"taxonomy":"woo-feed-brand","embeddable":true,"href":"https:\/\/www.beatnikshoes.com\/fr\/wp-json\/wp\/v2\/woo-feed-brand?post=41090"}],"curies":[{"name":"wp","href":"https:\/\/api.w.org\/{rel}","templated":true}]}}