{"id":41074,"date":"2023-07-02T21:40:29","date_gmt":"2023-07-02T19:40:29","guid":{"rendered":"https:\/\/www.beatnikshoes.com\/zapatos-hechos-a-mano\/mocasines-marrones-de-mujer-beatnik-irma-chesnut\/"},"modified":"2026-05-09T15:19:29","modified_gmt":"2026-05-09T13:19:29","slug":"mocassins-bruns-femmes-beatnik-irma-chesnut","status":"publish","type":"product","link":"https:\/\/www.beatnikshoes.com\/fr\/chaussures-a-la-main\/mocassins-bruns-femmes-beatnik-irma-chesnut\/","title":{"rendered":"Mocassins Beatnik Irma Chesnut marron pour femme"},"content":{"rendered":"<h2>TOUTES LES COULEURS POUR NOTRE PENNY LOAFER BIEN-AIM\u00c9 IRMA<\/h2>\n<p>Une <strong>paire de mocassins en cuir marron<\/strong> pour femme est un incontournable de toute garde-robe, quelle que soit la saison. Dans notre nouvelle collection, nous avons choisi d&rsquo;int\u00e9grer un cuir pleine fleur couleur ch\u00e2tain sur une forme aussi confortable que nos <strong>mocassins Irma marron pour femme<\/strong> <\/p>\n<p>La forme de nos <strong>mocassins pour femmes en cuir marron<\/strong> est con\u00e7ue pour atteindre deux objectifs. D&rsquo;une part, il doit \u00eatre aussi confortable que possible et s&rsquo;ajuster parfaitement \u00e0 l&rsquo;ensemble du corps. D&rsquo;autre part, nous cherchons \u00e0 styliser le plus possible le pied f\u00e9minin. Avec nos <strong>mocassins bruns<\/strong> Irma Chesnut, nous avons atteint ces deux objectifs.<\/p>\n<p>Ces <strong>mocassins Penny marron<\/strong> pour <strong>femme<\/strong> sont mont\u00e9s sur une seule pi\u00e8ce de cuir afin de minimiser le nombre de coutures. L&rsquo;int\u00e9rieur est enti\u00e8rement doubl\u00e9 en cuir de veau souple violet. Pour ce mod\u00e8le classique, nous avons inclus la semelle traditionnelle en cuir dans sa couleur naturelle avec des coutures blake. Tout cela donne un \u00e9quilibre parfait \u00e0 l&rsquo;ensemble et un confort incroyable. La couleur ch\u00e2taigne de ce cuir souple est un brun moyen, avec de l\u00e9g\u00e8res nuances rouge\u00e2tres.<\/p>\n<h3>LES MOCASSINS POUR FEMMES LES PLUS FACILES \u00c0 ASSORTIR, DE COULEUR MARRON<\/h3>\n<p>Ces <strong>mocassins pour femme en cuir marron<\/strong> se marient parfaitement avec toute la gamme de bleus, gris, noirs et tons terre.<\/p>\n<p>Le marron est incroyablement polyvalent et convient \u00e0 un large \u00e9ventail de styles, du plus d\u00e9contract\u00e9 au plus habill\u00e9. Les <strong>mocassins bruns pour femmes<\/strong> sont particuli\u00e8rement appr\u00e9ci\u00e9s en tant que chaussures basses et confortables pour le travail et le bureau, offrant un style impeccable et in\u00e9gal\u00e9.<\/p>\n<p>Ce mod\u00e8le est non seulement id\u00e9al pour les tenues formelles, mais il apporte \u00e9galement une touche classique aux tenues plus d\u00e9contract\u00e9es. Associ\u00e9es \u00e0 un simple jean le week-end, elles offrent une combinaison parfaite de style et de confort.<\/p>\n<p>Avec leur talon bas et leur semelle en cuir naturel, ces mocassins font de la marche un v\u00e9ritable plaisir, ce qui en fait le choix id\u00e9al pour les longues et fatigantes journ\u00e9es de travail. Pour la saison prochaine, ces <strong>Penny Loafers marron<\/strong> pour femme peuvent \u00eatre le compl\u00e9ment le plus \u00e9l\u00e9gant et le plus polyvalent de votre garde-robe. Nous le garantissons !<\/p>\n","protected":false},"excerpt":{"rendered":"<h2>Mocassins bruns faits \u00e0 la main en Espagne<\/h2>\n<p>Mat\u00e9riau ext\u00e9rieur : cuir de grain<br \/>\nRev\u00eatement : Cuir de vachette violet<br \/>\nMat\u00e9riau de la semelle : Semelle technique isolante et antid\u00e9rapante<br \/>\nType de talon : Bas<\/p>\n","protected":false},"featured_media":48934,"comment_status":"open","ping_status":"closed","template":"","meta":[],"product_brand":[],"product_cat":[7127,7143,7176],"product_tag":[],"woo-feed-brand":[],"class_list":{"0":"post-41074","1":"product","2":"type-product","3":"status-publish","4":"has-post-thumbnail","6":"product_cat-chaussures-femme","7":"product_cat-mocassins-femme-fr","8":"product_cat-outlet-fr","9":"pa_talla-zapato-35-fr","10":"pa_talla-zapato-36-fr","11":"pa_talla-zapato-37-fr","12":"pa_talla-zapato-38-fr","13":"pa_talla-zapato-39-fr","14":"pa_talla-zapato-40-fr","15":"pa_talla-zapato-41-fr","17":"first","18":"outofstock","19":"sale","20":"taxable","21":"shipping-taxable","22":"purchasable","23":"product-type-variable"},"_links":{"self":[{"href":"https:\/\/www.beatnikshoes.com\/fr\/wp-json\/wp\/v2\/product\/41074","targetHints":{"allow":["GET"]}}],"collection":[{"href":"https:\/\/www.beatnikshoes.com\/fr\/wp-json\/wp\/v2\/product"}],"about":[{"href":"https:\/\/www.beatnikshoes.com\/fr\/wp-json\/wp\/v2\/types\/product"}],"replies":[{"embeddable":true,"href":"https:\/\/www.beatnikshoes.com\/fr\/wp-json\/wp\/v2\/comments?post=41074"}],"wp:featuredmedia":[{"embeddable":true,"href":"https:\/\/www.beatnikshoes.com\/fr\/wp-json\/wp\/v2\/media\/48934"}],"wp:attachment":[{"href":"https:\/\/www.beatnikshoes.com\/fr\/wp-json\/wp\/v2\/media?parent=41074"}],"wp:term":[{"taxonomy":"product_brand","embeddable":true,"href":"https:\/\/www.beatnikshoes.com\/fr\/wp-json\/wp\/v2\/product_brand?post=41074"},{"taxonomy":"product_cat","embeddable":true,"href":"https:\/\/www.beatnikshoes.com\/fr\/wp-json\/wp\/v2\/product_cat?post=41074"},{"taxonomy":"product_tag","embeddable":true,"href":"https:\/\/www.beatnikshoes.com\/fr\/wp-json\/wp\/v2\/product_tag?post=41074"},{"taxonomy":"woo-feed-brand","embeddable":true,"href":"https:\/\/www.beatnikshoes.com\/fr\/wp-json\/wp\/v2\/woo-feed-brand?post=41074"}],"curies":[{"name":"wp","href":"https:\/\/api.w.org\/{rel}","templated":true}]}}