{"id":41059,"date":"2017-10-12T10:44:02","date_gmt":"2017-10-12T08:44:02","guid":{"rendered":"https:\/\/www.beatnikshoes.com\/zapatos-hechos-a-mano\/botte-beatnik-a-lacets-oxford-barbara-brown\/"},"modified":"2025-08-27T22:08:37","modified_gmt":"2025-08-27T20:08:37","slug":"oxford-boot-avec-lacets-beatnik-barbara-brown","status":"publish","type":"product","link":"https:\/\/www.beatnikshoes.com\/fr\/chaussures-a-la-main\/oxford-boot-avec-lacets-beatnik-barbara-brown\/","title":{"rendered":"Beatnik Barbara Botte Oxford \u00e0 lacets marron"},"content":{"rendered":"<h2>LA BOTTE OXFORD \u00c0 LACETS EN CUIR BRUN CARAMEL<\/h2>\n<p>Cette saison, nous vous pr\u00e9sentons cette \u00e9tonnante <strong>botte Oxford marron \u00e0 lacets<\/strong>. Une \u00e9l\u00e9gante bottine unisexe en cuir de veau souple marron caramel. A cela s&rsquo;ajoute le confort du dernier n\u00e9 du d\u00e9veloppement de notre gamme Oxford. Et avec elle, la touche de brogue d\u00e9corative qui cr\u00e9e un ensemble \u00e9l\u00e9gant.<\/p>\n<p>Cette<strong> botte Oxford marron \u00e0 lacets caramel<\/strong> est fabriqu\u00e9e \u00e0 la main en Espagne et se marie parfaitement avec tous les tons sombres et froids, du bleu-gris au noir en passant par toutes les teintes pastel et terreuses. <strong>Bottes brogue marron \u00e0 lacets<\/strong> qui s&rsquo;accordent parfaitement avec les pantalons et les robes. Pour les jours froids et pluvieux, nous avons doubl\u00e9 l&rsquo;ensemble de l&rsquo;int\u00e9rieur en cuir de veau en une seule pi\u00e8ce, pratiquement sans couture. En outre, nous avons isol\u00e9 la semelle en cuir avec une couche inf\u00e9rieure de mat\u00e9riau antid\u00e9rapant. Enfin, toute la tige de la botte et la languette sont isol\u00e9es. Parce que nous sommes obs\u00e9d\u00e9s par le confort, nous avons ajout\u00e9 une fermeture \u00e9clair lat\u00e9rale compl\u00e8te pour faciliter l&rsquo;habillage et le d\u00e9shabillage, afin que vous ne perdiez pas une seconde \u00e0 les ajuster. Un plaisir \u00e0 porter pour eux dans le confort, aussi bien dans un style d\u00e9contract\u00e9 que pour un costume complet.<\/p>\n<h3>L&rsquo;\u00c9L\u00c9GANCE ABSOLUE ET LE STYLE PARFAIT POUR CETTE SAISON.<\/h3>\n<p>La botte<strong> Oxford \u00e0 lacets unisexe <\/strong>Beatnik Barbara Brown est parfaite pour la saison \u00e0 venir. Il apporte chaleur, confort et style dans une \u00e9gale mesure, ainsi que des possibilit\u00e9s de combinaison infinies.<\/p>\n<p>En bref, ces <strong>bottes \u00e0 lacets en cuir marron dans un style Oxford<\/strong> classique sont indispensables \u00e0 votre garde-robe.<\/p>\n","protected":false},"excerpt":{"rendered":"<h2>Botte richelieu fabriqu\u00e9e \u00e0 la main en Espagne<\/h2>\n<p>Mat\u00e9riau ext\u00e9rieur : cuir de veau<br \/>\nDoublure : cuir de veau<br \/>\nMat\u00e9riau de la semelle : cuir v\u00e9ritable plus une couche de mat\u00e9riau antid\u00e9rapant<br \/>\nFermeture : Boucle et fermeture \u00e9clair<br \/>\nType de talon : Bas<\/p>\n","protected":false},"featured_media":34470,"comment_status":"open","ping_status":"closed","template":"","meta":[],"product_brand":[11789],"product_cat":[7127,7124,7126,7123,7125,7092],"product_tag":[],"woo-feed-brand":[],"class_list":{"0":"post-41059","1":"product","2":"type-product","3":"status-publish","4":"has-post-thumbnail","6":"product_brand-beatnik-shoes-fr","7":"product_cat-chaussures-femme","8":"product_cat-bottes-fr","9":"product_cat-bottes-a-lacets-fr-fr","10":"product_cat-bottes-a-lacets-fr","11":"product_cat-bottes-pour-femme","12":"product_cat-chaussures-homme","13":"pa_talla-zapato-35-fr","14":"pa_talla-zapato-36-fr","15":"pa_talla-zapato-37-fr","16":"pa_talla-zapato-38-fr","17":"pa_talla-zapato-39-fr","18":"pa_talla-zapato-40-fr","19":"pa_talla-zapato-41-fr","20":"pa_talla-zapato-42-fr","21":"pa_talla-zapato-43-fr","22":"pa_talla-zapato-44-fr","23":"pa_talla-zapato-45-fr","25":"first","26":"instock","27":"sale","28":"taxable","29":"shipping-taxable","30":"purchasable","31":"product-type-variable"},"_links":{"self":[{"href":"https:\/\/www.beatnikshoes.com\/fr\/wp-json\/wp\/v2\/product\/41059","targetHints":{"allow":["GET"]}}],"collection":[{"href":"https:\/\/www.beatnikshoes.com\/fr\/wp-json\/wp\/v2\/product"}],"about":[{"href":"https:\/\/www.beatnikshoes.com\/fr\/wp-json\/wp\/v2\/types\/product"}],"replies":[{"embeddable":true,"href":"https:\/\/www.beatnikshoes.com\/fr\/wp-json\/wp\/v2\/comments?post=41059"}],"wp:featuredmedia":[{"embeddable":true,"href":"https:\/\/www.beatnikshoes.com\/fr\/wp-json\/wp\/v2\/media\/34470"}],"wp:attachment":[{"href":"https:\/\/www.beatnikshoes.com\/fr\/wp-json\/wp\/v2\/media?parent=41059"}],"wp:term":[{"taxonomy":"product_brand","embeddable":true,"href":"https:\/\/www.beatnikshoes.com\/fr\/wp-json\/wp\/v2\/product_brand?post=41059"},{"taxonomy":"product_cat","embeddable":true,"href":"https:\/\/www.beatnikshoes.com\/fr\/wp-json\/wp\/v2\/product_cat?post=41059"},{"taxonomy":"product_tag","embeddable":true,"href":"https:\/\/www.beatnikshoes.com\/fr\/wp-json\/wp\/v2\/product_tag?post=41059"},{"taxonomy":"woo-feed-brand","embeddable":true,"href":"https:\/\/www.beatnikshoes.com\/fr\/wp-json\/wp\/v2\/woo-feed-brand?post=41059"}],"curies":[{"name":"wp","href":"https:\/\/api.w.org\/{rel}","templated":true}]}}