{"id":41046,"date":"2019-05-29T17:52:06","date_gmt":"2019-05-29T15:52:06","guid":{"rendered":"https:\/\/www.beatnikshoes.com\/zapatos-hechos-a-mano\/bota-brogue-negra-de-cordones-en-piel-beatnik-barbara-black\/"},"modified":"2025-08-26T22:13:01","modified_gmt":"2025-08-26T20:13:01","slug":"black-rogue-boot-black-beatnik-barbara-black-skin-lace-up-beatnik-barbara-black-boot","status":"publish","type":"product","link":"https:\/\/www.beatnikshoes.com\/fr\/chaussures-a-la-main\/black-rogue-boot-black-beatnik-barbara-black-skin-lace-up-beatnik-barbara-black-boot\/","title":{"rendered":"Beatnik Barbara Botte brogue \u00e0 lacets en cuir noir"},"content":{"rendered":"<h2>LA BOTTE \u00c0 LACETS EN CUIR NOIR DANS LE STYLE OXFORD CLASSIQUE QUE VOUS ATTENDIEZ<\/h2>\n<p>Les saisons commencent et se terminent plus t\u00f4t chaque ann\u00e9e. Et comme nous avons la chance d&rsquo;avoir des amis dans le monde entier, nous n&rsquo;avons pas pu r\u00e9sister \u00e0 l&rsquo;envie de vous pr\u00e9senter cette<strong> botte brogue \u00e0 lacets en cuir noir<\/strong> de style unisexe, que nous avons baptis\u00e9e Barbara Black. Il s&rsquo;agit d&rsquo;une version de notre botte Barbara classique de couleur marron caramel, fabriqu\u00e9e \u00e0 la main \u00e0 partir du m\u00eame cuir.<\/p>\n<p>Le m\u00eame confort absolu que la forme de nos chaussures oxford. Le m\u00eame design britannique classique, mais avec une touche plus contemporaine gr\u00e2ce \u00e0 la couleur noire. Une couleur qui s&rsquo;adapte \u00e0 toutes les palettes et \u00e0 toutes les personnalit\u00e9s, dans tous les contextes.<\/p>\n<p>Cette <strong>botte brogue \u00e0 lacets en cuir noir<\/strong> est enti\u00e8rement doubl\u00e9e de cuir de veau violet. Le cordon de serrage central et une fermeture \u00e9clair lat\u00e9rale pour un acc\u00e8s facile sont disponibles comme fermetures. La semelle int\u00e9rieure est en cuir et la semelle ext\u00e9rieure est en cuir v\u00e9ritable, auquel a \u00e9t\u00e9 ajout\u00e9e une fine couche antid\u00e9rapante. L&rsquo;ensemble est cousu pour une meilleure durabilit\u00e9.<\/p>\n<p>Le style de cette <strong>botte oxford brogue noire<\/strong> convient parfaitement comme botte d\u00e9contract\u00e9e avec un jean ou un pantalon chino, quelle que soit la longueur ou la coupe. Elles sont \u00e9galement un r\u00e9gal en tant que bottes \u00e0 combiner avec une robe ou une jupe longue. Le mi-mollet peut \u00eatre cach\u00e9 par la jambe du pantalon et l&rsquo;effet est le m\u00eame que celui d&rsquo;une chaussure Oxford, mais avec toute la chaleur et le confort d&rsquo;une botte. Le pantalon peut \u00e9galement \u00eatre rentr\u00e9 \u00e0 l&rsquo;int\u00e9rieur de la jambe pour un effet totalement diff\u00e9rent et beaucoup plus d\u00e9cant\u00e9. Pour eux, le style classique de cette botte brogue est parfait pour un look formel. Il apporte un contrepoint \u00e9l\u00e9gant \u00e0 un style plus d\u00e9contract\u00e9.<\/p>\n<p>Barbara Black est une <strong>botte unisexe en cuir noir \u00e0 lacets<\/strong> dont le design est parfait pour votre style personnel.<\/p>\n","protected":false},"excerpt":{"rendered":"<h2>Botte brogue noire fabriqu\u00e9e \u00e0 la main en Espagne<\/h2>\n<p>Mat\u00e9riau ext\u00e9rieur : cuir de veau<br \/>\nDoublure : cuir de veau<br \/>\nMat\u00e9riau de la semelle : cuir v\u00e9ritable plus une couche de mat\u00e9riau antid\u00e9rapant<br \/>\nFermeture : Boucle et fermeture \u00e9clair<br \/>\nType de talon : Bas<\/p>\n","protected":false},"featured_media":49546,"comment_status":"open","ping_status":"closed","template":"","meta":[],"product_brand":[],"product_cat":[7127,7124,7126,7123,7125,7092],"product_tag":[],"woo-feed-brand":[],"class_list":{"0":"post-41046","1":"product","2":"type-product","3":"status-publish","4":"has-post-thumbnail","6":"product_cat-chaussures-femme","7":"product_cat-bottes-fr","8":"product_cat-bottes-a-lacets-fr-fr","9":"product_cat-bottes-a-lacets-fr","10":"product_cat-bottes-pour-femme","11":"product_cat-chaussures-homme","12":"pa_talla-zapato-35-fr","13":"pa_talla-zapato-36-fr","14":"pa_talla-zapato-37-fr","15":"pa_talla-zapato-38-fr","16":"pa_talla-zapato-39-fr","17":"pa_talla-zapato-40-fr","18":"pa_talla-zapato-41-fr","19":"pa_talla-zapato-42-fr","20":"pa_talla-zapato-43-fr","21":"pa_talla-zapato-44-fr","22":"pa_talla-zapato-45-fr","24":"first","25":"instock","26":"sale","27":"taxable","28":"shipping-taxable","29":"purchasable","30":"product-type-variable"},"_links":{"self":[{"href":"https:\/\/www.beatnikshoes.com\/fr\/wp-json\/wp\/v2\/product\/41046","targetHints":{"allow":["GET"]}}],"collection":[{"href":"https:\/\/www.beatnikshoes.com\/fr\/wp-json\/wp\/v2\/product"}],"about":[{"href":"https:\/\/www.beatnikshoes.com\/fr\/wp-json\/wp\/v2\/types\/product"}],"replies":[{"embeddable":true,"href":"https:\/\/www.beatnikshoes.com\/fr\/wp-json\/wp\/v2\/comments?post=41046"}],"wp:featuredmedia":[{"embeddable":true,"href":"https:\/\/www.beatnikshoes.com\/fr\/wp-json\/wp\/v2\/media\/49546"}],"wp:attachment":[{"href":"https:\/\/www.beatnikshoes.com\/fr\/wp-json\/wp\/v2\/media?parent=41046"}],"wp:term":[{"taxonomy":"product_brand","embeddable":true,"href":"https:\/\/www.beatnikshoes.com\/fr\/wp-json\/wp\/v2\/product_brand?post=41046"},{"taxonomy":"product_cat","embeddable":true,"href":"https:\/\/www.beatnikshoes.com\/fr\/wp-json\/wp\/v2\/product_cat?post=41046"},{"taxonomy":"product_tag","embeddable":true,"href":"https:\/\/www.beatnikshoes.com\/fr\/wp-json\/wp\/v2\/product_tag?post=41046"},{"taxonomy":"woo-feed-brand","embeddable":true,"href":"https:\/\/www.beatnikshoes.com\/fr\/wp-json\/wp\/v2\/woo-feed-brand?post=41046"}],"curies":[{"name":"wp","href":"https:\/\/api.w.org\/{rel}","templated":true}]}}