{"id":41012,"date":"2017-10-11T18:00:33","date_gmt":"2017-10-11T16:00:33","guid":{"rendered":"https:\/\/www.beatnikshoes.com\/zapatos-hechos-a-mano\/mocasin-negro-clasico-de-hombre-allen\/"},"modified":"2025-11-07T14:06:16","modified_gmt":"2025-11-07T13:06:16","slug":"hommes-allen-allen-loafer-black-straight-jacket","status":"publish","type":"product","link":"https:\/\/www.beatnikshoes.com\/fr\/chaussures-a-la-main\/hommes-allen-allen-loafer-black-straight-jacket\/","title":{"rendered":"Mocassins classiques noirs Allen pour hommes"},"content":{"rendered":"<h2>MOCASSIN NOIR CLASSIQUE POUR HOMME AVEC MASQUE FAIT \u00c0 LA MAIN. UN CLASSIQUE REMIS AU GO\u00dbT DU JOUR.<\/h2>\n<p>Notre nouveau <strong>mocassin<\/strong> Allen <strong>noir pour homme<\/strong> est dot\u00e9 d&rsquo;un masque avant classique, pour les classiques. L&#8217;empeigne \u00e9lanc\u00e9e est fabriqu\u00e9e \u00e0 partir d&rsquo;une seule pi\u00e8ce de cuir v\u00e9ritable. L&rsquo;int\u00e9rieur comprend une doublure en cuir de vache sans couture, une semelle int\u00e9rieure en cuir et une semelle ext\u00e9rieure surpiqu\u00e9e.<\/p>\n<p>Gr\u00e2ce \u00e0 la conception de la tige, le pied est enti\u00e8rement entour\u00e9 de cuir v\u00e9ritable, sans aucun point de friction, et est prot\u00e9g\u00e9 de la chaleur, du froid et des intemp\u00e9ries. Le tout constitue une <strong>chaussure noire pour homme de style castillan<\/strong> qui convient \u00e0 toutes les saisons.<\/p>\n<p>En bref, ce <strong>mocassin noir classique pour homme<\/strong>, fabriqu\u00e9 \u00e0 la main en Espagne, est parfait pour \u00eatre associ\u00e9 \u00e0 des costumes formels ou \u00e0 des combinaisons plus d\u00e9contract\u00e9es, avec tout type de pantalon de n&rsquo;importe quelle couleur. Par cons\u00e9quent, ce mod\u00e8le est une pi\u00e8ce tr\u00e8s facile \u00e0 porter et \u00e0 combiner, offrant \u00e0 son porteur une touche tr\u00e8s classique dans l&rsquo;habillement, ainsi qu&rsquo;un grand confort.<\/p>\n","protected":false},"excerpt":{"rendered":"<h2>Mocassin noir fait \u00e0 la main en Espagne<\/h2>\n<p>Mat\u00e9riau ext\u00e9rieur : cuir de veau<br \/>\nDoublure : cuir de veau<br \/>\nMat\u00e9riau de la semelle : cuir surpiqu\u00e9 plus une couche de mat\u00e9riau antid\u00e9rapant<br \/>\nFermeture : Ajustement<br \/>\nType de talon : Bas<br \/>\nNote sur la taille du mod\u00e8le Allen : Commander une taille en dessous de la taille habituelle.<\/p>\n","protected":false},"featured_media":70330,"comment_status":"open","ping_status":"closed","template":"","meta":[],"product_brand":[11789],"product_cat":[7092,7093,7176],"product_tag":[],"woo-feed-brand":[],"class_list":{"0":"post-41012","1":"product","2":"type-product","3":"status-publish","4":"has-post-thumbnail","6":"product_brand-beatnik-shoes-fr","7":"product_cat-chaussures-homme","8":"product_cat-mocassins-fr","9":"product_cat-outlet-fr","10":"pa_talla-zapato-39-fr","11":"pa_talla-zapato-40-fr","12":"pa_talla-zapato-41-fr","13":"pa_talla-zapato-42-fr","14":"pa_talla-zapato-43-fr","15":"pa_talla-zapato-44-fr","16":"pa_talla-zapato-45-fr","17":"pa_talla-zapato-46-fr","19":"first","20":"instock","21":"sale","22":"taxable","23":"shipping-taxable","24":"purchasable","25":"product-type-variable"},"_links":{"self":[{"href":"https:\/\/www.beatnikshoes.com\/fr\/wp-json\/wp\/v2\/product\/41012","targetHints":{"allow":["GET"]}}],"collection":[{"href":"https:\/\/www.beatnikshoes.com\/fr\/wp-json\/wp\/v2\/product"}],"about":[{"href":"https:\/\/www.beatnikshoes.com\/fr\/wp-json\/wp\/v2\/types\/product"}],"replies":[{"embeddable":true,"href":"https:\/\/www.beatnikshoes.com\/fr\/wp-json\/wp\/v2\/comments?post=41012"}],"wp:featuredmedia":[{"embeddable":true,"href":"https:\/\/www.beatnikshoes.com\/fr\/wp-json\/wp\/v2\/media\/70330"}],"wp:attachment":[{"href":"https:\/\/www.beatnikshoes.com\/fr\/wp-json\/wp\/v2\/media?parent=41012"}],"wp:term":[{"taxonomy":"product_brand","embeddable":true,"href":"https:\/\/www.beatnikshoes.com\/fr\/wp-json\/wp\/v2\/product_brand?post=41012"},{"taxonomy":"product_cat","embeddable":true,"href":"https:\/\/www.beatnikshoes.com\/fr\/wp-json\/wp\/v2\/product_cat?post=41012"},{"taxonomy":"product_tag","embeddable":true,"href":"https:\/\/www.beatnikshoes.com\/fr\/wp-json\/wp\/v2\/product_tag?post=41012"},{"taxonomy":"woo-feed-brand","embeddable":true,"href":"https:\/\/www.beatnikshoes.com\/fr\/wp-json\/wp\/v2\/woo-feed-brand?post=41012"}],"curies":[{"name":"wp","href":"https:\/\/api.w.org\/{rel}","templated":true}]}}