{"id":68989,"date":"2025-01-03T10:43:00","date_gmt":"2025-01-03T09:43:00","guid":{"rendered":"https:\/\/www.beatnikshoes.com\/politique-de-cookies-ue-2\/"},"modified":"2025-01-27T12:04:46","modified_gmt":"2025-01-27T11:04:46","slug":"politique-de-cookies-ue","status":"publish","type":"page","link":"https:\/\/www.beatnikshoes.com\/fr\/politique-de-cookies-ue\/","title":{"rendered":"Politique de Cookies (UE)"},"content":{"rendered":"\n<div class=\"container section-title-container\" ><h1 class=\"section-title section-title-normal\"><b aria-hidden=\"true\"><\/b><span class=\"section-title-main\" >Politique de Cookies (UE)<\/span><b aria-hidden=\"true\"><\/b><\/h1><\/div>\n\n<p><i>Cette politique en mati\u00e8re de cookies s&rsquo;applique aux citoyens et aux r\u00e9sidents permanents l\u00e9gaux de l&rsquo;Espace \u00e9conomique europ\u00e9en et de la Suisse.<\/i><\/p>\n<h2>1. Introduction<\/h2>\n<p>Notre site web, <a href=\"https:\/\/www.beatnikshoes.com\/fr\/\">https:\/\/www.beatnikshoes.com<\/a> (ci-apr\u00e8s : \u00ab le site web \u00bb) utilise des cookies et d&rsquo;autres technologies connexes (par commodit\u00e9, toutes les technologies seront d\u00e9sign\u00e9es par le terme \u00ab cookies \u00bb).<\/p>\n\n\n<script id=\"CookieDeclaration\" src=\"https:\/\/consent.cookiebot.com\/3f8934f9-8c52-465f-9fb0-eb5e075cdbd6\/cd.js\" type=\"text\/javascript\" async data-culture=\"auto\"><\/script>\n\n<h2>2. vos droits en mati\u00e8re de donn\u00e9es \u00e0 caract\u00e8re personnel<\/h2>\n<p>Vous disposez des droits suivants en ce qui concerne vos donn\u00e9es personnelles :<\/p>\n<ul>\n<li>Vous avez le droit de savoir pourquoi vos donn\u00e9es personnelles sont n\u00e9cessaires, ce qui leur arrivera et combien de temps elles seront conserv\u00e9es.<\/li>\n<li>Droit d\u2019acc\u00e8s : vous avez le droit d\u2019acc\u00e9der \u00e0 vos donn\u00e9es personnelles que nous connaissons.<\/li>\n<li>Droit de rectification : vous avez le droit \u00e0 tout moment de compl\u00e9ter, corriger, faire supprimer ou bloquer vos donn\u00e9es personnelles.<\/li>\n<li>Si vous nous donnez votre consentement pour le traitement de vos donn\u00e9es, vous avez le droit de r\u00e9voquer ce consentement et de faire supprimer vos donn\u00e9es personnelles.<\/li>\n<li>Droit de transf\u00e9rer vos donn\u00e9es : vous avez le droit de demander toutes vos donn\u00e9es personnelles au responsable du traitement et de les transf\u00e9rer dans leur int\u00e9gralit\u00e9 \u00e0 un autre responsable du traitement.<\/li>\n<li>Droit d&rsquo;opposition : vous pouvez vous opposer au traitement de vos donn\u00e9es. Nous nous y conformons, \u00e0 moins qu&rsquo;il n&rsquo;existe des motifs justifi\u00e9s pour le traitement. <\/li>\n<\/ul>\n<p>Pour exercer ces droits, veuillez nous contacter. Veuillez vous r\u00e9f\u00e9rer aux coordonn\u00e9es figurant au bas de la pr\u00e9sente politique en mati\u00e8re de cookies. Si vous avez des r\u00e9clamations concernant la mani\u00e8re dont nous traitons vos donn\u00e9es, nous aimerions les entendre, mais vous avez \u00e9galement le droit de d\u00e9poser une plainte aupr\u00e8s de l&rsquo;autorit\u00e9 de contr\u00f4le (l&rsquo;Autorit\u00e9 de protection des donn\u00e9es).  <\/p>\n<h2>3. Coordonn\u00e9es des personnes \u00e0 contacter<\/h2>\n<p>Pour toute question et\/ou commentaire concernant notre politique en mati\u00e8re de cookies et la pr\u00e9sente d\u00e9claration, veuillez nous contacter en utilisant les coordonn\u00e9es ci-dessous :<\/p>\n<p><span class=\"cmplz-contact-organisation\">The Loafers Shop S.L.<\/span><br \/><span class=\"cmplz-contact-address\">C\/Prader\u00f3n, n\u00ba 8, 3\u00baA, 28260 Galapagar, Madrid<\/span><br \/><span class=\"cmplz-contact-country\">Espa\u00f1a<\/span><br \/>Web: <span class=\"cmplz-contact-domain\"><a href=\"https:\/\/www.beatnikshoes.com\/fr\/\">https:\/\/www.beatnikshoes.com<\/a><\/span><br \/>Email: <span class=\"cmplz-contact-email\">consumer@beatnikshoes.com<\/span><br \/><span class=\"cmplz-contact-telephone\">Num\u00e9ro de t\u00e9l\u00e9phone: +34 636 02 12 89<\/span><\/p>\n\n","protected":false},"excerpt":{"rendered":"","protected":false},"author":3,"featured_media":0,"parent":0,"menu_order":0,"comment_status":"closed","ping_status":"closed","template":"","meta":{"footnotes":""},"class_list":["post-68989","page","type-page","status-publish","hentry"],"_links":{"self":[{"href":"https:\/\/www.beatnikshoes.com\/fr\/wp-json\/wp\/v2\/pages\/68989","targetHints":{"allow":["GET"]}}],"collection":[{"href":"https:\/\/www.beatnikshoes.com\/fr\/wp-json\/wp\/v2\/pages"}],"about":[{"href":"https:\/\/www.beatnikshoes.com\/fr\/wp-json\/wp\/v2\/types\/page"}],"author":[{"embeddable":true,"href":"https:\/\/www.beatnikshoes.com\/fr\/wp-json\/wp\/v2\/users\/3"}],"replies":[{"embeddable":true,"href":"https:\/\/www.beatnikshoes.com\/fr\/wp-json\/wp\/v2\/comments?post=68989"}],"version-history":[{"count":0,"href":"https:\/\/www.beatnikshoes.com\/fr\/wp-json\/wp\/v2\/pages\/68989\/revisions"}],"wp:attachment":[{"href":"https:\/\/www.beatnikshoes.com\/fr\/wp-json\/wp\/v2\/media?parent=68989"}],"curies":[{"name":"wp","href":"https:\/\/api.w.org\/{rel}","templated":true}]}}