{"id":43990,"date":"2020-11-11T14:16:39","date_gmt":"2020-11-11T13:16:39","guid":{"rendered":"https:\/\/www.beatnikshoes.com\/politiques-de-protection-de-la-vie-privee\/"},"modified":"2025-01-03T19:09:37","modified_gmt":"2025-01-03T18:09:37","slug":"politiques-de-protection-de-la-vie-privee","status":"publish","type":"page","link":"https:\/\/www.beatnikshoes.com\/fr\/politiques-de-protection-de-la-vie-privee\/","title":{"rendered":"POLITIQUES DE PROTECTION DE LA VIE PRIV\u00c9E"},"content":{"rendered":"\n<div class=\"container section-title-container\" ><h1 class=\"section-title section-title-normal\"><b aria-hidden=\"true\"><\/b><span class=\"section-title-main\" >Politique de confidentialit\u00e9<\/span><b aria-hidden=\"true\"><\/b><\/h1><\/div>\n\n\t<div id=\"text-1052409294\" class=\"text is-small\">\n\t\t<h2>1. Informations sur la personne responsable du traitement des donn\u00e9es \u00e0 caract\u00e8re personnel.<\/h2>\r\nConform\u00e9ment aux dispositions de la loi 34\/2002, du 11 juillet, sur les services de la soci\u00e9t\u00e9 de l\u2019information et du commerce \u00e9lectronique, nous d\u00e9clarons que <strong>The Loafers Shop S.L.<\/strong> avec <strong>C.I.F. B87612727<\/strong>, domicili\u00e9e \u00e0 c\/ L\u00f3pez de Hoyos, n\u00ba 9, 28006 Madrid, d\u00fbment inscrite au Registre du Commerce de Madrid au volet : 35.103, folio: 91, feuille: A: M-631271 ainsi que le propri\u00e9taire l\u00e9gitime du site web et de tous les sous-domaines et r\u00e9pertoires qui y sont inclus.\r\n\r\nVous pouvez contacter The Loafers Shop, pour tout aspect li\u00e9 \u00e0 cette politique de confidentialit\u00e9, \u00e0 l\u2019adresse \u00e9lectronique suivante: <strong>consumer@beatnikshoes.com<\/strong>.\r\n<h2>2. Finalit\u00e9 du traitement des donn\u00e9es \u00e0 caract\u00e8re personnel:<\/h2>\r\n<strong>Types de donn\u00e9es:\u00a0<\/strong>Les donn\u00e9es personnelles collect\u00e9es sont uniquement destin\u00e9es \u00e0 des fins d\u2019identification et ne comprennent aucun type particulier de donn\u00e9es.\r\n\r\n<strong>Objectif des donn\u00e9es:\u00a0<\/strong>Chez The Loafers Shop, nous utiliserons les donn\u00e9es collect\u00e9es pour:\r\n<ul>\r\n \t<li>Envoi des informations demand\u00e9es par l\u2019int\u00e9ress\u00e9.<\/li>\r\n \t<li>Publiez les commentaires que vous faites sur notre blog.<\/li>\r\n \t<li>G\u00e9rer les inscriptions aux \u00e9v\u00e9nements organis\u00e9s par The Loafers Shoes.<\/li>\r\n \t<li>Envoyez des communications, des promotions commerciales (bulletins d\u2019information), des tirages au sort et\/ou des services et \u00e9v\u00e9nements de The Loafers Shop.<\/li>\r\n<\/ul>\r\nNous vous rappelons que vous avez tout \u00e0 fait le droit de vous opposer \u00e0 l\u2019envoi de communications commerciales dans tout commentaire, en envoyant un courriel \u00e0 l\u2019adresse suivante:<strong> consumer@beatnikshoes.com.<\/strong>\r\n\r\n<strong>Combien de temps les informations personnelles collect\u00e9es seront-elles conserv\u00e9es?: <\/strong>Les donn\u00e9es \u00e0 caract\u00e8re personnel fournies seront conserv\u00e9es aussi longtemps qu\u2019il existe un int\u00e9r\u00eat mutuel \u00e0 maintenir la finalit\u00e9 du traitement et pendant la p\u00e9riode au cours de laquelle des responsabilit\u00e9s pour les services fournis \u00e0 l\u2019int\u00e9ress\u00e9 peuvent survenir: 6 ans pour les livres comptables, les factures, etc., conform\u00e9ment \u00e0 l\u2019article 30 du code de commerce, 5 ans pour l\u2019exercice d\u2019actions personnelles sans terme sp\u00e9cial (article 1.964 du code civil) ; 4 ans : article 66 et suivants de la loi fiscale g\u00e9n\u00e9rale (imp\u00f4ts, etc.).\r\n\r\nLorsqu\u2019elles ne sont plus n\u00e9cessaires \u00e0 ces fins, elles sont supprim\u00e9es avec les mesures de s\u00e9curit\u00e9 appropri\u00e9es pour assurer leur destruction totale.\r\n<h2>3. L\u00e9gitimit\u00e9.<\/h2>\r\nLe traitement de vos donn\u00e9es est effectu\u00e9 sur la base juridique de la l\u00e9gitimit\u00e9 accord\u00e9e par <strong>votre demande d\u2019information et\/ou l\u2019achat de produits aupr\u00e8s de The Loafers Shop<\/strong>, dont les conditions g\u00e9n\u00e9rales seront mises \u00e0 votre disposition dans tous les cas, pr\u00e9alablement \u00e0 tout achat.\r\n\r\nSi vous ne nous fournissez pas vos informations ou si vous les fournissez de mani\u00e8re incorrecte ou incompl\u00e8te, nous ne serons pas en mesure de r\u00e9pondre \u00e0 votre demande et il ne sera pas possible de vous fournir les informations demand\u00e9es ou de passer un contrat de services.\r\n\r\nLe traitement de vos donn\u00e9es sera \u00e9galement l\u00e9gitim\u00e9 par la base juridique du consentement libre, sp\u00e9cifique, non \u00e9quivoque et inform\u00e9, en mettant \u00e0 votre disposition les informations contenues dans la pr\u00e9sente <strong>politique de confidentialit\u00e9<\/strong> et en articulant des m\u00e9canismes de sorte que, avant d\u2019acc\u00e9der \u00e0 vos donn\u00e9es, vous puissiez acc\u00e9der \u00e0 ces informations et, si vous y consentez, proc\u00e9der \u00e0 leur acceptation par le biais d\u2019une action affirmative claire, telle que le fait de cocher une case.\r\n\r\nNous vous rappelons que vous pouvez retirer le consentement que vous avez donn\u00e9 \u00e0 tout moment pour une finalit\u00e9 d\u00e9termin\u00e9e, sans que cela n\u2019affecte la l\u00e9galit\u00e9 du traitement fond\u00e9 sur le consentement pr\u00e9alable \u00e0 sa r\u00e9vocation.\r\n<h2>4. Destinataires<\/h2>\r\n<strong>Les donn\u00e9es ne seront pas communiqu\u00e9es \u00e0 des tiers en dehors de The Loafers Shop<\/strong>, \u00e0 moins d\u2019y \u00eatre l\u00e9galement oblig\u00e9 ou d\u2019en avoir \u00e9t\u00e9 express\u00e9ment inform\u00e9. En tant que responsables du traitement des donn\u00e9es pouvant avoir acc\u00e8s aux donn\u00e9es personnelles de la personne concern\u00e9e, le contr\u00f4leur a fait appel aux services des soci\u00e9t\u00e9s suivantes, avec lesquelles il a \u00e9galement sign\u00e9 un contrat de traitement des donn\u00e9es conform\u00e9ment aux dispositions de la r\u00e9glementation applicable en mati\u00e8re de protection des donn\u00e9es :\r\n<ul>\r\n \t<li>Mailchimp:\u00a0 avec adresse au 675 Ponce de Leon Ave NE, Suite 5000 Atlanta, GA 30308 EE. UU.<\/li>\r\n \t<li><span class=\"s1\">Mailrelay: Park Avenue, 15th Floor, Suite 1500, New York, NY 10022<\/span><\/li>\r\n \t<li>Mailjet SAS: 1 avec adresse au 3-13 bis, rue de l\u2019Aubrac 75012 Par\u00eds, Francia.<\/li>\r\n \t<li>GOOGLE, INC., avec adresse 1600 Amphitheatre Parkway, 94043, Mountain View, California, EE.UU.<\/li>\r\n \t<li>BING-:\u00a0One Microsoft Place South County Industrial Park Leopardstown Dublin 18 D18 P521 IRELAND.<\/li>\r\n<\/ul>\r\n<h2>5. Droits<\/h2>\r\nEn tant qu\u2019utilisateur qui avez fourni vos informations personnelles, vous avez le droit d\u2019obtenir la confirmation que nous utilisons vos informations et en particulier:\r\n<ul>\r\n \t<li>Vous avez le droit de r\u00e9voquer votre consentement \u00e0 tout moment.<\/li>\r\n \t<li>Droit d\u2019acc\u00e8s \u00e0 vos donn\u00e9es.<\/li>\r\n \t<li>Vous avez le droit de demander la rectification de donn\u00e9es incorrectes.<\/li>\r\n \t<li>Vous avez le droit de demander la suppression de vos donn\u00e9es.<\/li>\r\n \t<li>Dans certaines circonstances, vous pouvez nous demander de limiter le traitement de vos donn\u00e9es, auquel cas nous ne les conserverons que pour d\u2019\u00e9ventuelles r\u00e9clamations.<\/li>\r\n \t<li>Dans certaines circonstances, vous pouvez exercer votre droit d\u2019opposition au traitement de vos donn\u00e9es.<\/li>\r\n \t<li>Dans certaines circonstances, vous pouvez exercer votre droit \u00e0 la portabilit\u00e9 de vos donn\u00e9es.<\/li>\r\n<\/ul>\r\nDans certaines circonstances, vous pouvez nous demander de limiter le traitement de vos donn\u00e9es, auquel cas nous ne les conserverons que pour d\u2019\u00e9ventuelles r\u00e9clamations.\r\n\r\nVous pouvez exercer ce droit par tout moyen laissant une trace de l\u2019envoi et de la r\u00e9ception de vos donn\u00e9es, lorsque vous en exprimez express\u00e9ment le souhait, et accompagn\u00e9 d\u2019une documentation prouvant votre identit\u00e9. Vous pouvez le faire en nous envoyant un courriel \u00e0 <strong>consumer@beatnikshoes.com<\/strong> ou \u00e0 l\u2019adresse postale suivante:\r\n\r\n<strong>The Loafers Shop S.L.<\/strong>\r\n<strong>C\/ Lopez de Hoyos, 9<\/strong>\r\n<strong>28006 Madrid.<\/strong>\r\n\r\nEn outre, si vous pensez que l\u2019un de vos droits a \u00e9t\u00e9 viol\u00e9, vous pouvez d\u00e9poser une plainte aupr\u00e8s de l\u2019Agence espagnole de protection des donn\u00e9es (AEPD), situ\u00e9e \u00e0 C\/ Jorge Juan, 6, 28001-Madrid https:\/\/www.agpd.es\/ ou par le biais du si\u00e8ge \u00e9lectronique de l\u2019AEPD : https:\/\/sedeagpd.gob.es\/sede-electronica-web\/.\r\n<h2>6. S\u00e9curit\u00e9 et mise \u00e0 jour de vos donn\u00e9es personnelles.<\/h2>\r\nAfin de garantir la s\u00e9curit\u00e9 de vos donn\u00e9es personnelles, nous vous informons que toutes les mesures techniques et organisationnelles n\u00e9cessaires ont \u00e9t\u00e9 prises pour garantir la s\u00e9curit\u00e9 des donn\u00e9es personnelles fournies. Tout cela pour \u00e9viter son alt\u00e9ration, sa perte et\/ou son traitement ou acc\u00e8s non autoris\u00e9, comme l\u2019exige la loi, bien qu\u2019il n\u2019existe pas de s\u00e9curit\u00e9 absolue. Le site web utilise des techniques de s\u00e9curit\u00e9 de l\u2019information g\u00e9n\u00e9ralement accept\u00e9es dans le secteur, telles que des pare-feu, des proc\u00e9dures de contr\u00f4le d\u2019acc\u00e8s et des m\u00e9canismes cryptographiques, dans le but d\u2019emp\u00eacher tout acc\u00e8s non autoris\u00e9 aux donn\u00e9es. Pour atteindre ces objectifs, l\u2019utilisateur\/client accepte que le fournisseur obtienne des donn\u00e9es aux fins de l\u2019authentification du contr\u00f4le d\u2019acc\u00e8s correspondant. Tout processus de passation de contrat ou processus qui implique l\u2019introduction de donn\u00e9es personnelles de haute nature (sant\u00e9, id\u00e9ologie,\u2026) sera toujours transmis au moyen d\u2019un protocole de communication s\u00e9curis\u00e9 (Https:\/\/,\u2026), de telle sorte qu\u2019aucun tiers n\u2019ait acc\u00e8s aux informations transmises par voie \u00e9lectronique.\r\n\r\nNotre passerelle de paiement utilise les plateformes<strong> ING Direct et PayPal<\/strong>, qui offrent une s\u00e9curit\u00e9 maximale.\r\n\r\nTous deux sont certifi\u00e9s par Verisign.\r\n<h2><strong>7. Confidentialit\u00e9.<\/strong><\/h2>\r\nNous vous informons \u00e9galement que <strong>vos donn\u00e9es seront trait\u00e9es avec le plus grand z\u00e8le et la plus grande confidentialit\u00e9 par tout le personnel impliqu\u00e9 dans l\u2019une des phases du traitement. Nous ne transmettrons ni ne communiquerons vos donn\u00e9es \u00e0 un tiers<\/strong>, sauf dans les cas pr\u00e9vus par la loi ou si vous nous y avez express\u00e9ment autoris\u00e9s.\t\t\t<\/div>\n\t\n\n","protected":false},"excerpt":{"rendered":"","protected":false},"author":1,"featured_media":0,"parent":0,"menu_order":21,"comment_status":"closed","ping_status":"closed","template":"","meta":{"footnotes":""},"class_list":["post-43990","page","type-page","status-publish","hentry"],"_links":{"self":[{"href":"https:\/\/www.beatnikshoes.com\/fr\/wp-json\/wp\/v2\/pages\/43990","targetHints":{"allow":["GET"]}}],"collection":[{"href":"https:\/\/www.beatnikshoes.com\/fr\/wp-json\/wp\/v2\/pages"}],"about":[{"href":"https:\/\/www.beatnikshoes.com\/fr\/wp-json\/wp\/v2\/types\/page"}],"author":[{"embeddable":true,"href":"https:\/\/www.beatnikshoes.com\/fr\/wp-json\/wp\/v2\/users\/1"}],"replies":[{"embeddable":true,"href":"https:\/\/www.beatnikshoes.com\/fr\/wp-json\/wp\/v2\/comments?post=43990"}],"version-history":[{"count":0,"href":"https:\/\/www.beatnikshoes.com\/fr\/wp-json\/wp\/v2\/pages\/43990\/revisions"}],"wp:attachment":[{"href":"https:\/\/www.beatnikshoes.com\/fr\/wp-json\/wp\/v2\/media?parent=43990"}],"curies":[{"name":"wp","href":"https:\/\/api.w.org\/{rel}","templated":true}]}}