{"id":43970,"date":"2020-11-11T12:43:33","date_gmt":"2020-11-11T11:43:33","guid":{"rendered":"https:\/\/www.beatnikshoes.com\/guide-des-tailles\/"},"modified":"2025-08-10T20:22:42","modified_gmt":"2025-08-10T18:22:42","slug":"guide-des-tailles","status":"publish","type":"page","link":"https:\/\/www.beatnikshoes.com\/fr\/guide-des-tailles\/","title":{"rendered":"Guide des tailles"},"content":{"rendered":"\n\n\t<section class=\"section\" id=\"section_1935653140\">\n\t\t<div class=\"section-bg fill\" >\n\t\t\t\t\t\t\t\t\t\n\t\t\t\n\n\t\t<\/div>\n\n\t\t\n\n\t\t<div class=\"section-content relative\">\n\t\t\t\n\n\t<div id=\"text-37043531\" class=\"text is-small\">\n\t\t\n\n<h1 class=\"uppercase\">GUIDE DES TAILLES DE CHAUSSURES BEATNIK<\/h1>\n\t\t\t<\/div>\n\t\n<div class=\"row\"  id=\"row-1544453198\">\n\n\n\t<div id=\"col-984536441\" class=\"col medium-6 small-12 large-6\"  >\n\t\t\t\t<div class=\"col-inner\"  >\n\t\t\t\n\t\t\t\n\n\t<div id=\"text-2265667185\" class=\"text is-small\">\n\t\t\n\n<div id=\"tw-container\" class=\"nev7se\" data-cp=\"1\" data-nnttsvi=\"1\" data-ntl-fpwrite=\"true\" data-ntl-tooltip=\"true\" data-sletp=\"false\" data-sm=\"1\" data-ssbp=\"true\" data-sugg-time=\"500\" data-sugg-url=\"https:\/\/clients1.google.com\/complete\/search\" data-uilc=\"en\" data-vil=\",af,af-ZA,am,am-ET,ar-EG,ar-AE,ar-KW,ar-QA,ar,ar-IL,ar-JO,ar-LB,ar-PS,az,az-AZ,bg,bg-BG,bn,bn-BD,bn-IN,ca,ca-es,cs,cs-CZ,de,de-DE,de-CH,de-AT,de-LI,en,en-US,en-CA,en-AU,en-NZ,en-GB,en-IN,en-KE,en-TZ,en-NG,en-GH,en-PH,en-ZA,es,es-ES,es-AR,es-UY,es-419,es-BO,es-CL,es-CR,es-CO,es-DO,es-EC,es-GT,es-HN,es-NI,es-PA,es-PE,es-PR,es-PY,es-SV,es-VE,es-MX,es-US,eu,eu-ES,fi,fi-FI,fr,fr-FR,fr-CH,fr-BE,gl,gl-ES,gu,gu-IN,he,he-IL,iw,iw-IL,hu,hu-HU,hy,hy-AM,id,id-ID,is,is-IS,it,it-IT,it-CH,ja,ja-JP,jv,jv-ID,ka,ka-GE,km,km-KH,kn,kn-IN,ko,ko-KR,la,lo,lo-LA,lv,lv-LV,ml,ml-IN,mr,mr-IN,ms,ms-MY,nl,nl-NL,nb,nb-NO,ne,ne-NP,pl,pl-PL,pt,pt-BR,pt-PT,ro,ro-RO,ru,ru-RU,si-LK,sk,sk-SK,sr,sr-RS,su,su-ID,sv,sv-SE,sw,sw-TZ,sw-KE,ta,ta-IN,ta-SG,ta-LK,ta-MY,te,te-IN,tr,tr-TR,ur,ur-PK,ur-IN,yue,yue-HK,yue-Hant-HK,zh-HK,zh,zh-CN,zh-cmn,zh-cmn-CN,zh-Hans,zh-Hans-CN,zh-cmn-Hans,zh-cmn-Hans-CN,cmn-CN,cmn-Hans,cmn-Hans-CN,zh-TW,zh-Hant-TW,cmn-TW,cmn-Hant-TW,zh-cmn-TW,zh-cmn-Hant-TW,zu,zu-ZA,hi,hi-IN,tl,tl-PH,pa,pa-IN\">\r\n<div>\r\n<div>\r\n<div id=\"tw-ob\" class=\"tw-src-ltr\">\r\n<div class=\"oSioSc\">\r\n<div id=\"tw-target\">\r\n<div id=\"kAz1tf\" class=\"g9WsWb PZPZlf\" data-attrid=\"tw-targetArea\" data-entityname=\"Google Translate\">\r\n<div id=\"tw-target-text-container\" class=\"tw-ta-container tw-nfl\" tabindex=\"0\" role=\"text\">\r\n<p id=\"tw-target-text\" class=\"tw-data-text tw-text-large tw-ta\" dir=\"ltr\" data-placeholder=\"Translation\" data-ved=\"2ahUKEwjhi8fB9f2OAxXoUaQEHS-dLT8Q3ewLegQIChAW\" aria-label=\"Translated text: Le d\u00e9veloppement de chaque mod\u00e8le est avant tout guid\u00e9 par votre confort et votre style. La pointure Beatnik est \u00e9quivalente \u00e0 celle des autres marques internationales de chaussures de ville classiques. Ce tableau vous est fourni \u00e0 titre indicatif pour vous aider \u00e0 choisir.\r\n\r\nPour le tableau des centim\u00e8tres (CM), mesurez vos deux pieds nus sur une feuille de papier, en marquant la distance entre l'extr\u00e9mit\u00e9 de votre orteil le plus long et le d\u00e9but de votre talon. Mesurez cette distance avec une r\u00e8gle. Si vous \u00eates entre deux pointures, nous vous conseillons de choisir la plus grande. Nous vous recommandons de prendre vos mesures en fin de journ\u00e9e.\"><span class=\"Y2IQFc\" lang=\"fr\">Le d\u00e9veloppement de chaque mod\u00e8le est avant tout guid\u00e9 par votre confort et votre style. La pointure Beatnik est \u00e9quivalente \u00e0 celle des autres marques internationales de chaussures de ville classiques. Ce tableau vous est fourni \u00e0 titre indicatif pour vous aider \u00e0 choisir. <\/span><\/p>\r\n<p class=\"tw-data-text tw-text-large tw-ta\" dir=\"ltr\" data-placeholder=\"Translation\" data-ved=\"2ahUKEwjhi8fB9f2OAxXoUaQEHS-dLT8Q3ewLegQIChAW\" aria-label=\"Translated text: Le d\u00e9veloppement de chaque mod\u00e8le est avant tout guid\u00e9 par votre confort et votre style. La pointure Beatnik est \u00e9quivalente \u00e0 celle des autres marques internationales de chaussures de ville classiques. Ce tableau vous est fourni \u00e0 titre indicatif pour vous aider \u00e0 choisir.\r\n\r\nPour le tableau des centim\u00e8tres (CM), mesurez vos deux pieds nus sur une feuille de papier, en marquant la distance entre l'extr\u00e9mit\u00e9 de votre orteil le plus long et le d\u00e9but de votre talon. Mesurez cette distance avec une r\u00e8gle. Si vous \u00eates entre deux pointures, nous vous conseillons de choisir la plus grande. Nous vous recommandons de prendre vos mesures en fin de journ\u00e9e.\"><span class=\"Y2IQFc\" lang=\"fr\">Pour le tableau des centim\u00e8tres (CM), mesurez vos deux pieds nus sur une feuille de papier, en marquant la distance entre l&rsquo;extr\u00e9mit\u00e9 de votre orteil le plus long et le d\u00e9but de votre talon. Mesurez cette distance avec une r\u00e8gle. Si vous \u00eates entre deux pointures, nous vous conseillons de choisir la plus grande. Nous vous recommandons de prendre vos mesures en fin de journ\u00e9e.<\/span><\/p>\r\n\r\n<\/div><br \/><pre id=\"tw-target-rmn\" class=\"tw-data-placeholder tw-text-small tw-ta\" dir=\"ltr\" data-placeholder=\"\"><\/pre><br \/><div id=\"tw-tmenu\" class=\"tw-menu\"><\/div><br \/><\/div><br \/><\/div><br \/><\/div><br \/><\/div><br \/><p id=\"tw-images\"><\/p><br \/><p class=\"dURPtb\"><\/p><br \/><br \/><\/div><br \/><\/div><br \/><\/div><br \/><div class=\"KFFQ0c xKf9F\">\r\n<div class=\"YfftMc\">\r\n<div class=\"RPXObe\">\r\n<div class=\"mWcf0e\" tabindex=\"0\" role=\"button\" data-dccl=\"true\" data-ved=\"2ahUKEwjhi8fB9f2OAxXoUaQEHS-dLT8Q6scEegQIChAw\">\r\n<p class=\"VfL2Y LRZwuc\"><\/p>\r\n\r\n<\/div><br \/><\/div><br \/><\/div><br \/><\/div>\n\n\t\t\t<\/div>\n\t\n\n\t\t<\/div>\n\t\t\t\t\t<\/div>\n\n\t\n\n\t<div id=\"col-1539564540\" class=\"col medium-6 small-12 large-6\"  >\n\t\t\t\t<div class=\"col-inner\"  >\n\t\t\t\n\t\t\t\n\n<p id=\"tw-target-text\" class=\"tw-data-text tw-text-large tw-ta\" dir=\"ltr\" data-placeholder=\"Translation\" data-ved=\"2ahUKEwjhi8fB9f2OAxXoUaQEHS-dLT8Q3ewLegQIChAW\" aria-label=\"Translated text: Pour plus d'informations, vous pouvez nous contacter par t\u00e9l\u00e9phone, SMS ou WhatsApp au +34 669 87 22 07, via notre chat Tidio (la fen\u00eatre pop-up violette en bas de votre \u00e9cran) ou par e-mail \u00e0 info@beatnikshoes.com.\r\n\r\nSi vous avez besoin d'une autre pointure, aucun probl\u00e8me. Les \u00e9changes sont enti\u00e8rement gratuits en Espagne continentale, aux Bal\u00e9ares, au Portugal et dans le reste de l'Union europ\u00e9enne. Seuls les frais d'\u00e9change sont factur\u00e9s pour le reste du monde.\"><span class=\"Y2IQFc\" lang=\"fr\">Pour plus d&rsquo;informations, vous pouvez nous contacter par t\u00e9l\u00e9phone, SMS ou WhatsApp au +34 669 87 22 07, via notre chat Tidio (la fen\u00eatre pop-up violette en bas de votre \u00e9cran) ou par e-mail \u00e0 info@beatnikshoes.com. <\/span><\/p><br \/><p class=\"tw-data-text tw-text-large tw-ta\" dir=\"ltr\" data-placeholder=\"Translation\" data-ved=\"2ahUKEwjhi8fB9f2OAxXoUaQEHS-dLT8Q3ewLegQIChAW\" aria-label=\"Translated text: Pour plus d'informations, vous pouvez nous contacter par t\u00e9l\u00e9phone, SMS ou WhatsApp au +34 669 87 22 07, via notre chat Tidio (la fen\u00eatre pop-up violette en bas de votre \u00e9cran) ou par e-mail \u00e0 info@beatnikshoes.com.\r\n\r\nSi vous avez besoin d'une autre pointure, aucun probl\u00e8me. Les \u00e9changes sont enti\u00e8rement gratuits en Espagne continentale, aux Bal\u00e9ares, au Portugal et dans le reste de l'Union europ\u00e9enne. Seuls les frais d'\u00e9change sont factur\u00e9s pour le reste du monde.\"><span class=\"Y2IQFc\" lang=\"fr\">Si vous avez besoin d&rsquo;une autre pointure, aucun probl\u00e8me. Les \u00e9changes sont enti\u00e8rement gratuits en Espagne continentale, aux Bal\u00e9ares, au Portugal et dans le reste de l&rsquo;Union europ\u00e9enne. Seuls les frais d&rsquo;\u00e9change sont factur\u00e9s pour le reste du monde.<\/span><\/p>\n\n\t\t<\/div>\n\t\t\t\t\t<\/div>\n\n\t\n\n\t<div id=\"col-1258292298\" class=\"col medium-6 small-12 large-6\"  >\n\t\t\t\t<div class=\"col-inner\"  >\n\t\t\t\n\t\t\t\n\n\n\n<table style=\"border-color: #f2f2f2; width: 100%;\">\r\n<tbody>\r\n<tr>\r\n<td style=\"width: 100%; text-align: center;\" colspan=\"4\">MUJER<\/td>\r\n<\/tr>\r\n<tr>\r\n<td style=\"width: 25%; text-align: center;\"><strong>Europa<\/strong><\/td>\r\n<td style=\"width: 25%; text-align: center;\"><strong>UK<\/strong><\/td>\r\n<td style=\"width: 25%; text-align: center;\"><strong>USA<\/strong><\/td>\r\n<td style=\"width: 25%; text-align: center;\"><strong>CM<\/strong><\/td>\r\n<\/tr>\r\n<tr style=\"border-color: #ededed;\">\r\n<td style=\"width: 25%; text-align: center;\">35<\/td>\r\n<td style=\"width: 25%; text-align: center;\">2<\/td>\r\n<td style=\"width: 25%; text-align: center;\">4.5<\/td>\r\n<td style=\"width: 25%; text-align: center;\">22.5<\/td>\r\n<\/tr>\r\n<tr>\r\n<td style=\"width: 25%; background: #ededed; border: solid 1px #fff; text-align: center;\">36<\/td>\r\n<td style=\"width: 25%; background: #ededed; border: solid 1px #fff; text-align: center;\">3<\/td>\r\n<td style=\"width: 25%; background: #ededed; border: solid 1px #fff; text-align: center;\">5.5<\/td>\r\n<td style=\"width: 25%; background: #ededed; border: solid 1px #fff; text-align: center;\">23<\/td>\r\n<\/tr>\r\n<tr>\r\n<td style=\"width: 25%; text-align: center;\">37<\/td>\r\n<td style=\"width: 25%; text-align: center;\">4<\/td>\r\n<td style=\"width: 25%; text-align: center;\">6.5<\/td>\r\n<td style=\"width: 25%; text-align: center;\">23.7<\/td>\r\n<\/tr>\r\n<tr>\r\n<td style=\"width: 25%; background: #ededed; border: solid 1px #fff; text-align: center;\">38<\/td>\r\n<td style=\"width: 25%; background: #ededed; border: solid 1px #fff; text-align: center;\">5<\/td>\r\n<td style=\"width: 25%; background: #ededed; border: solid 1px #fff; text-align: center;\">7.5<\/td>\r\n<td style=\"width: 25%; background: #ededed; border: solid 1px #fff; text-align: center;\">24.3<\/td>\r\n<\/tr>\r\n<tr>\r\n<td style=\"width: 25%; text-align: center;\">39<\/td>\r\n<td style=\"width: 25%; text-align: center;\">6<\/td>\r\n<td style=\"width: 25%; text-align: center;\">8.5<\/td>\r\n<td style=\"width: 25%; text-align: center;\">25<\/td>\r\n<\/tr>\r\n<tr>\r\n<td style=\"width: 25%; background: #ededed; border: solid 1px #fff; text-align: center;\">40<\/td>\r\n<td style=\"width: 25%; background: #ededed; border: solid 1px #fff; text-align: center;\">7<\/td>\r\n<td style=\"width: 25%; background: #ededed; border: solid 1px #fff; text-align: center;\">9.5<\/td>\r\n<td style=\"width: 25%; background: #ededed; border: solid 1px #fff; text-align: center;\">25.6<\/td>\r\n<\/tr>\r\n<tr>\r\n<td style=\"width: 25%; text-align: center;\">41<\/td>\r\n<td style=\"width: 25%; text-align: center;\">8<\/td>\r\n<td style=\"width: 25%; text-align: center;\">10.5<\/td>\r\n<td style=\"width: 25%; text-align: center;\">26.3<\/td>\r\n<\/tr>\r\n<tr>\r\n<td style=\"width: 25%; background: #ededed; border: solid 1px #fff; text-align: center;\">42<\/td>\r\n<td style=\"width: 25%; background: #ededed; border: solid 1px #fff; text-align: center;\">9<\/td>\r\n<td style=\"width: 25%; background: #ededed; border: solid 1px #fff; text-align: center;\">11.5<\/td>\r\n<td style=\"width: 25%; background: #ededed; border: solid 1px #fff; text-align: center;\">27<\/td>\r\n<\/tr>\r\n<\/tbody>\r\n<\/table>\n\n\n\t\t<\/div>\n\t\t\t\t\t<\/div>\n\n\t\n\n\t<div id=\"col-2142643101\" class=\"col medium-6 small-12 large-6\"  >\n\t\t\t\t<div class=\"col-inner\"  >\n\t\t\t\n\t\t\t\n\n\n\n<table style=\"border-color: #f2f2f2; width: 100%;\">\r\n<tbody>\r\n<tr>\r\n<td style=\"width: 100%; text-align: center;\" colspan=\"4\">HOMBRE<\/td>\r\n<\/tr>\r\n<tr>\r\n<td style=\"width: 25%; text-align: center;\"><strong>Europa<\/strong><\/td>\r\n<td style=\"width: 25%; text-align: center;\"><strong>UK<\/strong><\/td>\r\n<td style=\"width: 25%; text-align: center;\"><strong>USA<\/strong><\/td>\r\n<td style=\"width: 25%; text-align: center;\"><strong>CM<\/strong><\/td>\r\n<\/tr>\r\n<tr>\r\n<td style=\"width: 25%; text-align: center;\">39<\/td>\r\n<td style=\"width: 25%; text-align: center;\">5<\/td>\r\n<td style=\"width: 25%; text-align: center;\">6<\/td>\r\n<td style=\"width: 25%; text-align: center;\">25<\/td>\r\n<\/tr>\r\n<tr>\r\n<td style=\"width: 25%; background: #ededed; border: solid 1px #fff; text-align: center;\">40<\/td>\r\n<td style=\"width: 25%; background: #ededed; border: solid 1px #fff; text-align: center;\">6<\/td>\r\n<td style=\"width: 25%; background: #ededed; border: solid 1px #fff; text-align: center;\">7<\/td>\r\n<td style=\"width: 25%; background: #ededed; border: solid 1px #fff; text-align: center;\">25.6<\/td>\r\n<\/tr>\r\n<tr>\r\n<td style=\"width: 25%; text-align: center;\">41<\/td>\r\n<td style=\"width: 25%; text-align: center;\">7<\/td>\r\n<td style=\"width: 25%; text-align: center;\">8<\/td>\r\n<td style=\"width: 25%; text-align: center;\">26.3<\/td>\r\n<\/tr>\r\n<tr>\r\n<td style=\"width: 25%; background: #ededed; border: solid 1px #fff; text-align: center;\">42<\/td>\r\n<td style=\"width: 25%; background: #ededed; border: solid 1px #fff; text-align: center;\">8<\/td>\r\n<td style=\"width: 25%; background: #ededed; border: solid 1px #fff; text-align: center;\">9<\/td>\r\n<td style=\"width: 25%; background: #ededed; border: solid 1px #fff; text-align: center;\">27<\/td>\r\n<\/tr>\r\n<tr>\r\n<td style=\"width: 25%; text-align: center;\">43<\/td>\r\n<td style=\"width: 25%; text-align: center;\">9<\/td>\r\n<td style=\"width: 25%; text-align: center;\">10<\/td>\r\n<td style=\"width: 25%; text-align: center;\">27.6<\/td>\r\n<\/tr>\r\n<tr>\r\n<td style=\"width: 25%; background: #ededed; border: solid 1px #fff; text-align: center;\">44<\/td>\r\n<td style=\"width: 25%; background: #ededed; border: solid 1px #fff; text-align: center;\">10<\/td>\r\n<td style=\"width: 25%; background: #ededed; border: solid 1px #fff; text-align: center;\">11<\/td>\r\n<td style=\"width: 25%; background: #ededed; border: solid 1px #fff; text-align: center;\">28.5<\/td>\r\n<\/tr>\r\n<tr>\r\n<td style=\"width: 25%; text-align: center;\">45<\/td>\r\n<td style=\"width: 25%; text-align: center;\">11<\/td>\r\n<td style=\"width: 25%; text-align: center;\">12<\/td>\r\n<td style=\"width: 25%; text-align: center;\">29.2<\/td>\r\n<\/tr>\r\n<tr>\r\n<td style=\"width: 25%; background: #ededed; border: solid 1px #fff; text-align: center;\">46<\/td>\r\n<td style=\"width: 25%; background: #ededed; border: solid 1px #fff; text-align: center;\">12<\/td>\r\n<td style=\"width: 25%; background: #ededed; border: solid 1px #fff; text-align: center;\">13<\/td>\r\n<td style=\"width: 25%; background: #ededed; border: solid 1px #fff; text-align: center;\">30<\/td>\r\n<\/tr>\r\n<\/tbody>\r\n<\/table>\n\n\n\t\t<\/div>\n\t\t\t\t\t<\/div>\n\n\t\n\n<\/div>\n\n\t\t<\/div>\n\n\t\t\n<style>\n#section_1935653140 {\n  padding-top: 30px;\n  padding-bottom: 30px;\n}\n<\/style>\n\t<\/section>\n\t\n\n","protected":false},"excerpt":{"rendered":"","protected":false},"author":3,"featured_media":0,"parent":0,"menu_order":13,"comment_status":"closed","ping_status":"closed","template":"","meta":{"footnotes":""},"class_list":["post-43970","page","type-page","status-publish","hentry"],"_links":{"self":[{"href":"https:\/\/www.beatnikshoes.com\/fr\/wp-json\/wp\/v2\/pages\/43970","targetHints":{"allow":["GET"]}}],"collection":[{"href":"https:\/\/www.beatnikshoes.com\/fr\/wp-json\/wp\/v2\/pages"}],"about":[{"href":"https:\/\/www.beatnikshoes.com\/fr\/wp-json\/wp\/v2\/types\/page"}],"author":[{"embeddable":true,"href":"https:\/\/www.beatnikshoes.com\/fr\/wp-json\/wp\/v2\/users\/3"}],"replies":[{"embeddable":true,"href":"https:\/\/www.beatnikshoes.com\/fr\/wp-json\/wp\/v2\/comments?post=43970"}],"version-history":[{"count":0,"href":"https:\/\/www.beatnikshoes.com\/fr\/wp-json\/wp\/v2\/pages\/43970\/revisions"}],"wp:attachment":[{"href":"https:\/\/www.beatnikshoes.com\/fr\/wp-json\/wp\/v2\/media?parent=43970"}],"curies":[{"name":"wp","href":"https:\/\/api.w.org\/{rel}","templated":true}]}}