{"id":41082,"date":"2014-06-02T09:22:38","date_gmt":"2014-06-02T09:22:38","guid":{"rendered":"https:\/\/www.beatnikshoes.com\/sobre-nosotros\/"},"modified":"2026-02-03T02:24:54","modified_gmt":"2026-02-03T01:24:54","slug":"a-propos-de-nous","status":"publish","type":"page","link":"https:\/\/www.beatnikshoes.com\/fr\/a-propos-de-nous\/","title":{"rendered":"\u00c0 propos de nous"},"content":{"rendered":"\n\n\t<section class=\"section\" id=\"section_1278780163\">\n\t\t<div class=\"section-bg fill\" >\n\t\t\t\t\t\t\t\t\t\n\t\t\t\n\n\t\t<\/div>\n\n\t\t\n\n\t\t<div class=\"section-content relative\">\n\t\t\t\n\n<div class=\"row row-collapse align-middle align-center\"  id=\"row-869901321\">\n\n\n\t<div id=\"col-1251499123\" class=\"col small-12 large-12\"  >\n\t\t\t\t<div class=\"col-inner\"  >\n\t\t\t\n\t\t\t\n\n  <div id=\"page-header-1564716667\" class=\"page-header-wrapper\">\n  <div class=\"page-title dark normal-title has-parallax\">\n\n        <div class=\"page-title-bg\">\n      <div class=\"title-bg fill bg-fill\"\n        data-parallax-container=\".page-title\"\n        data-parallax-background\n        data-parallax=\"-2\">\n      <\/div>\n      <div class=\"title-overlay fill\"><\/div>\n    <\/div>\n    \n    <div class=\"page-title-inner container align-center text-center flex-row-col medium-flex-wrap\" >\n              <div class=\"title-wrapper is-large flex-col\">\n          <h1 class=\"entry-title mb-0\">\n            \u00c0 PROPOS DE NOUS          <\/h1>\n        <\/div>\n                    <div class=\"title-content flex-col\">\n        <div class=\"title-breadcrumbs pb-half pt-half\"><nav class=\"woocommerce-breadcrumb breadcrumbs uppercase\" aria-label=\"Breadcrumb\">Accueil<\/nav><\/div>      <\/div>\n    <\/div>\n\n     \n<style>\n#page-header-1564716667 .page-title-inner {\n  min-height: 368px;\n}\n#page-header-1564716667 {\n  margin-bottom: 0px;\n}\n#page-header-1564716667 .title-bg {\n  background-image: url(https:\/\/www.beatnikshoes.com\/wp-content\/uploads\/2014\/11\/Lincoln50s4-e1429699321352.jpg);\n  background-position: 50% 67%;\n}\n@media (min-width:550px) {\n  #page-header-1564716667 .page-title-inner {\n    min-height: 380px;\n  }\n  #page-header-1564716667 {\n    margin-bottom: 0px;\n  }\n}\n@media (min-width:850px) {\n  #page-header-1564716667 .page-title-inner {\n    min-height: 480px;\n  }\n}\n<\/style>\n  <\/div>\n    <\/div>\n  \n\n\n\t\t<\/div>\n\t\t\t\t\n<style>\n#col-1251499123 > .col-inner {\n  padding: 0px 0px 0px 0px;\n  margin: 0px 0px 0px 0px;\n}\n<\/style>\n\t<\/div>\n\n\t\n\n\n<style>\n#row-869901321 > .col > .col-inner {\n  padding: 0px 0px 0px 0px;\n}\n<\/style>\n<\/div>\n\n\t\t<\/div>\n\n\t\t\n<style>\n#section_1278780163 {\n  padding-top: 0px;\n  padding-bottom: 0px;\n  margin-bottom: 0px;\n}\n<\/style>\n\t<\/section>\n\t\n\n\t<section class=\"section\" id=\"section_1602911760\">\n\t\t<div class=\"section-bg fill\" >\n\t\t\t\t\t\t\t\t\t\n\t\t\t\n\n\t\t<\/div>\n\n\t\t\n\n\t\t<div class=\"section-content relative\">\n\t\t\t\n\n<div class=\"row row-collapse\"  id=\"row-1072785312\">\n\n\n\t<div id=\"col-957084615\" class=\"col small-12 large-12\"  >\n\t\t\t\t<div class=\"col-inner\"  >\n\t\t\t\n\t\t\t\n\n<div class=\"container section-title-container uppercase\" ><h2 class=\"section-title section-title-normal\"><b aria-hidden=\"true\"><\/b><span class=\"section-title-main\" style=\"font-size:90%;color:#000000;\">UNE AUTRE FA\u00c7ON DE COMPRENDRE LES CHAUSSURES<\/span><b aria-hidden=\"true\"><\/b><\/h2><\/div>\n\n<div class=\"row\"  id=\"row-1038199393\">\n\n\n\t<div id=\"col-1266428780\" class=\"col medium-6 small-12 large-6\"  >\n\t\t\t\t<div class=\"col-inner\"  >\n\t\t\t\n\t\t\t\n\n\t<div id=\"text-2053052715\" class=\"text\">\n\t\t\n\n<div>Une chaussure diff\u00e9rente<\/div><br \/><div><\/div><br \/><div>Beatnik est n\u00e9e comme une alternative aux produits standardis\u00e9s, impersonnels et \u00e9ph\u00e9m\u00e8res. Nous croyons en une consommation fond\u00e9e sur le discernement, l&rsquo;authenticit\u00e9 et le respect du travail bien fait.<\/div><br \/><div><\/div><br \/><div>Nous cr\u00e9ons des chaussures qui vous accompagnent au fil du temps, qui r\u00e9sistent \u00e0 l&rsquo;\u00e9preuve du temps et qui offrent toujours s\u00e9curit\u00e9, style et \u00e9l\u00e9gance.<\/div><br \/><div><\/div><br \/><div>Des chaussures fabriqu\u00e9es en Espagne, con\u00e7ues pour durer.<\/div>\n\t\t\n<style>\n#text-2053052715 {\n  text-align: left;\n}\n<\/style>\n\t<\/div>\n\t\n\n\t\t<\/div>\n\t\t\t\t\t<\/div>\n\n\t\n\n\t<div id=\"col-720512925\" class=\"col medium-6 small-12 large-6\"  >\n\t\t\t\t<div class=\"col-inner\"  >\n\t\t\t\n\t\t\t\n\n\t<div id=\"text-2973672588\" class=\"text\">\n\t\t\n\n<div>Nous ne croyons ni \u00e0 l&rsquo;obsolescence programm\u00e9e ni \u00e0 la consommation impulsive. Nous pr\u00f4nons un style classique et intemporel, fond\u00e9 sur l&rsquo;harmonie des proportions, la qualit\u00e9 des mat\u00e9riaux et le savoir-faire artisanal. L&rsquo;\u00e9l\u00e9gance sans date de p\u00e9remption.<\/div><br \/><div><\/div><br \/><div>Beatnik s&rsquo;adresse \u00e0 celles et ceux qui choisissent avec soin, appr\u00e9cient la production locale espagnole et con\u00e7oivent le style comme un choix conscient et personnel.<\/div><br \/><div><\/div><br \/><div>Une autre dimension.<\/div>\n\t\t\n<style>\n#text-2973672588 {\n  text-align: left;\n}\n<\/style>\n\t<\/div>\n\t\n\n\t\t<\/div>\n\t\t\t\t\t<\/div>\n\n\t\n\n<\/div>\n\n\t\t<\/div>\n\t\t\t\t\t<\/div>\n\n\t\n\n\n<style>\n#row-1072785312 > .col > .col-inner {\n  padding: 30px 30px 0px 30px;\n}\n<\/style>\n<\/div>\n\n\t\t<\/div>\n\n\t\t\n<style>\n#section_1602911760 {\n  padding-top: 30px;\n  padding-bottom: 30px;\n}\n<\/style>\n\t<\/section>\n\t\n\n\t<section class=\"section\" id=\"section_886991797\">\n\t\t<div class=\"section-bg fill\" >\n\t\t\t\t\t\t\t\t\t\n\t\t\t\n\n\t\t<\/div>\n\n\t\t\n\n\t\t<div class=\"section-content relative\">\n\t\t\t\n\n<div class=\"row align-center\"  id=\"row-1209852420\">\n\n\n\t<div id=\"col-551699457\" class=\"col medium-10 small-12 large-10\"  data-animate=\"fadeInUp\">\n\t\t\t\t<div class=\"col-inner text-center\"  >\n\t\t\t\n\t\t\t\n\n<div class=\"container section-title-container uppercase\" ><h2 class=\"section-title section-title-center\"><b aria-hidden=\"true\"><\/b><span class=\"section-title-main\" style=\"font-size:90%;color:#000000;\">DERRI\u00c8RE BEATNIK<\/span><b aria-hidden=\"true\"><\/b><\/h2><\/div>\n\n\t<div class=\"box has-hover   has-hover box-text-bottom\" >\n\n\t\t<div class=\"box-image\" >\n\t\t\t\t\t\t<div class=\"image-cover\" style=\"padding-top:75%;\">\n\t\t\t\t<img decoding=\"async\" width=\"1130\" height=\"682\" src=\"https:\/\/www.beatnikshoes.com\/wp-content\/uploads\/2014\/06\/nosotros.jpg\" class=\"attachment- size-\" alt=\"\" srcset=\"https:\/\/www.beatnikshoes.com\/wp-content\/uploads\/2014\/06\/nosotros.jpg 1130w, https:\/\/www.beatnikshoes.com\/wp-content\/uploads\/2014\/06\/nosotros-510x308.jpg 510w, https:\/\/www.beatnikshoes.com\/wp-content\/uploads\/2014\/06\/nosotros-380x229.jpg 380w, https:\/\/www.beatnikshoes.com\/wp-content\/uploads\/2014\/06\/nosotros-300x181.jpg 300w, https:\/\/www.beatnikshoes.com\/wp-content\/uploads\/2014\/06\/nosotros-768x464.jpg 768w, https:\/\/www.beatnikshoes.com\/wp-content\/uploads\/2014\/06\/nosotros-1024x618.jpg 1024w, https:\/\/www.beatnikshoes.com\/wp-content\/uploads\/2014\/06\/nosotros-625x377.jpg 625w, https:\/\/www.beatnikshoes.com\/wp-content\/uploads\/2014\/06\/nosotros-1100x664.jpg 1100w, https:\/\/www.beatnikshoes.com\/wp-content\/uploads\/2014\/06\/nosotros-990x598.jpg 990w\" sizes=\"(max-width: 1130px) 100vw, 1130px\" \/>\t\t\t\t\t\t\t\t\t\t\t<\/div>\n\t\t\t\t\t<\/div>\n\n\t\t<div class=\"box-text text-center\" >\n\t\t\t<div class=\"box-text-inner\">\n\t\t\t\t\n\nChoisir judicieusement fait partie de notre identit\u00e9.\n\n\t\t\t<\/div>\n\t\t<\/div>\n\t<\/div>\n\t\n\n\t\t<\/div>\n\t\t\t\t\t<\/div>\n\n\t\n\n\n<style>\n#row-1209852420 > .col > .col-inner {\n  padding: 0px 0px 0px 0px;\n}\n@media (min-width:550px) {\n  #row-1209852420 > .col > .col-inner {\n    padding: 60px 0px 0px 0px;\n  }\n}\n<\/style>\n<\/div>\n\n\t\t<\/div>\n\n\t\t\n<style>\n#section_886991797 {\n  padding-top: 0px;\n  padding-bottom: 0px;\n}\n<\/style>\n\t<\/section>\n\t\n\n\t<section class=\"section\" id=\"section_526598377\">\n\t\t<div class=\"section-bg fill\" >\n\t\t\t\t\t\t\t\t\t\n\t\t\t\n\n\t\t<\/div>\n\n\t\t\n\n\t\t<div class=\"section-content relative\">\n\t\t\t\n\n<div class=\"row row-collapse\"  id=\"row-416399275\">\n\n\n\t<div id=\"col-418754248\" class=\"col medium-6 small-12 large-6\"  data-animate=\"fadeInLeft\">\n\t\t\t\t<div class=\"col-inner text-left\"  >\n\t\t\t\n\t\t\t\n\n<div class=\"container section-title-container\" ><h3 class=\"section-title section-title-normal\"><b aria-hidden=\"true\"><\/b><span class=\"section-title-main\" style=\"font-size:90%;color:#000000;\">ELENA BATALLA : Conception et d\u00e9veloppement<\/span><b aria-hidden=\"true\"><\/b><\/h3><\/div>\n\n<div>Son exp\u00e9rience dans les nouvelles technologies, le management et la mode a renforc\u00e9 une conviction profonde : l\u2019esth\u00e9tique n\u2019a de valeur que si elle repose sur un savoir-faire artisanal et une qualit\u00e9 authentique.<\/div><br \/><div><\/div><br \/><div>Chez Beatnik, cette vision se traduit par des choix de produits con\u00e7us pour durer, \u00e0 l\u2019oppos\u00e9 de la mentalit\u00e9 jetable.<\/div>\n\n\t\t<\/div>\n\t\t\t\t\t<\/div>\n\n\t\n\n\t<div id=\"col-703131013\" class=\"col medium-6 small-12 large-6\"  data-animate=\"fadeInRight\">\n\t\t\t\t<div class=\"col-inner text-left\"  >\n\t\t\t\n\t\t\t\n\n<div class=\"container section-title-container\" ><h3 class=\"section-title section-title-normal\"><b aria-hidden=\"true\"><\/b><span class=\"section-title-main\" style=\"font-size:90%;color:#000000;\">RAFAEL CID : STRAT\u00c9GIE ET  MARQUE<\/span><b aria-hidden=\"true\"><\/b><\/h3><\/div>\n\n<div>Fort d&rsquo;une exp\u00e9rience au sein de grandes entreprises internationales et dans le marketing, il apporte une approche pragmatique au d\u00e9veloppement de marque : bien choisir, produire avec discernement et communiquer avec authenticit\u00e9.<\/div><br \/><div><\/div><br \/><div>Son h\u00e9ritage familial, ancr\u00e9 dans le commerce et la s\u00e9lection rigoureuse de produits, continue d&rsquo;influencer sa vision des affaires, o\u00f9 la qualit\u00e9, le respect et la constance priment sur le volume.<\/div>\n\n\t\t<\/div>\n\t\t\t\t\t<\/div>\n\n\t\n\n\n<style>\n#row-416399275 > .col > .col-inner {\n  padding: 0px 30px 0px 30px;\n}\n@media (min-width:550px) {\n  #row-416399275 > .col > .col-inner {\n    padding: 30px 30px 30px 30px;\n  }\n}\n<\/style>\n<\/div>\n\n\t\t<\/div>\n\n\t\t\n<style>\n#section_526598377 {\n  padding-top: 0px;\n  padding-bottom: 0px;\n}\n<\/style>\n\t<\/section>\n\t\n\n\t<section class=\"section\" id=\"section_990104083\">\n\t\t<div class=\"section-bg fill\" >\n\t\t\t\t\t\t\t\t\t\n\t\t\t\n\n\t\t<\/div>\n\n\t\t\n\n\t\t<div class=\"section-content relative\">\n\t\t\t\n\n<div class=\"row row-collapse align-middle align-center\"  id=\"row-42543016\">\n\n\n\t<div id=\"col-1786160627\" class=\"col small-12 large-12\"  data-animate=\"fadeInUp\">\n\t\t\t\t<div class=\"col-inner\" style=\"background-color:#f9f9f9;\" >\n\t\t\t\n\t\t\t\n\n<div class=\"row align-center\"  id=\"row-557803597\">\n\n\n\t<div id=\"col-785925317\" class=\"col medium-10 small-12 large-10\"  >\n\t\t\t\t<div class=\"col-inner\"  >\n\t\t\t\n\t\t\t\n\n\t<div id=\"text-3153513625\" class=\"text\">\n\t\t\n\n<h4 class=\"uppercase\">PRODUCTION LOCALE<\/h4>\n\t\t\n<style>\n#text-3153513625 {\n  text-align: center;\n  color: rgb(0,0,0);\n}\n#text-3153513625 > * {\n  color: rgb(0,0,0);\n}\n<\/style>\n\t<\/div>\n\t\n\t<div id=\"text-853470030\" class=\"text\">\n\t\t\n\n<div>Fabriqu\u00e9es en Espagne, con\u00e7ues pour durer<\/div><br \/><div><\/div><br \/><div>Toutes nos chaussures sont fabriqu\u00e9es en Espagne, dans des ateliers d&rsquo;Almansa avec lesquels nous partageons des valeurs et une approche artisanale similaires. Nous travaillons avec des cuirs s\u00e9lectionn\u00e9s et des proc\u00e9d\u00e9s traditionnels qui nous permettent de cr\u00e9er des chaussures r\u00e9parables, durables et authentiques.<\/div><br \/><div><\/div><br \/><div>Produire localement n&rsquo;est pas un choix esth\u00e9tique, mais un choix \u00e9thique. Cela nous permet de ma\u00eetriser la qualit\u00e9, de r\u00e9duire les interm\u00e9diaires, de respecter le travail artisanal et de proposer des produits qui ne sont pas soumis \u00e0 l&rsquo;obsolescence programm\u00e9e.<\/div><br \/><div><\/div><br \/><div>Nous pensons qu&rsquo;une bonne chaussure ne se remplace pas : elle se soigne, se r\u00e9pare et s&rsquo;entretient. Notre r\u00e9ponse aux produits jetables fabriqu\u00e9s en masse.<\/div>\n\t\t\n<style>\n#text-853470030 {\n  text-align: left;\n}\n@media (min-width:550px) {\n  #text-853470030 {\n    text-align: center;\n  }\n}\n<\/style>\n\t<\/div>\n\t\n\n\t\t<\/div>\n\t\t\t\t\n<style>\n#col-785925317 > .col-inner {\n  padding: 30px 0px 0px 0px;\n}\n@media (min-width:850px) {\n  #col-785925317 > .col-inner {\n    padding: 30px 30px 25px 30px;\n  }\n}\n<\/style>\n\t<\/div>\n\n\t\n\n<\/div>\n\n\t\t<\/div>\n\t\t\t\t\n<style>\n#col-1786160627 > .col-inner {\n  padding: 30px 30px 30px 30px;\n}\n<\/style>\n\t<\/div>\n\n\t\n\n<\/div>\n\n\t\t<\/div>\n\n\t\t\n<style>\n#section_990104083 {\n  padding-top: 30px;\n  padding-bottom: 30px;\n  margin-bottom: 0px;\n}\n@media (min-width:550px) {\n  #section_990104083 {\n    padding-top: 0px;\n    padding-bottom: 0px;\n  }\n}\n<\/style>\n\t<\/section>\n\t\n\n","protected":false},"excerpt":{"rendered":"","protected":false},"author":1,"featured_media":0,"parent":0,"menu_order":1,"comment_status":"closed","ping_status":"closed","template":"page-blank.php","meta":{"footnotes":""},"class_list":["post-41082","page","type-page","status-publish","hentry"],"_links":{"self":[{"href":"https:\/\/www.beatnikshoes.com\/fr\/wp-json\/wp\/v2\/pages\/41082","targetHints":{"allow":["GET"]}}],"collection":[{"href":"https:\/\/www.beatnikshoes.com\/fr\/wp-json\/wp\/v2\/pages"}],"about":[{"href":"https:\/\/www.beatnikshoes.com\/fr\/wp-json\/wp\/v2\/types\/page"}],"author":[{"embeddable":true,"href":"https:\/\/www.beatnikshoes.com\/fr\/wp-json\/wp\/v2\/users\/1"}],"replies":[{"embeddable":true,"href":"https:\/\/www.beatnikshoes.com\/fr\/wp-json\/wp\/v2\/comments?post=41082"}],"version-history":[{"count":0,"href":"https:\/\/www.beatnikshoes.com\/fr\/wp-json\/wp\/v2\/pages\/41082\/revisions"}],"wp:attachment":[{"href":"https:\/\/www.beatnikshoes.com\/fr\/wp-json\/wp\/v2\/media?parent=41082"}],"curies":[{"name":"wp","href":"https:\/\/api.w.org\/{rel}","templated":true}]}}