{"id":72320,"date":"2025-07-30T18:43:49","date_gmt":"2025-07-30T16:43:49","guid":{"rendered":"https:\/\/www.beatnikshoes.com\/?post_type=product&p=72320"},"modified":"2025-07-31T20:26:13","modified_gmt":"2025-07-31T18:26:13","slug":"braune-wildleder-halbschuhe","status":"publish","type":"product","link":"https:\/\/www.beatnikshoes.com\/de\/handgefertigte-schuhe\/braune-wildleder-halbschuhe\/","title":{"rendered":"Welch \u2013 Braune Wildleder-Loafer mit Riemchen f\u00fcr elegante Herren"},"content":{"rendered":"<h3 data-section-id=\"11s9ht0\" data-start=\"297\" data-end=\"357\"><strong data-start=\"301\" data-end=\"357\">Beatnik Welch \u2013 Braune Wildlederslipper mit Riemchen<\/strong><\/h3>\n<p data-start=\"359\" data-end=\"768\"><strong data-start=\"359\" data-end=\"404\">Zeitloser Stil, m\u00fchelose Eleganz.<\/strong><\/p>\n<p data-start=\"359\" data-end=\"768\"><br data-start=\"404\" data-end=\"407\"\/>Die neuen <strong data-start=\"418\" data-end=\"435\">Beatnik Welch<\/strong> sind eine raffinierte Neuinterpretation des klassischen Herrenmokassins. Diese in Spanien aus hochwertigen Materialien handgefertigten <strong data-start=\"570\" data-end=\"610\">braunen Wildledermokassins mit Steg verbinden<\/strong> die \u00c4sthetik des traditionellen englischen Stils mit spanischer Handwerkskunst und garantieren Komfort, Langlebigkeit und Eleganz bei jedem Schritt. <\/p>\n<p data-start=\"770\" data-end=\"1106\">Seit seiner Gr\u00fcndung im Jahr 2014 setzt Beatnik Shoes auf ein zu 100 % nationales Produktionsmodell ohne Zwischenh\u00e4ndler oder physische Gesch\u00e4fte. Wir entwerfen und fertigen alle unsere Produkte in Zusammenarbeit mit lokalen Werkst\u00e4tten, die unsere Vision teilen: au\u00dfergew\u00f6hnliche Schuhe mit Seele herzustellen, mit Respekt vor dem Handwerk und den Ressourcen. <\/p>\n<h4 data-start=\"1108\" data-end=\"1146\"><strong data-start=\"1113\" data-end=\"1146\">Produktmerkmale:<\/strong><\/h4>\n<ul data-start=\"1148\" data-end=\"1717\">\n<li data-start=\"1148\" data-end=\"1208\">\n<p data-start=\"1150\" data-end=\"1208\">Klassischer Mokassin f\u00fcr Herren im <strong data-start=\"1194\" data-end=\"1206\">Slipper<\/strong>-Design<\/p>\n<\/li>\n<li data-start=\"1209\" data-end=\"1286\">\n<p data-start=\"1211\" data-end=\"1286\">Hergestellt aus hochwertigem, flexiblem und <strong data-start=\"1224\" data-end=\"1255\">weichem braunem Wildleder<\/strong><\/p>\n<\/li>\n<li data-start=\"1287\" data-end=\"1365\">\n<p data-start=\"1289\" data-end=\"1365\">Silberfarbenes <strong data-start=\"1306\" data-end=\"1318\">Metallapplikation <\/strong>auf dem Spann, die f\u00fcr Eleganz und Stil sorgt.<\/p>\n<\/li>\n<li data-start=\"1366\" data-end=\"1434\">\n<p data-start=\"1368\" data-end=\"1434\">Mit <strong data-start=\"1379\" data-end=\"1398\">Kalbsleder <\/strong>bezogen, weich, atmungsaktiv und strapazierf\u00e4hig<\/p>\n<\/li>\n<li data-start=\"1435\" data-end=\"1504\">\n<p data-start=\"1437\" data-end=\"1504\"><strong data-start=\"1437\" data-end=\"1463\">Sohle aus echtem Leder,<\/strong> handgen\u00e4ht von spanischen Handwerkern<\/p>\n<\/li>\n<li data-start=\"1505\" data-end=\"1583\">\n<p data-start=\"1507\" data-end=\"1583\">Vielseitiges Finish in Braun, ideal f\u00fcr Sommer- und \u00dcbergangslooks<\/p>\n<\/li>\n<li data-start=\"1584\" data-end=\"1659\">\n<p data-start=\"1586\" data-end=\"1659\">Kombinierbar mit hellen Farbt\u00f6nen, Beige, Gr\u00fcn, Marineblau oder sogar Wei\u00df<\/p>\n<\/li>\n<li data-start=\"1660\" data-end=\"1717\">\n<p data-start=\"1662\" data-end=\"1717\">Limitierte Produktion und vollst\u00e4ndig in <strong data-start=\"1698\" data-end=\"1717\">Spanien hergestellt<\/strong><\/p>\n<\/li>\n<\/ul>\n<p data-start=\"1719\" data-end=\"2018\">Dieses Modell wurde f\u00fcr M\u00e4nner entworfen, die guten Geschmack, greifbare Qualit\u00e4t und Produkte sch\u00e4tzen, die eine Geschichte erz\u00e4hlen. Die schn\u00fcrlose Struktur und der <strong data-start=\"1883\" data-end=\"1903\">Metallb\u00fcgel <\/strong>verleihen ihm einen eleganten und maskulinen Look, der sich sowohl f\u00fcr legere als auch f\u00fcr formellere Outfits eignet. <\/p>\n<p data-start=\"2020\" data-end=\"2335\">Die <strong data-start=\"2020\" data-end=\"2041\">Beatnik Welch <\/strong>folgen keinen Trends: Sie passen zu einer Garderobe, die sich durch Koh\u00e4renz, langlebige St\u00fccke und einen tiefen Respekt f\u00fcr klassische \u00c4sthetik auszeichnet. Ihr Komfort und ihre Verarbeitung machen sie zu einer idealen Wahl f\u00fcr alle, die mehr als nur einen Schuh suchen: eine Investition in den eigenen Stil und in Tradition. <\/p>\n<p data-start=\"2337\" data-end=\"2498\"><strong data-start=\"2337\" data-end=\"2354\">Beatnik Welch<\/strong> ist der Inbegriff eines zeitgem\u00e4\u00dfen Mokassins mit authentischen Wurzeln.<br data-start=\"2419\" data-end=\"2422\"\/>Ein unverzichtbares Modell f\u00fcr alle, die wissen, dass Klassik nie aus der Mode kommt.<\/p>\n","protected":false},"excerpt":{"rendered":"<h2>Braune Wildleder-Loafer mit Riemchen, handgefertigt in Spanien<\/h2>\n<p>Au\u00dfenmaterial: Braunes Wildleder<br \/>\nInnenfutter: Lila Rindsleder<br \/>\nMaterial Sohle: Naturleder<br \/>\nVerschluss: Ohne Verschluss<br \/>\nArt des Absatzes: Niedrig<\/p>\n<p><strong>Leistenform: Standard, bitte Ihre \u00fcbliche Gr\u00f6\u00dfe bestellen<\/strong><\/p>\n","protected":false},"featured_media":75963,"comment_status":"open","ping_status":"closed","template":"","meta":[],"product_brand":[],"product_cat":[9303,9114],"product_tag":[11935,11933,11936,11937,11938,11939,11932,11934],"woo-feed-brand":[],"class_list":{"0":"post-72320","1":"product","2":"type-product","3":"status-publish","4":"has-post-thumbnail","6":"product_cat-mokassins-de","7":"product_cat-schuhe-fur-manner","8":"product_tag-braune-wildleder-loafer-mit-riemchen-fur-herren","9":"product_tag-braune-wildleder-slipper-fur-herren","10":"product_tag-braune-wildlederslipper-fur-herren","11":"product_tag-braune-wildlederslipper-fur-herren-de","12":"product_tag-brauner-slipper-mit-ledersohle-fur-herren","13":"product_tag-brauner-wildleder-mokassin-fur-herren-mit-horsebit","14":"product_tag-herren-mokassins-braun","15":"product_tag-wildleder-loafer-mit-riemchen-fur-herren","16":"pa_talla-zapato-39-de","17":"pa_talla-zapato-40-de","18":"pa_talla-zapato-41-de","19":"pa_talla-zapato-42-de","20":"pa_talla-zapato-43-de","21":"pa_talla-zapato-44-de","22":"pa_talla-zapato-45-de","23":"pa_talla-zapato-46-de","25":"first","26":"instock","27":"sale","28":"taxable","29":"shipping-taxable","30":"purchasable","31":"product-type-variable"},"_links":{"self":[{"href":"https:\/\/www.beatnikshoes.com\/de\/wp-json\/wp\/v2\/product\/72320","targetHints":{"allow":["GET"]}}],"collection":[{"href":"https:\/\/www.beatnikshoes.com\/de\/wp-json\/wp\/v2\/product"}],"about":[{"href":"https:\/\/www.beatnikshoes.com\/de\/wp-json\/wp\/v2\/types\/product"}],"replies":[{"embeddable":true,"href":"https:\/\/www.beatnikshoes.com\/de\/wp-json\/wp\/v2\/comments?post=72320"}],"wp:featuredmedia":[{"embeddable":true,"href":"https:\/\/www.beatnikshoes.com\/de\/wp-json\/wp\/v2\/media\/75963"}],"wp:attachment":[{"href":"https:\/\/www.beatnikshoes.com\/de\/wp-json\/wp\/v2\/media?parent=72320"}],"wp:term":[{"taxonomy":"product_brand","embeddable":true,"href":"https:\/\/www.beatnikshoes.com\/de\/wp-json\/wp\/v2\/product_brand?post=72320"},{"taxonomy":"product_cat","embeddable":true,"href":"https:\/\/www.beatnikshoes.com\/de\/wp-json\/wp\/v2\/product_cat?post=72320"},{"taxonomy":"product_tag","embeddable":true,"href":"https:\/\/www.beatnikshoes.com\/de\/wp-json\/wp\/v2\/product_tag?post=72320"},{"taxonomy":"woo-feed-brand","embeddable":true,"href":"https:\/\/www.beatnikshoes.com\/de\/wp-json\/wp\/v2\/woo-feed-brand?post=72320"}],"curies":[{"name":"wp","href":"https:\/\/api.w.org\/{rel}","templated":true}]}}