{"id":71851,"date":"2025-07-25T01:17:47","date_gmt":"2025-07-24T23:17:47","guid":{"rendered":"https:\/\/www.beatnikshoes.com\/zapatos-hechos-a-mano\/beatnik-lucien-beige\/"},"modified":"2025-07-26T13:59:17","modified_gmt":"2025-07-26T11:59:17","slug":"beatnik-lucien-beige","status":"publish","type":"product","link":"https:\/\/www.beatnikshoes.com\/de\/handgefertigte-schuhe\/beatnik-lucien-beige\/","title":{"rendered":"Beatnik Lucien Beige, Herren-Oxford aus beigem Leder"},"content":{"rendered":"<h3 data-start=\"445\" data-end=\"506\"><strong data-start=\"449\" data-end=\"506\">Lucien Beige \u2013 Herren-Oxford-Schuh aus beigem Leder<\/strong><\/h3>\n<p data-start=\"508\" data-end=\"798\"><strong data-start=\"508\" data-end=\"552\">Klassisches Design, zeitgen\u00f6ssische Handwerkskunst.<\/strong> Das Modell <strong data-start=\"563\" data-end=\"579\">Lucien Beige<\/strong> von Beatnik Shoes ist ein c<strong data-start=\"603\" data-end=\"633\">remefarbener Blucher-Oxford-Schuh<\/strong> f\u00fcr Herren, der zu 100 % in Spanien hergestellt wird und den traditionellsten englischen Stil mit der Exzellenz von Kalbsleder und dem Komfort handgefertigter Schuhe verbindet.<\/p>\n<h4 data-start=\"800\" data-end=\"831\"><strong data-start=\"805\" data-end=\"831\">Produktdetails:<\/strong><\/h4>\n<ul data-start=\"833\" data-end=\"1373\">\n<li data-start=\"833\" data-end=\"919\">\n<p data-start=\"835\" data-end=\"919\"><strong data-start=\"842\" data-end=\"865\">Blucher-Oxford-Schuh<\/strong> mit <strong data-start=\"877\" data-end=\"896\">Longwing-Brogue-Design<\/strong>, klassisch und zeitlos<\/p>\n<\/li>\n<li data-start=\"920\" data-end=\"1004\">\n<p data-start=\"922\" data-end=\"1004\">Hergestellt aus <strong data-start=\"939\" data-end=\"974\">hochwertigem, cremefarbenem Kalbsleder,<\/strong> weich, flexibel und langlebig.<\/p>\n<\/li>\n<li data-start=\"1005\" data-end=\"1077\">\n<p data-start=\"1007\" data-end=\"1077\"><strong data-start=\"1007\" data-end=\"1044\">Innenfutter aus Kalbsleder <\/strong>f\u00fcr mehr Frische und Komfort<\/p>\n<\/li>\n<li data-start=\"1078\" data-end=\"1146\">\n<p data-start=\"1080\" data-end=\"1146\"><strong data-start=\"1080\" data-end=\"1106\">Sohle aus echtem Leder<\/strong>, von erfahrenen Handwerkern handgen\u00e4ht<\/p>\n<\/li>\n<li data-start=\"1147\" data-end=\"1215\">\n<p data-start=\"1149\" data-end=\"1215\">Handgefertigtes Finish in <strong data-start=\"1175\" data-end=\"1192\">nat\u00fcrlichem Beige<\/strong>, vielseitig und elegant<\/p>\n<\/li>\n<li data-start=\"1216\" data-end=\"1309\">\n<p data-start=\"1218\" data-end=\"1309\">Ideal f\u00fcr <strong data-start=\"1229\" data-end=\"1253\">Sommer und \u00dcbergangszeit<\/strong>, l\u00e4sst sich leicht mit neutralen, erdigen oder lebhaften Farbt\u00f6nen kombinieren.<\/p>\n<\/li>\n<li data-start=\"1310\" data-end=\"1373\">\n<p data-start=\"1312\" data-end=\"1373\">Seit 2014 vollst\u00e4ndig in <strong data-start=\"1349\" data-end=\"1359\">Spanien <\/strong>entwickelt und hergestellt.<\/p>\n<\/li>\n<\/ul>\n<p data-start=\"1375\" data-end=\"1655\"><strong data-start=\"1380\" data-end=\"1422\">Dieser Oxford-Herrenschuh aus beigem Leder<\/strong> ist f\u00fcr alle gedacht, die Wert auf Qualit\u00e4t, klassisches Design und lokale Herstellung legen. Seine sorgf\u00e4ltige Verarbeitung und edlen Materialien garantieren einen bequemen Tragekomfort und einen eleganten Auftritt, Saison f\u00fcr Saison. <\/p>\n","protected":false},"excerpt":{"rendered":"<h2>Beigefarbene Blucher-Schuhe aus Leder, handgefertigt in Spanien<\/h2>\n<p>Obermaterial: Kalbsleder<br \/>\nInnenfutter: Lila Rindsleder<br \/>\nSohlenmaterial: Gen\u00e4htes Leder plus eine d\u00fcnne, eingespritzte Anti-Rutsch-Schicht<br \/>\nVerschluss: Schn\u00fcrsenkel<br \/>\nArt des Absatzes: Niedrig<\/p>\n<p><strong>Leistenform: Gro\u00df, bitte eine Nummer kleiner als gew\u00f6hnlich bestellen.<\/strong><\/p>\n","protected":false},"featured_media":74437,"comment_status":"open","ping_status":"closed","template":"","meta":[],"product_brand":[],"product_cat":[9124,9123,9114],"product_tag":[11868,11869,11871,11872,11870,11867],"woo-feed-brand":[],"class_list":{"0":"post-71851","1":"product","2":"type-product","3":"status-publish","4":"has-post-thumbnail","6":"product_cat-herren-blucher-schuhe","7":"product_cat-oxford-schuhe-fur-manner","8":"product_cat-schuhe-fur-manner","9":"product_tag-beigefarbene-blucher-schuhe-fur-herren","10":"product_tag-beigefarbene-schnurschuhe-aus-leder-fur-herren","11":"product_tag-blucher-aus-cremefarbenem-leder-fur-herren","12":"product_tag-cremefarbene-schnurschuhe-fur-herren","13":"product_tag-oxford-cremefarbenes-leder-fur-herren","14":"product_tag-oxford-schuhe-aus-beigem-leder-fur-herren","15":"pa_talla-zapato-39-de","16":"pa_talla-zapato-40-de","17":"pa_talla-zapato-41-de","18":"pa_talla-zapato-42-de","19":"pa_talla-zapato-43-de","20":"pa_talla-zapato-44-de","21":"pa_talla-zapato-45-de","22":"pa_talla-zapato-46-de","24":"first","25":"instock","26":"sale","27":"taxable","28":"shipping-taxable","29":"purchasable","30":"product-type-variable"},"_links":{"self":[{"href":"https:\/\/www.beatnikshoes.com\/de\/wp-json\/wp\/v2\/product\/71851","targetHints":{"allow":["GET"]}}],"collection":[{"href":"https:\/\/www.beatnikshoes.com\/de\/wp-json\/wp\/v2\/product"}],"about":[{"href":"https:\/\/www.beatnikshoes.com\/de\/wp-json\/wp\/v2\/types\/product"}],"replies":[{"embeddable":true,"href":"https:\/\/www.beatnikshoes.com\/de\/wp-json\/wp\/v2\/comments?post=71851"}],"wp:featuredmedia":[{"embeddable":true,"href":"https:\/\/www.beatnikshoes.com\/de\/wp-json\/wp\/v2\/media\/74437"}],"wp:attachment":[{"href":"https:\/\/www.beatnikshoes.com\/de\/wp-json\/wp\/v2\/media?parent=71851"}],"wp:term":[{"taxonomy":"product_brand","embeddable":true,"href":"https:\/\/www.beatnikshoes.com\/de\/wp-json\/wp\/v2\/product_brand?post=71851"},{"taxonomy":"product_cat","embeddable":true,"href":"https:\/\/www.beatnikshoes.com\/de\/wp-json\/wp\/v2\/product_cat?post=71851"},{"taxonomy":"product_tag","embeddable":true,"href":"https:\/\/www.beatnikshoes.com\/de\/wp-json\/wp\/v2\/product_tag?post=71851"},{"taxonomy":"woo-feed-brand","embeddable":true,"href":"https:\/\/www.beatnikshoes.com\/de\/wp-json\/wp\/v2\/woo-feed-brand?post=71851"}],"curies":[{"name":"wp","href":"https:\/\/api.w.org\/{rel}","templated":true}]}}