{"id":71842,"date":"2025-07-25T01:22:12","date_gmt":"2025-07-24T23:22:12","guid":{"rendered":"https:\/\/www.beatnikshoes.com\/zapatos-hechos-a-mano\/oxford-frau-himmelblau\/"},"modified":"2025-07-26T13:44:58","modified_gmt":"2025-07-26T11:44:58","slug":"oxford-frau-himmelblau","status":"publish","type":"product","link":"https:\/\/www.beatnikshoes.com\/de\/handgefertigte-schuhe\/oxford-frau-himmelblau\/","title":{"rendered":"Ethel Blue Volare, der himmelblaue Oxford f\u00fcr Damen"},"content":{"rendered":"<h3 data-start=\"350\" data-end=\"419\"><strong data-start=\"354\" data-end=\"419\">Ethel Blue Volare \u2013 Damen-Oxfordschuh aus hellblauem Leder<\/strong><\/h3>\n<p data-start=\"421\" data-end=\"466\"><strong data-start=\"421\" data-end=\"466\">Limitierte Auflage \u2013 Kapselkollektion 2025<\/strong><\/p>\n<p data-start=\"468\" data-end=\"784\">Das Modell <strong data-start=\"478\" data-end=\"499\">Ethel Blue Volare<\/strong> ist viel mehr als nur ein Schuh: Es ist Ausdruck von Stil, Pers\u00f6nlichkeit und Engagement. Es handelt sich um einen eleganten <strong data-start=\"607\" data-end=\"633\">Oxford-Damenschuh,<\/strong> der in Spanien handgefertigt wird, mit sorgf\u00e4ltig ausgew\u00e4hlten Materialien und einer \u00c4sthetik, die Klassik mit einem frischen, zeitgem\u00e4\u00dfen Touch verbindet. <\/p>\n<p data-start=\"786\" data-end=\"1130\">Dieser Oxford-Schuh ist aus <strong data-start=\"820\" data-end=\"851\">ultraweichem Kalbsleder <\/strong>gefertigt, das aufgrund seiner Anpassungsf\u00e4higkeit an den Fu\u00df, seiner Leichtigkeit und seines edlen Aussehens ausgew\u00e4hlt wurde. Das Design umfasst die traditionelle <strong data-start=\"971\" data-end=\"991\">Brogue-Lochung<\/strong> auf dem gesamten Obermaterial, die f\u00fcr Struktur, Charakter und einen Hauch von klassischer englischer Schuhmachertradition sorgt, neu interpretiert mit moderner Sensibilit\u00e4t. <\/p>\n<p data-start=\"1132\" data-end=\"1413\">Die <strong data-start=\"1141\" data-end=\"1155\">hellblaue<\/strong> Farbe italienischer Inspiration verleiht einen zarten, aber lebendigen Touch, ideal f\u00fcr alle, die sich mit Eleganz und Pers\u00f6nlichkeit von anderen abheben m\u00f6chten. Es ist ein vielseitiger Farbton, der im Fr\u00fchling, Sommer oder in der \u00dcbergangszeit passt und sich mit neutralen T\u00f6nen, Pastellfarben, Wei\u00df, Denim und vielem mehr kombinieren l\u00e4sst. <\/p>\n<p data-start=\"1415\" data-end=\"1707\">Das Innere ist <strong data-start=\"1446\" data-end=\"1476\">vollst\u00e4ndig mit Kalbsleder<\/strong> ausgekleidet und bietet einen weichen, atmungsaktiven und bequemen Tragekomfort. Die <strong data-start=\"1538\" data-end=\"1564\">Sohle aus echtem Leder<\/strong>, die von unseren Handwerkern pr\u00e4zise gen\u00e4ht wurde, verf\u00fcgt \u00fcber eine <strong data-start=\"1625\" data-end=\"1653\">d\u00fcnne rutschfeste Schicht<\/strong>, die Sicherheit bietet, ohne die \u00c4sthetik zu beeintr\u00e4chtigen. <\/p>\n<p data-start=\"1709\" data-end=\"1948\"><strong data-start=\"1709\" data-end=\"1730\">Ethel Blue Volare<\/strong> ist Teil unserer <strong data-start=\"1754\" data-end=\"1780\">Kapselkollektion 2025<\/strong> und in limitierter Auflage erh\u00e4ltlich. Wie alle Modelle von Beatnik Shoes handelt es sich um ein <strong data-start=\"1869\" data-end=\"1882\">zeitloses<\/strong> Design, das \u00fcber kurzlebige Modetrends hinaus Bestand in Ihrem Kleiderschrank haben wird. <\/p>\n<p data-start=\"1950\" data-end=\"2257\">Alle unsere Schuhe <strong data-start=\"1976\" data-end=\"2021\">werden vollst\u00e4ndig in Spanien <\/strong>entworfen und hergestellt, in Zusammenarbeit mit lokalen Werkst\u00e4tten, die unsere Vision einer <strong data-start=\"2096\" data-end=\"2119\">nachhaltigen Wirtschaft<\/strong> und einer ethischen Produktion teilen. Wir verkaufen ausschlie\u00dflich online, ohne Zwischenh\u00e4ndler, um Ihnen <strong data-start=\"2211\" data-end=\"2256\">h\u00f6chste Qualit\u00e4t zum bestm\u00f6glichen Preis zu bieten<\/strong>. <\/p>\n<p data-start=\"2259\" data-end=\"2415\">Ein Schuh f\u00fcr Frauen, die Kreativit\u00e4t, Authentizit\u00e4t und die Sch\u00f6nheit guter Handwerkskunst sch\u00e4tzen.<br data-start=\"2371\" data-end=\"2374\"\/><strong data-start=\"2374\" data-end=\"2395\">Ethel Blue Volare <\/strong>ist Stil mit Seele.<\/p>\n","protected":false},"excerpt":{"rendered":"<h2>Blauer Oxford-Schuh f\u00fcr Damen aus Leder, handgefertigt in Spanien<\/h2>\n<p>Obermaterial: Kalbsleder<br \/>\nInnenfutter: Lila Rindsleder<br \/>\nSohlenmaterial: Gen\u00e4htes Leder plus eine d\u00fcnne, eingespritzte Anti-Rutsch-Schicht<br \/>\nVerschluss: Schn\u00fcrsenkel<br \/>\nArt des Absatzes: Niedrig<\/p>\n<p><strong>Passform: normal, bestellen Sie Ihre \u00fcbliche Gr\u00f6\u00dfe<\/strong><\/p>\n","protected":false},"featured_media":76948,"comment_status":"open","ping_status":"closed","template":"","meta":[],"product_brand":[],"product_cat":[9054,9053,9028],"product_tag":[11859,11860,11858,11862,11863,11861,11865,11866,11864],"woo-feed-brand":[],"class_list":{"0":"post-71842","1":"product","2":"type-product","3":"status-publish","4":"has-post-thumbnail","6":"product_cat-blucher-de","7":"product_cat-oxford-schuhe-fur-frauen","8":"product_cat-schuhe-fur-frauen","9":"product_tag-blucher-damen-hellblaues-leder","10":"product_tag-blucher-damen-leder-himmelblau-de","11":"product_tag-blucher-damen-leder-himmelblau","12":"product_tag-oxford-damen-hellblaues-leder","13":"product_tag-oxford-damen-hellblaues-leder-de","14":"product_tag-oxford-damen-leder-himmelblau","15":"product_tag-schnurschuh-fur-damen-aus-hellblauem-leder","16":"product_tag-schnurschuh-fur-damen-aus-hellblauem-leder-de","17":"product_tag-schnurschuh-fur-damen-aus-himmelblauem-leder","18":"pa_talla-zapato-35-de","19":"pa_talla-zapato-36-de","20":"pa_talla-zapato-37-de","21":"pa_talla-zapato-38-de","22":"pa_talla-zapato-39-de","23":"pa_talla-zapato-40-de","24":"pa_talla-zapato-41-de","25":"pa_talla-zapato-42-de","27":"first","28":"instock","29":"sale","30":"taxable","31":"shipping-taxable","32":"purchasable","33":"product-type-variable"},"_links":{"self":[{"href":"https:\/\/www.beatnikshoes.com\/de\/wp-json\/wp\/v2\/product\/71842","targetHints":{"allow":["GET"]}}],"collection":[{"href":"https:\/\/www.beatnikshoes.com\/de\/wp-json\/wp\/v2\/product"}],"about":[{"href":"https:\/\/www.beatnikshoes.com\/de\/wp-json\/wp\/v2\/types\/product"}],"replies":[{"embeddable":true,"href":"https:\/\/www.beatnikshoes.com\/de\/wp-json\/wp\/v2\/comments?post=71842"}],"wp:featuredmedia":[{"embeddable":true,"href":"https:\/\/www.beatnikshoes.com\/de\/wp-json\/wp\/v2\/media\/76948"}],"wp:attachment":[{"href":"https:\/\/www.beatnikshoes.com\/de\/wp-json\/wp\/v2\/media?parent=71842"}],"wp:term":[{"taxonomy":"product_brand","embeddable":true,"href":"https:\/\/www.beatnikshoes.com\/de\/wp-json\/wp\/v2\/product_brand?post=71842"},{"taxonomy":"product_cat","embeddable":true,"href":"https:\/\/www.beatnikshoes.com\/de\/wp-json\/wp\/v2\/product_cat?post=71842"},{"taxonomy":"product_tag","embeddable":true,"href":"https:\/\/www.beatnikshoes.com\/de\/wp-json\/wp\/v2\/product_tag?post=71842"},{"taxonomy":"woo-feed-brand","embeddable":true,"href":"https:\/\/www.beatnikshoes.com\/de\/wp-json\/wp\/v2\/woo-feed-brand?post=71842"}],"curies":[{"name":"wp","href":"https:\/\/api.w.org\/{rel}","templated":true}]}}