{"id":68691,"date":"2024-12-04T20:08:29","date_gmt":"2024-12-04T19:08:29","guid":{"rendered":"https:\/\/www.beatnikshoes.com\/?post_type=product&#038;p=68691"},"modified":"2025-08-22T12:40:41","modified_gmt":"2025-08-22T10:40:41","slug":"mokassins-fuer-frauen-aus-dreifarbigem-leder-beatnik-bessie-3-tone","status":"publish","type":"product","link":"https:\/\/www.beatnikshoes.com\/de\/handgefertigte-schuhe\/mokassins-fuer-frauen-aus-dreifarbigem-leder-beatnik-bessie-3-tone\/","title":{"rendered":"Mokassins f\u00fcr Frauen aus dreifarbigem Leder Beatnik Bessie 3 Tone"},"content":{"rendered":"<p><strong>Bessie 3 Tone Leder Mokassins f\u00fcr Damen aus dreifarbigem Leder: Eleganz, Qualit\u00e4t und Komfort Hergestellt in Spanien<\/strong><\/p>\n<p>Entdecken Sie die neuen <strong>Bessie 3 Tone tricolour Leder Slipper f\u00fcr Damen<\/strong>, eine handgefertigte Kreation von <strong>Beatnik Shoes<\/strong>, einer spanischen Marke, die f\u00fcr ihr Engagement f\u00fcr Qualit\u00e4t, Eleganz und Komfort bekannt ist. Diese Mokassins zeichnen sich durch ihr klassisches und vielseitiges Design aus, das sie zur perfekten Wahl f\u00fcr jeden Anlass macht, vom Arbeitstag \u00fcber einen legeren Ausflug bis hin zu einer besonderen Veranstaltung. <\/p>\n<p><strong>Spanisches Kunsthandwerk: Tradition und Exzellenz<\/strong><\/p>\n<p>Die Bessie 3 Tone Mokassins werden vollst\u00e4ndig in Spanien in einem handwerklichen Verfahren hergestellt, das h\u00f6chste Sorgfalt in jedem Detail gew\u00e4hrleistet. Jedes Paar wird von erfahrenen Schuhmachern handgefertigt und spiegelt die Tradition und das Know-how spanischer Lederwaren wider, die f\u00fcr ihre Exzellenz bei der Herstellung von hochwertigem Schuhwerk bekannt sind. <\/p>\n<p><strong>Hochwertige Materialien<\/strong><\/p>\n<ul>\n<li><strong>Hochwertiges Narbenleder:<\/strong> Das Modell Bessie 3 Tone ist aus Narbenleder gefertigt, der edelsten Lederschicht, die f\u00fcr ihre Weichheit, St\u00e4rke und nat\u00fcrliche Sch\u00f6nheit bekannt ist. Diese Materialwahl garantiert nicht nur eine tadellose Verarbeitung, sondern auch eine hohe Strapazierf\u00e4higkeit. <\/li>\n<li><strong>Ledersohle mit Rutschschutz<\/strong>: Die pr\u00e4zisionsgen\u00e4hte Ledersohle bietet Flexibilit\u00e4t und Gehkomfort. Dar\u00fcber hinaus wurde eine Schicht aus rutschfestem Material hinzugef\u00fcgt, um Sicherheit und Stabilit\u00e4t auf jedem Untergrund zu gew\u00e4hrleisten. <\/li>\n<li><strong>100% Lederfutter:<\/strong> Die Innenseite der Mokassins ist komplett mit Leder gef\u00fcttert und bietet au\u00dfergew\u00f6hnlichen Komfort, der sich mit der Zeit perfekt an den Fu\u00df anpasst.<\/li>\n<\/ul>\n<p><strong>Exklusives und elegantes Design<\/strong><\/p>\n<p>Das Design der Bessie 3 Tone Loafers kombiniert <strong>drei sorgf\u00e4ltig ausgew\u00e4hlte Farben<\/strong>, die ein perfektes Gleichgewicht aus Raffinesse und Stil schaffen:<\/p>\n<ul>\n<li><strong>Schwarz:<\/strong> Der Protagonist der Klinge, er bringt N\u00fcchternheit und Eleganz.<\/li>\n<li><strong>Wei\u00df:<\/strong> Auf dem Obermaterial hellt es das Design auf und verleiht ihm einen frischen, modernen Touch.<\/li>\n<li><strong>Rot:<\/strong> In der Maske stellt es ein unverwechselbares Detail dar, das Pers\u00f6nlichkeit und Charakter widerspiegelt.<\/li>\n<\/ul>\n<p>Dieses Farbenspiel macht die Bessie 3 Tone Loafers zu einem einzigartigen und zeitlosen St\u00fcck, ideal f\u00fcr Frauen, die mit einem neu gestalteten klassischen Stil auffallen m\u00f6chten.<\/p>\n<p><strong>Allt\u00e4glicher Komfort<\/strong><\/p>\n<p>Diese Mokassins wurden mit dem Gedanken an Komfort f\u00fcr lange Tage entworfen. Dank ihrer handwerklichen Verarbeitung und der Verwendung hochwertiger Materialien passen sie sich dem Fu\u00df wie eine zweite Haut an und verhindern auch nach l\u00e4ngerem Tragen ein unangenehmes Gef\u00fchl. <\/p>\n<p><strong>Vielseitigkeit f\u00fcr alle Anl\u00e4sse<\/strong><\/p>\n<p>Die Bessie 3 Tone Loafers f\u00fcr Damen sind das ideale Schuhwerk f\u00fcr alle, die eine Balance zwischen Eleganz und Funktionalit\u00e4t suchen. Ihr klassisches Design und die kombinierbaren Farben machen sie perfekt f\u00fcr: <\/p>\n<ul>\n<li>Vervollst\u00e4ndigen Sie einen formellen B\u00fcrolook.<\/li>\n<li>Kombinieren Sie es mit einem l\u00e4ssigen Wochenend-Outfit.<\/li>\n<li>Verleihen Sie jeder Veranstaltung oder einem besonderen Ausflug eine besondere Note.<\/li>\n<\/ul>\n<p><strong>Nachhaltigkeit und Langlebigkeit<\/strong><\/p>\n<p>Bei Beatnik Shoes ist Nachhaltigkeit eine Priorit\u00e4t. Die handwerkliche Herstellung reduziert die Umweltbelastung und gew\u00e4hrleistet ein Produkt, das nicht nur sch\u00f6n und funktionell, sondern auch verantwortungsvoll ist. Dar\u00fcber hinaus sorgen hochwertige Materialien und eine fachkundige Schneiderei daf\u00fcr, dass die Bessie 3 Tone Loafers eine langfristige Investition sind.  <\/p>\n<p><strong>Warum sollten Sie sich f\u00fcr die Bessie 3 Tone dreifarbigen Damen Leder Slipper von Beatnik Shoes entscheiden?<\/strong><\/p>\n<ul>\n<li><strong>Unvergleichliche Qualit\u00e4t:<\/strong> Hergestellt aus den besten Materialien, vom Vollnarbenleder bis zur gen\u00e4hten Ledersohle.<\/li>\n<li><strong>Zeitloses Design:<\/strong> Ein klassisches Modell, das nie aus der Mode kommt.<\/li>\n<li><strong>Made in Spain:<\/strong> Tradition und Handwerkskunst in jedem Paar.<\/li>\n<li><strong>Garantierter Komfort:<\/strong> Die Schuhe passen sich dem Fu\u00df an und bieten den ganzen Tag lang Komfort.<\/li>\n<li><strong>Vielseitigkeit:<\/strong> Perfekt f\u00fcr jede Gelegenheit, kombiniert mit Eleganz und Funktionalit\u00e4t.<\/li>\n<\/ul>\n<p>Machen Sie keine Kompromisse bei Qualit\u00e4t und Stil. Die <strong>Bessie 3 Tone<\/strong> Loafer f\u00fcr Damen sind mehr als nur Schuhe; sie sind ein luxuri\u00f6ses Erlebnis, das Ihre Schritte mit Vornehmheit und Komfort begleiten wird. <\/p>\n<p><strong>Technische Details zum Produkt:<\/strong><\/p>\n<ul>\n<li><strong>Marke:<\/strong> Beatnik Schuhe.<\/li>\n<li><strong>Modell:<\/strong> Bessie 3 Tone.<\/li>\n<li><strong>Au\u00dfenmaterial:<\/strong> Hochwertiges genarbtes Leder.<\/li>\n<li><strong>Innenfutter:<\/strong> 100% Leder.<\/li>\n<li><strong>Laufsohle:<\/strong> Leder mit Anti-Rutsch-Beschichtung.<\/li>\n<li><strong>Farben:<\/strong> Schwarz (oben), Wei\u00df (oben), Rot (Maske).<\/li>\n<li><strong>Herkunft:<\/strong> Handgefertigt in Spanien.<\/li>\n<\/ul>\n<p><strong>Jetzt kaufen und Ihren Stil aufwerten<\/strong><\/p>\n<p>Entdecken Sie den Unterschied, den hochwertiges Schuhwerk ausmacht. Die <strong>Bessie 3 Tone<\/strong> Loafers sind jetzt bei Beatnik Shoes erh\u00e4ltlich. Bestellen Sie noch heute und genie\u00dfen Sie die perfekte Kombination aus Stil, Komfort und traditioneller Handwerkskunst.  <\/p>\n","protected":false},"excerpt":{"rendered":"<div class=\"product-short-description\">\n<div class=\"product-short-description\">\n<h2>Damen Mokassins aus Leder Handgefertigt in Spanien<\/h2>\n<p>Au\u00dfenmaterial: Narbenleder in Schwarz, Wei\u00df und Rot<br \/>\nBeschichtung: Violettes Rindsleder<br \/>\nSohlenmaterial: Ledersohle und d\u00fcnne, rutschfeste Au\u00dfenschicht<br \/>\nArt des Absatzes: Niedrig<\/p>\n<\/div>\n<\/div>\n","protected":false},"featured_media":75977,"comment_status":"open","ping_status":"closed","template":"","meta":[],"product_brand":[],"product_cat":[9108,9028,9218],"product_tag":[11660,11659,11662,11665,11658,11664,11657,11661,11663,11656],"woo-feed-brand":[],"class_list":{"0":"post-68691","1":"product","2":"type-product","3":"status-publish","4":"has-post-thumbnail","6":"product_cat-mokassins","7":"product_cat-schuhe-fur-frauen","8":"product_cat-zweifarbige-schuhe-fur-frauen","9":"product_tag-bequeme-damen-leder-mokassins","10":"product_tag-bequeme-und-farbenfrohe-mokassins","11":"product_tag-bequeme-und-feminine-mokassins-aus-leder","12":"product_tag-bequemer-und-eleganter-damenmokassin-aus-leder","13":"product_tag-damen-mokassins-aus-dreifarbigem-leder","14":"product_tag-damen-penny-loafers-aus-dreifarbigem-leder","15":"product_tag-dreifarbige-leder-mokassins","16":"product_tag-mokassins-fur-frauen-hergestellt-in-spanien","17":"product_tag-schone-damen-leder-mokassins","18":"product_tag-trikolore-mokassins-fur-damen","19":"pa_talla-zapato-35-de","20":"pa_talla-zapato-36-de","21":"pa_talla-zapato-37-de","22":"pa_talla-zapato-38-de","23":"pa_talla-zapato-39-de","24":"pa_talla-zapato-40-de","25":"pa_talla-zapato-41-de","27":"first","28":"instock","29":"sale","30":"taxable","31":"shipping-taxable","32":"purchasable","33":"product-type-variable"},"_links":{"self":[{"href":"https:\/\/www.beatnikshoes.com\/de\/wp-json\/wp\/v2\/product\/68691","targetHints":{"allow":["GET"]}}],"collection":[{"href":"https:\/\/www.beatnikshoes.com\/de\/wp-json\/wp\/v2\/product"}],"about":[{"href":"https:\/\/www.beatnikshoes.com\/de\/wp-json\/wp\/v2\/types\/product"}],"replies":[{"embeddable":true,"href":"https:\/\/www.beatnikshoes.com\/de\/wp-json\/wp\/v2\/comments?post=68691"}],"wp:featuredmedia":[{"embeddable":true,"href":"https:\/\/www.beatnikshoes.com\/de\/wp-json\/wp\/v2\/media\/75977"}],"wp:attachment":[{"href":"https:\/\/www.beatnikshoes.com\/de\/wp-json\/wp\/v2\/media?parent=68691"}],"wp:term":[{"taxonomy":"product_brand","embeddable":true,"href":"https:\/\/www.beatnikshoes.com\/de\/wp-json\/wp\/v2\/product_brand?post=68691"},{"taxonomy":"product_cat","embeddable":true,"href":"https:\/\/www.beatnikshoes.com\/de\/wp-json\/wp\/v2\/product_cat?post=68691"},{"taxonomy":"product_tag","embeddable":true,"href":"https:\/\/www.beatnikshoes.com\/de\/wp-json\/wp\/v2\/product_tag?post=68691"},{"taxonomy":"woo-feed-brand","embeddable":true,"href":"https:\/\/www.beatnikshoes.com\/de\/wp-json\/wp\/v2\/woo-feed-brand?post=68691"}],"curies":[{"name":"wp","href":"https:\/\/api.w.org\/{rel}","templated":true}]}}