{"id":67856,"date":"2024-11-15T22:43:39","date_gmt":"2024-11-15T21:43:39","guid":{"rendered":"https:\/\/www.beatnikshoes.com\/?post_type=product&#038;p=67856"},"modified":"2025-08-22T20:33:34","modified_gmt":"2025-08-22T18:33:34","slug":"damen-beige-und-braun-zweifarbige-loafers-beatnik-bessie","status":"publish","type":"product","link":"https:\/\/www.beatnikshoes.com\/de\/handgefertigte-schuhe\/damen-beige-und-braun-zweifarbige-loafers-beatnik-bessie\/","title":{"rendered":"Damen Beige und Braun Zweifarbige Loafers Beatnik Bessie"},"content":{"rendered":"<h2><b>Beatnik Bessie Braun Zweifarbig Beige und Braun Damen Zweifarbige Loafer Schuhe &#8211; Handgefertigte Eleganz und h\u00f6chster Komfort<\/b><\/h2>\n<p>Die <b>Beatnik Bessie Brown Two Tone zweifarbigen Loafers<\/b> der spanischen Marke <b>Beatnik Shoes<\/b> stehen f\u00fcr die perfekte Balance aus klassischem Design, hochwertiger Handwerkskunst und Komfort. Diese in Spanien aus hochwertigen Materialien handgefertigten Mokassins sind ein Statement f\u00fcr Stil und Raffinesse. Ihr zweifarbiges Design in Beige- und Dunkelbraunt\u00f6nen bietet eine einzigartige Vielseitigkeit, die sie zum idealen Schuhwerk f\u00fcr jede Gelegenheit macht, von langen Arbeitstagen bis zu entspannten Spazierg\u00e4ngen.  <\/p>\n<p><b>Exklusives Design: Klassisch, anspruchsvoll und vielseitig<\/b><\/p>\n<p>Das Design der <b>Beatnik Bessie Brown Two Tone<\/b> besticht durch seine zeitlose Eleganz, die durch die zweifarbige Komposition noch verst\u00e4rkt wird:<\/p>\n<ul>\n<li><b>Obermaterial in Beige:<\/b> Ein weicher, neutraler Ton, der ein frisches, zartes Gef\u00fchl vermittelt.<\/li>\n<li><b>Dunkelbraune Unterseite und Maske:<\/b> Der tiefe Kontrast sorgt f\u00fcr N\u00fcchternheit und ein raffiniertes Finish.<\/li>\n<li><b>Klassische Maske:<\/b> Ein ikonisches Detail, das eine Hommage an das traditionelle Mokassin-Design ist, angepasst an zeitgen\u00f6ssische Trends.<\/li>\n<\/ul>\n<p><b>Handgefertigte Qualit\u00e4t Made in Spain<\/b><\/p>\n<p>Die <b>Beatnik Bessie Brown Two Tone<\/b> Beige and Brown Mokassins f\u00fcr Damen werden vollst\u00e4ndig in spanischen Werkst\u00e4tten handgefertigt. Dabei werden traditionelle Schuhmachertechniken verwendet, die h\u00f6chste Qualit\u00e4t f\u00fcr jedes Paar garantieren:<\/p>\n<ul>\n<li><b>Obermaterial:<\/b> Hergestellt aus <b>weichem Kalbsleder<\/b>, das sich wie eine zweite Haut an den Fu\u00df anschmiegt und f\u00fcr Komfort und Haltbarkeit sorgt.<\/li>\n<li><b>Innenfutter:<\/b> Ebenfalls aus Kalbsleder, das ein unvergleichlich weiches Gef\u00fchl und ein au\u00dfergew\u00f6hnliches Tragegef\u00fchl den ganzen Tag \u00fcber bietet.<\/li>\n<li><b>Gen\u00e4hte Ledersohle:<\/b> Die durch traditionelle N\u00e4hte verbundene Ledersohle gew\u00e4hrleistet St\u00e4rke und Flexibilit\u00e4t.<\/li>\n<li><b>Anti-Rutsch-Beschichtung:<\/b> F\u00fcr zus\u00e4tzliche Sicherheit und Praktikabilit\u00e4t ist die Unterseite mit einer zus\u00e4tzlichen Schicht Anti-Rutsch-Spray versehen, ideal f\u00fcr sicheres Gehen auf jedem Untergrund.<\/li>\n<\/ul>\n<p><b>Allt\u00e4glicher Komfort<\/b><\/p>\n<p>Eines der Hauptmerkmale der Beatnik Bessie Brown Two-Tone Loafer ist ihr <b>\u00fcberragender Komfort<\/b>. Sie wurden speziell f\u00fcr Ihre F\u00fc\u00dfe entworfen und eignen sich perfekt f\u00fcr lange Spazierg\u00e4nge und arbeitsreiche Tage im B\u00fcro. <\/p>\n<p>Die Kombination aus hochwertigen Materialien und ergonomischem Design sorgt daf\u00fcr, dass sich diese Slipper perfekt an den Fu\u00df anpassen und Erm\u00fcdungserscheinungen auch nach l\u00e4ngerem Tragen reduzieren. Dar\u00fcber hinaus sorgen das weiche Kalbsleder und die Flexibilit\u00e4t der Sohle f\u00fcr einen komfortablen und nat\u00fcrlichen Gang. <\/p>\n<p><b>Ein Schuh f\u00fcr jede Gelegenheit<\/b><\/p>\n<p>Dank ihres eleganten und vielseitigen Designs passt die <b>Beatnik Bessie Brown Two Tone<\/b> zu einer Vielzahl von Stilen und Situationen:<\/p>\n<ul>\n<li><b>F\u00fcr die Arbeit:<\/b> Ihr klassisches und raffiniertes Design macht sie ideal f\u00fcr einen tadellosen professionellen Look. Kombinieren Sie sie mit ma\u00dfgeschneiderten Hosen, Midir\u00f6cken oder taillierten Kleidern. <\/li>\n<li><b>F\u00fcr den Alltag:<\/b> Perfekt f\u00fcr bequeme Spazierg\u00e4nge, ohne Kompromisse beim Stil einzugehen. Kombinieren Sie sie mit Jeans, gerade geschnittenen Hosen oder l\u00e4ssigen Kleidern. <\/li>\n<li><b>F\u00fcr legere Anl\u00e4sse:<\/b> Sie verleihen entspannten Outfits, wie lockeren Blusen oder Strickjacken, einen raffinierten Touch.<\/li>\n<\/ul>\n<p>Die zweifarbige Farbkombination aus Beige und Dunkelbraun macht diese Mokassins zu einem unverzichtbaren Bestandteil Ihrer Garderobe, der sowohl zu neutralen Farben als auch zu kr\u00e4ftigeren T\u00f6nen passt.<\/p>\n<p><b>Verantwortungsvolles und ethisches Kunsthandwerk<\/b><\/p>\n<p>Bei Beatnik Shoes wird jedes Paar Schuhe nachhaltig und ethisch produziert. Durch die lokale Produktion in Spanien garantiert die Marke nicht nur die Qualit\u00e4t ihrer Schuhe, sondern unterst\u00fctzt auch die lokale Wirtschaft und minimiert ihre Umweltbelastung. <\/p>\n<p>Die Wahl nat\u00fcrlicher Materialien wie Kalbsleder und die Verwendung traditioneller Techniken spiegeln das Engagement von Beatnik Shoes f\u00fcr verantwortungsvollen und nachhaltigen Konsum wider. Mit dem Beatnik Bessie Brown Two Tone investieren Sie in Schuhe, die \u00fcber kurzlebige Moden hinausgehen und auf Langlebigkeit ausgelegt sind. <\/p>\n<p><b>Warum w\u00e4hlen Sie den Beatnik Bessie Brown Two Tone<\/b><\/p>\n<p>Wenn Sie sich f\u00fcr die <b>Beatnik Bessie Brown Two Tone<\/b> Mokassins entscheiden, entscheiden Sie sich f\u00fcr einen Schuh, der Stil, Komfort und un\u00fcbertroffene Qualit\u00e4t vereint. Dieses Modell ist nicht nur eine Hommage an die spanische Handwerkskunst, sondern auch eine Investition in zeitlose Mode, die Sie Jahr f\u00fcr Jahr tragen k\u00f6nnen. <\/p>\n<p><b>Jetzt erh\u00e4ltlich bei Beatnik Shoes<\/b><\/p>\n<p>Die <b>Beatnik Bessie Brown Two Tone<\/b> sind jetzt im Beatnik Shoes Online Shop erh\u00e4ltlich. Verpassen Sie nicht die Gelegenheit, ein exklusives Paar Mokassins zu ergattern, die mit Hingabe und Sorgfalt in Spanien hergestellt werden. <\/p>\n<p><b>Machen Sie jeden Schritt zu einem einzigartigen Erlebnis mit dem Beatnik Bessie Brown Two Tone. Eleganz, Komfort und Qualit\u00e4t in einem einzigen Schuh. <\/b><\/p>\n","protected":false},"excerpt":{"rendered":"<h2>Zweifarbige Mokassins Handgefertigt in Spanien<\/h2>\n<p>Au\u00dfenmaterial: Beigefarbenes und braunes Kalbsleder<br \/>\nBeschichtung: Violettes Rindsleder<br \/>\nSohlenmaterial: Ledersohle und d\u00fcnne, rutschfeste Au\u00dfenschicht<br \/>\nArt des Absatzes: Niedrig<\/p>\n","protected":false},"featured_media":76013,"comment_status":"open","ping_status":"closed","template":"","meta":[],"product_brand":[],"product_cat":[9108,9028],"product_tag":[11588,11586,11585,11589,11584,11587,11583,11590],"woo-feed-brand":[],"class_list":{"0":"post-67856","1":"product","2":"type-product","3":"status-publish","4":"has-post-thumbnail","6":"product_cat-mokassins","7":"product_cat-schuhe-fur-frauen","8":"product_tag-braun-und-beige-damen-mokassins","9":"product_tag-damen-mokassins-aus-braunem-leder","10":"product_tag-damen-mokassins-aus-weichem-leder","11":"product_tag-klassische-mokassins-fur-damen-in-zwei-farben","12":"product_tag-mokassins-fur-damen-in-zwei-farben","13":"product_tag-zweifarbige-damen-mokassins-aus-leder","14":"product_tag-zweifarbige-mokassins-fur-damen","15":"product_tag-zweifarbige-penny-loafers-fur-damen","16":"pa_talla-zapato-35-de","17":"pa_talla-zapato-36-de","18":"pa_talla-zapato-37-de","19":"pa_talla-zapato-38-de","20":"pa_talla-zapato-39-de","21":"pa_talla-zapato-40-de","22":"pa_talla-zapato-41-de","24":"first","25":"instock","26":"sale","27":"taxable","28":"shipping-taxable","29":"purchasable","30":"product-type-variable"},"_links":{"self":[{"href":"https:\/\/www.beatnikshoes.com\/de\/wp-json\/wp\/v2\/product\/67856","targetHints":{"allow":["GET"]}}],"collection":[{"href":"https:\/\/www.beatnikshoes.com\/de\/wp-json\/wp\/v2\/product"}],"about":[{"href":"https:\/\/www.beatnikshoes.com\/de\/wp-json\/wp\/v2\/types\/product"}],"replies":[{"embeddable":true,"href":"https:\/\/www.beatnikshoes.com\/de\/wp-json\/wp\/v2\/comments?post=67856"}],"wp:featuredmedia":[{"embeddable":true,"href":"https:\/\/www.beatnikshoes.com\/de\/wp-json\/wp\/v2\/media\/76013"}],"wp:attachment":[{"href":"https:\/\/www.beatnikshoes.com\/de\/wp-json\/wp\/v2\/media?parent=67856"}],"wp:term":[{"taxonomy":"product_brand","embeddable":true,"href":"https:\/\/www.beatnikshoes.com\/de\/wp-json\/wp\/v2\/product_brand?post=67856"},{"taxonomy":"product_cat","embeddable":true,"href":"https:\/\/www.beatnikshoes.com\/de\/wp-json\/wp\/v2\/product_cat?post=67856"},{"taxonomy":"product_tag","embeddable":true,"href":"https:\/\/www.beatnikshoes.com\/de\/wp-json\/wp\/v2\/product_tag?post=67856"},{"taxonomy":"woo-feed-brand","embeddable":true,"href":"https:\/\/www.beatnikshoes.com\/de\/wp-json\/wp\/v2\/woo-feed-brand?post=67856"}],"curies":[{"name":"wp","href":"https:\/\/api.w.org\/{rel}","templated":true}]}}