{"id":67459,"date":"2024-10-25T19:45:31","date_gmt":"2024-10-25T17:45:31","guid":{"rendered":"https:\/\/www.beatnikshoes.com\/zapatos-hechos-a-mano\/schwarze-lederschuhe-fur-manner-mit-steigbugel\/"},"modified":"2026-04-20T22:02:16","modified_gmt":"2026-04-20T20:02:16","slug":"schwarze-lederschuhe-fur-manner-mit-steigbugel","status":"publish","type":"product","link":"https:\/\/www.beatnikshoes.com\/de\/handgefertigte-schuhe\/schwarze-lederschuhe-fur-manner-mit-steigbugel\/","title":{"rendered":"Beatnik Snyder Schwarz Herren Leder Slipper mit Steigb\u00fcgeln Beatnik Snyder Schwarz"},"content":{"rendered":"<h2><strong>Markteinf\u00fchrung der neuen schwarzen Herren Leder-Slipper von Beatnik Shoes: Eleganz, Komfort und Handwerkskunst in einem Paar<\/strong><\/h2>\n<p>Wir von <strong>Beatnik Shoes<\/strong> freuen uns, Ihnen unsere<strong> neuen schwarzen Leder-Steigb\u00fcgel-Loafer f\u00fcr Herren vorstellen zu d\u00fcrfen<\/strong> \u2013 ein Schuh, der zeitlose Eleganz mit maximalem Komfort verbindet. Jedes Paar <strong>wird in Spanien<\/strong> nach den besten traditionellen Schuhmachertechniken handgefertigt, was ein Produkt von au\u00dfergew\u00f6hnlicher Qualit\u00e4t garantiert. <\/p>\n<p><strong>Design inspiriert von klassischen italienischen Mokassins<\/strong><\/p>\n<p>Das Design dieser Mokassins ist von <strong>klassischen italienischen Mokassins<\/strong> inspiriert, die f\u00fcr ihren raffinierten und zeitlosen Stil bekannt sind. Eines der auff\u00e4lligsten Elemente dieses Modells ist der <strong>silberfarbene Metallb\u00fcgel<\/strong> am oberen Rand des Obermaterials, der auch als <strong>Horsebit<\/strong> bezeichnet wird. Dieses Detail verleiht dem Schuh einen Hauch von Raffinesse und macht ihn zu einer idealen Wahl f\u00fcr alle, die einen eleganten und andersartigen Schuh suchen.  <\/p>\n<p><strong>Genarbtes Leder: Weichheit und Haltbarkeit<\/strong><\/p>\n<p>Eines der wichtigsten Merkmale dieser Mokassins ist das <strong>Narbenleder<\/strong>, aus dem sie gefertigt sind. Genarbtes Leder ist bekannt f\u00fcr seine Weichheit, St\u00e4rke und Haltbarkeit. Es ist nicht nur \u00e4u\u00dferst bequem, sondern passt sich auch der Form des Fu\u00dfes an und bietet von Anfang an eine perfekte Passform. Diese Art von Leder wird mit der Zeit immer besser, so dass die Schuhe beim Tragen noch bequemer werden.   <\/p>\n<p><strong>Rutschfeste Sohle f\u00fcr jedes Wetter<\/strong><\/p>\n<p>Einer der praktischsten Aspekte dieser Mokassins ist ihre <strong>rutschfeste Laufsohle<\/strong>. Sie besteht aus einem strapazierf\u00e4higen Material, das auch auf nassem Untergrund eine hervorragende Traktion gew\u00e4hrleistet, was diese Mokassins perfekt f\u00fcr <strong>Regentage<\/strong> oder f\u00fcr Spazierg\u00e4nge bei <strong>kaltem Wetter<\/strong> macht. Die Sohle ist au\u00dferdem mit dem K\u00f6rper des Schuhs <strong>vern\u00e4ht<\/strong>, was eine lange Haltbarkeit und Best\u00e4ndigkeit gew\u00e4hrleistet.  <\/p>\n<p><strong>Un\u00fcbertroffener Komfort: ein fu\u00dfgerechter Leisten<\/strong><\/p>\n<p>Wir bei Beatnik Shoes wissen, dass ein Schuh nicht nur sch\u00f6n, sondern auch bequem sein sollte. Deshalb haben wir diese Loafer mit <strong>einem breiten,<\/strong> bequemen <strong>Leisten entworfen<\/strong>, der sich nat\u00fcrlich an den Fu\u00df schmiegt. Durch diese perfekte Passform f\u00fchlen sich die Loafer fast wie <strong>Hausschuhe <\/strong>an, sodass Sie sie stundenlang tragen k\u00f6nnen, ohne dass es unangenehm wird.  <\/p>\n<p><strong>Vielseitigkeit: vom formellen Anzug bis zum Freizeitlook<\/strong><\/p>\n<p>Einer der Hauptvorteile dieser <strong>schwarzen Herren Lederslipper mit Steigb\u00fcgel<\/strong> ist ihre <strong>Vielseitigkeit<\/strong>. Sie eignen sich sowohl f\u00fcr formelle Anl\u00e4sse als auch f\u00fcr legerere Looks. Wenn Sie sie mit einem <strong>kompletten Anzug<\/strong> kombinieren, sind sie ideal f\u00fcr Gesch\u00e4ftstreffen oder wichtige Veranstaltungen und verleihen ihnen einen Hauch von schlichter und raffinierter Eleganz. Wenn Sie sie zu <strong>Jeans<\/strong> oder <strong>Chinos<\/strong> tragen, verleihen sie Ihnen einen entspannten, aber ebenso stilvollen Look.   <\/p>\n<p><strong>Schwarz: eine klassische Wahl, die nie falsch ist<\/strong><\/p>\n<p><strong>Schwarz<\/strong> ist ein Klassiker, der nie aus der Mode kommt. Diese schwarzen Leder-Loafer sind die perfekte Wahl f\u00fcr alle, die einen Schuh suchen, der praktisch zu allem passt. Schwarz ist eine vielseitige Farbe, die sich an eine Vielzahl von Farben und Stilen anpasst, von Anz\u00fcgen in <strong>Blau<\/strong>-, <strong>Grau<\/strong>&#8211; oder <strong>Schwarzt\u00f6nen<\/strong> bis hin zu l\u00e4ssigeren Kombinationen mit <strong>Jeans<\/strong> oder <strong>Chinos<\/strong>.  <\/p>\n<p><strong>Handgefertigt in Spanien: Tradition und Qualit\u00e4t<\/strong><\/p>\n<p>Jedes Paar Beatnik Shoes Loafer <strong>wird in Spanien<\/strong> von erfahrenen Handwerkern nach den besten traditionellen Schuhmachertechniken handgefertigt. Dieser Ansatz garantiert, dass jedes Paar einzigartig und mit au\u00dfergew\u00f6hnlicher Liebe zum Detail gefertigt ist. <strong>Handwerkskunst<\/strong> steht f\u00fcr Qualit\u00e4t, und diese Loafer bilden da keine Ausnahme.  <\/p>\n<p><strong>Garantierte Haltbarkeit<\/strong><\/p>\n<p><strong>Langlebigkeit<\/strong> ist eines der wichtigsten Merkmale der Beatnik Shoes Mokassins. Dank der Kombination aus hochwertigen Materialien wie <strong>genarbtem Leder<\/strong> und <strong>gen\u00e4hten Sohlen<\/strong> sind diese Schuhe so konzipiert, dass sie bei richtiger Pflege jahrelang halten. Sie m\u00fcssen sich keine Sorgen machen, dass Sie sie nach ein paar Mal Tragen ersetzen m\u00fcssen, denn die handgefertigte Konstruktion sorgt daf\u00fcr, dass sie den Test der Zeit bestehen.  <\/p>\n<p><strong>Warum sollten Sie sich f\u00fcr schwarze Leder-Slipper von Beatnik Shoes entscheiden?<\/strong><\/p>\n<p>Wenn Sie ein Paar Schuhe suchen, das <strong>Eleganz<\/strong>, <strong>Komfort<\/strong> und <strong>Langlebigkeit<\/strong> vereint, sind diese <strong>neuen schwarzen Herren-Steigb\u00fcgel-Loafer aus Leder<\/strong> von Beatnik Shoes die perfekte Wahl. Ihr klassisches Design mit einem modernen Touch des <strong>Metallb\u00fcgels verleiht<\/strong> ihnen einen raffinierten Look und macht sie zu einem Must-have in jeder Herrengarderobe. <\/p>\n<p>Diese Slipper eignen sich dank ihrer <strong>Vielseitigkeit <\/strong>und ihres hohen <strong>Tragekomforts<\/strong> ideal f\u00fcr formelle und legere Anl\u00e4sse. Dank der <strong>rutschfesten Sohle<\/strong> und der robusten Konstruktion k\u00f6nnen Sie sie in jeder Situation tragen, unabh\u00e4ngig von Wetter und Anlass. <\/p>\n","protected":false},"excerpt":{"rendered":"<h2>Handgefertigte Mokassins aus Leder f\u00fcr M\u00e4nner<\/h2>\n<p>Au\u00dfenmaterial: Schwarzes Vollrindleder<br \/>\nInnenfutter: Kalbsleder<br \/>\nSohlenmaterial: Vern\u00e4htes Anti-Rutsch-Material<br \/>\nVerschluss: Nein<br \/>\nArt des Absatzes: Niedrig<\/p>\n","protected":false},"featured_media":69622,"comment_status":"open","ping_status":"closed","template":"","meta":[],"product_brand":[],"product_cat":[9303,9114],"product_tag":[11493,11494,11491,11488,11487,11490,11489,11492],"woo-feed-brand":[],"class_list":{"0":"post-67459","1":"product","2":"type-product","3":"status-publish","4":"has-post-thumbnail","6":"product_cat-mokassins-de","7":"product_cat-schuhe-fur-manner","8":"product_tag-herren-klassische-schwarze-leder-slipper","9":"product_tag-herren-schwarzes-leder-kleid-loafer","10":"product_tag-herren-slipper-aus-schwarzem-leder","11":"product_tag-schwarze-beatnik-slipper","12":"product_tag-schwarze-halbschuhe","13":"product_tag-schwarze-herren-steigbugelslipper","14":"product_tag-schwarze-slipper-beatnik-schuhe","15":"product_tag-schwarze-slipper-mit-metallic-besatz","16":"pa_talla-zapato-39-de","17":"pa_talla-zapato-40-de","18":"pa_talla-zapato-41-de","19":"pa_talla-zapato-42-de","20":"pa_talla-zapato-43-de","21":"pa_talla-zapato-44-de","22":"pa_talla-zapato-45-de","23":"pa_talla-zapato-46-de","25":"first","26":"instock","27":"sale","28":"taxable","29":"shipping-taxable","30":"purchasable","31":"product-type-variable"},"_links":{"self":[{"href":"https:\/\/www.beatnikshoes.com\/de\/wp-json\/wp\/v2\/product\/67459","targetHints":{"allow":["GET"]}}],"collection":[{"href":"https:\/\/www.beatnikshoes.com\/de\/wp-json\/wp\/v2\/product"}],"about":[{"href":"https:\/\/www.beatnikshoes.com\/de\/wp-json\/wp\/v2\/types\/product"}],"replies":[{"embeddable":true,"href":"https:\/\/www.beatnikshoes.com\/de\/wp-json\/wp\/v2\/comments?post=67459"}],"wp:featuredmedia":[{"embeddable":true,"href":"https:\/\/www.beatnikshoes.com\/de\/wp-json\/wp\/v2\/media\/69622"}],"wp:attachment":[{"href":"https:\/\/www.beatnikshoes.com\/de\/wp-json\/wp\/v2\/media?parent=67459"}],"wp:term":[{"taxonomy":"product_brand","embeddable":true,"href":"https:\/\/www.beatnikshoes.com\/de\/wp-json\/wp\/v2\/product_brand?post=67459"},{"taxonomy":"product_cat","embeddable":true,"href":"https:\/\/www.beatnikshoes.com\/de\/wp-json\/wp\/v2\/product_cat?post=67459"},{"taxonomy":"product_tag","embeddable":true,"href":"https:\/\/www.beatnikshoes.com\/de\/wp-json\/wp\/v2\/product_tag?post=67459"},{"taxonomy":"woo-feed-brand","embeddable":true,"href":"https:\/\/www.beatnikshoes.com\/de\/wp-json\/wp\/v2\/woo-feed-brand?post=67459"}],"curies":[{"name":"wp","href":"https:\/\/api.w.org\/{rel}","templated":true}]}}