{"id":67417,"date":"2024-10-25T22:22:44","date_gmt":"2024-10-25T20:22:44","guid":{"rendered":"https:\/\/www.beatnikshoes.com\/?post_type=product&#038;p=67417"},"modified":"2025-08-23T21:20:32","modified_gmt":"2025-08-23T19:20:32","slug":"burgunderfarbene-damen-leder-slipper-mit-steigbugel","status":"publish","type":"product","link":"https:\/\/www.beatnikshoes.com\/de\/handgefertigte-schuhe\/burgunderfarbene-damen-leder-slipper-mit-steigbugel\/","title":{"rendered":"Burgunderrote Damen Ledermokassins mit Steigb\u00fcgeln Beatnik Nina Rot"},"content":{"rendered":"<h2><strong>Neu Dunkel burgunderrote Leder Slipper f\u00fcr Damen von Beatnik Shoes<\/strong><\/h2>\n<p>Wir von <strong>Beatnik Shoes<\/strong> pr\u00e4sentieren stolz ein neues Modell, das Tradition, Handwerkskunst und Stil vereint: <strong>unsere burgunderfarbenen Damen-Loafer <\/strong>aus Leder mit silbernem Metallb\u00fcgel. Diese Loafer wurden sorgf\u00e4ltig in Spanien entworfen und handgefertigt. Hochwertige Materialien und viel Liebe zum Detail sorgen daf\u00fcr, dass sie nicht nur unglaublich stylisch aussehen, sondern auch au\u00dfergew\u00f6hnlichen Komfort bei jedem Schritt bieten. <\/p>\n<p>In diesem Artikel erkl\u00e4ren wir Ihnen, warum diese Loafer die perfekte Wahl f\u00fcr jede Frau sind, die einen vielseitigen, stylischen und langlebigen Schuh sucht.<\/p>\n<p><strong>Zeitlose Eleganz in einem raffinierten Burgunderrot<\/strong><\/p>\n<p>Das <strong>dunkle Burgunderrot<\/strong> ist eines der hervorstechenden Merkmale dieser Loafer. Dieser tiefe, satte Farbton verleiht nicht nur einen Hauch von Raffinesse, sondern ist auch unglaublich vielseitig. <strong>Burgunderfarbene Slipper<\/strong> lassen sich perfekt mit einer Vielzahl von Farben und Stilen kombinieren. Von <strong>Blau-<\/strong>, <strong>Grau-<\/strong>, <strong>Kamel-<\/strong> und <strong>Schwarzt\u00f6nen<\/strong> bis hin zu formellen Anz\u00fcgen oder legeren Jeans &#8211; diese Schuhe werden Ihrem Ensemble immer eine Dosis Eleganz verleihen.   <\/p>\n<p><strong>Inspiriert von klassischen italienischen Mokassins: Design mit Metallb\u00fcgeln<\/strong><\/p>\n<p>Das Design dieser Mokassins ist von <strong>klassischen italienischen Mokassins<\/strong> inspiriert, die f\u00fcr ihren raffinierten und schlichten Stil bekannt sind. Eines der auff\u00e4lligsten Details ist der <strong>silberfarbene Metallb\u00fcgel<\/strong>, auch bekannt als Horsebit, der den oberen Teil des Schaftes ziert. Dieses Detail verleiht dem <strong>klassischen Mokassin-Leisten<\/strong> eine ganz besondere Note und verleiht ihm ein modernes Flair, ohne seine traditionelle Essenz zu verlieren.  <\/p>\n<p><strong>Handgemacht in Spanien: die Qualit\u00e4t, die den Unterschied macht<\/strong><\/p>\n<p>Die <strong>Loafer von Beatnik Shoes<\/strong> <strong>werden in Spanien<\/strong> von erfahrenen Handwerkern handgefertigt, um h\u00f6chste Qualit\u00e4t bei jedem Paar zu gew\u00e4hrleisten. Der handwerkliche Prozess garantiert eine <strong>Liebe zum Detail, <\/strong>die in der Massenproduktion nicht reproduziert werden kann, und stellt sicher, dass jeder Schuh ein Unikat ist. <\/p>\n<p><strong>Integriertes Futter und rutschfeste Sohle: Komfort bei jedem Schritt<\/strong><\/p>\n<p>Einer der H\u00f6hepunkte dieser <strong>burgunderfarbenen Steigb\u00fcgelschuhe f\u00fcr Damen<\/strong> ist ihr <strong>Volllederfutter<\/strong>, das f\u00fcr ein Gef\u00fchl von absolutem Komfort sorgt, sobald Sie sie anziehen. Diese Art von Futter bietet nicht nur unvergleichlichen Komfort, sondern l\u00e4sst Ihre F\u00fc\u00dfe auch besser atmen und verhindert so die Bildung von Feuchtigkeit, selbst bei langem Tragen. <\/p>\n<p><strong>Bequemer Leisten, der sich dem Fu\u00df wie ein Handschuh anpasst<\/strong><\/p>\n<p>Der <strong>Komfort des Leistens<\/strong> ist einer der wichtigsten Aspekte bei diesen Mokassins. Wir von Beatnik Shoes wissen, dass es nicht nur wichtig ist, dass ein Schuh gut aussieht, sondern auch, dass er bequem ist. Der Leisten dieser Mokassins wurde so konzipiert, dass er ger\u00e4umig und bequem ist, fast so, als ob Sie <strong>Hausschuhe<\/strong> tragen w\u00fcrden.  <\/p>\n<p><strong>Vielseitigkeit: vom B\u00fcro bis zum Freizeitstil<\/strong><\/p>\n<p>Diese <strong>burgunderroten Steigb\u00fcgelschuhe aus Leder f\u00fcr Damen<\/strong> sind nicht nur stilvoll, sondern auch unglaublich vielseitig. Dank ihres <strong>zeitlosen Designs<\/strong> eignen sie sich f\u00fcr eine Vielzahl von Anl\u00e4ssen. Sie lassen sich perfekt mit einem <strong>kompletten Anzug<\/strong> f\u00fcr das B\u00fcro oder ein Gesch\u00e4ftstreffen kombinieren, sehen aber auch toll zu <strong>Jeans<\/strong> oder <strong>Chinos<\/strong> f\u00fcr einen entspannten, legeren Look aus.  <\/p>\n<p><strong>Langlebigkeit: eine langfristige Investition<\/strong><\/p>\n<p>Einer der gro\u00dfen Vorteile dieser Loafer ist ihre <strong>Langlebigkeit<\/strong>. Das hochwertige <strong>Vollnarbenleder<\/strong> und die gen\u00e4hte <strong>Sohle sorgen <\/strong>daf\u00fcr, dass diese Loafer nicht nur sch\u00f6n und bequem, sondern auch unglaublich langlebig sind. Bei richtiger Pflege h\u00e4lt dieses Paar Schuhe jahrelang und beh\u00e4lt seine Sch\u00f6nheit und Funktionalit\u00e4t.  <\/p>\n<p>Wenn Sie in Loafer von Beatnik Shoes investieren, kaufen Sie viel mehr als nur ein Paar Schuhe. Sie investieren in <strong>hochwertige Handwerkskunst,<\/strong> <strong>zeitloses Design<\/strong> und Schuhe, die Sie lange begleiten werden. Diese Loafer sind langlebig, sowohl in puncto Mode als auch in puncto Haltbarkeit.  <\/p>\n<p><strong>Warum sollten Sie sich f\u00fcr dunkelbraune Leder-Slipper von Beatnik Shoes entscheiden?<\/strong><\/p>\n<p>Die <strong>burgunderfarbenen Leder-Steigb\u00fcgel-Loafer<\/strong> von Beatnik Shoes sind viel mehr als nur Schuhe. Sie sind ein Statement f\u00fcr Stil, ein Spiegelbild traditioneller spanischer Handwerkskunst und ein Beweis f\u00fcr unser Engagement f\u00fcr <strong>Qualit\u00e4t und Komfort<\/strong>. Mit ihrem von klassischen italienischen Loafern inspirierten Design, dem <strong>Metallsteg<\/strong> und der <strong>bequemen Passform<\/strong> bieten diese Schuhe alles, was Sie brauchen, um sich bei jeder Gelegenheit elegant und wohl zu f\u00fchlen.  <\/p>\n<p>Ob Sie sie mit einem <strong>formellen Anzug<\/strong> kombinieren oder f\u00fcr einen l\u00e4ssigeren Look mit <strong>Jeans<\/strong> tragen, diese Loafer werden schnell zu Ihren Favoriten. Und dank ihres <strong>zeitlosen Designs<\/strong> und ihrer <strong>au\u00dfergew\u00f6hnlichen Haltbarkeit <\/strong>wissen Sie, dass Sie in ein Paar Schuhe investieren, das Ihnen viele Jahre lang Freude bereiten wird. <\/p>\n","protected":false},"excerpt":{"rendered":"<h2>Mokassins Bordeaux Nina, handgefertigt in Spanien<\/h2>\n<p>\u00c4u\u00dferes Material: Genarbtes Leder<br \/>\nInnenfutter: Lila Rindsleder<br \/>\nSohlenmaterial: Vern\u00e4htes Anti-Rutsch-Material<br \/>\nVerschluss: Nein<br \/>\nArt des Absatzes: Niedrig<\/p>\n","protected":false},"featured_media":76153,"comment_status":"open","ping_status":"closed","template":"","meta":[],"product_brand":[],"product_cat":[9108,9028],"product_tag":[11442,11441,11447,11446,11445,11444,11449,11443,11448,11450],"woo-feed-brand":[],"class_list":{"0":"post-67417","1":"product","2":"type-product","3":"status-publish","4":"has-post-thumbnail","6":"product_cat-mokassins","7":"product_cat-schuhe-fur-frauen","8":"product_tag-burgunderfarbene-damen-mokassins-aus-leder-de","9":"product_tag-burgunderfarbene-damen-mokassins-aus-leder","10":"product_tag-burgunderfarbene-damen-mokassins-mit-steigbugeln","11":"product_tag-burgunderfarbene-damen-slipper-im-italienischen-stil","12":"product_tag-burgunderfarbene-leder-slipper-mit-hufeisen","13":"product_tag-damen-slipper-aus-burgunderfarbenem-leder","14":"product_tag-damenpantoffeln-aus-burgunderfarbenem-leder-mit-steigbugeln","15":"product_tag-handgefertigte-mokassins-aus-burgunderfarbenem-leder","16":"product_tag-rote-damenpantoffeln-mit-steigbugel","17":"product_tag-rote-hufeisenpantoffeln-fur-damen","18":"pa_talla-zapato-35-de","19":"pa_talla-zapato-36-de","20":"pa_talla-zapato-37-de","21":"pa_talla-zapato-38-de","22":"pa_talla-zapato-39-de","23":"pa_talla-zapato-40-de","24":"pa_talla-zapato-41-de","26":"first","27":"instock","28":"sale","29":"taxable","30":"shipping-taxable","31":"purchasable","32":"product-type-variable"},"_links":{"self":[{"href":"https:\/\/www.beatnikshoes.com\/de\/wp-json\/wp\/v2\/product\/67417","targetHints":{"allow":["GET"]}}],"collection":[{"href":"https:\/\/www.beatnikshoes.com\/de\/wp-json\/wp\/v2\/product"}],"about":[{"href":"https:\/\/www.beatnikshoes.com\/de\/wp-json\/wp\/v2\/types\/product"}],"replies":[{"embeddable":true,"href":"https:\/\/www.beatnikshoes.com\/de\/wp-json\/wp\/v2\/comments?post=67417"}],"wp:featuredmedia":[{"embeddable":true,"href":"https:\/\/www.beatnikshoes.com\/de\/wp-json\/wp\/v2\/media\/76153"}],"wp:attachment":[{"href":"https:\/\/www.beatnikshoes.com\/de\/wp-json\/wp\/v2\/media?parent=67417"}],"wp:term":[{"taxonomy":"product_brand","embeddable":true,"href":"https:\/\/www.beatnikshoes.com\/de\/wp-json\/wp\/v2\/product_brand?post=67417"},{"taxonomy":"product_cat","embeddable":true,"href":"https:\/\/www.beatnikshoes.com\/de\/wp-json\/wp\/v2\/product_cat?post=67417"},{"taxonomy":"product_tag","embeddable":true,"href":"https:\/\/www.beatnikshoes.com\/de\/wp-json\/wp\/v2\/product_tag?post=67417"},{"taxonomy":"woo-feed-brand","embeddable":true,"href":"https:\/\/www.beatnikshoes.com\/de\/wp-json\/wp\/v2\/woo-feed-brand?post=67417"}],"curies":[{"name":"wp","href":"https:\/\/api.w.org\/{rel}","templated":true}]}}