{"id":67377,"date":"2024-10-25T22:24:14","date_gmt":"2024-10-25T20:24:14","guid":{"rendered":"https:\/\/www.beatnikshoes.com\/?post_type=product&#038;p=67377"},"modified":"2025-10-10T21:09:08","modified_gmt":"2025-10-10T19:09:08","slug":"damen-schwarz-leder-loafers-mit-beatnik-nina-schwarz","status":"publish","type":"product","link":"https:\/\/www.beatnikshoes.com\/de\/handgefertigte-schuhe\/damen-schwarz-leder-loafers-mit-beatnik-nina-schwarz\/","title":{"rendered":"Schwarze Damen Leder Mokassins mit Steigb\u00fcgeln Beatnik Nina Schwarz"},"content":{"rendered":"<div>\n<h2><b>Neue schwarze Leder-Mokassins f\u00fcr Damen von Beatnik Shoes: Handwerkskunst, Eleganz und Komfort bei jedem Schritt.<\/b><\/h2>\n<\/div>\n<div>\n<p>Wir von <b>Beatnik Shoes<\/b> sind stolz darauf, Ihnen unsere neuen <b>schwarzen Damenmokassins aus Leder mit Steigb\u00fcgel<\/b> zu pr\u00e4sentieren, ein Modell, das klassischen Stil mit modernem Komfort verbindet. Diese Mokassins werden in Spanien unter Verwendung traditioneller Schuhmachertechniken handgefertigt und sind eine Hommage an die handwerkliche Qualit\u00e4t, die Eleganz, Vielseitigkeit und Langlebigkeit vereint. <\/p>\n<\/div>\n<div>\n<p><b>Zeitlose Eleganz in Schwarz<\/b><\/p>\n<\/div>\n<div>\n<p><b>Schwarz<\/b> ist ein zeitloser Klassiker, der nie aus der Mode kommt. Diese schwarzen Leder-Slipper sind der Inbegriff von Vielseitigkeit, denn sie passen perfekt zu einer Vielzahl von Farben und Stilen. Ob Sie sie zu einem <b>formellen Anzug im B\u00fcro<\/b> oder zu <b>Jeans oder Chinos<\/b> f\u00fcr einen entspannten Look tragen, diese Loafer sehen immer elegant und raffiniert aus.  <\/p>\n<\/div>\n<div>\n<p>Schwarz ist eine Farbe, die Autorit\u00e4t, Stil und Professionalit\u00e4t ausstrahlt und damit eine ausgezeichnete Wahl f\u00fcr den Alltag und besondere Anl\u00e4sse ist.<\/p>\n<\/div>\n<div>\n<p><b>Inspiriert von klassischen italienischen Mokassins: ein moderner Twist mit Metallb\u00fcgeln<\/b><\/p>\n<\/div>\n<div>\n<p>Das Design dieser Mokassins ist von <b>klassischen italienischen Mokassins<\/b> inspiriert, die f\u00fcr ihr raffiniertes Design und ihre Raffinesse bekannt sind. Eines der Details, die diesen Schuh auszeichnen, ist der <b>silberfarbene Metallb\u00fcgel<\/b>, der den oberen Teil des Obermaterials ziert und auch als <b>Horsebit<\/b> bekannt ist. Dieses Element verleiht dem klassischen Mokassin-Design einen unverwechselbaren, modernen Touch und macht ihn zu einem zeitlosen St\u00fcck, das nicht unbemerkt bleibt.  <\/p>\n<\/div>\n<div>\n<p><b>Handgefertigt in Spanien: Qualit\u00e4t in jedem Detail<\/b><\/p>\n<\/div>\n<div>\n<p>Bei <b>Beatnik Shoes<\/b> steht Qualit\u00e4t an erster Stelle, und das spiegelt sich in jedem unserer Loafer wider. Diese <b>schwarzen Damen-Steigb\u00fcgel-Loafer <\/b>aus Leder wurden in <b>Spanien sorgf\u00e4ltig von Hand gefertigt<\/b>. Traditionelle Techniken garantieren eine hochwertige Verarbeitung. Jedes Paar ist ein Beweis f\u00fcr die Kunst des Schuhhandwerks, bei dem jedes Detail, von der Auswahl des Leders bis zur Naht der Sohle, sorgf\u00e4ltig durchdacht ist.  <\/p>\n<\/div>\n<div>\n<p><b>Handgefertigte<\/b> Schuhe sind ein Synonym f\u00fcr Langlebigkeit, und diese Mokassins sind da keine Ausnahme. Das handgefertigte Verfahren stellt sicher, dass jeder Schuh ein Unikat ist, wobei der Verarbeitung besondere Aufmerksamkeit gewidmet wird. Das Ergebnis ist ein Endprodukt, das sowohl langlebig als auch \u00e4sthetisch tadellos ist. <\/p>\n<\/div>\n<div>\n<p><b>\u00dcberragender Komfort: fu\u00dfumschlie\u00dfender Leisten<\/b><\/p>\n<\/div>\n<div>\n<p>Bei <b>Beatnik Shoes<\/b> wissen wir, dass <b>Komfort<\/b> bei Schuhen entscheidend ist. Deshalb haben wir einen <b>Leisten<\/b> entwickelt, der sich der nat\u00fcrlichen Fu\u00dfform anpasst. Der Leisten ist breit und schmiegt <b>sich wie ein Hausschuh an den Fu\u00df an<\/b>. So ist vom ersten Tragen an eine bequeme und nat\u00fcrliche Passform gew\u00e4hrleistet. <\/p>\n<\/div>\n<div>\n<p><b>Vielseitigkeit: von der Arbeit bis zur Freizeit<\/b><\/p>\n<\/div>\n<div>\n<p>Einer der gr\u00f6\u00dften Vorteile dieser <b>schwarzen Steigb\u00fcgel-Loafer f\u00fcr Damen<\/b> ist ihre <b>Vielseitigkeit<\/b>. Sie sind perfekt f\u00fcr eine Vielzahl von Anl\u00e4ssen und Stilen, von der formellen B\u00fcroumgebung bis hin zu einem <b>l\u00e4ssigen Look<\/b> f\u00fcr einen Abend mit Freunden. Ihr klassisches Design mit dem modernen Twist des Metallb\u00fcgels macht sie f\u00fcr alle Arten von Outfits geeignet, sei es mit einem <b>kompletten Anzug<\/b> oder mit <b>Jeans<\/b> und <b>Chinos<\/b>.  <\/p>\n<\/div>\n<div>\n<p><b>Schwarz: eine klassische Farbe, die zu allem passt<\/b><\/p>\n<\/div>\n<div>\n<p><b>Schwarz<\/b> ist eine klassische und zeitlose Wahl in der Welt der Schuhe, und diese Loafer sind da keine Ausnahme. Die Vielseitigkeit von Schwarz bedeutet, dass diese Schuhe leicht mit einer breiten Palette von Farben und Stilen kombiniert werden k\u00f6nnen. Von <b>Blau-<\/b>, <b>Grau-<\/b>, <b>Schwarz-<\/b> und <b>Kamelt\u00f6nen<\/b> bis hin zu gewagten Kombinationen sind schwarze Loafer der perfekte Schuh f\u00fcr jede Situation.  <\/p>\n<\/div>\n<div>\n<p><b>Lange Lebensdauer: eine kluge Investition<\/b><\/p>\n<\/div>\n<div>\n<p>Wenn Sie ein Paar Loafer von <b>Beatnik Shoes<\/b> kaufen, erhalten Sie nicht nur ein stilvolles und bequemes Paar Schuhe, sondern auch ein <b>\u00e4u\u00dferst langlebiges<\/b> St\u00fcck Schuhwerk. Dank des hochwertigen <b>Kalbsleders<\/b>, der <b>gen\u00e4hten Sohle<\/b> und der <b>handwerklichen Verarbeitung<\/b> sind diese Loafer so konzipiert, dass sie den Test der Zeit \u00fcberstehen. <\/p>\n<\/div>\n<div>\n<p><b>Warum sollten Sie sich f\u00fcr schwarze Leder-Slipper von Beatnik Shoes entscheiden?<\/b><\/p>\n<\/div>\n<div>\n<p>Die neuen <b>schwarzen Leder-Slipper f\u00fcr Damen<\/b> von Beatnik Shoes sind die perfekte Kombination aus <b>Eleganz<\/b>, <b>Komfort<\/b> und <b>Haltbarkeit<\/b>. Das <b>italienisch inspirierte<\/b> Design, die <b>metallischen Steigb\u00fcgel-Details<\/b> und das hochwertige <b>Vollnarbenleder<\/b> machen sie zu einem Must-Have f\u00fcr jede Garderobe. <\/p>\n<\/div>\n<div>\n<p>Ob Sie sie zu einem formellen Anzug oder einem legeren Look tragen, diese Slipper verleihen Ihrem Stil einen Hauch von Klasse. Au\u00dferdem sind sie dank ihres hohen <b>Tragekomforts<\/b> und der <b>rutschfesten Sohle<\/b> perfekt f\u00fcr jede Gelegenheit und jedes Wetter geeignet. <\/p>\n<\/div>\n","protected":false},"excerpt":{"rendered":"<h2>Beatnik Nina, handgefertigt in Spanien<\/h2>\n<p>\u00c4u\u00dferes Material: Genarbtes Leder<br \/>\nInnenfutter: Lila Rindsleder<br \/>\nSohlenmaterial: Vern\u00e4htes Anti-Rutsch-Material<br \/>\nVerschluss: Nein<br \/>\nArt des Absatzes: Niedrig<\/p>\n","protected":false},"featured_media":69935,"comment_status":"open","ping_status":"closed","template":"","meta":[],"product_brand":[],"product_cat":[9108,9028],"product_tag":[11389,11396,11388,11394,11391,11393,11397,11398,11392,11395,11390],"woo-feed-brand":[],"class_list":{"0":"post-67377","1":"product","2":"type-product","3":"status-publish","4":"has-post-thumbnail","6":"product_cat-mokassins","7":"product_cat-schuhe-fur-frauen","8":"product_tag-damen-leder-mokassins","9":"product_tag-damen-lederpantoffeln-mit-steigbugeln","10":"product_tag-damen-mokassins-aus-schwarzem-leder","11":"product_tag-damen-slipper-mit-silberner-verzierung","12":"product_tag-mokassins-aus-schwarzem-leder-mit-metallic-besatz","13":"product_tag-mokassins-aus-schwarzem-leder-mit-silbernem-metallic-besatz","14":"product_tag-schwarze-damen-hausschuhe-aus-leder-mit-hufeisen","15":"product_tag-schwarze-damen-leder-mokassins-mit-hufeisen","16":"product_tag-schwarze-damen-mokassins-mit-steigbugeln","17":"product_tag-schwarze-damen-slipper-mit-steigbugeln","18":"product_tag-schwarze-leder-mokassins-mit-steigbugeln","19":"pa_talla-zapato-35-de","20":"pa_talla-zapato-36-de","21":"pa_talla-zapato-37-de","22":"pa_talla-zapato-38-de","23":"pa_talla-zapato-39-de","24":"pa_talla-zapato-40-de","25":"pa_talla-zapato-41-de","27":"first","28":"instock","29":"sale","30":"taxable","31":"shipping-taxable","32":"purchasable","33":"product-type-variable"},"_links":{"self":[{"href":"https:\/\/www.beatnikshoes.com\/de\/wp-json\/wp\/v2\/product\/67377","targetHints":{"allow":["GET"]}}],"collection":[{"href":"https:\/\/www.beatnikshoes.com\/de\/wp-json\/wp\/v2\/product"}],"about":[{"href":"https:\/\/www.beatnikshoes.com\/de\/wp-json\/wp\/v2\/types\/product"}],"replies":[{"embeddable":true,"href":"https:\/\/www.beatnikshoes.com\/de\/wp-json\/wp\/v2\/comments?post=67377"}],"wp:featuredmedia":[{"embeddable":true,"href":"https:\/\/www.beatnikshoes.com\/de\/wp-json\/wp\/v2\/media\/69935"}],"wp:attachment":[{"href":"https:\/\/www.beatnikshoes.com\/de\/wp-json\/wp\/v2\/media?parent=67377"}],"wp:term":[{"taxonomy":"product_brand","embeddable":true,"href":"https:\/\/www.beatnikshoes.com\/de\/wp-json\/wp\/v2\/product_brand?post=67377"},{"taxonomy":"product_cat","embeddable":true,"href":"https:\/\/www.beatnikshoes.com\/de\/wp-json\/wp\/v2\/product_cat?post=67377"},{"taxonomy":"product_tag","embeddable":true,"href":"https:\/\/www.beatnikshoes.com\/de\/wp-json\/wp\/v2\/product_tag?post=67377"},{"taxonomy":"woo-feed-brand","embeddable":true,"href":"https:\/\/www.beatnikshoes.com\/de\/wp-json\/wp\/v2\/woo-feed-brand?post=67377"}],"curies":[{"name":"wp","href":"https:\/\/api.w.org\/{rel}","templated":true}]}}