{"id":67334,"date":"2024-10-25T22:25:49","date_gmt":"2024-10-25T20:25:49","guid":{"rendered":"https:\/\/www.beatnikshoes.com\/?post_type=product&#038;p=67334"},"modified":"2025-09-21T19:48:54","modified_gmt":"2025-09-21T17:48:54","slug":"mokassins-mit-steigbugeln-im-burgunder-leder-fur-herren","status":"publish","type":"product","link":"https:\/\/www.beatnikshoes.com\/de\/handgefertigte-schuhe\/mokassins-mit-steigbugeln-im-burgunder-leder-fur-herren\/","title":{"rendered":"Beatnik Snyder Herren Steigb\u00fcgelslipper aus burgunderrotem Leder"},"content":{"rendered":"<h2><strong>Neue Mokassins aus bordeauxrotem Leder f\u00fcr Herren, handgefertigt in Spanien von Beatnik<\/strong><\/h2>\n<p>Wir von Beatnik Shoes freuen uns, Ihnen unsere neueste Kreation vorstellen zu k\u00f6nnen: <strong>burgunderrote Steigb\u00fcgelschuhe f\u00fcr Herren aus Leder<\/strong>. Ein elegantes, zeitloses Design, handgefertigt in Spanien, f\u00fcr alle, die auf der Suche nach hochwertigem Schuhwerk sind, das Stil und Komfort vereint. Diese Loafer zeichnen sich durch ihre Weichheit, Strapazierf\u00e4higkeit und Vielseitigkeit aus und sind perfekt f\u00fcr jede Gelegenheit, vom B\u00fcro bis hin zu legeren Anl\u00e4ssen.  <\/p>\n<p><strong>Herren Steigb\u00fcgelslipper aus burgunderrotem Leder &#8211; eine anspruchsvolle und vielseitige Wahl<\/strong><\/p>\n<p>Die <strong>dunkelburgunderfarbene Farbe<\/strong> dieser Loafer ist eines ihrer Hauptmerkmale. Dieser Farbton verleiht einen Hauch von Raffinesse und ist unglaublich vielseitig. Er passt perfekt zu einer Vielzahl von Farben und Kleidungsst\u00fccken und ist somit die ideale Wahl sowohl f\u00fcr <strong>formelle Anz\u00fcge<\/strong> als auch f\u00fcr <strong>l\u00e4ssigere Looks<\/strong>.  <\/p>\n<p>Stellen Sie sich vor, wie gut sie zu einem Anzug in Blau-, Grau- oder Schwarzt\u00f6nen oder sogar zu Jeans oder Chinos f\u00fcr einen entspannteren, aber ebenso eleganten Look passen. Diese zeitlose Farbe verleiht Ihrem Outfit Pers\u00f6nlichkeit, ohne aufdringlich zu sein, und macht sie zum idealen Begleiter f\u00fcr jeden Anlass. <\/p>\n<p><strong>Klassisches Design inspiriert von italienischen Mokassins<\/strong><\/p>\n<p>Das Design dieser Mokassins ist von <strong>klassischen italienischen Mokassins<\/strong> inspiriert, die f\u00fcr ihren raffinierten Stil und ihre zeitlose Eleganz bekannt sind. Der obere Teil des Vorderblattes ist mit einem <strong>silberfarbenen Metallic-B\u00fcgel<\/strong> versehen, der den Mokassins einen eleganten und modernen Touch verleiht, w\u00e4hrend die Essenz der klassischen Modelle erhalten bleibt. <\/p>\n<p><strong>Handgefertigt in Spanien: Qualit\u00e4t in jedem Detail<\/strong><\/p>\n<p><strong>Handarbeit<\/strong> ist ein Markenzeichen von Beatnik Shoes. Diese Slipper wurden in Spanien von erfahrenen Handwerkern sorgf\u00e4ltig von Hand gefertigt, was ein Produkt von h\u00f6chster Qualit\u00e4t gew\u00e4hrleistet. <\/p>\n<p>Die Verwendung von <strong>hochwertigem<\/strong> Vollnarbenleder sorgt f\u00fcr au\u00dfergew\u00f6hnliche Weichheit und hohe Strapazierf\u00e4higkeit. Diese Lederart ist f\u00fcr ihre Flexibilit\u00e4t und Haltbarkeit bekannt, sodass sich Ihre Slipper mit der Zeit an die Form Ihres Fu\u00dfes anpassen und so an Komfort und Aussehen gewinnen. <\/p>\n<p><strong>Garantierter Komfort: perfekte Passform und weiches Leder<\/strong><\/p>\n<p>Bei Beatnik Shoes wissen wir, dass <strong>Komfort<\/strong> genauso wichtig ist wie \u00c4sthetik, und diese Loafer sind da keine Ausnahme. Eine ihrer St\u00e4rken ist der <strong>Komfort des Leistens<\/strong>, der so konzipiert wurde, dass er sich dem m\u00e4nnlichen Fu\u00df nat\u00fcrlich anpasst. Dies gew\u00e4hrleistet einen bequemen Sitz vom ersten Tragen an und vermeidet die typische unangenehme Einlaufphase, die andere Schuhe ben\u00f6tigen.  <\/p>\n<p><strong>Rutschfeste Sohle &#8211; perfekt f\u00fcr Regen und kaltes Wetter<\/strong><\/p>\n<p>Eines der innovativsten Merkmale dieser Slipper ist ihre <strong>rutschfeste Laufsohle<\/strong>, die speziell entwickelt wurde, um Regen und K\u00e4lte standzuhalten. Wenn Sie in einer Gegend mit unvorhersehbarem Wetter leben, sind diese Slipper ideal f\u00fcr Sie. <\/p>\n<p>Dar\u00fcber hinaus ist die <strong>Sohle gen\u00e4ht<\/strong>, was f\u00fcr eine h\u00f6here Haltbarkeit und Verschlei\u00dffestigkeit sorgt. Diese Herstellungstechnik verst\u00e4rkt die Struktur des Schuhs und sorgt daf\u00fcr, dass er auch bei h\u00e4ufigem Gebrauch lange seine Form und Funktionalit\u00e4t beh\u00e4lt. <\/p>\n<p><strong>Ein Schuh f\u00fcr alle Gelegenheiten &#8211; formell und leger<\/strong><\/p>\n<p>Wenn es eine Sache gibt, die diese <strong>burgunderfarbenen Steigb\u00fcgel-Loafer f\u00fcr Herren<\/strong> auszeichnet, dann ist es ihre <strong>Vielseitigkeit<\/strong>. Sie sind sowohl f\u00fcr formelle Anl\u00e4sse als auch f\u00fcr legerere Situationen perfekt geeignet. Ihr elegantes und klassisches Design macht sie zu einer ausgezeichneten Wahl f\u00fcr <strong>volle Anz\u00fcge<\/strong> im B\u00fcro oder bei Gesch\u00e4ftsterminen, aber sie sehen auch toll zu <strong>Jeans oder Chinos<\/strong> aus und sorgen f\u00fcr einen entspannten Look, ohne dabei an Stil zu verlieren.  <\/p>\n<p><strong>Au\u00dfergew\u00f6hnliche Haltbarkeit: eine langfristige Investition<\/strong><\/p>\n<p>Ein weiterer gro\u00dfer Vorteil dieser Loafer ist ihre <strong>Langlebigkeit<\/strong>. Dank des <strong>hochwertigen <\/strong>Vollnarbenleders und der handgefertigten Verarbeitung sind diese Schuhe so konzipiert, dass sie lange halten, ohne ihre Form oder ihren Stil zu verlieren. Das Leder bleibt bei richtiger Pflege weich und geschmeidig, w\u00e4hrend die <strong>gen\u00e4hte Sohle<\/strong> daf\u00fcr sorgt, dass die Loafer dem t\u00e4glichen Gebrauch problemlos standhalten.  <\/p>\n<p>Wenn Sie in ein Paar Loafer von Beatnik Shoes investieren, kaufen Sie nicht nur stilvolles und bequemes Schuhwerk, sondern auch ein Paar, das viele Jahre h\u00e4lt und seine Sch\u00f6nheit und Funktionalit\u00e4t \u00fcber die Zeit beh\u00e4lt.<\/p>\n<p><strong>Warum sollten Sie sich f\u00fcr dunkelbraune Leder-Slipper von Beatnik Shoes entscheiden?<\/strong><\/p>\n<p>Die neuen <strong>burgunderroten Steigb\u00fcgelschuhe aus Leder f\u00fcr Herren<\/strong> von Beatnik Shoes sind das perfekte Accessoire f\u00fcr jeden Mann, der auf der Suche nach <strong>hochwertigem Schuhwerk<\/strong> mit <strong>zeitlosem Design ist, das<\/strong> zudem <strong>Komfort und Haltbarkeit<\/strong> bietet. Die <strong>burgunderrote Farbe<\/strong> ist vielseitig und l\u00e4sst sich leicht mit einer Vielzahl von Outfits kombinieren, was sie zu einem Must-Have f\u00fcr jeden Kleiderschrank macht. <\/p>\n","protected":false},"excerpt":{"rendered":"<h2>Herren Mokassins aus burgunderrotem Leder, handgefertigt in Spanien<\/h2>\n<p>\u00c4u\u00dferes Material: Genarbtes Leder<br \/>\nInnenfutter: Lila Rindsleder<br \/>\nSohlenmaterial: Vern\u00e4htes Anti-Rutsch-Material<br \/>\nVerschluss: Nein<br \/>\nArt des Absatzes: Niedrig<\/p>\n","protected":false},"featured_media":69568,"comment_status":"open","ping_status":"closed","template":"","meta":[],"product_brand":[],"product_cat":[9303,9114],"product_tag":[11346,11345,11348,11351,11350,11349,11347],"woo-feed-brand":[],"class_list":{"0":"post-67334","1":"product","2":"type-product","3":"status-publish","4":"has-post-thumbnail","6":"product_cat-mokassins-de","7":"product_cat-schuhe-fur-manner","8":"product_tag-burgunderfarbene-herren-leder-slipper","9":"product_tag-burgunderfarbene-herren-slipper","10":"product_tag-burgunderfarbene-herren-slipper-mit-metallbugeln","11":"product_tag-herren-burgunder-leder-hufeisen-slipper","12":"product_tag-herren-mokassins-aus-bordeauxfarbenem-leder-mit-metallischer-steigbugelverzierung","13":"product_tag-herren-mokassins-aus-bordeauxfarbenem-leder-mit-silbernen-steigbugeln","14":"product_tag-herren-mokassins-aus-burgunderfarbenem-leder-mit-metallic-applikation","15":"pa_talla-zapato-39-de","16":"pa_talla-zapato-40-de","17":"pa_talla-zapato-41-de","18":"pa_talla-zapato-42-de","19":"pa_talla-zapato-43-de","20":"pa_talla-zapato-44-de","21":"pa_talla-zapato-45-de","22":"pa_talla-zapato-46-de","24":"first","25":"instock","26":"sale","27":"taxable","28":"shipping-taxable","29":"purchasable","30":"product-type-variable"},"_links":{"self":[{"href":"https:\/\/www.beatnikshoes.com\/de\/wp-json\/wp\/v2\/product\/67334","targetHints":{"allow":["GET"]}}],"collection":[{"href":"https:\/\/www.beatnikshoes.com\/de\/wp-json\/wp\/v2\/product"}],"about":[{"href":"https:\/\/www.beatnikshoes.com\/de\/wp-json\/wp\/v2\/types\/product"}],"replies":[{"embeddable":true,"href":"https:\/\/www.beatnikshoes.com\/de\/wp-json\/wp\/v2\/comments?post=67334"}],"wp:featuredmedia":[{"embeddable":true,"href":"https:\/\/www.beatnikshoes.com\/de\/wp-json\/wp\/v2\/media\/69568"}],"wp:attachment":[{"href":"https:\/\/www.beatnikshoes.com\/de\/wp-json\/wp\/v2\/media?parent=67334"}],"wp:term":[{"taxonomy":"product_brand","embeddable":true,"href":"https:\/\/www.beatnikshoes.com\/de\/wp-json\/wp\/v2\/product_brand?post=67334"},{"taxonomy":"product_cat","embeddable":true,"href":"https:\/\/www.beatnikshoes.com\/de\/wp-json\/wp\/v2\/product_cat?post=67334"},{"taxonomy":"product_tag","embeddable":true,"href":"https:\/\/www.beatnikshoes.com\/de\/wp-json\/wp\/v2\/product_tag?post=67334"},{"taxonomy":"woo-feed-brand","embeddable":true,"href":"https:\/\/www.beatnikshoes.com\/de\/wp-json\/wp\/v2\/woo-feed-brand?post=67334"}],"curies":[{"name":"wp","href":"https:\/\/api.w.org\/{rel}","templated":true}]}}