{"id":65657,"date":"2024-05-31T11:41:56","date_gmt":"2024-05-31T09:41:56","guid":{"rendered":"https:\/\/www.beatnikshoes.com\/?post_type=product&#038;p=65657"},"modified":"2025-06-19T22:42:21","modified_gmt":"2025-06-19T20:42:21","slug":"mary-jane-blaue-damen-martha-blauer-schuh","status":"publish","type":"product","link":"https:\/\/www.beatnikshoes.com\/de\/handgefertigte-schuhe\/mary-jane-blaue-damen-martha-blauer-schuh\/","title":{"rendered":"Martha Blau Damen Mary Jane Schuh"},"content":{"rendered":"<h3>DAMENSCHUH MARY JANE BLAU BEATNIK MARTHA BLAU<\/h3>\n<p>Eines Ihrer Lieblingsmodelle der Beatniks ist die <strong>Mary Jane<\/strong>. In diesem Jahr pr\u00e4sentieren wir stolz unser neues Modell <strong>Martha Blue<\/strong> in Kobaltblau f\u00fcr Damen. Dieser <strong>Mary Jane Damenschuh<\/strong> ist die perfekte Wahl f\u00fcr alle, die ein Gleichgewicht aus Stil und Komfort suchen.<\/p>\n<p>Dieser Schuh aus hochwertigem Boscalf hat den klassischen Leisten, den wir bei all unseren bew\u00e4hrten Modellen verwendet haben. Ein bew\u00e4hrter Leisten, der unvergleichlichen Komfort garantiert und schon alle f\u00fcnf Kontinente bereist hat.<\/p>\n<p>Der <strong>Martha Blue<\/strong> ist ein klassisches Modell, das dank seines Designs zu einem eleganten und vornehmen <strong>Damen-Espadrille-Schuh<\/strong> wird. Mit einer Ledersohle in Kombination mit Spai-Injektion bietet er au\u00dfergew\u00f6hnlichen Komfort und unvergleichliche Haltbarkeit. Die Sohle aus echtem Leder sorgt f\u00fcr Strapazierf\u00e4higkeit, w\u00e4hrend das Innere mit weichem Leder f\u00fcr maximalen Komfort gef\u00fcttert ist.<\/p>\n<p>Dieser <strong>blaue Mary-Jane-Schuh<\/strong> ist nicht nur ein optisches Wunderwerk, sondern f\u00fchlt sich dank der hochwertigen Materialien, die f\u00fcr seine Konstruktion verwendet wurden, auch unglaublich bequem an. Der mit charmanten Tupfen verzierte Kn\u00f6chelriemen sorgt nicht nur f\u00fcr einen koketten und lustigen Touch, sondern auch f\u00fcr einen perfekten und sicheren Sitz.<\/p>\n<p>Wie bei allen unseren Modellen ist das f\u00fcr den <strong>Martha Blue<\/strong> verwendete Leder das weichste und geschmeidigste auf dem Markt und verleiht dem Design einen zus\u00e4tzlichen Touch von Komfort. Der kobaltblaue Farbton l\u00e4sst sich perfekt mit einer Vielzahl von Farben kombinieren, von neutralen bis hin zu kr\u00e4ftigeren T\u00f6nen, was diesen Schuh zu einem vielseitigen Modell f\u00fcr jede Gelegenheit macht.<\/p>\n<p>Das <strong>Martha Blue<\/strong> Design mit Brogue-Zehe verleiht ihm einen Hauch von klassischer Raffinesse. Dieses dekorative Detail, das ein Markenzeichen von <strong>Brogue-Schuhen<\/strong> ist, verleiht dem Schuh ein Element von Tradition und zeitlosem Stil. Die Kombination dieses klassischen Designs mit der leuchtenden kobaltblauen Farbe schafft einen faszinierenden Kontrast, der ein echter Blickfang ist.<\/p>\n<p>Die <strong>Martha Blue<\/strong> ist nicht nur perfekt f\u00fcr besondere Anl\u00e4sse, sondern kann auch eine ausgezeichnete Wahl f\u00fcr den Alltag sein. Sein Komfort und sein Stil machen ihn sowohl f\u00fcr formelle Anl\u00e4sse als auch f\u00fcr zwanglosere Situationen ideal. Stellen Sie sich vor, diese <strong>Mary Jane<\/strong> &#8217;s mit einem eleganten Kleid f\u00fcr eine besondere Dinnerparty oder mit Jeans und einer Bluse f\u00fcr einen l\u00e4ssigen Ausflug mit Freunden zu tragen. Die Vielseitigkeit dieses Schuhs erm\u00f6glicht es Ihnen, bei jeder Gelegenheit tadellos auszusehen.<\/p>\n<h3>EIN KLASSISCHER UND ELEGANTER SCHUH F\u00dcR ALLE GELEGENHEITEN<\/h3>\n<p>Aus all diesen Gr\u00fcnden ist die <strong>Martha Blue<\/strong> die perfekte Erg\u00e4nzung f\u00fcr Ihre Garderobe. Dieses Modell l\u00e4sst sich perfekt mit formellen Hosen, eleganten R\u00f6cken oder auch einem legeren Kleid kombinieren und verleiht jedem Outfit einen Hauch von Stil und Vornehmheit.<\/p>\n<p>Gepaart mit Jeans in jeder Farbe oder einem langen Rock verleiht die <strong>Martha Blue<\/strong> einen Hauch von Eleganz, ohne dabei an Komfort und klassischem Stil einzub\u00fc\u00dfen.<\/p>\n<p>Au\u00dferdem ist die <strong>Martha Blue<\/strong> ideal f\u00fcr die Arbeitsumgebung. Sein klassisches und raffiniertes Design, kombiniert mit dem au\u00dfergew\u00f6hnlichen Komfort seiner Ledersohle und der Spai-Injektion, machen ihn perfekt f\u00fcr lange Arbeitstage. Das Tupfenarmband verleiht Ihnen einen Hauch von Pers\u00f6nlichkeit und Originalit\u00e4t und l\u00e4sst Sie bei jedem Meeting oder Firmenevent stilvoll auffallen.<\/p>\n<p>Die Liebe zum Detail ist bei jedem Paar von <strong>Martha Blue<\/strong> offensichtlich. Von der Auswahl der Materialien bis hin zur Endverarbeitung ist jeder Schuh ein Kunstwerk, das die Hingabe und das Engagement von <strong>Beatnik Shoes<\/strong> f\u00fcr Qualit\u00e4t und Stil widerspiegelt. Dieses Modell ist nicht nur ein Beweis f\u00fcr unsere Tradition der Exzellenz, sondern auch f\u00fcr unsere F\u00e4higkeit, innovativ zu sein und Produkte anzubieten, die den Bed\u00fcrfnissen und Vorlieben unserer Kunden entsprechen.<\/p>\n<p>Verpassen Sie nicht die Gelegenheit, diese klassischen <strong>Martha Blue<\/strong> von <strong>Beatnik Shoes<\/strong> zu tragen. Bestellen Sie noch heute und bringen Sie Ihren Stil auf die n\u00e4chste Stufe. Wir warten auf Sie!<\/p>\n<p>Entdecken Sie Eleganz und Komfort vom Feinsten mit unserer <strong>blauen Mary Jane<\/strong>, <strong>Martha Blue<\/strong>. Mit diesem Schuh k\u00f6nnen Sie nicht nur bequem und sicher gehen, sondern f\u00fchlen sich auch bei jedem Schritt sicher und elegant. Warten Sie nicht l\u00e4nger und f\u00fcgen Sie dieses tolle Modell Ihrer Schuhsammlung hinzu. Mit <strong>Martha Blue<\/strong> ist jeder Tag eine Gelegenheit, zu gl\u00e4nzen und stilvoll aufzufallen.<\/p>\n","protected":false},"excerpt":{"rendered":"<h2>Handgefertigte mary jane blaue Schuhe<\/h2>\n<p>Au\u00dfenmaterial: kobaltblaues Kalbsleder<br \/>\nInnenfutter: Kalbsleder<br \/>\nSohlenmaterial: Gen\u00e4htes Leder plus eine Schicht aus rutschfestem Material<br \/>\nVerschluss: Schnallen<br \/>\nArt des Absatzes: Niedrig<\/p>\n","protected":false},"featured_media":70250,"comment_status":"open","ping_status":"closed","template":"","meta":[],"product_brand":[],"product_cat":[9530,9028],"product_tag":[11261,11260,11258,11259],"woo-feed-brand":[],"class_list":{"0":"post-65657","1":"product","2":"type-product","3":"status-publish","4":"has-post-thumbnail","6":"product_cat-schuh-mit-schnallen","7":"product_cat-schuhe-fur-frauen","8":"product_tag-damen-blaue-schuhe-mit-niedrigem-absatz","9":"product_tag-damenschuh-mit-blauer-schnalle","10":"product_tag-martha-blau","11":"product_tag-mary-jane-blaue-frau","12":"pa_talla-zapato-35-de","13":"pa_talla-zapato-36-de","14":"pa_talla-zapato-37-de","15":"pa_talla-zapato-38-de","16":"pa_talla-zapato-39-de","17":"pa_talla-zapato-40-de","18":"pa_talla-zapato-41-de","19":"pa_talla-zapato-42-de","21":"first","22":"instock","23":"sale","24":"taxable","25":"shipping-taxable","26":"purchasable","27":"product-type-variable"},"_links":{"self":[{"href":"https:\/\/www.beatnikshoes.com\/de\/wp-json\/wp\/v2\/product\/65657","targetHints":{"allow":["GET"]}}],"collection":[{"href":"https:\/\/www.beatnikshoes.com\/de\/wp-json\/wp\/v2\/product"}],"about":[{"href":"https:\/\/www.beatnikshoes.com\/de\/wp-json\/wp\/v2\/types\/product"}],"replies":[{"embeddable":true,"href":"https:\/\/www.beatnikshoes.com\/de\/wp-json\/wp\/v2\/comments?post=65657"}],"wp:featuredmedia":[{"embeddable":true,"href":"https:\/\/www.beatnikshoes.com\/de\/wp-json\/wp\/v2\/media\/70250"}],"wp:attachment":[{"href":"https:\/\/www.beatnikshoes.com\/de\/wp-json\/wp\/v2\/media?parent=65657"}],"wp:term":[{"taxonomy":"product_brand","embeddable":true,"href":"https:\/\/www.beatnikshoes.com\/de\/wp-json\/wp\/v2\/product_brand?post=65657"},{"taxonomy":"product_cat","embeddable":true,"href":"https:\/\/www.beatnikshoes.com\/de\/wp-json\/wp\/v2\/product_cat?post=65657"},{"taxonomy":"product_tag","embeddable":true,"href":"https:\/\/www.beatnikshoes.com\/de\/wp-json\/wp\/v2\/product_tag?post=65657"},{"taxonomy":"woo-feed-brand","embeddable":true,"href":"https:\/\/www.beatnikshoes.com\/de\/wp-json\/wp\/v2\/woo-feed-brand?post=65657"}],"curies":[{"name":"wp","href":"https:\/\/api.w.org\/{rel}","templated":true}]}}