{"id":65494,"date":"2024-05-28T12:56:24","date_gmt":"2024-05-28T10:56:24","guid":{"rendered":"https:\/\/www.beatnikshoes.com\/?post_type=product&#038;p=65494"},"modified":"2025-06-19T22:43:47","modified_gmt":"2025-06-19T20:43:47","slug":"red-jane-rouge-salon-schuh","status":"publish","type":"product","link":"https:\/\/www.beatnikshoes.com\/de\/handgefertigte-schuhe\/red-jane-rouge-salon-schuh\/","title":{"rendered":"Jane Rouge Rote Pumps"},"content":{"rendered":"<h2>Entdecken Sie die leidenschaftliche Eleganz mit unserem Jane Rouge Absatzschuh<\/h2>\n<p>Wir von <strong>Beatnik Shoes<\/strong> freuen uns, Ihnen das neueste und k\u00fchnste Mitglied unserer Kollektion vorstellen zu k\u00f6nnen: den Jane Rouge. Dieser schillernde <strong>rote<\/strong> Pumps wurde sorgf\u00e4ltig entworfen, um Leidenschaft und Stil in jeden Ihrer Schritte einzubringen.<\/p>\n<h3>Klassische Eleganz mit einem Hauch von K\u00fchnheit<\/h3>\n<p>Unsere Jane Rouge ist die perfekte Mischung aus klassischer Eleganz und modernem Stil. Der niedrige Absatz mit dem einteiligen Blatt und dem niedrigen Absatz bietet einen raffinierten und doch gewagten Look, der sicher alle Blicke auf sich zieht. Die Intensit\u00e4t der roten Farbe verleiht ihr einen Hauch von Dramatik und macht sie zum idealen Accessoire f\u00fcr alle, die bei jeder Gelegenheit auffallen m\u00f6chten.<\/p>\n<h3>Unerreichter Komfort den ganzen Tag<\/h3>\n<p>Trotz seines auff\u00e4lligen Aussehens muss der Jane Rouge nicht auf Komfort verzichten. Hergestellt aus den besten Materialien und mit der Sorgfalt, die uns auszeichnet, garantieren diese <strong>roten Ballerina-Pumps<\/strong> eine perfekte Passform und ein Gef\u00fchl von Komfort vom ersten Moment an. Das weiche Kalbsleder passt sich der Form des Fu\u00dfes an, w\u00e4hrend das gepolsterte Fu\u00dfbett und die rutschfeste Sohle den ganzen Tag \u00fcber Stabilit\u00e4t und Halt bieten.<\/p>\n<h3>Vielseitigkeit f\u00fcr jede Gelegenheit<\/h3>\n<p>Unser Jane Rouge ist ebenso vielseitig wie auff\u00e4llig. Vom B\u00fcro bis zum Abend in der Stadt, dieser <strong>rote flache Lounge-Schuh<\/strong> ist die perfekte Wahl f\u00fcr jede Gelegenheit. Kombinieren Sie es mit einem eleganten Anzug f\u00fcr einen professionellen Look, oder verwenden Sie es, um einem legeren Outfit einen Farbklecks zu verleihen. Was auch immer Ihr Stil ist, die Jane Rouge wird Ihnen helfen, sich selbstbewusst und stilvoll auszudr\u00fccken.<\/p>\n<h3>Schlie\u00dfen Sie sich der Stilrevolution mit Beatnik Schuhen an<\/h3>\n<p>Verpassen Sie nicht Ihre Chance, Teil der Stilrevolution zu werden mit dem Jane Rouge von Beatnik Shoes. Holen Sie sich Ihre und f\u00fcgen Sie Ihrer pers\u00f6nlichen Sammlung einen Hauch von Leidenschaft hinzu. Wie immer bei Beatnik Shoes ist es unser Ziel, Sie gl\u00fccklich zu machen, und dieser <strong>rote flache Lounge-Schuh<\/strong> ist das Mittel, um das zu erreichen.<\/p>\n<h3>Entdecken Sie weitere Optionen in unserer Kollektion<\/h3>\n<p>Neben den Jane Rouge umfasst unsere Kollektion auch elegante, hochhackige Kleidersandalen, wie unsere Fran\u00e7oise Clog-Sandalen. <a href=\"https:\/\/www.beatnikshoes.com\/de\/kollektion\/schuhe-fur-frauen\/cangrejeras-sandalen\/\"><br \/>\n  <strong>Fran\u00e7oise Krabben-Sandalen<\/strong><br \/>\n<\/a>perfekt f\u00fcr jede formelle Veranstaltung. Wenn Sie auf der Suche nach etwas Gewagterem sind, sind unsere <a href=\"https:\/\/www.beatnikshoes.com\/de\/kollektion\/schuhe-fur-frauen\/ballerinas-destalonadas\/\">Ballerina-Flats<\/a> der perfekte Weg, um aufzufallen. Und f\u00fcr einen Hauch von l\u00e4ssiger Raffinesse sollten Sie sich unsere <strong>roten Ballerina-Flats<\/strong> nicht entgehen lassen, die Komfort und Stil in einem Schritt kombinieren.<\/p>\n<p>Entdecken Sie alle unsere Optionen und finden Sie das perfekte Paar, das Ihren einzigartigen Stil erg\u00e4nzt. Bei Beatnik Shoes sind wir stets um Ihre Zufriedenheit und Ihren Stil bem\u00fcht.<\/p>\n","protected":false},"excerpt":{"rendered":"<h2>Jane Rouge rote Lederschuhe mit niedrigem Absatz handgefertigt in Spanien<\/h2>\n<p>Au\u00dfenmaterial: Rotes Kalbsleder<br \/>\nInnenfutter: Lila Rindsleder<br \/>\nSohlenmaterial: Rutschfestes Material<br \/>\nVerschluss: Schnallen<br \/>\nArt des Absatzes: niedrig<br \/>\nZusammensetzung: 100% Leder<\/p>\n","protected":false},"featured_media":65527,"comment_status":"open","ping_status":"closed","template":"","meta":[],"product_brand":[],"product_cat":[9147,10456,9028],"product_tag":[11284,11280,11282,11283,11281],"woo-feed-brand":[],"class_list":{"0":"post-65494","1":"product","2":"type-product","3":"status-publish","4":"has-post-thumbnail","6":"product_cat-auslass","7":"product_cat-ballerinas-destalonadas","8":"product_cat-schuhe-fur-frauen","9":"product_tag-beatnik-jane-rouge-niedrighackige-pumps","10":"product_tag-jane-rouge-de","11":"product_tag-jane-rouge-sandale-mit-absatz","12":"product_tag-jane-sandale-mit-rotem-absatz","13":"product_tag-rote-beatnik-jane-pumps","14":"pa_talla-zapato-36-de","15":"pa_talla-zapato-37-de","16":"pa_talla-zapato-38-de","17":"pa_talla-zapato-39-de","18":"pa_talla-zapato-40-de","19":"pa_talla-zapato-41-de","20":"pa_talla-zapato-42-de","22":"first","23":"instock","24":"sale","25":"taxable","26":"shipping-taxable","27":"purchasable","28":"product-type-variable"},"_links":{"self":[{"href":"https:\/\/www.beatnikshoes.com\/de\/wp-json\/wp\/v2\/product\/65494","targetHints":{"allow":["GET"]}}],"collection":[{"href":"https:\/\/www.beatnikshoes.com\/de\/wp-json\/wp\/v2\/product"}],"about":[{"href":"https:\/\/www.beatnikshoes.com\/de\/wp-json\/wp\/v2\/types\/product"}],"replies":[{"embeddable":true,"href":"https:\/\/www.beatnikshoes.com\/de\/wp-json\/wp\/v2\/comments?post=65494"}],"wp:featuredmedia":[{"embeddable":true,"href":"https:\/\/www.beatnikshoes.com\/de\/wp-json\/wp\/v2\/media\/65527"}],"wp:attachment":[{"href":"https:\/\/www.beatnikshoes.com\/de\/wp-json\/wp\/v2\/media?parent=65494"}],"wp:term":[{"taxonomy":"product_brand","embeddable":true,"href":"https:\/\/www.beatnikshoes.com\/de\/wp-json\/wp\/v2\/product_brand?post=65494"},{"taxonomy":"product_cat","embeddable":true,"href":"https:\/\/www.beatnikshoes.com\/de\/wp-json\/wp\/v2\/product_cat?post=65494"},{"taxonomy":"product_tag","embeddable":true,"href":"https:\/\/www.beatnikshoes.com\/de\/wp-json\/wp\/v2\/product_tag?post=65494"},{"taxonomy":"woo-feed-brand","embeddable":true,"href":"https:\/\/www.beatnikshoes.com\/de\/wp-json\/wp\/v2\/woo-feed-brand?post=65494"}],"curies":[{"name":"wp","href":"https:\/\/api.w.org\/{rel}","templated":true}]}}