{"id":62558,"date":"2023-10-11T12:00:43","date_gmt":"2023-10-11T10:00:43","guid":{"rendered":"https:\/\/www.beatnikshoes.com\/zapatos-hechos-a-mano\/herren-stiefel-braun-mit-schnueren-truman\/"},"modified":"2025-08-25T19:17:01","modified_gmt":"2025-08-25T17:17:01","slug":"herren-stiefel-braun-mit-schnueren-truman","status":"publish","type":"product","link":"https:\/\/www.beatnikshoes.com\/de\/handgefertigte-schuhe\/herren-stiefel-braun-mit-schnueren-truman\/","title":{"rendered":"Brauner Herren-Schn\u00fcrstiefel Truman"},"content":{"rendered":"<h2>TRUMAN BROWN HERREN-SCHN\u00dcRSTIEFEL. EINE ELEGANTE UND WARME OPTION F\u00dcR DIESE SAISON.<\/h2>\n<p>Dieser <strong>braune Herrenschn\u00fcrstiefel<\/strong> ist aus karamellbraunem Kalbsleder gefertigt. Ausgestattet mit einer rutschfesten <strong>technischen Sohle<\/strong> mit maximalem Grip bietet es seinem Tr\u00e4ger hohe funktionale Eleganz.<\/p>\n<p>Das Design dieses Stiefels kombiniert den Schnitt eines <strong>braunen Kampfstiefels f\u00fcr M\u00e4nner<\/strong> mit klassischen Details. Die Zehenkappe ist mit einer L\u00e4ngsnaht versehen, was zu einem sehr maskulinen <strong>braunen Cap Toe Stiefel<\/strong> f\u00fchrt. Perfekt f\u00fcr den Einsatz im Freien, denn die extrabreite technische Sohle h\u00e4lt K\u00e4lte, Hitze und Regen so weit wie m\u00f6glich vom Boden fern. So ist der Fu\u00df dank des nahezu nahtlosen, einteiligen Kalbslederfutters vor Witterungseinfl\u00fcssen gesch\u00fctzt. Der gesamte Kn\u00f6chel und Schaft wird durch die funktionelle Schn\u00fcrung gesch\u00fctzt, die eine perfekte und bequeme Passform an Bein und Rist erm\u00f6glicht.<\/p>\n<p>Ob in der Freizeit oder bei formellen Anl\u00e4ssen, es ist ein sicherer Hit. Und sie passt perfekt zu erdigen Farben, Pastellfarben und der ganzen Palette der Blaut\u00f6ne.<\/p>\n<p>Ein <strong>klassischer Schn\u00fcrstiefel aus braunem Leder f\u00fcr Herren<\/strong> mit einem Hauch von Stil.<\/p>\n","protected":false},"excerpt":{"rendered":"<h3>Brauner Herren-Schn\u00fcrstiefel, handgefertigt in Spanien<\/h3>\n<p>Obermaterial: Kalbsleder &#8211; Innenfutter: Kalbsleder<br \/>\nSohlenmaterial: Rutschfeste technische Sohle<br \/>\nVerschluss: Schn\u00fcrsenkel &#8211; Absatzart: niedriger Absatz<\/p>\n","protected":false},"featured_media":69886,"comment_status":"open","ping_status":"closed","template":"","meta":[],"product_brand":[],"product_cat":[9114,9355,9271],"product_tag":[],"woo-feed-brand":[],"class_list":{"0":"post-62558","1":"product","2":"type-product","3":"status-publish","4":"has-post-thumbnail","6":"product_cat-schuhe-fur-manner","7":"product_cat-schnurstiefel-de","8":"product_cat-stiefel","9":"pa_talla-zapato-39-de","10":"pa_talla-zapato-40-de","11":"pa_talla-zapato-41-de","12":"pa_talla-zapato-42-de","13":"pa_talla-zapato-43-de","14":"pa_talla-zapato-44-de","15":"pa_talla-zapato-45-de","16":"pa_talla-zapato-46-de","18":"first","19":"instock","20":"sale","21":"taxable","22":"shipping-taxable","23":"purchasable","24":"product-type-variable"},"_links":{"self":[{"href":"https:\/\/www.beatnikshoes.com\/de\/wp-json\/wp\/v2\/product\/62558","targetHints":{"allow":["GET"]}}],"collection":[{"href":"https:\/\/www.beatnikshoes.com\/de\/wp-json\/wp\/v2\/product"}],"about":[{"href":"https:\/\/www.beatnikshoes.com\/de\/wp-json\/wp\/v2\/types\/product"}],"replies":[{"embeddable":true,"href":"https:\/\/www.beatnikshoes.com\/de\/wp-json\/wp\/v2\/comments?post=62558"}],"wp:featuredmedia":[{"embeddable":true,"href":"https:\/\/www.beatnikshoes.com\/de\/wp-json\/wp\/v2\/media\/69886"}],"wp:attachment":[{"href":"https:\/\/www.beatnikshoes.com\/de\/wp-json\/wp\/v2\/media?parent=62558"}],"wp:term":[{"taxonomy":"product_brand","embeddable":true,"href":"https:\/\/www.beatnikshoes.com\/de\/wp-json\/wp\/v2\/product_brand?post=62558"},{"taxonomy":"product_cat","embeddable":true,"href":"https:\/\/www.beatnikshoes.com\/de\/wp-json\/wp\/v2\/product_cat?post=62558"},{"taxonomy":"product_tag","embeddable":true,"href":"https:\/\/www.beatnikshoes.com\/de\/wp-json\/wp\/v2\/product_tag?post=62558"},{"taxonomy":"woo-feed-brand","embeddable":true,"href":"https:\/\/www.beatnikshoes.com\/de\/wp-json\/wp\/v2\/woo-feed-brand?post=62558"}],"curies":[{"name":"wp","href":"https:\/\/api.w.org\/{rel}","templated":true}]}}