{"id":61375,"date":"2023-09-09T14:19:24","date_gmt":"2023-09-09T12:19:24","guid":{"rendered":"https:\/\/www.beatnikshoes.com\/?post_type=product&#038;p=61375"},"modified":"2025-08-25T19:59:12","modified_gmt":"2025-08-25T17:59:12","slug":"oxford-red-red-man-in-skin-holmes","status":"publish","type":"product","link":"https:\/\/www.beatnikshoes.com\/de\/handgefertigte-schuhe\/oxford-red-red-man-in-skin-holmes\/","title":{"rendered":"Holmes Herren Oxford aus rotem Leder"},"content":{"rendered":"<h2>ANDERS ZU SEIN, IST F\u00dcR DICH EINFACH<\/h2>\n<p>Der <strong>Herren-Oxford aus rotem Leder <\/strong>ist der zeitlose und zeitlose Luxus unter den <strong>burgunderroten Schn\u00fcrschuhen<\/strong>. Und ein guter Ausgangspunkt, wenn Sie einen klassischen Kontrapunkt suchen. Vor allem mit seinem <strong>dunklen Burgunderwein-Ton<\/strong>, innerhalb eines modernen und gewagten Outfits. Gleichzeitig verleiht ein roter Oxford der klassischen Arbeitskleidung einen dezenten Farbakzent.<\/p>\n<p>Handgefertigt in Spanien aus bordeauxfarbenem Leder, gef\u00fcttert mit Leder, mit gen\u00e4hter Ledersohle und rutschfester Schicht. Dieser <strong>rote Herrenschuh im Oxford-Stil<\/strong> ist ein unverzichtbarer Bestandteil der Herrengarderobe. Dies ist ein klassischer Brogue-Schuh mit voller Fl\u00fcgelspitze, aber der Hauch von Rot verleiht ihm einen viel moderneren Akzent. Daher tr\u00e4gt er blaue und graue Farben perfekt und im B\u00fcrokontext in vollen Anz\u00fcgen.<\/p>\n<p>Dar\u00fcber hinaus sch\u00fctzt das Vollnarbenleder seinen Besitzer perfekt vor schlechtem Wetter und m\u00f6glichem Regen und bietet einen stilvollen Mantel f\u00fcr die k\u00e4lteren Jahreszeiten.<\/p>\n<p>Sie sind eine sehr vielseitige Option, die mit allen strengen und formellen \u00c4sthetiken kombiniert werden kann. Andererseits passen sie perfekt in jede andere, entspanntere Umgebung.<\/p>\n","protected":false},"excerpt":{"rendered":"<h2>Handgefertigter Leder-Oxford aus Spanien<\/h2>\n<p>Obermaterial: Bordeauxfarbenes, genarbtes Leder<br \/>\nInnenfutter: Burgunderfarbenes Rindsleder<br \/>\nSohlenmaterial: Gen\u00e4htes echtes Leder plus eine d\u00fcnne eingespritzte Anti-Rutsch-Schicht<br \/>\nVerschluss: Schn\u00fcrsenkel<br \/>\nArt des Absatzes: Niedrig<\/p>\n","protected":false},"featured_media":53106,"comment_status":"open","ping_status":"closed","template":"","meta":[],"product_brand":[11790],"product_cat":[9123,9114],"product_tag":[],"woo-feed-brand":[],"class_list":{"0":"post-61375","1":"product","2":"type-product","3":"status-publish","4":"has-post-thumbnail","6":"product_brand-beatnik-shoes-de","7":"product_cat-oxford-schuhe-fur-manner","8":"product_cat-schuhe-fur-manner","9":"pa_talla-zapato-39-de","10":"pa_talla-zapato-40-de","11":"pa_talla-zapato-41-de","12":"pa_talla-zapato-42-de","13":"pa_talla-zapato-43-de","14":"pa_talla-zapato-44-de","15":"pa_talla-zapato-45-de","16":"pa_talla-zapato-46-de","18":"first","19":"instock","20":"sale","21":"taxable","22":"shipping-taxable","23":"purchasable","24":"product-type-variable"},"_links":{"self":[{"href":"https:\/\/www.beatnikshoes.com\/de\/wp-json\/wp\/v2\/product\/61375","targetHints":{"allow":["GET"]}}],"collection":[{"href":"https:\/\/www.beatnikshoes.com\/de\/wp-json\/wp\/v2\/product"}],"about":[{"href":"https:\/\/www.beatnikshoes.com\/de\/wp-json\/wp\/v2\/types\/product"}],"replies":[{"embeddable":true,"href":"https:\/\/www.beatnikshoes.com\/de\/wp-json\/wp\/v2\/comments?post=61375"}],"wp:featuredmedia":[{"embeddable":true,"href":"https:\/\/www.beatnikshoes.com\/de\/wp-json\/wp\/v2\/media\/53106"}],"wp:attachment":[{"href":"https:\/\/www.beatnikshoes.com\/de\/wp-json\/wp\/v2\/media?parent=61375"}],"wp:term":[{"taxonomy":"product_brand","embeddable":true,"href":"https:\/\/www.beatnikshoes.com\/de\/wp-json\/wp\/v2\/product_brand?post=61375"},{"taxonomy":"product_cat","embeddable":true,"href":"https:\/\/www.beatnikshoes.com\/de\/wp-json\/wp\/v2\/product_cat?post=61375"},{"taxonomy":"product_tag","embeddable":true,"href":"https:\/\/www.beatnikshoes.com\/de\/wp-json\/wp\/v2\/product_tag?post=61375"},{"taxonomy":"woo-feed-brand","embeddable":true,"href":"https:\/\/www.beatnikshoes.com\/de\/wp-json\/wp\/v2\/woo-feed-brand?post=61375"}],"curies":[{"name":"wp","href":"https:\/\/api.w.org\/{rel}","templated":true}]}}