{"id":61348,"date":"2023-01-19T14:31:06","date_gmt":"2023-01-19T13:31:06","guid":{"rendered":"https:\/\/www.beatnikshoes.com\/?post_type=product&#038;p=61348"},"modified":"2025-08-25T22:49:38","modified_gmt":"2025-08-25T20:49:38","slug":"herren-oxford-schwarz-schuh-kaufman","status":"publish","type":"product","link":"https:\/\/www.beatnikshoes.com\/de\/handgefertigte-schuhe\/herren-oxford-schwarz-schuh-kaufman\/","title":{"rendered":"Schwarzer Herrenschuh aus Leder von Kaufman"},"content":{"rendered":"<h2>DER SCHWARZE OXFORD F\u00dcR M\u00c4NNER AUS LEDER. DER ZEITLOSE KLASSIKER<\/h2>\n<p>Die Suche nach einem guten Paar <strong>schwarzer Anzugschuhe<\/strong>, die nicht nur seri\u00f6s sind, kann sich oft als schwierig erweisen. Unser schwarzer Semi-Brogue-Oxford-Schuh f\u00fcr Herren ist ein guter Ausgangspunkt, wenn Sie ein klassisches Element suchen, das zu einem modernen und ausgefallenen Outfit passt.<\/p>\n<p>Diese <strong>schwarzen Herrenschuhe im Oxford-Stil<\/strong>, die in Spanien aus dem weichsten Kalbsleder auf dem Markt handgefertigt werden, sind mit einem Volllederfutter und einer gen\u00e4hten Sohle aus echtem Leder eine fantastische Wahl f\u00fcr einen formellen Schuh.<\/p>\n<p>Dieses Modell w\u00e4re aufgrund seiner Verzierung ein Oxford-Legat. Sein Schaft ist runder als bei den anderen Oxfords unserer Kollektion. Dies und die Schlichtheit der Verzierung mit nur wenigen Details auf der Zehenkappe machen ihn zu einem klassischen Schuh f\u00fcr Feierlichkeiten, Hochzeiten und Feste. Und nat\u00fcrlich als <strong>schwarzer Herrenschn\u00fcrschuh<\/strong> f\u00fcr das B\u00fcroumfeld. Tadellos in einem kompletten Anzug.<\/p>\n<p>Sie sind ein sehr vielseitiger und diskreter Vorschlag, der Eleganz und formale \u00c4sthetik garantiert.<\/p>\n<p>Finden Sie nicht auch, dass oft die einfachsten Dinge die sch\u00f6nsten sind?<\/p>\n","protected":false},"excerpt":{"rendered":"<h2>In Spanien handgefertigte Lederschuhe<\/h2>\n<p>Obermaterial: Kalbsleder<br \/>\nBeschichtung: Violettes Rindsleder<br \/>\nSohlenmaterial: Echtes gen\u00e4htes Leder plus eine d\u00fcnne eingespritzte Anti-Rutsch-Schicht<br \/>\nVerschluss: Schn\u00fcrsenkel<br \/>\nArt des Absatzes: Niedrig<\/p>\n","protected":false},"featured_media":52764,"comment_status":"open","ping_status":"closed","template":"","meta":[],"product_brand":[11790],"product_cat":[9147],"product_tag":[],"woo-feed-brand":[],"class_list":{"0":"post-61348","1":"product","2":"type-product","3":"status-publish","4":"has-post-thumbnail","6":"product_brand-beatnik-shoes-de","7":"product_cat-auslass","8":"pa_talla-zapato-39-de","9":"pa_talla-zapato-40-de","10":"pa_talla-zapato-41-de","11":"pa_talla-zapato-42-de","12":"pa_talla-zapato-43-de","13":"pa_talla-zapato-44-de","14":"pa_talla-zapato-45-de","15":"pa_talla-zapato-46-de","17":"first","18":"instock","19":"sale","20":"taxable","21":"shipping-taxable","22":"purchasable","23":"product-type-variable"},"_links":{"self":[{"href":"https:\/\/www.beatnikshoes.com\/de\/wp-json\/wp\/v2\/product\/61348","targetHints":{"allow":["GET"]}}],"collection":[{"href":"https:\/\/www.beatnikshoes.com\/de\/wp-json\/wp\/v2\/product"}],"about":[{"href":"https:\/\/www.beatnikshoes.com\/de\/wp-json\/wp\/v2\/types\/product"}],"replies":[{"embeddable":true,"href":"https:\/\/www.beatnikshoes.com\/de\/wp-json\/wp\/v2\/comments?post=61348"}],"wp:featuredmedia":[{"embeddable":true,"href":"https:\/\/www.beatnikshoes.com\/de\/wp-json\/wp\/v2\/media\/52764"}],"wp:attachment":[{"href":"https:\/\/www.beatnikshoes.com\/de\/wp-json\/wp\/v2\/media?parent=61348"}],"wp:term":[{"taxonomy":"product_brand","embeddable":true,"href":"https:\/\/www.beatnikshoes.com\/de\/wp-json\/wp\/v2\/product_brand?post=61348"},{"taxonomy":"product_cat","embeddable":true,"href":"https:\/\/www.beatnikshoes.com\/de\/wp-json\/wp\/v2\/product_cat?post=61348"},{"taxonomy":"product_tag","embeddable":true,"href":"https:\/\/www.beatnikshoes.com\/de\/wp-json\/wp\/v2\/product_tag?post=61348"},{"taxonomy":"woo-feed-brand","embeddable":true,"href":"https:\/\/www.beatnikshoes.com\/de\/wp-json\/wp\/v2\/woo-feed-brand?post=61348"}],"curies":[{"name":"wp","href":"https:\/\/api.w.org\/{rel}","templated":true}]}}