{"id":61321,"date":"2023-12-15T19:03:29","date_gmt":"2023-12-15T18:03:29","guid":{"rendered":"https:\/\/www.beatnikshoes.com\/?post_type=product&#038;p=61321"},"modified":"2025-08-25T14:20:22","modified_gmt":"2025-08-25T12:20:22","slug":"oxford-schwarz-leder-schwarz-fuer-herren-miller","status":"publish","type":"product","link":"https:\/\/www.beatnikshoes.com\/de\/handgefertigte-schuhe\/oxford-schwarz-leder-schwarz-fuer-herren-miller\/","title":{"rendered":"Miller Herren Leder schwarz oxford"},"content":{"rendered":"<h2>DER ULTIMATIVE SCHWARZE LEDER-OXFORD F\u00dcR ZEREMONIEN<\/h2>\n<p>Unser <strong>schwarzer Oxford-Schuh<\/strong> Miller ist ein Must-Have f\u00fcr formelle und protokollarische Anl\u00e4sse von gro\u00dfer Bedeutung. Er hat eine schlanke, schlichte Silhouette mit einer eleganten <strong>Kappe<\/strong> und feinen N\u00e4hten, die seine Raffinesse unterstreichen.<\/p>\n<p>Dieser Schuh wurde sorgf\u00e4ltig entworfen, um bei einer Vielzahl von Anl\u00e4ssen hervorzustechen, was ihn zum perfekten Begleiter f\u00fcr Ihren <strong>Hochzeitstag<\/strong> macht. Durch seine Vielseitigkeit eignet er sich au\u00dferdem ideal f\u00fcr seri\u00f6se Arbeitsumgebungen und ist damit die ideale Erg\u00e4nzung zu kompletten Anz\u00fcgen und repr\u00e4sentativen B\u00fcrosituationen.<\/p>\n<p>Dieser <strong>schwarze Herren-Oxford-Schuh<\/strong> aus glattem Kalbsleder verf\u00fcgt \u00fcber ein Innenfutter aus Rindsleder, eine gen\u00e4hte Sohle aus echtem Leder und eine rutschfeste Beschichtung, um in jeder Situation einen sicheren und bequemen Sitz zu gew\u00e4hrleisten.<\/p>\n<p>Kurzum, der <strong>schwarze Oxford<\/strong> von Miller steht f\u00fcr Seriosit\u00e4t, Klassik und zeitlose Eleganz und ist damit eine tadellose Wahl f\u00fcr alle, die bei jeder Gelegenheit stilvoll auffallen wollen.<\/p>\n","protected":false},"excerpt":{"rendered":"<h2>Schwarze Leder-Oxford-Schuhe, handgefertigt in Spanien<\/h2>\n<p>Obermaterial: Kalbsleder<br \/>\nInnenfutter: Lila Rindsleder<br \/>\nSohlenmaterial: Gen\u00e4htes Leder plus eine d\u00fcnne, eingespritzte Anti-Rutsch-Schicht<br \/>\nVerschluss: Schn\u00fcrsenkel<br \/>\nArt des Absatzes: Niedrig<\/p>\n","protected":false},"featured_media":76222,"comment_status":"open","ping_status":"closed","template":"","meta":[],"product_brand":[11790],"product_cat":[9114,9123],"product_tag":[],"woo-feed-brand":[],"class_list":{"0":"post-61321","1":"product","2":"type-product","3":"status-publish","4":"has-post-thumbnail","6":"product_brand-beatnik-shoes-de","7":"product_cat-schuhe-fur-manner","8":"product_cat-oxford-schuhe-fur-manner","9":"pa_talla-zapato-39-de","10":"pa_talla-zapato-40-de","11":"pa_talla-zapato-41-de","12":"pa_talla-zapato-42-de","13":"pa_talla-zapato-43-de","14":"pa_talla-zapato-44-de","15":"pa_talla-zapato-45-de","16":"pa_talla-zapato-46-de","18":"first","19":"instock","20":"sale","21":"taxable","22":"shipping-taxable","23":"purchasable","24":"product-type-variable"},"_links":{"self":[{"href":"https:\/\/www.beatnikshoes.com\/de\/wp-json\/wp\/v2\/product\/61321","targetHints":{"allow":["GET"]}}],"collection":[{"href":"https:\/\/www.beatnikshoes.com\/de\/wp-json\/wp\/v2\/product"}],"about":[{"href":"https:\/\/www.beatnikshoes.com\/de\/wp-json\/wp\/v2\/types\/product"}],"replies":[{"embeddable":true,"href":"https:\/\/www.beatnikshoes.com\/de\/wp-json\/wp\/v2\/comments?post=61321"}],"wp:featuredmedia":[{"embeddable":true,"href":"https:\/\/www.beatnikshoes.com\/de\/wp-json\/wp\/v2\/media\/76222"}],"wp:attachment":[{"href":"https:\/\/www.beatnikshoes.com\/de\/wp-json\/wp\/v2\/media?parent=61321"}],"wp:term":[{"taxonomy":"product_brand","embeddable":true,"href":"https:\/\/www.beatnikshoes.com\/de\/wp-json\/wp\/v2\/product_brand?post=61321"},{"taxonomy":"product_cat","embeddable":true,"href":"https:\/\/www.beatnikshoes.com\/de\/wp-json\/wp\/v2\/product_cat?post=61321"},{"taxonomy":"product_tag","embeddable":true,"href":"https:\/\/www.beatnikshoes.com\/de\/wp-json\/wp\/v2\/product_tag?post=61321"},{"taxonomy":"woo-feed-brand","embeddable":true,"href":"https:\/\/www.beatnikshoes.com\/de\/wp-json\/wp\/v2\/woo-feed-brand?post=61321"}],"curies":[{"name":"wp","href":"https:\/\/api.w.org\/{rel}","templated":true}]}}