{"id":61293,"date":"2023-12-02T13:31:13","date_gmt":"2023-12-02T12:31:13","guid":{"rendered":"https:\/\/www.beatnikshoes.com\/?post_type=product&#038;p=61293"},"modified":"2025-12-06T14:24:50","modified_gmt":"2025-12-06T13:24:50","slug":"schuh-oxford-schwarz-mann-holmes-tiefschwarz","status":"publish","type":"product","link":"https:\/\/www.beatnikshoes.com\/de\/handgefertigte-schuhe\/schuh-oxford-schwarz-mann-holmes-tiefschwarz\/","title":{"rendered":"Holmes Deep Black Herren-Oxfords"},"content":{"rendered":"<h2>DER SCHWARZE GRUND-OXFORD F\u00dcR DIE GARDEROBE EINES JEDEN MANNES<\/h2>\n<p>Eines der beliebtesten Modelle unserer Kunden, jetzt in der klassischsten Farbe, unser <strong>Holmes Deep Black Herren-Oxford-Schuh<\/strong>.<\/p>\n<p>F\u00fcr unseren <strong>schwarzen Herren-Oxford<\/strong> haben wir uns f\u00fcr die Verwendung von echtem Vollnarbenleder entschieden, um einen unvergleichlichen Klassizismus zu gew\u00e4hrleisten. Diese Wahl verleiht dem Schuh einen dezenten Glanz, der seine klassische Silhouette unterstreicht.<\/p>\n<p>Der <strong>schwarze Oxford-Schuh<\/strong> f\u00fcr Herren, handgefertigt in Spanien, ist ideal f\u00fcr jeden Anlass. Durch seine Vielseitigkeit ist er die perfekte Erg\u00e4nzung zur B\u00fcrokleidung w\u00e4hrend der Arbeitswoche, aber auch zu legerer Kleidung in der Freizeit.<\/p>\n<p>Dank des vollnarbigen Leders und des Innenfutters aus Rindsleder bieten diese Schuhe eine vollst\u00e4ndige Isolierung f\u00fcr die F\u00fc\u00dfe. Dar\u00fcber hinaus haben wir eine zus\u00e4tzliche Ledersohle f\u00fcr zus\u00e4tzlichen Schutz gegen K\u00e4lte, Hitze und Feuchtigkeit hinzugef\u00fcgt, unabh\u00e4ngig von den Wetterbedingungen drau\u00dfen.<\/p>\n<p>Der verwendete Leisten garantiert einen au\u00dfergew\u00f6hnlichen Tragekomfort und die Qualit\u00e4t der Materialien und die Verarbeitung sorgen daf\u00fcr, dass Sie lange Freude an den <strong>eleganten und edlen schwarzen Herren<\/strong>-Schn\u00fcrschuhen haben.<\/p>\n","protected":false},"excerpt":{"rendered":"<h2>Schwarze Oxford-Schuhe, handgefertigt in Spanien<\/h2>\n<p>\u00c4u\u00dferes Material: Genarbtes Leder<br \/>\nInnenfutter: Lila Rindsleder<br \/>\nSohlenmaterial: Echtes Leder plus eine d\u00fcnne eingespritzte Anti-Rutsch-Schicht<br \/>\nVerschluss: Schn\u00fcrsenkel<br \/>\nArt des Absatzes: Niedrig<\/p>\n","protected":false},"featured_media":73211,"comment_status":"open","ping_status":"closed","template":"","meta":[],"product_brand":[],"product_cat":[9114,9123],"product_tag":[],"woo-feed-brand":[],"class_list":{"0":"post-61293","1":"product","2":"type-product","3":"status-publish","4":"has-post-thumbnail","6":"product_cat-schuhe-fur-manner","7":"product_cat-oxford-schuhe-fur-manner","8":"pa_talla-zapato-39-de","9":"pa_talla-zapato-40-de","10":"pa_talla-zapato-41-de","11":"pa_talla-zapato-42-de","12":"pa_talla-zapato-43-de","13":"pa_talla-zapato-44-de","14":"pa_talla-zapato-45-de","15":"pa_talla-zapato-46-de","17":"first","18":"instock","19":"sale","20":"taxable","21":"shipping-taxable","22":"purchasable","23":"product-type-variable"},"_links":{"self":[{"href":"https:\/\/www.beatnikshoes.com\/de\/wp-json\/wp\/v2\/product\/61293","targetHints":{"allow":["GET"]}}],"collection":[{"href":"https:\/\/www.beatnikshoes.com\/de\/wp-json\/wp\/v2\/product"}],"about":[{"href":"https:\/\/www.beatnikshoes.com\/de\/wp-json\/wp\/v2\/types\/product"}],"replies":[{"embeddable":true,"href":"https:\/\/www.beatnikshoes.com\/de\/wp-json\/wp\/v2\/comments?post=61293"}],"wp:featuredmedia":[{"embeddable":true,"href":"https:\/\/www.beatnikshoes.com\/de\/wp-json\/wp\/v2\/media\/73211"}],"wp:attachment":[{"href":"https:\/\/www.beatnikshoes.com\/de\/wp-json\/wp\/v2\/media?parent=61293"}],"wp:term":[{"taxonomy":"product_brand","embeddable":true,"href":"https:\/\/www.beatnikshoes.com\/de\/wp-json\/wp\/v2\/product_brand?post=61293"},{"taxonomy":"product_cat","embeddable":true,"href":"https:\/\/www.beatnikshoes.com\/de\/wp-json\/wp\/v2\/product_cat?post=61293"},{"taxonomy":"product_tag","embeddable":true,"href":"https:\/\/www.beatnikshoes.com\/de\/wp-json\/wp\/v2\/product_tag?post=61293"},{"taxonomy":"woo-feed-brand","embeddable":true,"href":"https:\/\/www.beatnikshoes.com\/de\/wp-json\/wp\/v2\/woo-feed-brand?post=61293"}],"curies":[{"name":"wp","href":"https:\/\/api.w.org\/{rel}","templated":true}]}}