{"id":61266,"date":"2017-06-09T13:05:10","date_gmt":"2017-06-09T11:05:10","guid":{"rendered":"https:\/\/www.beatnikshoes.com\/?post_type=product&#038;p=61266"},"modified":"2026-03-15T22:07:51","modified_gmt":"2026-03-15T21:07:51","slug":"oxford-bicolour-brown-and-beige-of-man-holmes","status":"publish","type":"product","link":"https:\/\/www.beatnikshoes.com\/de\/handgefertigte-schuhe\/oxford-bicolour-brown-and-beige-of-man-holmes\/","title":{"rendered":"Holmes zweifarbiger Herren Oxford in Braun und Beige"},"content":{"rendered":"<h2>DER ZWEIFARBIGE OXFORD F\u00dcR M\u00c4NNER MIT DER TADELLOSEN KOMBINATION<\/h2>\n<p>Wenn der Sommer kommt, k\u00f6nnen wir auf den Stra\u00dfen sehen, wie die Farben der Saison auch in die Kleiderschr\u00e4nke der Menschen einziehen. Im Gegensatz zu den dunklen Paletten, die im Winter vorherrschen, k\u00f6nnen wir in den w\u00e4rmeren Jahreszeiten eine viel gr\u00f6\u00dfere Farbvielfalt bewundern.<\/p>\n<p>Vor diesem Hintergrund haben wir einen <strong>Schuh im Oxford-Stil in zwei klassischen Farben <\/strong>aus dem weichsten Kalbsleder auf dem Markt entworfen. Dies ist eine perfekte Farbkombination aus Braun und Beige. Es ist auch ein Schuh, der uns einige Jahrzehnte zur\u00fcckversetzt. Zu Zeiten, als er sich mit der Eleganz eines Dandys im Sommer kleidete. Diese Kombination passte schon immer perfekt zu fast allen Farben.<\/p>\n<p>Von Chinos in allen Erd- und Pastellfarben \u00fcber Jeans bis hin zum formellen Anzug &#8211; Ihr Tr\u00e4ger ist immer perfekt gekleidet. Der gesamte <strong>Herren-Oxford aus zweifarbigem braunem Leder<\/strong> ist mit Rindsleder gef\u00fcttert und der Schaftrand ist aus Kalbsleder. So sind Weichheit, Flexibilit\u00e4t und Komfort garantiert. Als letztes Detail sind sie mit einer doppelten Schn\u00fcrung in Beige und Braun versehen, so dass Sie sie nach Belieben kombinieren k\u00f6nnen.<\/p>\n<p>Dieser zweifarbige Herren-Oxford in Braun und Beige kleidet den Mann von heute mit dem Besten von gestern.<\/p>\n","protected":false},"excerpt":{"rendered":"<h2>Handgefertigter zweifarbiger Oxford-Schuh<\/h2>\n<p>Obermaterial: Kalbsleder<br \/>\nInnenfutter: Lila Rindsleder<br \/>\nSohlenmaterial: Echtes Leder plus eine d\u00fcnne Anti-Rutsch-Schicht<br \/>\nVerschluss: Schn\u00fcrsenkel<br \/>\nArt des Absatzes: Niedrig<\/p>\n","protected":false},"featured_media":70581,"comment_status":"open","ping_status":"closed","template":"","meta":[],"product_brand":[11790],"product_cat":[9114,9123,9148],"product_tag":[],"woo-feed-brand":[],"class_list":{"0":"post-61266","1":"product","2":"type-product","3":"status-publish","4":"has-post-thumbnail","6":"product_brand-beatnik-shoes-de","7":"product_cat-schuhe-fur-manner","8":"product_cat-oxford-schuhe-fur-manner","9":"product_cat-zweifarbige-schuhe-fur-manner","10":"pa_talla-zapato-39-de","11":"pa_talla-zapato-40-de","12":"pa_talla-zapato-41-de","13":"pa_talla-zapato-42-de","14":"pa_talla-zapato-43-de","15":"pa_talla-zapato-44-de","16":"pa_talla-zapato-45-de","17":"pa_talla-zapato-46-de","19":"first","20":"instock","21":"sale","22":"taxable","23":"shipping-taxable","24":"purchasable","25":"product-type-variable"},"_links":{"self":[{"href":"https:\/\/www.beatnikshoes.com\/de\/wp-json\/wp\/v2\/product\/61266","targetHints":{"allow":["GET"]}}],"collection":[{"href":"https:\/\/www.beatnikshoes.com\/de\/wp-json\/wp\/v2\/product"}],"about":[{"href":"https:\/\/www.beatnikshoes.com\/de\/wp-json\/wp\/v2\/types\/product"}],"replies":[{"embeddable":true,"href":"https:\/\/www.beatnikshoes.com\/de\/wp-json\/wp\/v2\/comments?post=61266"}],"wp:featuredmedia":[{"embeddable":true,"href":"https:\/\/www.beatnikshoes.com\/de\/wp-json\/wp\/v2\/media\/70581"}],"wp:attachment":[{"href":"https:\/\/www.beatnikshoes.com\/de\/wp-json\/wp\/v2\/media?parent=61266"}],"wp:term":[{"taxonomy":"product_brand","embeddable":true,"href":"https:\/\/www.beatnikshoes.com\/de\/wp-json\/wp\/v2\/product_brand?post=61266"},{"taxonomy":"product_cat","embeddable":true,"href":"https:\/\/www.beatnikshoes.com\/de\/wp-json\/wp\/v2\/product_cat?post=61266"},{"taxonomy":"product_tag","embeddable":true,"href":"https:\/\/www.beatnikshoes.com\/de\/wp-json\/wp\/v2\/product_tag?post=61266"},{"taxonomy":"woo-feed-brand","embeddable":true,"href":"https:\/\/www.beatnikshoes.com\/de\/wp-json\/wp\/v2\/woo-feed-brand?post=61266"}],"curies":[{"name":"wp","href":"https:\/\/api.w.org\/{rel}","templated":true}]}}