{"id":61239,"date":"2018-04-24T13:05:46","date_gmt":"2018-04-24T11:05:46","guid":{"rendered":"https:\/\/www.beatnikshoes.com\/?post_type=product&#038;p=61239"},"modified":"2025-08-27T21:42:02","modified_gmt":"2025-08-27T19:42:02","slug":"oxford-schuhe-fuer-maenner-leder-braun-miller-braun","status":"publish","type":"product","link":"https:\/\/www.beatnikshoes.com\/de\/handgefertigte-schuhe\/oxford-schuhe-fuer-maenner-leder-braun-miller-braun\/","title":{"rendered":"Miller Herren Leder Oxford braun"},"content":{"rendered":"<h2>MASKULINER KLASSIZISMUS MIT EINEM SPRITZER FARBE<\/h2>\n<p>Die Kombination eines klassischen und eleganten Leistens mit einer dezenten braunen Farbe ist unwiderstehlich. Die schlichten Linien unseres braunen <strong>Oxford-Kappenschuhs<\/strong> aus Kalbsleder lassen sich leicht mit jeder Farbpalette kombinieren. Er l\u00e4sst sich gut mit Anz\u00fcgen oder Sakkos in k\u00fchlen Farben wie Grau oder mit der gesamten Palette der Blaut\u00f6ne kombinieren, wobei er besonders elegant mit marineblauen T\u00f6nen wirkt. Und nat\u00fcrlich passt er perfekt zu der ganzen Palette der Pastell- und Erdfarben.<\/p>\n<p>Die Kombination des <strong>braunen Miller Oxford Schuhs<\/strong> mit einem blau-grau gestreiften Anzug ist perfekt. Gleichzeitig kann er mit einer Chinohose nicht eleganter und leichter zu tragen sein.<\/p>\n<p>Das dunkle Braun seines fast matten Rindsleders sorgt f\u00fcr eine Farbnuance, die einerseits die dunklen T\u00f6ne eines dunklen Anzugs abmildert und andererseits Kombinationsm\u00f6glichkeiten mit anderen, fr\u00fchlingshafteren T\u00f6nen bietet. Gleichzeitig ist es ein Modell, das auch in zwangloseren Situationen und sogar in der Freizeit funktioniert.<\/p>\n<p>Die klassische Linienf\u00fchrung des Obermaterials dieses <strong>braunen Herren-Oxford-Schuhs<\/strong> im typisch britischen Stil, kombiniert mit dem zur\u00fcckhaltenden Design, bringt die Qualit\u00e4t des Kalbsleders, aus dem er gefertigt ist, voll zur Geltung. Das Innere ist vollst\u00e4ndig mit violettem Kalbsleder ausgekleidet. Die Sohle besteht aus echtem Leder, das nach der traditionellen Blake-Methode gen\u00e4ht wurde, und eine zus\u00e4tzliche Schicht aus rutschfestem Sp\u00e1i wurde zur Isolierung der Sohle hinzugef\u00fcgt. Alles f\u00fcr h\u00f6chsten Komfort und zeitlose Eleganz.<\/p>\n","protected":false},"excerpt":{"rendered":"<h2>Brauner Herren-Oxford aus Leder, handgefertigt in Spanien<\/h2>\n<p>Obermaterial: braunes Kalbsleder<br \/>\nInnenfutter: Lila Rindsleder<br \/>\nSohlenmaterial: Echtes gen\u00e4htes Leder und rutschfester Spatel<br \/>\nVerschluss: Schn\u00fcrsenkel<br \/>\nArt des Absatzes: Niedrig<\/p>\n","protected":false},"featured_media":70564,"comment_status":"open","ping_status":"closed","template":"","meta":[],"product_brand":[],"product_cat":[9123,9114],"product_tag":[],"woo-feed-brand":[],"class_list":{"0":"post-61239","1":"product","2":"type-product","3":"status-publish","4":"has-post-thumbnail","6":"product_cat-oxford-schuhe-fur-manner","7":"product_cat-schuhe-fur-manner","8":"pa_talla-zapato-39-de","9":"pa_talla-zapato-40-de","10":"pa_talla-zapato-41-de","11":"pa_talla-zapato-42-de","12":"pa_talla-zapato-43-de","13":"pa_talla-zapato-44-de","14":"pa_talla-zapato-45-de","15":"pa_talla-zapato-46-de","17":"first","18":"instock","19":"sale","20":"taxable","21":"shipping-taxable","22":"purchasable","23":"product-type-variable"},"_links":{"self":[{"href":"https:\/\/www.beatnikshoes.com\/de\/wp-json\/wp\/v2\/product\/61239","targetHints":{"allow":["GET"]}}],"collection":[{"href":"https:\/\/www.beatnikshoes.com\/de\/wp-json\/wp\/v2\/product"}],"about":[{"href":"https:\/\/www.beatnikshoes.com\/de\/wp-json\/wp\/v2\/types\/product"}],"replies":[{"embeddable":true,"href":"https:\/\/www.beatnikshoes.com\/de\/wp-json\/wp\/v2\/comments?post=61239"}],"wp:featuredmedia":[{"embeddable":true,"href":"https:\/\/www.beatnikshoes.com\/de\/wp-json\/wp\/v2\/media\/70564"}],"wp:attachment":[{"href":"https:\/\/www.beatnikshoes.com\/de\/wp-json\/wp\/v2\/media?parent=61239"}],"wp:term":[{"taxonomy":"product_brand","embeddable":true,"href":"https:\/\/www.beatnikshoes.com\/de\/wp-json\/wp\/v2\/product_brand?post=61239"},{"taxonomy":"product_cat","embeddable":true,"href":"https:\/\/www.beatnikshoes.com\/de\/wp-json\/wp\/v2\/product_cat?post=61239"},{"taxonomy":"product_tag","embeddable":true,"href":"https:\/\/www.beatnikshoes.com\/de\/wp-json\/wp\/v2\/product_tag?post=61239"},{"taxonomy":"woo-feed-brand","embeddable":true,"href":"https:\/\/www.beatnikshoes.com\/de\/wp-json\/wp\/v2\/woo-feed-brand?post=61239"}],"curies":[{"name":"wp","href":"https:\/\/api.w.org\/{rel}","templated":true}]}}