{"id":61160,"date":"2018-12-02T21:33:13","date_gmt":"2018-12-02T20:33:13","guid":{"rendered":"https:\/\/www.beatnikshoes.com\/?post_type=product&#038;p=61160"},"modified":"2025-08-27T19:46:03","modified_gmt":"2025-08-27T17:46:03","slug":"zweifarbig-weiss-schwarz-weisse-schwarze-leder-sneakers-fuer-herren-und-frauen-harper-bw","status":"publish","type":"product","link":"https:\/\/www.beatnikshoes.com\/de\/handgefertigte-schuhe\/zweifarbig-weiss-schwarz-weisse-schwarze-leder-sneakers-fuer-herren-und-frauen-harper-bw\/","title":{"rendered":"Zweifarbige schwarze und wei\u00dfe Lederturnschuhe f\u00fcr Damen und Herren Harper Black and White"},"content":{"rendered":"<h2>Zweifarbige schwarze und wei\u00dfe Lederturnschuhe f\u00fcr M\u00e4nner und Frauen handgefertigt in Spanien Harper BW<\/h2>\n<p>Es gibt nichts Sch\u00f6neres, als \u00dcberraschungen in unsere Kollektion aufzunehmen. Und diese <strong>zweifarbigen schwarzen und wei\u00dfen Lederturnschuhe f\u00fcr M\u00e4nner und Frauen<\/strong> sind eines davon. Wir haben beschlossen, eine limitierte Auflage unserer Harper-Sneakers mit zweifarbigem Design herauszubringen. Die Unternehmensfarben von Beatnik sind Schwarz und Wei\u00df. Wir haben also keine Farbkombination, die besser zu uns passt. Auf der anderen Seite kombiniert das Design dieses St\u00fccks das matte Schwarz des feinsten Kalbsleders mit einer wei\u00dfen Spay-Sohle zu einer interessanten Kombination.<\/p>\n<p>Das gesamte St\u00fcck ist mit violettem Kalbsleder gef\u00fcttert. Die Einlegesohle besteht aus echtem Leder und ist leicht herausnehmbar und erneuerbar, so dass diese Sneaker praktisch ewig halten. Das weiche Kalbsleder, das f\u00fcr diese <strong>zweifarbigen schwarzen und wei\u00dfen Lederturnschuhe f\u00fcr Damen und Herren<\/strong> verwendet wurde, sorgt f\u00fcr einen hohen Tragekomfort.<\/p>\n<p>F\u00fcr uns ist dies ein Modell, das nach Freizeit strebt. Aber viele unserer Freunde verwenden ihn als extrem hochwertigen Schuh f\u00fcr die Arbeit. Und sie lassen sich ganz einfach mit praktisch der gesamten Farbpalette kombinieren, sowohl im Sommer als auch im Winter. Als perfektes Element der Freizeitkleidung oder als Schuhwerk f\u00fcr informelle Treffen k\u00f6nnen diese formellen, in Spanien handgefertigten Turnschuhe Ihr perfekter Verb\u00fcndeter sein.<\/p>\n","protected":false},"excerpt":{"rendered":"<h2>Schwarzer und wei\u00dfer Turnschuh f\u00fcr M\u00e4nner und Frauen, handgefertigt aus Kalbsleder.<\/h2>\n<p>Au\u00dfenmaterial: Schwarzes Rindsleder. Futter: Rindsleder.<br \/>\nHerausnehmbare Innensohle.<br \/>\nSohle: Wei\u00dfe, rutschfeste Gummimischung.<\/p>\n","protected":false},"featured_media":53742,"comment_status":"open","ping_status":"closed","template":"","meta":[],"product_brand":[],"product_cat":[9147],"product_tag":[],"woo-feed-brand":[],"class_list":{"0":"post-61160","1":"product","2":"type-product","3":"status-publish","4":"has-post-thumbnail","6":"product_cat-auslass","7":"pa_talla-zapato-35-de","8":"pa_talla-zapato-36-de","9":"pa_talla-zapato-37-de","10":"pa_talla-zapato-38-de","11":"pa_talla-zapato-39-de","12":"pa_talla-zapato-40-de","13":"pa_talla-zapato-41-de","14":"pa_talla-zapato-42-de","15":"pa_talla-zapato-43-de","16":"pa_talla-zapato-44-de","17":"pa_talla-zapato-45-de","18":"pa_talla-zapato-46-de","20":"first","21":"instock","22":"sale","23":"taxable","24":"shipping-taxable","25":"purchasable","26":"product-type-variable"},"_links":{"self":[{"href":"https:\/\/www.beatnikshoes.com\/de\/wp-json\/wp\/v2\/product\/61160","targetHints":{"allow":["GET"]}}],"collection":[{"href":"https:\/\/www.beatnikshoes.com\/de\/wp-json\/wp\/v2\/product"}],"about":[{"href":"https:\/\/www.beatnikshoes.com\/de\/wp-json\/wp\/v2\/types\/product"}],"replies":[{"embeddable":true,"href":"https:\/\/www.beatnikshoes.com\/de\/wp-json\/wp\/v2\/comments?post=61160"}],"wp:featuredmedia":[{"embeddable":true,"href":"https:\/\/www.beatnikshoes.com\/de\/wp-json\/wp\/v2\/media\/53742"}],"wp:attachment":[{"href":"https:\/\/www.beatnikshoes.com\/de\/wp-json\/wp\/v2\/media?parent=61160"}],"wp:term":[{"taxonomy":"product_brand","embeddable":true,"href":"https:\/\/www.beatnikshoes.com\/de\/wp-json\/wp\/v2\/product_brand?post=61160"},{"taxonomy":"product_cat","embeddable":true,"href":"https:\/\/www.beatnikshoes.com\/de\/wp-json\/wp\/v2\/product_cat?post=61160"},{"taxonomy":"product_tag","embeddable":true,"href":"https:\/\/www.beatnikshoes.com\/de\/wp-json\/wp\/v2\/product_tag?post=61160"},{"taxonomy":"woo-feed-brand","embeddable":true,"href":"https:\/\/www.beatnikshoes.com\/de\/wp-json\/wp\/v2\/woo-feed-brand?post=61160"}],"curies":[{"name":"wp","href":"https:\/\/api.w.org\/{rel}","templated":true}]}}