{"id":61132,"date":"2019-09-03T14:26:34","date_gmt":"2019-09-03T12:26:34","guid":{"rendered":"https:\/\/www.beatnikshoes.com\/?post_type=product&#038;p=61132"},"modified":"2025-08-26T22:06:40","modified_gmt":"2025-08-26T20:06:40","slug":"doppelte-schnalle-braun-schnalle-fuer-mann-lamantia","status":"publish","type":"product","link":"https:\/\/www.beatnikshoes.com\/de\/handgefertigte-schuhe\/doppelte-schnalle-braun-schnalle-fuer-mann-lamantia\/","title":{"rendered":"Lamantia Herrenschuh mit doppelter Schnalle, braun"},"content":{"rendered":"<h2>DER BRAUNE MONKSTRAP F\u00dcR M\u00c4NNER, DER DIESE SAISON GETRAGEN WIRD<\/h2>\n<p>Es ist an der Zeit, in einen <strong>braunen Herrenschuh mit doppelter Schnalle<\/strong> zu steigen.<\/p>\n<p>Wir pr\u00e4sentieren ein Paar <strong>braune<\/strong> <strong>M\u00f6nchsschuhe<\/strong> mit doppelter Schnalle, handgefertigt in Spanien aus einer Art ge\u00e4dertem Rindsleder und mit einer sanft genarbten Au\u00dfentextur, extrem flexibel. Diese Art von Rindsleder wird Imel genannt und ist eine der gefragtesten Lederarten f\u00fcr die Herstellung von hochwertigen Herrenschuhen. Diese <strong>braunen M\u00f6nchsschuhe mit doppeltem Schnallenverschluss<\/strong> sind mit lila Rindsleder gef\u00fcttert. Au\u00dferdem ist die Ledersohle gen\u00e4ht und mit einer d\u00fcnnen Anti-Rutsch-Schicht versehen. Das Set eignet sich perfekt f\u00fcr eine klassische Kombination, um einen kompletten Anzug f\u00fcr das B\u00fcro aufzupeppen. Andererseits verleiht er l\u00e4ssigen Looks einen Hauch von Raffinesse, selbst zu Jeans.<\/p>\n<p>Der dunkle Braunton dieser braunen Herrenschuhe mit zwei Schnallen passt zu vielen Farbt\u00f6nen. Und wahrscheinlich ist seine Kombination mit Blau eine der klassischsten und interessantesten. Zusammen mit verschiedenen Graut\u00f6nen, auch mit einem kompletten Anzug, ist es eine perfekte Kombination f\u00fcr die Arbeitsumgebung.<\/p>\n<p>Ainsi, les lignes \u00e9l\u00e9gantes de ces <strong>chaussures \u00e0 boucle marron \u00e0 double boucle<\/strong> pour homme en font le compagnon id\u00e9al de la garde-robe de tout homme qui poursuit ses r\u00eaves et son entreprise. Ces <strong>chaussures masculines<\/strong> <strong>marron \u00e0 double boucle<\/strong> seront vos meilleures alli\u00e9es pour un style r\u00e9ussi.<\/p>\n<p>So urban chic ist ein <strong>brauner Doppelschnallenschuh f\u00fcr M\u00e4nner<\/strong>.<\/p>\n","protected":false},"excerpt":{"rendered":"<h2>In Spanien handgefertigte Lederschuhe<\/h2>\n<p>Obermaterial: Braunes Imel-Leder &#8211; Futter: Lila Rindsleder<br \/>\nSohlenmaterial: Gen\u00e4htes echtes Leder plus eine d\u00fcnne eingespritzte Anti-Rutsch-Schicht<br \/>\nSchlie\u00dfe: Doppelte Schnalle<br \/>\nArt des Absatzes: Niedrig<\/p>\n","protected":false},"featured_media":76593,"comment_status":"open","ping_status":"closed","template":"","meta":[],"product_brand":[11790],"product_cat":[9114,9591],"product_tag":[],"woo-feed-brand":[],"class_list":{"0":"post-61132","1":"product","2":"type-product","3":"status-publish","4":"has-post-thumbnail","6":"product_brand-beatnik-shoes-de","7":"product_cat-schuhe-fur-manner","8":"product_cat-schuhe-mit-schnalle","9":"pa_talla-zapato-39-de","10":"pa_talla-zapato-40-de","11":"pa_talla-zapato-41-de","12":"pa_talla-zapato-42-de","13":"pa_talla-zapato-43-de","14":"pa_talla-zapato-44-de","15":"pa_talla-zapato-45-de","16":"pa_talla-zapato-46-de","18":"first","19":"instock","20":"sale","21":"taxable","22":"shipping-taxable","23":"purchasable","24":"product-type-variable"},"_links":{"self":[{"href":"https:\/\/www.beatnikshoes.com\/de\/wp-json\/wp\/v2\/product\/61132","targetHints":{"allow":["GET"]}}],"collection":[{"href":"https:\/\/www.beatnikshoes.com\/de\/wp-json\/wp\/v2\/product"}],"about":[{"href":"https:\/\/www.beatnikshoes.com\/de\/wp-json\/wp\/v2\/types\/product"}],"replies":[{"embeddable":true,"href":"https:\/\/www.beatnikshoes.com\/de\/wp-json\/wp\/v2\/comments?post=61132"}],"wp:featuredmedia":[{"embeddable":true,"href":"https:\/\/www.beatnikshoes.com\/de\/wp-json\/wp\/v2\/media\/76593"}],"wp:attachment":[{"href":"https:\/\/www.beatnikshoes.com\/de\/wp-json\/wp\/v2\/media?parent=61132"}],"wp:term":[{"taxonomy":"product_brand","embeddable":true,"href":"https:\/\/www.beatnikshoes.com\/de\/wp-json\/wp\/v2\/product_brand?post=61132"},{"taxonomy":"product_cat","embeddable":true,"href":"https:\/\/www.beatnikshoes.com\/de\/wp-json\/wp\/v2\/product_cat?post=61132"},{"taxonomy":"product_tag","embeddable":true,"href":"https:\/\/www.beatnikshoes.com\/de\/wp-json\/wp\/v2\/product_tag?post=61132"},{"taxonomy":"woo-feed-brand","embeddable":true,"href":"https:\/\/www.beatnikshoes.com\/de\/wp-json\/wp\/v2\/woo-feed-brand?post=61132"}],"curies":[{"name":"wp","href":"https:\/\/api.w.org\/{rel}","templated":true}]}}