{"id":60919,"date":"2023-05-14T18:28:28","date_gmt":"2023-05-14T16:28:28","guid":{"rendered":"https:\/\/www.beatnikshoes.com\/zapatos-hechos-a-mano\/sandalen-gruene-kaenguru-sandalen-mit-niedrigem-absatz-riemen-am-fuss-gemacht\/"},"modified":"2025-08-25T22:05:34","modified_gmt":"2025-08-25T20:05:34","slug":"gruen-gruene-kaenguru-sandalen-mit-niedrigem-absatz-riemen-am-fuss","status":"publish","type":"product","link":"https:\/\/www.beatnikshoes.com\/de\/handgefertigte-schuhe\/gruen-gruene-kaenguru-sandalen-mit-niedrigem-absatz-riemen-am-fuss\/","title":{"rendered":"Gr\u00fcne Krabbensandalen mit niedrigem Absatz aus Leder Beatnik Fran\u00e7oise Vert"},"content":{"rendered":"<h2>DIE GR\u00dcNEN KRABBENSANDALEN MIT NIEDRIGEM ABSATZ, AUF DIE SIE GEWARTET HABEN<\/h2>\n<p>Dieses Jahr haben wir eine limitierte Auflage Ihrer Lieblingssandalen aus Leder. Wie Sie sehen, sind die <strong>gr\u00fcnen Krabben-Sandalen mit niedrigem Absatz aus Leder<\/strong> ein absolutes Highlight f\u00fcr diese Saison.<\/p>\n<p>Die letzte unserer <strong>Krabbensandalen aus Leder<\/strong> ist eine der bequemsten in der gesamten Kollektion. Die perfekte Weite, die richtigen Riemen an der richtigen Stelle, das beste Kalbsleder, kurzum, alle notwendigen Details und Anpassungen, um diese Sandalen zum Liebling aller unserer Kunden zu machen. Sein Stil passt perfekt zu jeder Art von Kleid und Schnitt und verleiht ihm einen sehr eleganten Touch, da es sich um einen offenen Schuh handelt. Wir haben den Verschluss am Schaft immer als eine sehr praktische L\u00f6sung empfunden, um die Zehen zu sch\u00fctzen und einen Hauch von Stil hinzuzuf\u00fcgen. Der Schnallenverschluss ist eine sichere L\u00f6sung f\u00fcr die Passform dieser Sandale. Und die seitlichen Lederriemen vervollst\u00e4ndigen das perfekte Design, besonders an den hei\u00dfesten Tagen.<\/p>\n<p>Bei Beatnik sind die Kollektionen absolut zeitlos. Und diese <strong>gr\u00fcne Krabben-Sandale aus Leder<\/strong> wird es noch lange geben. Die Farbe Gr\u00fcn erhellt das von den sechziger Jahren inspirierte Design. Diese Farbe, die sich mit allen Farbpaletten kombinieren l\u00e4sst, insbesondere mit den helleren T\u00f6nen des Fr\u00fchlings und des Sommers, ist f\u00fcr uns eine der Lieblingsfarben jeder Saison. Und wenn es dieses Jahr in Mode ist, finden wir es genauso gut, denn es passt perfekt zu allen Stilen, egal in welchem Jahr.<\/p>\n<h3>KLEIDERSANDALEN AUS FEINSTEM LEDER<\/h3>\n<p>Das verwendete Leder ist das weichste Kalbsleder. Die Sohlen sind aus rutschfestem Spai hergestellt. Das ganze St\u00fcck ist mit lila Leder gef\u00fcttert. Der gew\u00e4hlte Absatz ist quadratisch und breit und mit Leder gef\u00fcttert. Und mit der perfekten H\u00f6he, damit der Komfort zu keiner Zeit beeintr\u00e4chtigt wird, vier Zentimeter hoch.<\/p>\n<p>Verpassen Sie nicht die besten<strong> gr\u00fcnen <\/strong><strong>Ledersandalen f\u00fcr Damen<\/strong> von Fran\u00e7oise Vert.<\/p>\n","protected":false},"excerpt":{"rendered":"<h2>In Spanien handgefertigte Ledersandale<\/h2>\n<p>Obermaterial: gr\u00fcnes Kalbsleder.<br \/>\nFutter: Lila Rindsleder<br \/>\nSohlenmaterial: Rutschfestes Spai.<br \/>\nVerschluss: Schnallen<br \/>\nArt des Absatzes: Mittel<br \/>\nZusammensetzung: 100 % Leder<\/p>\n<p><strong>Hinweis zu den Gr\u00f6\u00dfenangaben des Modells Fran\u00e7oise<\/strong>: Bestellen Sie eine Nummer gr\u00f6\u00dfer als gew\u00f6hnlich.<\/p>\n","protected":false},"featured_media":55449,"comment_status":"open","ping_status":"closed","template":"","meta":[],"product_brand":[],"product_cat":[9466,9028],"product_tag":[],"woo-feed-brand":[],"class_list":{"0":"post-60919","1":"product","2":"type-product","3":"status-publish","4":"has-post-thumbnail","6":"product_cat-cangrejeras-sandalen","7":"product_cat-schuhe-fur-frauen","8":"pa_talla-zapato-36-de","9":"pa_talla-zapato-37-de","10":"pa_talla-zapato-38-de","11":"pa_talla-zapato-39-de","12":"pa_talla-zapato-40-de","13":"pa_talla-zapato-41-de","15":"first","16":"instock","17":"sale","18":"taxable","19":"shipping-taxable","20":"purchasable","21":"product-type-variable"},"_links":{"self":[{"href":"https:\/\/www.beatnikshoes.com\/de\/wp-json\/wp\/v2\/product\/60919","targetHints":{"allow":["GET"]}}],"collection":[{"href":"https:\/\/www.beatnikshoes.com\/de\/wp-json\/wp\/v2\/product"}],"about":[{"href":"https:\/\/www.beatnikshoes.com\/de\/wp-json\/wp\/v2\/types\/product"}],"replies":[{"embeddable":true,"href":"https:\/\/www.beatnikshoes.com\/de\/wp-json\/wp\/v2\/comments?post=60919"}],"wp:featuredmedia":[{"embeddable":true,"href":"https:\/\/www.beatnikshoes.com\/de\/wp-json\/wp\/v2\/media\/55449"}],"wp:attachment":[{"href":"https:\/\/www.beatnikshoes.com\/de\/wp-json\/wp\/v2\/media?parent=60919"}],"wp:term":[{"taxonomy":"product_brand","embeddable":true,"href":"https:\/\/www.beatnikshoes.com\/de\/wp-json\/wp\/v2\/product_brand?post=60919"},{"taxonomy":"product_cat","embeddable":true,"href":"https:\/\/www.beatnikshoes.com\/de\/wp-json\/wp\/v2\/product_cat?post=60919"},{"taxonomy":"product_tag","embeddable":true,"href":"https:\/\/www.beatnikshoes.com\/de\/wp-json\/wp\/v2\/product_tag?post=60919"},{"taxonomy":"woo-feed-brand","embeddable":true,"href":"https:\/\/www.beatnikshoes.com\/de\/wp-json\/wp\/v2\/woo-feed-brand?post=60919"}],"curies":[{"name":"wp","href":"https:\/\/api.w.org\/{rel}","templated":true}]}}