{"id":60867,"date":"2022-06-01T13:03:46","date_gmt":"2022-06-01T11:03:46","guid":{"rendered":"https:\/\/www.beatnikshoes.com\/zapatos-hechos-a-mano\/handmade-in-spain-brown-sneakers-for-men-and-women-made-in-spain\/"},"modified":"2025-08-26T20:46:40","modified_gmt":"2025-08-26T18:46:40","slug":"handmade-in-spain-brown-sneakers-for-men-and-women-made-in-spain","status":"publish","type":"product","link":"https:\/\/www.beatnikshoes.com\/de\/handgefertigte-schuhe\/handmade-in-spain-brown-sneakers-for-men-and-women-made-in-spain\/","title":{"rendered":"Braune Herren und Damen Lederschuhe Beatnik Brown"},"content":{"rendered":"<h2>BRAUNE LEDER TURNSCHUHE HARPER BRAUN<\/h2>\n<p>Wir begr\u00fc\u00dfen einen der von unseren Freunden am meisten erwarteten <strong>Lederturnschuhe<\/strong>.<\/p>\n<p>Hier finden Sie die bequemsten <strong>braunen Lederschuhe f\u00fcr Damen und Herren<\/strong> auf dem Markt. Au\u00dferdem l\u00e4sst sich die braune Farbe des weichen Kalbsleders perfekt mit fast allen Farbt\u00f6nen kombinieren. Vor allem mit einer klassischen Kombination wie den Blaut\u00f6nen. Diese Beatnik Harper Browns mit einer klassischen Jeans oder einer Chino-Hose sind also immer eine gelungene Kombination. Und das nicht nur f\u00fcr einen l\u00e4ssigen Look.<\/p>\n<p>Das minimalistische Design dieses <strong>braunen Ledertrainers<\/strong> eignet sich perfekt als quasi formeller Schuh, der zu allen Business-Casual- oder Smart-Casual-Styles in der heutigen Arbeitswelt passt.<\/p>\n<p>Die dezente braune Farbe des weichen Kalbsleders passt zum formellen Look eines jeden Gesch\u00e4ftstreffens oder zum entspannten Stil vieler heutiger B\u00fcros. So ist die rutschfeste Laufsohle in einem Karamellbraun gehalten, das zum Oberleder dieser <strong>braunen Unisex-Schuhe aus Leder<\/strong> passt.<\/p>\n<h3>EIN SOFORTIGER KLASSIKER<\/h3>\n<p><strong>Braune Anzugschuhe<\/strong> sind ein Grundnahrungsmittel, ebenso wie braune Oxford-Schuhe in einem formelleren Stil. Die <strong>braunen Lederturnschuhe Beatnik Harper Brown f\u00fcr Damen und Herren<\/strong> sind die Antwort auf all jene, die sich die extreme Qualit\u00e4t von Kalbsleder in einem legeren Stil und in einer leicht zu kombinierenden Farbe w\u00fcnschen.<\/p>\n<p>Einerseits ist das Design dieser <strong>braunen Lederschuhe f\u00fcr M\u00e4nner und Frauen<\/strong> sehr klar und ohne jegliche Verzierung. Dar\u00fcber hinaus ist der letzte dieser <strong>braunen Lederturnschuhe<\/strong>erprobt und bew\u00e4hrt. Und er ist perfekt f\u00fcr lange Spazierg\u00e4nge oder als formeller Schuh.<\/p>\n<p>Die Breite ist perfekt und passt zu beiden Verwendungszwecken. Die Breite der rutschfesten Sohle ist sehr komfortabel. Zusammen mit der ergonomischen Ledersohle ergibt sich ein gro\u00dfartiges Laufgef\u00fchl.<\/p>\n<p>Diese Ledersohle ist leicht herausnehmbar und austauschbar, so dass sie praktisch ewig h\u00e4lt. Das gesamte Innere dieses braunen Ledersneakers ist mit weichem lila Kalbsleder gef\u00fcttert. Sich in diesen <strong>braunen Lederschuhen<\/strong> f\u00fcr Damen und Herren zu kleiden und herumzulaufen ist eine echte Sensation.<\/p>\n<h3>ZU JEDER ZEIT PERFEKT<\/h3>\n<p>\u00dcberlegen wir also, wann wir diese <strong>neuen braunen Lederturnschuhe<\/strong> tragen k\u00f6nnen. An Wochenenden? Perfekt f\u00fcr einen Spaziergang oder einen bequemen Einkaufsbummel. Unter der Woche ins B\u00fcro oder zu einer Gesch\u00e4ftsbesprechung gehen? Keine Probleme. In Kombination mit Chinos in jeder Farbe verleihen sie einen leicht l\u00e4ssigen Touch, der durch ihr klassisches Design und ihre dezente Farbe gemildert wird. im Sommer und im Winter? Wir sprechen hier von Leder h\u00f6chster Qualit\u00e4t, das sich perfekt an unsere Haut anpasst und sich der Umgebungstemperatur leicht anpasst. Und zwar f\u00fcr M\u00e4nner und Frauen, denn Stil, Eleganz und Pers\u00f6nlichkeit sind f\u00fcr uns alle immer wichtig.<\/p>\n<p>Entscheiden Sie sich in dieser Saison f\u00fcr die elegantesten <strong>braunen Lederschuhe<\/strong> auf dem Markt. Wir wissen, dass du sie lieben wirst und nicht aufh\u00f6ren wirst, sie zu tragen. Wort.<\/p>\n","protected":false},"excerpt":{"rendered":"<h2>Brauner Turnschuh f\u00fcr M\u00e4nner und Frauen, handgefertigt aus Kalbsleder.<\/h2>\n<p>Au\u00dfenmaterial: Braunes Rindsleder.<br \/>\nInnenfutter: Rindsleder.<br \/>\nHerausnehmbare Einlegesohle.<br \/>\nSohlenmaterial: Braune Anti-Rutsch-Mischung.<\/p>\n","protected":false},"featured_media":55404,"comment_status":"open","ping_status":"closed","template":"","meta":[],"product_brand":[],"product_cat":[9114,9147,9028,10075,10076],"product_tag":[],"woo-feed-brand":[],"class_list":{"0":"post-60867","1":"product","2":"type-product","3":"status-publish","4":"has-post-thumbnail","6":"product_cat-schuhe-fur-manner","7":"product_cat-auslass","8":"product_cat-schuhe-fur-frauen","9":"product_cat-turnschuhe-aus-leder","10":"product_cat-turnschuhe-aus-leder-de","11":"pa_talla-zapato-38-de","12":"pa_talla-zapato-39-de","13":"pa_talla-zapato-40-de","14":"pa_talla-zapato-41-de","15":"pa_talla-zapato-42-de","16":"pa_talla-zapato-43-de","17":"pa_talla-zapato-44-de","18":"pa_talla-zapato-45-de","19":"pa_talla-zapato-46-de","21":"first","22":"instock","23":"sale","24":"taxable","25":"shipping-taxable","26":"purchasable","27":"product-type-variable"},"_links":{"self":[{"href":"https:\/\/www.beatnikshoes.com\/de\/wp-json\/wp\/v2\/product\/60867","targetHints":{"allow":["GET"]}}],"collection":[{"href":"https:\/\/www.beatnikshoes.com\/de\/wp-json\/wp\/v2\/product"}],"about":[{"href":"https:\/\/www.beatnikshoes.com\/de\/wp-json\/wp\/v2\/types\/product"}],"replies":[{"embeddable":true,"href":"https:\/\/www.beatnikshoes.com\/de\/wp-json\/wp\/v2\/comments?post=60867"}],"wp:featuredmedia":[{"embeddable":true,"href":"https:\/\/www.beatnikshoes.com\/de\/wp-json\/wp\/v2\/media\/55404"}],"wp:attachment":[{"href":"https:\/\/www.beatnikshoes.com\/de\/wp-json\/wp\/v2\/media?parent=60867"}],"wp:term":[{"taxonomy":"product_brand","embeddable":true,"href":"https:\/\/www.beatnikshoes.com\/de\/wp-json\/wp\/v2\/product_brand?post=60867"},{"taxonomy":"product_cat","embeddable":true,"href":"https:\/\/www.beatnikshoes.com\/de\/wp-json\/wp\/v2\/product_cat?post=60867"},{"taxonomy":"product_tag","embeddable":true,"href":"https:\/\/www.beatnikshoes.com\/de\/wp-json\/wp\/v2\/product_tag?post=60867"},{"taxonomy":"woo-feed-brand","embeddable":true,"href":"https:\/\/www.beatnikshoes.com\/de\/wp-json\/wp\/v2\/woo-feed-brand?post=60867"}],"curies":[{"name":"wp","href":"https:\/\/api.w.org\/{rel}","templated":true}]}}