{"id":60830,"date":"2022-08-12T11:33:02","date_gmt":"2022-08-12T09:33:02","guid":{"rendered":"https:\/\/www.beatnikshoes.com\/zapatos-hechos-a-mano\/blau-weiss-blaues-weisses-kleid-damen-sneaker-harper-blau-weiss\/"},"modified":"2025-08-26T20:40:48","modified_gmt":"2025-08-26T18:40:48","slug":"blau-weiss-blaues-weisses-kleid-damen-sneaker-harper-blau-weiss","status":"publish","type":"product","link":"https:\/\/www.beatnikshoes.com\/de\/handgefertigte-schuhe\/blau-weiss-blaues-weisses-kleid-damen-sneaker-harper-blau-weiss\/","title":{"rendered":"Blaue und wei\u00dfe Damen Lederslipper Beatnik Harper Blau Wei\u00df"},"content":{"rendered":"<h2>FRAUEN BLAU UND WEISS LEDER TURNSCHUHE BEATNIK HARPER BLAU UND WEISS<\/h2>\n<p>Die <strong>blauen Leder- und wei\u00df besohlten Harper-Turnschuhe<\/strong> im minimalistischen Design sind zur\u00fcck bei Beatnik Shoes. Unsere Harper Ledersneaker mit ihrem klassischen Design sind eine unserer beliebtesten Linien. Willkommen bei den bequemsten und stilvollsten <strong>blauen Lederturnschuhen<\/strong>.<\/p>\n<p>Unsere Kollektion ist voll von bunten Schuhen. Und diese blauen <strong>Turnschuhe aus Leder<\/strong> mit wei\u00dfer Sohle, die denen aus unserer Oxfords-Linie \u00e4hneln, sind eine gute Wahl. Blau ist eine der universellsten Farben und l\u00e4sst sich zu jeder Jahreszeit gut kombinieren. Die schlichten, klaren Linien dieser <strong>Ledersneakers<\/strong> passen perfekt zu jedem Stil.<\/p>\n<p>Das Obermaterial dieser <strong>blauen Lederschuhe f\u00fcr Damen<\/strong> besteht aus dem weichsten und flexibelsten Leder, das auf dem Markt erh\u00e4ltlich ist. Ein totaler Komfort, der auch mit dem Design des letzten dieser <strong>blauen Lederturnschuhe <\/strong>einhergeht. Dieses Design spielt mit den perfekten Proportionen, um eine intensive Nutzung f\u00fcr eine lange Zeit zu garantieren.<\/p>\n<h3>KLASSISCHES UND MINIMALISTISCHES DESIGN<\/h3>\n<p>Dar\u00fcber hinaus sorgt das schlanke Design seiner Linien f\u00fcr einen sehr eleganten und diskreten Stil. Und wenn man dann noch die blaue Farbe hinzuf\u00fcgt, in der dieser <strong>Damen-Ledersneaker<\/strong> montiert ist, ist es leicht, sich in das Endergebnis zu verlieben.<\/p>\n<p>Bei dieser limitierten Auflage haben wir eine wei\u00dfe Sohle aus rutschfestem Material hinzugef\u00fcgt. Er beh\u00e4lt den klassischen Stil dieser <strong>l\u00e4ssigen blauen Lederturnschuhe<\/strong> bei und verleiht ihnen einen etwas weniger formellen Touch.<\/p>\n<p>F\u00fcr zus\u00e4tzlichen Komfort ist das Innere dieser <strong>l\u00e4ssigen blauen Lederturnschuhe<\/strong> mit weichem lila Kalbsleder gef\u00fcttert. Und die Innensohle aus Leder ist leicht herausnehmbar und kann beliebig oft erneuert werden, um die Haltbarkeit des Schuhs zu verl\u00e4ngern. Auf diese Weise wird die Lebensdauer Ihrer Lederschuhe exponentiell verl\u00e4ngert.<\/p>\n<h3>ELEGANTER FREIZEITSTIL UND ABSOLUTER KOMFORT<\/h3>\n<p>In der heutigen Arbeitswelt gibt es immer mehr M\u00f6glichkeiten, vom traditionellen Stil abzuweichen. Und mit unserer <strong>Ledersneaker-Linie Harper<\/strong> bieten wir nicht nur klassische Lederturnschuhe an. Sie sind auch ein l\u00e4ssiges Accessoire f\u00fcr B\u00fcrotage, an denen das Protokoll ein wenig offener ist. Und selbst f\u00fcr Gesch\u00e4ftstreffen oder &#8222;Casual Fridays&#8220; k\u00f6nnen diese blauen Lederschuhe ein wesentlicher Bestandteil der stilvollen und bequemen Alltagsausr\u00fcstung sein.<\/p>\n","protected":false},"excerpt":{"rendered":"<h2>Blauer Turnschuh f\u00fcr M\u00e4nner und Frauen, handgefertigt aus Kalbsleder.<\/h2>\n<p>Au\u00dfenmaterial: Blaues Rindsleder.<br \/>\nInnenfutter: Rindsleder.<br \/>\nHerausnehmbare Einlegesohle.<br \/>\nSohlenmaterial: Wei\u00dfe Anti-Rutsch-Mischung.<\/p>\n","protected":false},"featured_media":55308,"comment_status":"open","ping_status":"closed","template":"","meta":[],"product_brand":[],"product_cat":[9028,9147,10076],"product_tag":[],"woo-feed-brand":[],"class_list":{"0":"post-60830","1":"product","2":"type-product","3":"status-publish","4":"has-post-thumbnail","6":"product_cat-schuhe-fur-frauen","7":"product_cat-auslass","8":"product_cat-turnschuhe-aus-leder-de","9":"pa_talla-zapato-35-de","10":"pa_talla-zapato-36-de","11":"pa_talla-zapato-37-de","12":"pa_talla-zapato-38-de","14":"first","15":"instock","16":"sale","17":"taxable","18":"shipping-taxable","19":"purchasable","20":"product-type-variable"},"_links":{"self":[{"href":"https:\/\/www.beatnikshoes.com\/de\/wp-json\/wp\/v2\/product\/60830","targetHints":{"allow":["GET"]}}],"collection":[{"href":"https:\/\/www.beatnikshoes.com\/de\/wp-json\/wp\/v2\/product"}],"about":[{"href":"https:\/\/www.beatnikshoes.com\/de\/wp-json\/wp\/v2\/types\/product"}],"replies":[{"embeddable":true,"href":"https:\/\/www.beatnikshoes.com\/de\/wp-json\/wp\/v2\/comments?post=60830"}],"wp:featuredmedia":[{"embeddable":true,"href":"https:\/\/www.beatnikshoes.com\/de\/wp-json\/wp\/v2\/media\/55308"}],"wp:attachment":[{"href":"https:\/\/www.beatnikshoes.com\/de\/wp-json\/wp\/v2\/media?parent=60830"}],"wp:term":[{"taxonomy":"product_brand","embeddable":true,"href":"https:\/\/www.beatnikshoes.com\/de\/wp-json\/wp\/v2\/product_brand?post=60830"},{"taxonomy":"product_cat","embeddable":true,"href":"https:\/\/www.beatnikshoes.com\/de\/wp-json\/wp\/v2\/product_cat?post=60830"},{"taxonomy":"product_tag","embeddable":true,"href":"https:\/\/www.beatnikshoes.com\/de\/wp-json\/wp\/v2\/product_tag?post=60830"},{"taxonomy":"woo-feed-brand","embeddable":true,"href":"https:\/\/www.beatnikshoes.com\/de\/wp-json\/wp\/v2\/woo-feed-brand?post=60830"}],"curies":[{"name":"wp","href":"https:\/\/api.w.org\/{rel}","templated":true}]}}