{"id":60798,"date":"2022-05-26T13:21:32","date_gmt":"2022-05-26T11:21:32","guid":{"rendered":"https:\/\/www.beatnikshoes.com\/zapatos-hechos-a-mano\/blau-blaue-leder-kleider-schuhe-fuer-maenner-und-damen-beatnik-harper-blau\/"},"modified":"2025-08-26T20:54:25","modified_gmt":"2025-08-26T18:54:25","slug":"blau-blaue-leder-kleider-schuhe-fuer-maenner-und-damen-beatnik-harper-blau","status":"publish","type":"product","link":"https:\/\/www.beatnikshoes.com\/de\/handgefertigte-schuhe\/blau-blaue-leder-kleider-schuhe-fuer-maenner-und-damen-beatnik-harper-blau\/","title":{"rendered":"Blaue Lederschuhe f\u00fcr M\u00e4nner und Frauen Beatnik Harper Blue"},"content":{"rendered":"<h2>BLAUE LEDER TURNSCHUHE F\u00dcR M\u00c4NNER UND FRAUEN BEATNIK HARPER BLAU<\/h2>\n<p>Dies ist unser Geschenk f\u00fcr diese neue Jahreszeit. Die <strong>blauen Harper Dress Lederturnschuhe<\/strong> aus weichstem Kalbsleder in minimalistischem Design sind zur\u00fcck bei Beatnik Shoes.<\/p>\n<p>Unsere <strong>Harper Ledersneaker<\/strong> mit ihrem klassischen Design sind eine unserer beliebtesten Linien. Und diese <strong>blauen Leder-Sneakers in limitierter Auflage f\u00fcr Damen und Herren<\/strong> sind unsere Antwort.<\/p>\n<p>Wir lieben farbenfrohe Schuhe, und diese Kombination aus blauem Leder und passender blauer Sohle, \u00e4hnlich wie in unserer Oxfords-Linie, ist ein Volltreffer.<\/p>\n<p>Blau ist eine der universellsten Farben und l\u00e4sst sich zu jeder Jahreszeit gut kombinieren. Und der minimale Kontrast mit der Laufsohle wertet den gesamten Look auf. Die klaren Linien seines Designs, ohne jegliche Verzierung, f\u00fcgen sich perfekt in jeden Stil ein.<\/p>\n<p>Das Kalbsleder dieses<strong> blauen Unisex-Ledertrainers<\/strong> ist das weichste und geschmeidigste Leder, das wir uns je gew\u00fcnscht haben. Das \u00e4u\u00dferst angenehme Ledergef\u00fchl unserer <strong>blauen Beatnik Harper Lederschuhe f\u00fcr Damen und Herren<\/strong> werden Sie so schnell nicht vergessen.<\/p>\n<p>Das gesamte St\u00fcck wird in Spanien handgefertigt, wobei auf jedes Detail geachtet wird. Der Leisten wurde mit einer perfekten Weite entworfen, um totalen Komfort zu bieten und kann als ein Paar <strong>blaue Wanderschuhe<\/strong> getragen werden. Oder als ein Paar <strong>blaue Turnschuhe zum Anziehen<\/strong>.<\/p>\n<p>Die rutschfeste Sohle bietet einen perfekten Halt. Die Innensohle aus Leder ist ergonomisch geformt und sorgt f\u00fcr ein noch angenehmeres Tragegef\u00fchl. Das Sch\u00f6ne daran ist, dass er abnehmbar und erneuerbar ist, so dass Sie ihn so oft wie m\u00f6glich austauschen und ver\u00e4ndern k\u00f6nnen. Wie die gesamte Beatnik-Kollektion ist auch dieser <strong>klassische blaue Lederschuh<\/strong> innen mit lila Kalbsleder gef\u00fcttert.<\/p>\n<h3>STIL, ELEGANZ UND KOMFORT<\/h3>\n<p>Das klassische Design dieser <strong>blauen Lederschuhe f\u00fcr Damen und Herren <\/strong>ist perfekt f\u00fcr ein legeres Gesch\u00e4ftsumfeld. Es ist ein <strong>blauer Ledertrainer<\/strong> mit einem schlichten, minimalistischen Design. Und gleichzeitig sind es <strong>blaue Ledersneakers<\/strong>, die ihnen einen l\u00e4ssigen Touch verleihen.<\/p>\n<p>Nicht zu vergessen, dass in der neuen Arbeitswelt, in der sich die Grenzen zu weniger formellen Stilen ge\u00f6ffnet haben, diese <strong>super eleganten blauen Lederschuhe<\/strong> mit extremer Qualit\u00e4t und einer entspannteren Linie ein sicherer Hit sein werden. Letztendlich sind es auch <strong>blaue Turnschuhe<\/strong>, aber aus feinstem Leder.<\/p>\n<p>Es ist eine Tatsache, dass Blau eine der am h\u00e4ufigsten verwendeten Farben f\u00fcr die Arbeit ist, und seine Kombination mit allen Farbpaletten ist sehr einfach, in jeder Jahreszeit.<\/p>\n<p>Diese <strong>blauen Lederturnschuhe<\/strong> werden bestimmt zu Ihren Lieblingsschuhen aus blauem Leder. Und das werden sie noch lange Zeit sein.<\/p>\n","protected":false},"excerpt":{"rendered":"<h2>Blauer Turnschuh f\u00fcr M\u00e4nner und Frauen, handgefertigt aus Kalbsleder.<\/h2>\n<p>Au\u00dfenmaterial: Blaues Rindsleder.<br \/>\nInnenfutter: Rindsleder.<br \/>\nHerausnehmbare Einlegesohle.<br \/>\nSohlenmaterial: Wei\u00dfe Anti-Rutsch-Mischung.<\/p>\n","protected":false},"featured_media":55471,"comment_status":"open","ping_status":"closed","template":"","meta":[],"product_brand":[],"product_cat":[10075,9147,9028,9114,10076],"product_tag":[],"woo-feed-brand":[],"class_list":{"0":"post-60798","1":"product","2":"type-product","3":"status-publish","4":"has-post-thumbnail","6":"product_cat-turnschuhe-aus-leder","7":"product_cat-auslass","8":"product_cat-schuhe-fur-frauen","9":"product_cat-schuhe-fur-manner","10":"product_cat-turnschuhe-aus-leder-de","11":"pa_talla-zapato-35-de","12":"pa_talla-zapato-36-de","13":"pa_talla-zapato-37-de","14":"pa_talla-zapato-38-de","15":"pa_talla-zapato-39-de","16":"pa_talla-zapato-40-de","17":"pa_talla-zapato-41-de","18":"pa_talla-zapato-42-de","19":"pa_talla-zapato-43-de","20":"pa_talla-zapato-44-de","21":"pa_talla-zapato-45-de","22":"pa_talla-zapato-46-de","24":"first","25":"instock","26":"sale","27":"taxable","28":"shipping-taxable","29":"purchasable","30":"product-type-variable"},"_links":{"self":[{"href":"https:\/\/www.beatnikshoes.com\/de\/wp-json\/wp\/v2\/product\/60798","targetHints":{"allow":["GET"]}}],"collection":[{"href":"https:\/\/www.beatnikshoes.com\/de\/wp-json\/wp\/v2\/product"}],"about":[{"href":"https:\/\/www.beatnikshoes.com\/de\/wp-json\/wp\/v2\/types\/product"}],"replies":[{"embeddable":true,"href":"https:\/\/www.beatnikshoes.com\/de\/wp-json\/wp\/v2\/comments?post=60798"}],"wp:featuredmedia":[{"embeddable":true,"href":"https:\/\/www.beatnikshoes.com\/de\/wp-json\/wp\/v2\/media\/55471"}],"wp:attachment":[{"href":"https:\/\/www.beatnikshoes.com\/de\/wp-json\/wp\/v2\/media?parent=60798"}],"wp:term":[{"taxonomy":"product_brand","embeddable":true,"href":"https:\/\/www.beatnikshoes.com\/de\/wp-json\/wp\/v2\/product_brand?post=60798"},{"taxonomy":"product_cat","embeddable":true,"href":"https:\/\/www.beatnikshoes.com\/de\/wp-json\/wp\/v2\/product_cat?post=60798"},{"taxonomy":"product_tag","embeddable":true,"href":"https:\/\/www.beatnikshoes.com\/de\/wp-json\/wp\/v2\/product_tag?post=60798"},{"taxonomy":"woo-feed-brand","embeddable":true,"href":"https:\/\/www.beatnikshoes.com\/de\/wp-json\/wp\/v2\/woo-feed-brand?post=60798"}],"curies":[{"name":"wp","href":"https:\/\/api.w.org\/{rel}","templated":true}]}}