{"id":60750,"date":"2021-11-10T18:02:46","date_gmt":"2021-11-10T17:02:46","guid":{"rendered":"https:\/\/www.beatnikshoes.com\/zapatos-hechos-a-mano\/schwarz-doppelschnalle-damen-june-schwarz-brogue-schuhe\/"},"modified":"2025-08-26T21:20:29","modified_gmt":"2025-08-26T19:20:29","slug":"schwarz-doppelschnalle-damen-june-schwarz-brogue-schuhe","status":"publish","type":"product","link":"https:\/\/www.beatnikshoes.com\/de\/handgefertigte-schuhe\/schwarz-doppelschnalle-damen-june-schwarz-brogue-schuhe\/","title":{"rendered":"June Schwarz Brogue Damen Doppelschnalle Schwarz Schuhe"},"content":{"rendered":"<h2>DIE SCHWARZEN DAMENSCHUHE MIT DOPPELTER SCHNALLE, AUF DIE SIE GEWARTET HABEN<\/h2>\n<p>In dieser Saison kommen Liebhaberinnen von <strong>schwarzen Damenschuhen mit doppelter Schnalle<\/strong> voll auf ihre Kosten. Und zwar jedes Jahr. Denn <strong>schwarze Schuhe mit zwei Schnallen f\u00fcr Frauen<\/strong> sind immer ein perfektes Modell f\u00fcr die Arbeit. Und auch f\u00fcr die Freizeit und die elegante Garderobe.<\/p>\n<p>Deshalb pr\u00e4sentieren wir in dieser Saison eine unserer am meisten erwarteten Neuheiten.<\/p>\n<p>Wir respektieren stets die Tradition und den Klassizismus als Grundlage f\u00fcr die Entwicklung von Innovationen. Und dass man sie nur bek\u00e4mpfen und besiegen kann, wenn man die Regeln kennt. Oder sie zumindest verbessern. Deshalb wird neben einem Ihrer Lieblingsschuhe aus unserer Kollektion, dem <strong>schwarzen Monkstrap<\/strong> June Black, ohne jegliche Verzierung, diese neue Version erscheinen.<\/p>\n<h3>EINE ERG\u00c4NZENDE UND ANDERE VERSION DES SCHUHS MIT ZWEI SCHNALLEN<\/h3>\n<p>F\u00fcr diesen <strong>schwarzen Damenschuh mit zwei Schnallen<\/strong> haben wir unseren bequemsten Leisten, die Basis unseres <strong>Monkstrap June-Designs<\/strong>, verwendet und ihn in einigen Punkten ver\u00e4ndert.<\/p>\n<p>Brogue-Verzierung \u00fcber die gesamte L\u00e4nge des Schaftes, wie bei klassischen Oxfords. Und f\u00fcr den Boden haben wir anstelle der traditionellen Ledersohle Sohlen aus technischem, rutschfestem Material montiert. Dadurch entsteht ein v\u00f6llig anderes Profil, das zudem das Gewicht des Teils erheblich verringert.<\/p>\n<p>Das Endergebnis war v\u00f6llig \u00fcberraschend. Ein Modell, das die klassischsten Frauen an einem kalten oder regnerischen Tag perfekt kleidet und all jenen, die einen gewagteren Stil tragen, einen klassischen Touch verleiht.<\/p>\n<p>Diese <strong>schwarzen Monk-Schuhe mit doppelter Schnalle f\u00fcr Damen<\/strong> sind ein wahrer Genuss f\u00fcr den Alltag. Sein Design f\u00fcgt sich perfekt in die Arbeitsumgebung ein. Auf der anderen Seite k\u00f6nnen sie bei einem legeren Stil, sogar mit Jeans, nicht eleganter sein.<\/p>\n<p>Die schwarze Farbe des Kalbsleders l\u00e4sst sich problemlos mit allen Winterfarben kombinieren. Die dunklen und seri\u00f6sen Farben, die normalerweise in der Herbst- und Wintersaison unsere Kleiderschr\u00e4nke bev\u00f6lkern, passen perfekt zur Farbe ihrer zarten Haut.<\/p>\n<p>Warm und bequem, vollst\u00e4ndig mit weichem lila Kalbsleder gef\u00fcttert und mit einer gepolsterten Innensohle aus Leder ausgestattet, k\u00f6nnte das Gehen in ihnen nicht angenehmer sein.<\/p>\n<h4>KLASSISCH, ABER NICHT TRADITIONELL<\/h4>\n<p>Alles in allem sind diese<strong> schwarzen Schuhe mit doppelter Schnalle f\u00fcr Damen<\/strong> in dieser Saison ein unsch\u00e4tzbarer Verb\u00fcndeter. Klassischer Stil, Komfort, W\u00e4rme und ein etwas anderer Touch in der Dekoration, der die Regeln des Traditionellen bricht.<\/p>\n","protected":false},"excerpt":{"rendered":"<h2>Doppelte Schnalle voll Brogue schwarz Schuhe handgefertigt in Spanien<\/h2>\n<p>Obermaterial: Schwarzes Kalbsleder<br \/>\nBeschichtung: Violettes Rindsleder<br \/>\nSohlenmaterial: Isolierende und rutschhemmende technische Laufsohle<br \/>\nArt des Absatzes: Niedrig<\/p>\n","protected":false},"featured_media":76498,"comment_status":"open","ping_status":"closed","template":"","meta":[],"product_brand":[],"product_cat":[9028,9530],"product_tag":[],"woo-feed-brand":[],"class_list":{"0":"post-60750","1":"product","2":"type-product","3":"status-publish","4":"has-post-thumbnail","6":"product_cat-schuhe-fur-frauen","7":"product_cat-schuh-mit-schnallen","8":"pa_talla-zapato-35-de","9":"pa_talla-zapato-36-de","10":"pa_talla-zapato-37-de","11":"pa_talla-zapato-38-de","12":"pa_talla-zapato-39-de","13":"pa_talla-zapato-40-de","14":"pa_talla-zapato-41-de","15":"pa_talla-zapato-42-de","17":"first","18":"instock","19":"sale","20":"taxable","21":"shipping-taxable","22":"purchasable","23":"product-type-variable"},"_links":{"self":[{"href":"https:\/\/www.beatnikshoes.com\/de\/wp-json\/wp\/v2\/product\/60750","targetHints":{"allow":["GET"]}}],"collection":[{"href":"https:\/\/www.beatnikshoes.com\/de\/wp-json\/wp\/v2\/product"}],"about":[{"href":"https:\/\/www.beatnikshoes.com\/de\/wp-json\/wp\/v2\/types\/product"}],"replies":[{"embeddable":true,"href":"https:\/\/www.beatnikshoes.com\/de\/wp-json\/wp\/v2\/comments?post=60750"}],"wp:featuredmedia":[{"embeddable":true,"href":"https:\/\/www.beatnikshoes.com\/de\/wp-json\/wp\/v2\/media\/76498"}],"wp:attachment":[{"href":"https:\/\/www.beatnikshoes.com\/de\/wp-json\/wp\/v2\/media?parent=60750"}],"wp:term":[{"taxonomy":"product_brand","embeddable":true,"href":"https:\/\/www.beatnikshoes.com\/de\/wp-json\/wp\/v2\/product_brand?post=60750"},{"taxonomy":"product_cat","embeddable":true,"href":"https:\/\/www.beatnikshoes.com\/de\/wp-json\/wp\/v2\/product_cat?post=60750"},{"taxonomy":"product_tag","embeddable":true,"href":"https:\/\/www.beatnikshoes.com\/de\/wp-json\/wp\/v2\/product_tag?post=60750"},{"taxonomy":"woo-feed-brand","embeddable":true,"href":"https:\/\/www.beatnikshoes.com\/de\/wp-json\/wp\/v2\/woo-feed-brand?post=60750"}],"curies":[{"name":"wp","href":"https:\/\/api.w.org\/{rel}","templated":true}]}}