{"id":60737,"date":"2022-04-27T11:39:35","date_gmt":"2022-04-27T09:39:35","guid":{"rendered":"https:\/\/www.beatnikshoes.com\/zapatos-hechos-a-mano\/herren-braun-loafer-in-leder-beatnik-allen-chesnut\/"},"modified":"2025-08-26T20:59:55","modified_gmt":"2025-08-26T18:59:55","slug":"herren-braun-loafer-in-leder-beatnik-allen-chesnut","status":"publish","type":"product","link":"https:\/\/www.beatnikshoes.com\/de\/handgefertigte-schuhe\/herren-braun-loafer-in-leder-beatnik-allen-chesnut\/","title":{"rendered":"Beatnik Allen Chesnut braun Herren Leder Slipper"},"content":{"rendered":"<h2>DIE BEQUEMSTEN UND ELEGANTESTEN BRAUNEN LOAFER F\u00dcR M\u00c4NNER, DIE SIE JE FINDEN WERDEN<\/h2>\n<p>Wir stellen unsere braunen Herren-Slipper aus Beatnik Allen Chesnut-Leder vor. Eine der am meisten nachgefragten Neuheiten f\u00fcr eine lange Zeit, von vielen unserer Freunde.<\/p>\n<p>Wir bei Beatnik lieben Farbe. Und als wir schlie\u00dflich das perfekte Patchwork mit der richtigen Kombination aus Farbton, Flexibilit\u00e4t und Textur gefunden hatten, beschlossen wir, dass es an der Zeit war, diesen braunen Herren-Slipper mit Augenmaskenverzierung in unseren Katalog aufzunehmen.<\/p>\n<p>Der letzte unserer Herrenmokassins wurde \u00fcber mehrere Jahre getestet und verbessert. Dies ist eine Garantie f\u00fcr den Erfolg. Perfekte Proportionen, ausreichende Breite und die Verwendung von bestem Leder garantieren unglaublichen Komfort. Das Leder dieser braunen Allen Chesnut Herren-Slipper vereint Festigkeit und Elastizit\u00e4t in genau dem richtigen Ma\u00df. Sie halten kalten Temperaturen stand und k\u00f6nnen gleichzeitig in den w\u00e4rmeren Jahreszeiten bequem getragen werden.<\/p>\n<p>Au\u00dferdem passt das klassische Design dieser braunen Beatnik Allen Chesnut Penny Loafers f\u00fcr Herren perfekt zu allen Stilen und Altersgruppen. Mit Bluejeans oder Chinos in Marine- oder Erdt\u00f6nen wird dieses Modell zu einem eleganten und klassischen Stilelement. Und er passt auch perfekt zu Sakko und Krawatte. Immer elegant und klassisch, jederzeit leicht zu kombinieren. Ein echtes Grundnahrungsmittel f\u00fcr jede Jahreszeit.<\/p>\n<h3>DIE KLASSISCHEN BRAUNEN LOAFER F\u00dcR M\u00c4NNER, DIE SIE SCHON IMMER GESUCHT HABEN, MIT DEM GEWISSEN ETWAS.<\/h3>\n<p>Diese Herren-Slipper aus braunem Leder setzen einen farblichen Akzent, der jeden Stil besonders gut zur Geltung bringt. Im Gegensatz zur Uniformit\u00e4t von Schwarz lassen diese Herren-Slipper aus braunem Leder in einem hellen Braunton den Klassizismus ihres Designs weniger formell wirken.<\/p>\n<p>Und es passt perfekt zu Kundinnen jeden Alters. Diese braunen Leder-Slipper f\u00fcr Herren wurden entworfen, um auch die j\u00fcngsten M\u00e4nner elegant zu kleiden. Und um den Klassikern eine andere Note zu geben.<\/p>\n<p>Deshalb wissen wir, dass die Beatnik Allen Chesnut Herren-Slipper aus braunem Leder Ihre n\u00e4chsten Lieblingsschuhe sein werden.<\/p>\n","protected":false},"excerpt":{"rendered":"<h2><strong>Braune Mokassins handgefertigt in Spanien<\/strong><\/h2>\n<p>Obermaterial: Kalbsleder<br \/>\nInnenfutter: Kalbsleder<br \/>\nSohlenmaterial: Gen\u00e4htes Leder plus eine Schicht aus rutschfestem Material<br \/>\nVerschluss: Verstellung<br \/>\nArt des Absatzes: Niedrig<\/p>\n","protected":false},"featured_media":55386,"comment_status":"open","ping_status":"closed","template":"","meta":[],"product_brand":[],"product_cat":[9114,9147,9303],"product_tag":[],"woo-feed-brand":[],"class_list":{"0":"post-60737","1":"product","2":"type-product","3":"status-publish","4":"has-post-thumbnail","6":"product_cat-schuhe-fur-manner","7":"product_cat-auslass","8":"product_cat-mokassins-de","9":"pa_talla-zapato-40-de","10":"pa_talla-zapato-41-de","11":"pa_talla-zapato-42-de","12":"pa_talla-zapato-43-de","13":"pa_talla-zapato-44-de","14":"pa_talla-zapato-45-de","15":"pa_talla-zapato-46-de","17":"first","18":"instock","19":"sale","20":"taxable","21":"shipping-taxable","22":"purchasable","23":"product-type-variable"},"_links":{"self":[{"href":"https:\/\/www.beatnikshoes.com\/de\/wp-json\/wp\/v2\/product\/60737","targetHints":{"allow":["GET"]}}],"collection":[{"href":"https:\/\/www.beatnikshoes.com\/de\/wp-json\/wp\/v2\/product"}],"about":[{"href":"https:\/\/www.beatnikshoes.com\/de\/wp-json\/wp\/v2\/types\/product"}],"replies":[{"embeddable":true,"href":"https:\/\/www.beatnikshoes.com\/de\/wp-json\/wp\/v2\/comments?post=60737"}],"wp:featuredmedia":[{"embeddable":true,"href":"https:\/\/www.beatnikshoes.com\/de\/wp-json\/wp\/v2\/media\/55386"}],"wp:attachment":[{"href":"https:\/\/www.beatnikshoes.com\/de\/wp-json\/wp\/v2\/media?parent=60737"}],"wp:term":[{"taxonomy":"product_brand","embeddable":true,"href":"https:\/\/www.beatnikshoes.com\/de\/wp-json\/wp\/v2\/product_brand?post=60737"},{"taxonomy":"product_cat","embeddable":true,"href":"https:\/\/www.beatnikshoes.com\/de\/wp-json\/wp\/v2\/product_cat?post=60737"},{"taxonomy":"product_tag","embeddable":true,"href":"https:\/\/www.beatnikshoes.com\/de\/wp-json\/wp\/v2\/product_tag?post=60737"},{"taxonomy":"woo-feed-brand","embeddable":true,"href":"https:\/\/www.beatnikshoes.com\/de\/wp-json\/wp\/v2\/woo-feed-brand?post=60737"}],"curies":[{"name":"wp","href":"https:\/\/api.w.org\/{rel}","templated":true}]}}