{"id":60707,"date":"2021-12-09T19:43:33","date_gmt":"2021-12-09T18:43:33","guid":{"rendered":"https:\/\/www.beatnikshoes.com\/zapatos-hechos-a-mano\/damen-schwarz-loafer-in-signatur-leder-alles-schwarz\/"},"modified":"2025-10-07T14:11:49","modified_gmt":"2025-10-07T12:11:49","slug":"damen-schwarz-loafer-in-signatur-leder-alles-schwarz","status":"publish","type":"product","link":"https:\/\/www.beatnikshoes.com\/de\/handgefertigte-schuhe\/damen-schwarz-loafer-in-signatur-leder-alles-schwarz\/","title":{"rendered":"Irma All Black Damen Slipper aus schwarzem Leder"},"content":{"rendered":"<h2>KLASSISCHE SCHWARZE DAMENMOKASSINS AUS FEINSTEM LEDER<\/h2>\n<p>Die neuen <strong>Irma All Black Damen Ledermokassins<\/strong> sind eines der Modelle, an denen Sie sicher viel Freude haben werden. Einerseits das Obermaterial aller unserer <strong>maskierten Mokassins<\/strong>, das den Fu\u00df vollkommen stilisiert. Auf der anderen Seite das weiche schwarze Leder, der Joker in jedem Kleiderschrank. Und als Kr\u00f6nung das hochwertigste Narbenleder auf dem Markt. Ein absoluter Style-Gewinner. In den k\u00e4lteren Jahreszeiten sind Grau, Schwarz und Wei\u00df die am h\u00e4ufigsten getragenen Farben. Und diese <strong>schwarzen Leder-Slipper f\u00fcr Damen<\/strong> k\u00f6nnten nicht besser zu dieser und jeder anderen Farbpalette passen.<\/p>\n<p>Das genarbte Leder auf dem Schaft dieses schwarzen Damenmokassins ist ein absoluter Genuss. Das liegt zum einen an seinem Glanz, zum anderen an der perfekten Passform am Fu\u00df. Die Klinge ist aus einem St\u00fcck gen\u00e4ht, um alle N\u00e4hte so weit wie m\u00f6glich zu vermeiden. Das Innere des schwarzen Mokassins Irma f\u00fcr Damen ist mit weichem lila Kalbsleder gef\u00fcttert. Dadurch ist die Haut, die mit dem Fu\u00df in Ber\u00fchrung kommt, unendlich weich und warm. Die Sohle ist auf einer Innensohle aus Leder montiert. Die Laufsohle besteht aus leichtem, rutschfestem Spandex, um den Tr\u00e4ger vor K\u00e4lte und N\u00e4sse zu isolieren.<\/p>\n<h3>DIE ZEITLOSE ELEGANZ DES SCHWARZEN PENNY LOAFER F\u00dcR DAMEN<\/h3>\n<p>Diese <strong>schwarzen Damen-Slipper aus Leder<\/strong> sch\u00f6pfen aus den klassischsten Stilquellen. Der Komfort ihres Designs hat dazu gef\u00fchrt, dass Mokassins seit den f\u00fcnfziger Jahren des letzten Jahrhunderts zu den am meisten akzeptierten Modellen der Berufsbekleidung geh\u00f6ren. Die<strong>&#8222;Women&#8217;s Black Penny Loafers<\/strong>&#8220; sind perfekt zum Anzug, tadellos zur Hose, bequem zum Rock oder Kleid, wir sprechen von einem Modell, das in der Garderobe einer Berufst\u00e4tigen nicht fehlen darf. Und auch in einem viel entspannteren Stil, kombiniert mit Chinos oder Jeans, f\u00fcr einen eleganten Look an Freizeittagen. Nur wenige Modelle sind universell einsetzbar und k\u00f6nnen an jedem Tag der Woche und in jedem Kontext getragen werden.<\/p>\n<p>Neben unseren farbenfrohen und kombinierfreudigen Loafern steht Ihnen nun auch der klassischste und vielseitigste <strong>schwarze Penny Loafer f\u00fcr Damen<\/strong> zur Verf\u00fcgung.<\/p>\n","protected":false},"excerpt":{"rendered":"<h2>Schwarze Mokassins, handgefertigt in Spanien<\/h2>\n<p>\u00c4u\u00dferes Material: Genarbtes Leder<br \/>\nBeschichtung: Violettes Rindsleder<br \/>\nSohlenmaterial: Isolierende und rutschhemmende technische Laufsohle<br \/>\nArt des Absatzes: Niedrig<\/p>\n","protected":false},"featured_media":55383,"comment_status":"open","ping_status":"closed","template":"","meta":[],"product_brand":[],"product_cat":[9028,9147,9108],"product_tag":[],"woo-feed-brand":[],"class_list":{"0":"post-60707","1":"product","2":"type-product","3":"status-publish","4":"has-post-thumbnail","6":"product_cat-schuhe-fur-frauen","7":"product_cat-auslass","8":"product_cat-mokassins","9":"pa_talla-zapato-36-de","10":"pa_talla-zapato-37-de","11":"pa_talla-zapato-38-de","12":"pa_talla-zapato-39-de","13":"pa_talla-zapato-40-de","14":"pa_talla-zapato-41-de","16":"first","17":"instock","18":"sale","19":"taxable","20":"shipping-taxable","21":"purchasable","22":"product-type-variable"},"_links":{"self":[{"href":"https:\/\/www.beatnikshoes.com\/de\/wp-json\/wp\/v2\/product\/60707","targetHints":{"allow":["GET"]}}],"collection":[{"href":"https:\/\/www.beatnikshoes.com\/de\/wp-json\/wp\/v2\/product"}],"about":[{"href":"https:\/\/www.beatnikshoes.com\/de\/wp-json\/wp\/v2\/types\/product"}],"replies":[{"embeddable":true,"href":"https:\/\/www.beatnikshoes.com\/de\/wp-json\/wp\/v2\/comments?post=60707"}],"wp:featuredmedia":[{"embeddable":true,"href":"https:\/\/www.beatnikshoes.com\/de\/wp-json\/wp\/v2\/media\/55383"}],"wp:attachment":[{"href":"https:\/\/www.beatnikshoes.com\/de\/wp-json\/wp\/v2\/media?parent=60707"}],"wp:term":[{"taxonomy":"product_brand","embeddable":true,"href":"https:\/\/www.beatnikshoes.com\/de\/wp-json\/wp\/v2\/product_brand?post=60707"},{"taxonomy":"product_cat","embeddable":true,"href":"https:\/\/www.beatnikshoes.com\/de\/wp-json\/wp\/v2\/product_cat?post=60707"},{"taxonomy":"product_tag","embeddable":true,"href":"https:\/\/www.beatnikshoes.com\/de\/wp-json\/wp\/v2\/product_tag?post=60707"},{"taxonomy":"woo-feed-brand","embeddable":true,"href":"https:\/\/www.beatnikshoes.com\/de\/wp-json\/wp\/v2\/woo-feed-brand?post=60707"}],"curies":[{"name":"wp","href":"https:\/\/api.w.org\/{rel}","templated":true}]}}