{"id":60664,"date":"2023-05-08T11:44:18","date_gmt":"2023-05-08T09:44:18","guid":{"rendered":"https:\/\/www.beatnikshoes.com\/zapatos-hechos-a-mano\/schuh-rot-oxford-damen-schuh-damen-schuh-schnur-zu-netz\/"},"modified":"2025-08-25T22:33:19","modified_gmt":"2025-08-25T20:33:19","slug":"schuh-rot-oxford-damen-schuh-damen-schuh-schnur-zu-netz","status":"publish","type":"product","link":"https:\/\/www.beatnikshoes.com\/de\/handgefertigte-schuhe\/schuh-rot-oxford-damen-schuh-damen-schuh-schnur-zu-netz\/","title":{"rendered":"Women&#8217;s Red Oxford Schuh Lena Too Rot"},"content":{"rendered":"<h2>RED OXFORDS SI&#8230;. SO WAS?<\/h2>\n<p>Unser Lena Too Red<strong> Damen-Oxford-Schuh<\/strong> ist eine noch mutigere Variante des klassischen Lena <strong>Damen-Oxford-Schuhs <\/strong>.<\/p>\n<p>Der neue <strong>rote Damen-Oxford-Schuh<\/strong> Lena Too Red wird vorgestellt. Er vereint das klassische Konzept des <strong>Oxford-Schuhs<\/strong> mit der gewagtesten Farbe der Saison: <strong>Rot<\/strong>.<\/p>\n<p>Dieser <strong>rote Oxford-Schuh f\u00fcr Damen<\/strong> l\u00e4sst sich sowohl mit einer schmalen Hose als auch mit einem flie\u00dfenden Kleid kombinieren. Sie passen perfekt zu einem Rock und einem kompletten Anzug.<\/p>\n<p>Mit einem Paar Lena Too Red werden Sie zum Mittelpunkt der Aufmerksamkeit. Die Textur des gl\u00e4nzenden Lackleders und die Weichheit des roten Wildleders sorgen f\u00fcr ein ausgewogenes Gleichgewicht in dem St\u00fcck. Und damit du die Farben noch besser kombinieren kannst, gibt es zwei Sets mit wei\u00dfen und roten Schn\u00fcrsenkeln.<\/p>\n<p>Und als ob das alles noch nicht genug w\u00e4re, ist unsere Lena Too Red das Modell, das sich die beiden Protagonisten des globalen <strong>Samsung Galaxy-Werbespots<\/strong> w\u00fcnschen. Ein Stil, der alle Grenzen \u00fcberschreitet.<\/p>\n<p>Nur f\u00fcr mutige, s\u00fcchtige und <strong>rote Schuhliebhaber<\/strong> geeignet.<\/p>\n","protected":false},"excerpt":{"rendered":"<h2>Roter Oxford-Schuh f\u00fcr Frauen, handgefertigt in Spanien<\/h2>\n<p>Obermaterial: rotes Lackleder und rotes Wildleder<br \/>\nInnenfutter: Lila Rindsleder<br \/>\nVerschluss: Wei\u00dfe und rote Schn\u00fcrsenkel<br \/>\nArt des Absatzes: Niedrig<br \/>\nSohlenmaterial: Gen\u00e4htes Leder plus eine d\u00fcnne, eingespritzte Anti-Rutsch-Schicht<\/p>\n","protected":false},"featured_media":76427,"comment_status":"open","ping_status":"closed","template":"","meta":[],"product_brand":[11790],"product_cat":[9053,9028],"product_tag":[],"woo-feed-brand":[],"class_list":{"0":"post-60664","1":"product","2":"type-product","3":"status-publish","4":"has-post-thumbnail","6":"product_brand-beatnik-shoes-de","7":"product_cat-oxford-schuhe-fur-frauen","8":"product_cat-schuhe-fur-frauen","9":"pa_talla-zapato-35-de","10":"pa_talla-zapato-36-de","11":"pa_talla-zapato-37-de","12":"pa_talla-zapato-38-de","13":"pa_talla-zapato-39-de","14":"pa_talla-zapato-40-de","15":"pa_talla-zapato-41-de","16":"pa_talla-zapato-42-de","17":"pa_talla-zapato-43-de","19":"first","20":"instock","21":"sale","22":"taxable","23":"shipping-taxable","24":"purchasable","25":"product-type-variable"},"_links":{"self":[{"href":"https:\/\/www.beatnikshoes.com\/de\/wp-json\/wp\/v2\/product\/60664","targetHints":{"allow":["GET"]}}],"collection":[{"href":"https:\/\/www.beatnikshoes.com\/de\/wp-json\/wp\/v2\/product"}],"about":[{"href":"https:\/\/www.beatnikshoes.com\/de\/wp-json\/wp\/v2\/types\/product"}],"replies":[{"embeddable":true,"href":"https:\/\/www.beatnikshoes.com\/de\/wp-json\/wp\/v2\/comments?post=60664"}],"wp:featuredmedia":[{"embeddable":true,"href":"https:\/\/www.beatnikshoes.com\/de\/wp-json\/wp\/v2\/media\/76427"}],"wp:attachment":[{"href":"https:\/\/www.beatnikshoes.com\/de\/wp-json\/wp\/v2\/media?parent=60664"}],"wp:term":[{"taxonomy":"product_brand","embeddable":true,"href":"https:\/\/www.beatnikshoes.com\/de\/wp-json\/wp\/v2\/product_brand?post=60664"},{"taxonomy":"product_cat","embeddable":true,"href":"https:\/\/www.beatnikshoes.com\/de\/wp-json\/wp\/v2\/product_cat?post=60664"},{"taxonomy":"product_tag","embeddable":true,"href":"https:\/\/www.beatnikshoes.com\/de\/wp-json\/wp\/v2\/product_tag?post=60664"},{"taxonomy":"woo-feed-brand","embeddable":true,"href":"https:\/\/www.beatnikshoes.com\/de\/wp-json\/wp\/v2\/woo-feed-brand?post=60664"}],"curies":[{"name":"wp","href":"https:\/\/api.w.org\/{rel}","templated":true}]}}