{"id":60553,"date":"2017-10-24T18:02:38","date_gmt":"2017-10-24T16:02:38","guid":{"rendered":"https:\/\/www.beatnikshoes.com\/zapatos-hechos-a-mano\/schuh-oxford-braun-frau-lena\/"},"modified":"2026-03-07T07:58:44","modified_gmt":"2026-03-07T06:58:44","slug":"schuh-oxford-braun-frau-lena","status":"publish","type":"product","link":"https:\/\/www.beatnikshoes.com\/de\/handgefertigte-schuhe\/schuh-oxford-braun-frau-lena\/","title":{"rendered":"Lena Brauner Oxford-Schuh f\u00fcr Damen"},"content":{"rendered":"<h2>BRAUNER OXFORD-SCHUH F\u00dcR FRAUEN. EINE PERFEKTE KOMBINATION AUS KLASSIZISMUS UND FARBE<\/h2>\n<p>Der letzte unserer <strong>Lena Brown Damen-Oxfords<\/strong> ist wegen seines unendlichen Komforts ein Favorit vieler unserer Kunden. Und eine Version aus dem weichsten Leder auf dem Markt, Kalbsleder, war ein Muss f\u00fcr unsere neue Kollektion. Und wir haben uns f\u00fcr eine der vielseitigsten und am einfachsten zu kombinierenden Farben der gesamten Palette entschieden: Hellbraun.<\/p>\n<p>Bequeme Schn\u00fcrschuhe aus feinstem Leder vervollst\u00e4ndigen jeden Stil in einer breiten Farbpalette. Die Farbpalette reicht von Erdt\u00f6nen und Pastellfarben bis hin zur gesamten Palette der k\u00fchlen Farben. Au\u00dferdem ist es ein Farbton, der sich perfekt mit allen Arten von Drucken und Mustern kombinieren l\u00e4sst.<\/p>\n<p>Der klassische Brogue-Leisten dieses <strong>braunen Damenschn\u00fcrschuhs<\/strong> ist perfekt f\u00fcr den Arbeitsplatz, egal ob zur Hose, zum Rock oder zum kompletten Anzug getragen. Andererseits ist ihr bequemer Leisten perfekt f\u00fcr faule Nachmittage. Mit einem langen Kleid, Rock, Anzug und nat\u00fcrlich mit jeder Art von Hose ist das Ergebnis tadellos.<\/p>\n<p>Das ganze St\u00fcck ist in Spanien handgefertigt, die Sohle ist aus echtem Leder gen\u00e4ht und mit einer Schicht aus rutschfestem Material versehen. Der gesamte Innenraum ist mit einem einzigen St\u00fcck lila Rindsleder ausgekleidet. So wird die d\u00fcnne Haut des Fu\u00dfes von dem weichsten Leder auf dem Markt umgeben. Das Kalbsleder isoliert und sch\u00fctzt Sie vor K\u00e4lte und schlechtem Wetter. Sie werden mit zwei S\u00e4tzen Schn\u00fcrsenkel in den Farben Beige und Braun geliefert, die Sie nach Belieben kombinieren k\u00f6nnen.<\/p>\n<p><strong>Braune Lederschuhe im Oxford-Stil f\u00fcr Damen<\/strong>, die das ganze Jahr \u00fcber angenehm zu tragen sind.<\/p>\n","protected":false},"excerpt":{"rendered":"<h2>Handgefertigter Leder-Oxford aus Spanien<\/h2>\n<p>Obermaterial: Kalbsleder<br \/>\nInnenfutter: Lila Kalbsleder<br \/>\nMaterial der Sohle<br \/>\nGen\u00e4htes Leder plus eine Schicht aus rutschfestem Material<br \/>\nVerschluss: Schn\u00fcrsenkel<br \/>\nArt des Absatzes: Niedrig<\/p>\n","protected":false},"featured_media":73599,"comment_status":"open","ping_status":"closed","template":"","meta":[],"product_brand":[11790],"product_cat":[9028,9053],"product_tag":[],"woo-feed-brand":[],"class_list":{"0":"post-60553","1":"product","2":"type-product","3":"status-publish","4":"has-post-thumbnail","6":"product_brand-beatnik-shoes-de","7":"product_cat-schuhe-fur-frauen","8":"product_cat-oxford-schuhe-fur-frauen","9":"pa_talla-zapato-35-de","10":"pa_talla-zapato-36-de","11":"pa_talla-zapato-37-de","12":"pa_talla-zapato-38-de","13":"pa_talla-zapato-39-de","14":"pa_talla-zapato-40-de","15":"pa_talla-zapato-41-de","16":"pa_talla-zapato-42-de","18":"first","19":"instock","20":"sale","21":"taxable","22":"shipping-taxable","23":"purchasable","24":"product-type-variable"},"_links":{"self":[{"href":"https:\/\/www.beatnikshoes.com\/de\/wp-json\/wp\/v2\/product\/60553","targetHints":{"allow":["GET"]}}],"collection":[{"href":"https:\/\/www.beatnikshoes.com\/de\/wp-json\/wp\/v2\/product"}],"about":[{"href":"https:\/\/www.beatnikshoes.com\/de\/wp-json\/wp\/v2\/types\/product"}],"replies":[{"embeddable":true,"href":"https:\/\/www.beatnikshoes.com\/de\/wp-json\/wp\/v2\/comments?post=60553"}],"wp:featuredmedia":[{"embeddable":true,"href":"https:\/\/www.beatnikshoes.com\/de\/wp-json\/wp\/v2\/media\/73599"}],"wp:attachment":[{"href":"https:\/\/www.beatnikshoes.com\/de\/wp-json\/wp\/v2\/media?parent=60553"}],"wp:term":[{"taxonomy":"product_brand","embeddable":true,"href":"https:\/\/www.beatnikshoes.com\/de\/wp-json\/wp\/v2\/product_brand?post=60553"},{"taxonomy":"product_cat","embeddable":true,"href":"https:\/\/www.beatnikshoes.com\/de\/wp-json\/wp\/v2\/product_cat?post=60553"},{"taxonomy":"product_tag","embeddable":true,"href":"https:\/\/www.beatnikshoes.com\/de\/wp-json\/wp\/v2\/product_tag?post=60553"},{"taxonomy":"woo-feed-brand","embeddable":true,"href":"https:\/\/www.beatnikshoes.com\/de\/wp-json\/wp\/v2\/woo-feed-brand?post=60553"}],"curies":[{"name":"wp","href":"https:\/\/api.w.org\/{rel}","templated":true}]}}