{"id":60527,"date":"2023-05-12T12:32:08","date_gmt":"2023-05-12T10:32:08","guid":{"rendered":"https:\/\/www.beatnikshoes.com\/zapatos-hechos-a-mano\/oxford-bicolour-damen-schwarz-weiss\/"},"modified":"2026-03-16T00:45:06","modified_gmt":"2026-03-15T23:45:06","slug":"oxford-bicolour-damenschuhe-schwarz-weiss","status":"publish","type":"product","link":"https:\/\/www.beatnikshoes.com\/de\/handgefertigte-schuhe\/oxford-bicolour-damenschuhe-schwarz-weiss\/","title":{"rendered":"Zweifarbiger Damen-Oxford-Schuh Lena schwarz\/wei\u00df"},"content":{"rendered":"<h2>DER ORIGINALE DAMEN-OXFORD: LENA BICOLOR SCHWARZ-WEISS<\/h2>\n<p>Unser <strong>zweifarbiger Damen-Oxford-Schuh<\/strong> ist der Klassiker schlechthin, der <strong>Zuschauer<\/strong> oder der klassische<strong> Jazz-Schuh <\/strong>. Aber mit einer anderen Note, wenn es darum geht, die Farbkombination zu bestellen.<\/p>\n<p>Die Basis ist schwarz, um das St\u00fcck vor jeder Art von Unvollkommenheit zu sch\u00fctzen, und endet in Wei\u00df, auf der H\u00f6he der Schn\u00fcrung, um jeden hellen und dunklen Stil perfekt zu begleiten. Ein<strong> femininer, zweifarbiger Oxford-Schuh mit Lederschn\u00fcrsenkeln<\/strong>, perfekt f\u00fcr Tag und Nacht.<\/p>\n<p>Handgefertigt in Spanien aus dem besten Kalbsleder auf dem Markt, dem weichsten und sanftesten, perfekt f\u00fcr diese Saison. Innenfutter aus handgen\u00e4htem kirschfarbenem Rindsleder. Wird mit drei S\u00e4tzen Schn\u00fcrsenkeln geliefert, in wei\u00df, schwarz und rot. Auf diese Weise haben Sie mehrere M\u00f6glichkeiten, die zu allen T\u00f6nen in Ihrem Kleiderschrank passen. Ob hell oder dunkel, klassisch oder etwas gewagter.<\/p>\n<p>Ein <strong>zweifarbiger schwarzer und wei\u00dfer Oxford-Schuh f\u00fcr Damen<\/strong>, der Sie zum Strahlen bringt.<\/p>\n","protected":false},"excerpt":{"rendered":"<h2>Zweifarbiger Leder-Oxford, handgefertigt in Spanien<\/h2>\n<p>Obermaterial: Kalbsleder<br \/>\nInnenfutter: Lila Rindsleder<br \/>\nSohlenmaterial: Gen\u00e4htes Leder plus eine d\u00fcnne, eingespritzte Anti-Rutsch-Schicht<br \/>\nVerschluss: Schn\u00fcrsenkel<br \/>\nArt des Absatzes: Niedrig<\/p>\n","protected":false},"featured_media":53068,"comment_status":"open","ping_status":"closed","template":"","meta":[],"product_brand":[11790],"product_cat":[9053,9028,9218],"product_tag":[],"woo-feed-brand":[],"class_list":{"0":"post-60527","1":"product","2":"type-product","3":"status-publish","4":"has-post-thumbnail","6":"product_brand-beatnik-shoes-de","7":"product_cat-oxford-schuhe-fur-frauen","8":"product_cat-schuhe-fur-frauen","9":"product_cat-zweifarbige-schuhe-fur-frauen","10":"pa_talla-zapato-35-de","11":"pa_talla-zapato-36-de","12":"pa_talla-zapato-37-de","13":"pa_talla-zapato-38-de","14":"pa_talla-zapato-39-de","15":"pa_talla-zapato-40-de","16":"pa_talla-zapato-41-de","17":"pa_talla-zapato-42-de","19":"first","20":"instock","21":"sale","22":"taxable","23":"shipping-taxable","24":"purchasable","25":"product-type-variable"},"_links":{"self":[{"href":"https:\/\/www.beatnikshoes.com\/de\/wp-json\/wp\/v2\/product\/60527","targetHints":{"allow":["GET"]}}],"collection":[{"href":"https:\/\/www.beatnikshoes.com\/de\/wp-json\/wp\/v2\/product"}],"about":[{"href":"https:\/\/www.beatnikshoes.com\/de\/wp-json\/wp\/v2\/types\/product"}],"replies":[{"embeddable":true,"href":"https:\/\/www.beatnikshoes.com\/de\/wp-json\/wp\/v2\/comments?post=60527"}],"wp:featuredmedia":[{"embeddable":true,"href":"https:\/\/www.beatnikshoes.com\/de\/wp-json\/wp\/v2\/media\/53068"}],"wp:attachment":[{"href":"https:\/\/www.beatnikshoes.com\/de\/wp-json\/wp\/v2\/media?parent=60527"}],"wp:term":[{"taxonomy":"product_brand","embeddable":true,"href":"https:\/\/www.beatnikshoes.com\/de\/wp-json\/wp\/v2\/product_brand?post=60527"},{"taxonomy":"product_cat","embeddable":true,"href":"https:\/\/www.beatnikshoes.com\/de\/wp-json\/wp\/v2\/product_cat?post=60527"},{"taxonomy":"product_tag","embeddable":true,"href":"https:\/\/www.beatnikshoes.com\/de\/wp-json\/wp\/v2\/product_tag?post=60527"},{"taxonomy":"woo-feed-brand","embeddable":true,"href":"https:\/\/www.beatnikshoes.com\/de\/wp-json\/wp\/v2\/woo-feed-brand?post=60527"}],"curies":[{"name":"wp","href":"https:\/\/api.w.org\/{rel}","templated":true}]}}