{"id":60473,"date":"2023-12-15T19:33:53","date_gmt":"2023-12-15T18:33:53","guid":{"rendered":"https:\/\/www.beatnikshoes.com\/zapatos-hechos-a-mano\/oxford-schuhe-bicolor-weiss-und-schwarz-holmes\/"},"modified":"2025-12-12T23:21:14","modified_gmt":"2025-12-12T22:21:14","slug":"oxford-schuh-bicolor-weiss-schwarz","status":"publish","type":"product","link":"https:\/\/www.beatnikshoes.com\/de\/handgefertigte-schuhe\/oxford-schuh-bicolor-weiss-schwarz\/","title":{"rendered":"Holmes Bicolour Oxford-Schuhe f\u00fcr M\u00e4nner in Schwarz und Wei\u00df"},"content":{"rendered":"<h2>ZWEIFARBIGER HERREN-OXFORD-SCHUH IN SCHWARZ UND WEISS<\/h2>\n<p>Entdecken Sie unseren einzigartigen <strong>schwarz-wei\u00dfen Oxford-Schuh f\u00fcr Herren<\/strong>, eine moderne Neuinterpretation des klassischen <strong>Spectator-Schuhs<\/strong>. Dieser Schuh ist aus weichem schwarzem und wei\u00dfem <strong>Kalbsleder<\/strong> gefertigt und verf\u00fcgt \u00fcber zarte, getupfte Details, die ihm einen Hauch von Raffinesse verleihen.<\/p>\n<p>Das Futter aus Rindsleder und die Sohle aus echtem Leder garantieren Haltbarkeit und Komfort bei jedem Schritt. Und f\u00fcr noch mehr Vielseitigkeit haben wir einen doppelten Satz schwarzer und wei\u00dfer Schn\u00fcrsenkel beigelegt, so dass Sie die Details ganz nach Ihrem pers\u00f6nlichen Stil kombinieren k\u00f6nnen.<\/p>\n<p>Der <strong>zweifarbige schwarz-wei\u00dfe Oxford-Schuh<\/strong> ist ein zeitloser Klassiker, der nie aus der Mode kommt. Egal, ob Sie sich von der Masse abheben oder Ihrem Outfit einen Hauch von Kontrast verleihen wollen, dieses Modell ist perfekt f\u00fcr alle, die einen einzigartigen und unverwechselbaren Stil suchen.<\/p>\n<p>Definieren Sie Ihren Stil mit unserem <strong>schwarz-wei\u00dfen Oxford-Schuh<\/strong>, dem Klassiker f\u00fcr Unkonventionelle. Trauen Sie sich, bei jeder Gelegenheit elegant aufzufallen.<\/p>\n<p>Der ultimative Oxford-Schuh f\u00fcr den Nicht-Klassiker.<\/p>\n","protected":false},"excerpt":{"rendered":"<h2>Zweifarbiger schwarzer und wei\u00dfer Oxford-Schuh, handgefertigt in Spanien<\/h2>\n<p>Obermaterial: Kalbsleder<br \/>\nInnenfutter: Lila Rindsleder<br \/>\nSohlenmaterial: Gen\u00e4htes Leder plus eine d\u00fcnne, eingespritzte Anti-Rutsch-Schicht<br \/>\nVerschluss: Schn\u00fcrsenkel<br \/>\nArt des Absatzes: Niedrig<\/p>\n","protected":false},"featured_media":53125,"comment_status":"open","ping_status":"closed","template":"","meta":[],"product_brand":[11790],"product_cat":[9114,9123,9148],"product_tag":[],"woo-feed-brand":[],"class_list":{"0":"post-60473","1":"product","2":"type-product","3":"status-publish","4":"has-post-thumbnail","6":"product_brand-beatnik-shoes-de","7":"product_cat-schuhe-fur-manner","8":"product_cat-oxford-schuhe-fur-manner","9":"product_cat-zweifarbige-schuhe-fur-manner","10":"pa_talla-zapato-39-de","11":"pa_talla-zapato-40-de","12":"pa_talla-zapato-41-de","13":"pa_talla-zapato-42-de","14":"pa_talla-zapato-43-de","15":"pa_talla-zapato-44-de","16":"pa_talla-zapato-45-de","17":"pa_talla-zapato-46-de","19":"first","20":"instock","21":"sale","22":"taxable","23":"shipping-taxable","24":"purchasable","25":"product-type-variable"},"_links":{"self":[{"href":"https:\/\/www.beatnikshoes.com\/de\/wp-json\/wp\/v2\/product\/60473","targetHints":{"allow":["GET"]}}],"collection":[{"href":"https:\/\/www.beatnikshoes.com\/de\/wp-json\/wp\/v2\/product"}],"about":[{"href":"https:\/\/www.beatnikshoes.com\/de\/wp-json\/wp\/v2\/types\/product"}],"replies":[{"embeddable":true,"href":"https:\/\/www.beatnikshoes.com\/de\/wp-json\/wp\/v2\/comments?post=60473"}],"wp:featuredmedia":[{"embeddable":true,"href":"https:\/\/www.beatnikshoes.com\/de\/wp-json\/wp\/v2\/media\/53125"}],"wp:attachment":[{"href":"https:\/\/www.beatnikshoes.com\/de\/wp-json\/wp\/v2\/media?parent=60473"}],"wp:term":[{"taxonomy":"product_brand","embeddable":true,"href":"https:\/\/www.beatnikshoes.com\/de\/wp-json\/wp\/v2\/product_brand?post=60473"},{"taxonomy":"product_cat","embeddable":true,"href":"https:\/\/www.beatnikshoes.com\/de\/wp-json\/wp\/v2\/product_cat?post=60473"},{"taxonomy":"product_tag","embeddable":true,"href":"https:\/\/www.beatnikshoes.com\/de\/wp-json\/wp\/v2\/product_tag?post=60473"},{"taxonomy":"woo-feed-brand","embeddable":true,"href":"https:\/\/www.beatnikshoes.com\/de\/wp-json\/wp\/v2\/woo-feed-brand?post=60473"}],"curies":[{"name":"wp","href":"https:\/\/api.w.org\/{rel}","templated":true}]}}