{"id":60334,"date":"2021-04-28T13:36:40","date_gmt":"2021-04-28T11:36:40","guid":{"rendered":"https:\/\/www.beatnikshoes.com\/zapatos-hechos-a-mano\/blaue-lace-up-oxford-style-oxford-damen-ethel-aqua-schuhe\/"},"modified":"2025-08-26T21:34:38","modified_gmt":"2025-08-26T19:34:38","slug":"blaue-lace-up-oxford-style-oxford-damen-ethel-aqua-schuhe","status":"publish","type":"product","link":"https:\/\/www.beatnikshoes.com\/de\/handgefertigte-schuhe\/blaue-lace-up-oxford-style-oxford-damen-ethel-aqua-schuhe\/","title":{"rendered":"Ethel Aqua Damen Schn\u00fcrschuhe blau oxford"},"content":{"rendered":"<h2>DIE AQUAMARINBLAUEN GUTSCHEINE, AUF DIE SIE GEWARTET HABEN<\/h2>\n<p>Was liegt da n\u00e4her, als unsere Kollektion um eines Ihrer Lieblingsmodelle zu erweitern. Der Ethel Blucher mit seinem klassischen britischen Design, dem dezenten handgefertigten <strong>Brogue-Dekor<\/strong> auf dem Vorderblatt und dem absoluten Komfort des bequemen Absatzes.<\/p>\n<p>In diesem besonderen Jahr haben wir beschlossen, eine Farbe voller Hoffnung zu begr\u00fc\u00dfen. Und Freude \u00fcber all das Gute, das noch kommen wird. Der Aquamarin. Willkommen zu dieser limitierten Auflage der <strong>blauen <\/strong>Ethel Aqua Damen-Schn\u00fcrschuhe.<\/p>\n<h3>EIN TASCHENMESSER MIT KLASSISCHEN FORMEN IN WEICHEM LEDER UND EINER FARBE VOLLER KRAFT UND PERS\u00d6NLICHKEIT.<\/h3>\n<p>Das lange Vorderblatt und die Farbe garantieren, dass Sie in diesem Sommer die schickste unter Ihren Freundinnen sein werden. Die Wahl dieses Aquamarin-Tons, der einerseits weit von den \u00fcblichen Farben entfernt ist und andererseits leicht mit allen Arten von Pastellfarben kombiniert werden kann, macht es einfach, diesen Blucher mit Ihrer Sommergarderobe in diesem Sommer zu kombinieren.<\/p>\n<p>Wie unsere gesamte <strong>Oxford- und Bl\u00fccher<\/strong>-Kollektion ist auch der Leisten \u00e4u\u00dferst bequem und das weiche Kalbsleder garantiert neben dem Tragekomfort, dass der Fu\u00df von einem atmungsaktiven Material umgeben ist, das ihm eine optimale Anpassung an die Umgebungstemperatur erm\u00f6glicht.<\/p>\n<p>Wir lieben sie zu Baumwollhosen, sowohl Chinos als auch Shorts, zu einem langen Sommerkleid oder zu einem klassischen Rock. Unsere Farbe f\u00fcr diese Saison ist das Aquamarinblau (oder ist es Gr\u00fcn?) unseres <strong>Derby Ethel Aqua<\/strong>.<\/p>\n","protected":false},"excerpt":{"rendered":"<h2>Blaue Schuhe im Oxford-Stil f\u00fcr Frauen, handgefertigt in Spanien<\/h2>\n<p>Obermaterial: Kalbsleder<br \/>\nBeschichtung: Violettes Rindsleder<br \/>\nSohlenmaterial: Isolierende und rutschhemmende technische Laufsohle<br \/>\nArt des Absatzes: Niedrig<\/p>\n","protected":false},"featured_media":70499,"comment_status":"open","ping_status":"closed","template":"","meta":[],"product_brand":[],"product_cat":[9028,9054,9053],"product_tag":[],"woo-feed-brand":[],"class_list":{"0":"post-60334","1":"product","2":"type-product","3":"status-publish","4":"has-post-thumbnail","6":"product_cat-schuhe-fur-frauen","7":"product_cat-blucher-de","8":"product_cat-oxford-schuhe-fur-frauen","9":"pa_talla-zapato-35-de","10":"pa_talla-zapato-36-de","11":"pa_talla-zapato-37-de","12":"pa_talla-zapato-38-de","13":"pa_talla-zapato-39-de","14":"pa_talla-zapato-40-de","15":"pa_talla-zapato-41-de","17":"first","18":"instock","19":"sale","20":"taxable","21":"shipping-taxable","22":"purchasable","23":"product-type-variable"},"_links":{"self":[{"href":"https:\/\/www.beatnikshoes.com\/de\/wp-json\/wp\/v2\/product\/60334","targetHints":{"allow":["GET"]}}],"collection":[{"href":"https:\/\/www.beatnikshoes.com\/de\/wp-json\/wp\/v2\/product"}],"about":[{"href":"https:\/\/www.beatnikshoes.com\/de\/wp-json\/wp\/v2\/types\/product"}],"replies":[{"embeddable":true,"href":"https:\/\/www.beatnikshoes.com\/de\/wp-json\/wp\/v2\/comments?post=60334"}],"wp:featuredmedia":[{"embeddable":true,"href":"https:\/\/www.beatnikshoes.com\/de\/wp-json\/wp\/v2\/media\/70499"}],"wp:attachment":[{"href":"https:\/\/www.beatnikshoes.com\/de\/wp-json\/wp\/v2\/media?parent=60334"}],"wp:term":[{"taxonomy":"product_brand","embeddable":true,"href":"https:\/\/www.beatnikshoes.com\/de\/wp-json\/wp\/v2\/product_brand?post=60334"},{"taxonomy":"product_cat","embeddable":true,"href":"https:\/\/www.beatnikshoes.com\/de\/wp-json\/wp\/v2\/product_cat?post=60334"},{"taxonomy":"product_tag","embeddable":true,"href":"https:\/\/www.beatnikshoes.com\/de\/wp-json\/wp\/v2\/product_tag?post=60334"},{"taxonomy":"woo-feed-brand","embeddable":true,"href":"https:\/\/www.beatnikshoes.com\/de\/wp-json\/wp\/v2\/woo-feed-brand?post=60334"}],"curies":[{"name":"wp","href":"https:\/\/api.w.org\/{rel}","templated":true}]}}